{"id":240154,"date":"2023-02-20T18:50:10","date_gmt":"2023-02-20T17:50:10","guid":{"rendered":"https:\/\/www.moskito.cz\/?post_type=product&#038;p=240154"},"modified":"2025-05-07T10:46:25","modified_gmt":"2025-05-07T09:46:25","slug":"zaviraci-nuz-cmb-made-knives-dagon-cmb-11s","status":"publish","type":"product","link":"https:\/\/www.moskito.cz\/fr\/produkt\/zaviraci-nuz-cmb-made-knives-dagon-cmb-11s\/","title":{"rendered":"Zav\u00edrac\u00ed N\u016f\u017e CMB Made Knives Dagon CMB-11S"},"content":{"rendered":"<p>Zav\u00edrac\u00ed N\u016f\u017e <strong>CMB Made Knives<\/strong> Dagon CMB-11S<\/p>\n<p>Sat\u00e9nov\u00fd povrch M390 ocelov\u00e1 reverzn\u00ed tanto \u010depel. \u0160ed\u00e1 titanov\u00e1 rukoje\u0165 6AL4V. Framelock. M\u011bd\u011bn\u00e1 keramick\u00e1 kuli\u010dkov\u00e1 lo\u017eiska. Sklopn\u00e1 spona na prav\u00e9 no\u0161en\u00ed. Z\u00e1lo\u017eka Flipper. Designed by Bolt.Vision. \u010cern\u00e9 nylonov\u00e9 pouzdro na zip.<\/p>\n<p>Designer:Bolt.Vision<br \/>\nN\u00e1zev modelu: Dagon<\/p>\n<p>Celkov\u00e1 d\u00e9lka: 210 mm (8,26&Prime;)<br \/>\nD\u00e9lka \u010depele: 92 mm (3,62&Prime;)<br \/>\n\u0160\u00ed\u0159ka \u010depele: 27 mm (1,06&Prime;)<br \/>\nTlou\u0161\u0165ka \u010depele: 3,5 mm<br \/>\nD\u00e9lka rukojeti: 118 mm (4,64&Prime;)<\/p>\n<p>Materi\u00e1l \u010depele: M390<br \/>\nPovrch \u010depele: Stone Wash<br \/>\nPovrch rukojeti: p\u00edskov\u00e1n\u00ed<br \/>\nMateri\u00e1l rukojeti: 6AL4V titan<br \/>\nKlip: 6AL4V Titanium<\/p>\n<p>Hmotnost: 104g (3,66oz)<br \/>\nTvrdost: 59-61HRC<br \/>\nTyp z\u00e1mku: R\u00e1mov\u00fd z\u00e1mek<br \/>\nKonstrukce: m\u011bd\u011bn\u00e9 keramick\u00e9 kuli\u010dkov\u00e9 lo\u017eisko<\/p>\n","protected":false},"excerpt":{"rendered":"<p>Tento\u00a0<strong>CMB Made Knives<\/strong> Dagon m\u00e1 design, kde \u010depel a rukoje\u0165 sm\u011b\u0159uj\u00ed proti sob\u011b a vytv\u00e1\u0159ej\u00ed esteticky p\u0159\u00edjemnou rovnov\u00e1hu.<\/p>\n","protected":false},"featured_media":240155,"comment_status":"open","ping_status":"closed","template":"","meta":[],"pwb-brand":[3246],"product_brand":[],"product_cat":[22,17],"product_tag":[],"class_list":{"0":"post-240154","1":"product","2":"type-product","3":"status-publish","4":"has-post-thumbnail","6":"pwb-brand-cmb-made-knives","7":"product_cat-zaviraci-noze","8":"product_cat-noze","10":"first","11":"instock","12":"taxable","13":"shipping-taxable","14":"purchasable","15":"product-type-simple"},"brands":[{"id":3246,"name":"CMB Made Knives","slug":"cmb-made-knives"}],"_links":{"self":[{"href":"https:\/\/www.moskito.cz\/fr\/wp-json\/wp\/v2\/product\/240154","targetHints":{"allow":["GET"]}}],"collection":[{"href":"https:\/\/www.moskito.cz\/fr\/wp-json\/wp\/v2\/product"}],"about":[{"href":"https:\/\/www.moskito.cz\/fr\/wp-json\/wp\/v2\/types\/product"}],"replies":[{"embeddable":true,"href":"https:\/\/www.moskito.cz\/fr\/wp-json\/wp\/v2\/comments?post=240154"}],"wp:featuredmedia":[{"embeddable":true,"href":"https:\/\/www.moskito.cz\/fr\/wp-json\/wp\/v2\/media\/240155"}],"wp:attachment":[{"href":"https:\/\/www.moskito.cz\/fr\/wp-json\/wp\/v2\/media?parent=240154"}],"wp:term":[{"taxonomy":"pwb-brand","embeddable":true,"href":"https:\/\/www.moskito.cz\/fr\/wp-json\/wp\/v2\/pwb-brand?post=240154"},{"taxonomy":"product_brand","embeddable":true,"href":"https:\/\/www.moskito.cz\/fr\/wp-json\/wp\/v2\/product_brand?post=240154"},{"taxonomy":"product_cat","embeddable":true,"href":"https:\/\/www.moskito.cz\/fr\/wp-json\/wp\/v2\/product_cat?post=240154"},{"taxonomy":"product_tag","embeddable":true,"href":"https:\/\/www.moskito.cz\/fr\/wp-json\/wp\/v2\/product_tag?post=240154"}],"curies":[{"name":"wp","href":"https:\/\/api.w.org\/{rel}","templated":true}]}}