{"id":240382,"date":"2023-02-21T22:30:50","date_gmt":"2023-02-21T21:30:50","guid":{"rendered":"https:\/\/www.moskito.cz\/?post_type=product&#038;p=240382"},"modified":"2025-05-07T10:46:35","modified_gmt":"2025-05-07T09:46:35","slug":"zaviraci-nuz-cmb-made-knives-predator-cmb-08lb","status":"publish","type":"product","link":"https:\/\/www.moskito.cz\/fr\/produkt\/zaviraci-nuz-cmb-made-knives-predator-cmb-08lb\/","title":{"rendered":"Zav\u00edrac\u00ed N\u016f\u017e CMB Made Knives Predator CMB-08LB"},"content":{"rendered":"<p>Zav\u00edrac\u00ed N\u016f\u017e <strong>CMB Made Knives<\/strong> Predator CMB-08LB<\/p>\n<p>A\u0165 se jim to l\u00edb\u00ed nebo ne, pred\u00e1to\u0159i jsou impozantn\u00ed bestie. Kapesn\u00ed n\u016f\u017e CMB Made Knives Predator p\u0159eb\u00edr\u00e1 atributy a designov\u00e9 fronty od sv\u00e9ho d\u011bsiv\u00e9ho jmenovce: je super hou\u017eevnat\u00fd, ne\u00faprosn\u00fd a schopn\u00fd zni\u010dit v\u0161e, co mu stoj\u00ed v cest\u011b. Spole\u010dnost CMB Made Knives nasm\u011brovala v\u0161echny sv\u00e9 v\u00fdrobn\u00ed zku\u0161enosti k tomu, aby tento n\u016f\u017e vyrobili co nejl\u00e9pe a vytvo\u0159ili produkt, kter\u00fd d\u00e1v\u00e1 ka\u017edodenn\u00edmu no\u0161en\u00ed nov\u00fd v\u00fdznam.<\/p>\n<p>Design\u00e9r: CMBMADEKNIVES<br \/>\nN\u00e1zev modelu: Predator2.0<\/p>\n<p>Celkov\u00e1 d\u00e9lka: 200 mm (7,87\u2033)<br \/>\nD\u00e9lka \u010depele: 87 mm (3,42\u2033)<br \/>\nD\u00e9lka rukojeti: 113 mm (4,44\u2033)<br \/>\n\u0160\u00ed\u0159ka \u010depele: 30 mm (1,18\u2033)<br \/>\nTlou\u0161\u0165ka \u010depele: 3,5 mm<\/p>\n<p>Materi\u00e1l \u010depele: 14C28N<br \/>\nPovrch \u010depele: Stone Wash Black<br \/>\nMateri\u00e1l rukojeti: Micarta<br \/>\nMateri\u00e1l klipu: Nerezov\u00e1 ocel<\/p>\n<p>Hmotnost: 132g (4,65oz)<br \/>\nTvrdost: 58-62HRC<br \/>\nTyp z\u00e1mku: Osov\u00fd z\u00e1mek<br \/>\nKonstrukce: m\u011bd\u011bn\u00e9 keramick\u00e9 kuli\u010dkov\u00e9 lo\u017eisko<\/p>\n","protected":false},"excerpt":{"rendered":"<p><strong>A\u0165 se jim to l\u00edb\u00ed nebo ne, pred\u00e1to\u0159i jsou impozantn\u00ed bestie!<\/strong><\/p>\n","protected":false},"featured_media":240383,"comment_status":"open","ping_status":"closed","template":"","meta":[],"pwb-brand":[3246],"product_brand":[],"product_cat":[22,17],"product_tag":[],"class_list":{"0":"post-240382","1":"product","2":"type-product","3":"status-publish","4":"has-post-thumbnail","6":"pwb-brand-cmb-made-knives","7":"product_cat-zaviraci-noze","8":"product_cat-noze","10":"first","11":"instock","12":"taxable","13":"shipping-taxable","14":"purchasable","15":"product-type-simple"},"brands":[{"id":3246,"name":"CMB Made Knives","slug":"cmb-made-knives"}],"_links":{"self":[{"href":"https:\/\/www.moskito.cz\/fr\/wp-json\/wp\/v2\/product\/240382","targetHints":{"allow":["GET"]}}],"collection":[{"href":"https:\/\/www.moskito.cz\/fr\/wp-json\/wp\/v2\/product"}],"about":[{"href":"https:\/\/www.moskito.cz\/fr\/wp-json\/wp\/v2\/types\/product"}],"replies":[{"embeddable":true,"href":"https:\/\/www.moskito.cz\/fr\/wp-json\/wp\/v2\/comments?post=240382"}],"wp:featuredmedia":[{"embeddable":true,"href":"https:\/\/www.moskito.cz\/fr\/wp-json\/wp\/v2\/media\/240383"}],"wp:attachment":[{"href":"https:\/\/www.moskito.cz\/fr\/wp-json\/wp\/v2\/media?parent=240382"}],"wp:term":[{"taxonomy":"pwb-brand","embeddable":true,"href":"https:\/\/www.moskito.cz\/fr\/wp-json\/wp\/v2\/pwb-brand?post=240382"},{"taxonomy":"product_brand","embeddable":true,"href":"https:\/\/www.moskito.cz\/fr\/wp-json\/wp\/v2\/product_brand?post=240382"},{"taxonomy":"product_cat","embeddable":true,"href":"https:\/\/www.moskito.cz\/fr\/wp-json\/wp\/v2\/product_cat?post=240382"},{"taxonomy":"product_tag","embeddable":true,"href":"https:\/\/www.moskito.cz\/fr\/wp-json\/wp\/v2\/product_tag?post=240382"}],"curies":[{"name":"wp","href":"https:\/\/api.w.org\/{rel}","templated":true}]}}