{"id":240670,"date":"2023-02-23T21:54:03","date_gmt":"2023-02-23T20:54:03","guid":{"rendered":"https:\/\/www.moskito.cz\/?post_type=product&#038;p=240670"},"modified":"2025-05-07T10:46:43","modified_gmt":"2025-05-07T09:46:43","slug":"vystrelovaci-nuz-microtech-utx-70-spartan-signature-series-249-1dlcts","status":"publish","type":"product","link":"https:\/\/www.moskito.cz\/fr\/produkt\/vystrelovaci-nuz-microtech-utx-70-spartan-signature-series-249-1dlcts\/","title":{"rendered":"Vyst\u0159elovac\u00ed N\u016f\u017e Microtech UTX-70 Spartan Signature Series 249-1DLCTS"},"content":{"rendered":"<p>Vyst\u0159elovac\u00ed N\u016f\u017e <strong>Microtech<\/strong> UTX-70 Spartan Signature Series 249-1DLCTS<\/p>\n<p>Hled\u00e1te nejkompaktn\u011bj\u0161\u00ed p\u0159edn\u00ed automatick\u00fd n\u016f\u017e na trhu? Tak jste to na\u0161li! Microtech UTX-70 st\u0159\u00edl\u00ed dovnit\u0159 a ven automaticky pomoc\u00ed posuvn\u00e9ho tla\u010d\u00edtka na prav\u00e9 stran\u011b no\u017ee. Super mal\u00fd . \u00da\u017easn\u00fd mal\u00fd n\u016f\u017e!<\/p>\n<p>Tento model je vybaven hlin\u00edkovou rukojet\u00ed s povrchovou \u00fapravou DLC. DLC dokon\u010den\u00e1 \u010depel spart\u00e1nsk\u00e9 d\u00fdky M390 z nerezov\u00e9 oceli s dvojit\u00fdm ost\u0159\u00edm. Hardware DLC, kapesn\u00ed klip a rozb\u00edje\u010d skla. \u010cepel m\u00e1 informace o modelu. Kapesn\u00ed klip m\u00e1 logo <strong>Microtech<\/strong>, logo Signature Series, s\u00e9riov\u00e9 \u010d\u00edslo a datum v\u00fdroby.<\/p>\n<p>Materi\u00e1l rukojeti: Hlin\u00edk<br \/>\nMateri\u00e1l \u010depele: M390<br \/>\nStyl \u010depele: Spartan Double Edge<br \/>\nPovrchov\u00e1 \u00faprava \u010depele: DLC<br \/>\nTyp okraje: Standard<br \/>\nModel\/Vzor: UTX-70<br \/>\nTyp no\u017ee: Dvoj\u010dinn\u00e9 automatick\u00e9 OTF<br \/>\nCelkov\u00e1 d\u00e9lka: 14.07 cm<br \/>\nD\u00e9lka \u010depele: 6.02 cm<br \/>\nTlou\u0161\u0165ka \u010depele: 0,2 cm<\/p>\n<p>&nbsp;<\/p>\n","protected":false},"excerpt":{"rendered":"<p>V pr\u016fb\u011bhu let\u00a0<strong>Microtech\u00ae Knives<\/strong> naplnil v\u00e1\u0161n\u00ed a dovednost\u00ed v\u00fdrobu no\u017e\u016f, a\u017e z nich vytvo\u0159il t\u00e9m\u011b\u0159 um\u011bleck\u00e1 d\u00edla,kter\u00e9 jsou vrcholem funk\u010dnosti.V\u0161echny d\u00edly jsou vyrobeny v USA.<br \/>\n<strong>Na v\u0161echny no\u017ee Microtech je do\u017eivotn\u00ed z\u00e1ruka.<\/strong><\/p>\n<p><strong>Doprava zdarma<\/strong><\/p>\n","protected":false},"featured_media":240671,"comment_status":"open","ping_status":"closed","template":"","meta":[],"pwb-brand":[431],"product_brand":[],"product_cat":[2019,17],"product_tag":[3667],"class_list":{"0":"post-240670","1":"product","2":"type-product","3":"status-publish","4":"has-post-thumbnail","6":"pwb-brand-microtech","7":"product_cat-vystrelovaci-noze","8":"product_cat-noze","9":"product_tag-b2b","11":"first","12":"outofstock","13":"taxable","14":"shipping-taxable","15":"purchasable","16":"product-type-simple"},"brands":[{"id":431,"name":"Microtech","slug":"microtech"}],"_links":{"self":[{"href":"https:\/\/www.moskito.cz\/fr\/wp-json\/wp\/v2\/product\/240670","targetHints":{"allow":["GET"]}}],"collection":[{"href":"https:\/\/www.moskito.cz\/fr\/wp-json\/wp\/v2\/product"}],"about":[{"href":"https:\/\/www.moskito.cz\/fr\/wp-json\/wp\/v2\/types\/product"}],"replies":[{"embeddable":true,"href":"https:\/\/www.moskito.cz\/fr\/wp-json\/wp\/v2\/comments?post=240670"}],"wp:featuredmedia":[{"embeddable":true,"href":"https:\/\/www.moskito.cz\/fr\/wp-json\/wp\/v2\/media\/240671"}],"wp:attachment":[{"href":"https:\/\/www.moskito.cz\/fr\/wp-json\/wp\/v2\/media?parent=240670"}],"wp:term":[{"taxonomy":"pwb-brand","embeddable":true,"href":"https:\/\/www.moskito.cz\/fr\/wp-json\/wp\/v2\/pwb-brand?post=240670"},{"taxonomy":"product_brand","embeddable":true,"href":"https:\/\/www.moskito.cz\/fr\/wp-json\/wp\/v2\/product_brand?post=240670"},{"taxonomy":"product_cat","embeddable":true,"href":"https:\/\/www.moskito.cz\/fr\/wp-json\/wp\/v2\/product_cat?post=240670"},{"taxonomy":"product_tag","embeddable":true,"href":"https:\/\/www.moskito.cz\/fr\/wp-json\/wp\/v2\/product_tag?post=240670"}],"curies":[{"name":"wp","href":"https:\/\/api.w.org\/{rel}","templated":true}]}}