{"id":240985,"date":"2023-02-25T18:58:50","date_gmt":"2023-02-25T17:58:50","guid":{"rendered":"https:\/\/www.moskito.cz\/?post_type=product&#038;p=240985"},"modified":"2025-05-07T10:46:47","modified_gmt":"2025-05-07T09:46:47","slug":"zaviraci-nuz-maxace-albatross-timascus-malb02","status":"publish","type":"product","link":"https:\/\/www.moskito.cz\/fr\/produkt\/zaviraci-nuz-maxace-albatross-timascus-malb02\/","title":{"rendered":"Zav\u00edrac\u00ed N\u016f\u017e Maxace Albatross Timascus MALB02"},"content":{"rendered":"<p>Zav\u00edrac\u00ed N\u016f\u017e <strong>Maxace<\/strong> Albatross Timascus MALB02<\/p>\n<p>Albatross je EDC kapesn\u00ed n\u016f\u017e od Maxace pojmenovan\u00fd po slavn\u00e9m mo\u0159sk\u00e9m pt\u00e1ku. Vyrobeno z odoln\u00fdch a spolehliv\u00fdch materi\u00e1l\u016f. \u010cepel m\u00e1 profil Clip-Point a je vyrobena z pr\u00e9miov\u00e9 oceli M390. Mechanismus z\u00e1mku \u010depele &#8211; Slip-Joint. Rukoje\u0165 je titanov\u00e1 s Timascus, spolehliv\u00e1 a ergonomick\u00e1. Nechyb\u00ed klip, n\u016f\u017e je vybaven pouze otvorem na \u0161\u0148\u016frku v zadn\u00ed \u010d\u00e1sti rukojeti.<\/p>\n<p>\u010cepel je vyrobena z oceli M390. Jedn\u00e1 se o pr\u00e9miovou pr\u00e1\u0161kovou martenzitickou ocel s vysok\u00fdm obsahem chr\u00f3mu a vanadu. Vyr\u00e1b\u00ed sv\u011btozn\u00e1m\u00fd rakousk\u00fd koncern Bohler &#8211; Uddeholm AG. Tato ocel je uzn\u00e1v\u00e1na jako jedna z nejlep\u0161\u00edch na sv\u011bt\u011b pro svou odolnost proti opot\u0159eben\u00ed, vysok\u00e9 antikorozn\u00ed vlastnosti, vynikaj\u00edc\u00ed pevnost a hou\u017eevnatost. V sou\u010dasn\u00e9 dob\u011b je velmi obl\u00edben\u00fdm materi\u00e1lem a \u00fasp\u011b\u0161n\u011b se pou\u017e\u00edv\u00e1 p\u0159i v\u00fdrob\u011b pr\u00e9miov\u00fdch s\u00e9riov\u00fdch no\u017e\u016f, ale i zak\u00e1zkov\u00fdch a autorsk\u00fdch model\u016f. \u010cepele z t\u00e9to oceli jsou kalen\u00e9 na 58-62 HRC. M\u00e1 vynikaj\u00edc\u00ed pevnost \u0159ezn\u00e9 hrany.<\/p>\n<p>Rukoje\u0165 je vyrobena z titanu s Timascus. Titan je materi\u00e1l s vynikaj\u00edc\u00edmi mechanick\u00fdmi vlastnostmi. Je pom\u011brn\u011b pevn\u00fd, hou\u017eevnat\u00fd a lehk\u00fd ve srovn\u00e1n\u00ed s jin\u00fdmi obl\u00edben\u00fdmi kovy pou\u017e\u00edvan\u00fdmi v rukojet\u00edch no\u017e\u016f. Rukoje\u0165 z titanov\u00e9 slitiny je tepeln\u011b odoln\u00e1, fyzik\u00e1ln\u011b inertn\u00ed a neoxiduje. Navenek titanov\u00e9 rukojeti vypadaj\u00ed luxusn\u011b a dokonale dopl\u0148uj\u00ed ocel \u010depele jak\u00e9koli zna\u010dky. Navzdory slo\u017eit\u00e9mu stupni zpracov\u00e1n\u00ed, vysok\u00e9 viskozit\u011b a vysok\u00e9 cen\u011b je tento materi\u00e1l mezi no\u017e\u00ed\u0159i st\u00e1le pom\u011brn\u011b b\u011b\u017en\u00fd.<\/p>\n<p>\u010cepe:l M390<\/p>\n<p>Blade style: Clip point<\/p>\n<p>Blade grind: Full Flat<\/p>\n<p>Povrchov\u00e1 \u00faprava \u010depele: Satin<\/p>\n<p>Kostra: Titan<\/p>\n<p>Rukoje\u0165: Timascus<\/p>\n<p>V\u00e1ha: 108 g<\/p>\n<p>Celkov\u00e1 d\u00e9lka: 210 mm<\/p>\n<p>D\u00e9lka \u010depele: 95 mm<\/p>\n<p>D\u00e9lka zav\u0159en\u00e9ho no\u017ee: 115 mm<\/p>\n<p>Tlou\u0161\u0165ka \u010depele: 3 mm<\/p>\n<p>Tvrdost: 59-60HRC<\/p>\n","protected":false},"excerpt":{"rendered":"<p><strong>Maxace Albatross<\/strong> je luxusn\u00ed zav\u00edrac\u00ed n\u016f\u017e z limitovan\u00e9 edice vyroben\u00fd z nejlep\u0161\u00edch materi\u00e1l\u016f na vysok\u00e9 \u00farovni.<\/p>\n<p><strong>Doprava zdarma.<\/strong><\/p>\n","protected":false},"featured_media":240986,"comment_status":"open","ping_status":"closed","template":"","meta":[],"pwb-brand":[3247],"product_brand":[],"product_cat":[22,17],"product_tag":[],"class_list":{"0":"post-240985","1":"product","2":"type-product","3":"status-publish","4":"has-post-thumbnail","6":"pwb-brand-maxace-2","7":"product_cat-zaviraci-noze","8":"product_cat-noze","10":"first","11":"outofstock","12":"taxable","13":"shipping-taxable","14":"purchasable","15":"product-type-simple"},"brands":[{"id":3247,"name":"Maxace","slug":"maxace-2"}],"_links":{"self":[{"href":"https:\/\/www.moskito.cz\/fr\/wp-json\/wp\/v2\/product\/240985","targetHints":{"allow":["GET"]}}],"collection":[{"href":"https:\/\/www.moskito.cz\/fr\/wp-json\/wp\/v2\/product"}],"about":[{"href":"https:\/\/www.moskito.cz\/fr\/wp-json\/wp\/v2\/types\/product"}],"replies":[{"embeddable":true,"href":"https:\/\/www.moskito.cz\/fr\/wp-json\/wp\/v2\/comments?post=240985"}],"wp:featuredmedia":[{"embeddable":true,"href":"https:\/\/www.moskito.cz\/fr\/wp-json\/wp\/v2\/media\/240986"}],"wp:attachment":[{"href":"https:\/\/www.moskito.cz\/fr\/wp-json\/wp\/v2\/media?parent=240985"}],"wp:term":[{"taxonomy":"pwb-brand","embeddable":true,"href":"https:\/\/www.moskito.cz\/fr\/wp-json\/wp\/v2\/pwb-brand?post=240985"},{"taxonomy":"product_brand","embeddable":true,"href":"https:\/\/www.moskito.cz\/fr\/wp-json\/wp\/v2\/product_brand?post=240985"},{"taxonomy":"product_cat","embeddable":true,"href":"https:\/\/www.moskito.cz\/fr\/wp-json\/wp\/v2\/product_cat?post=240985"},{"taxonomy":"product_tag","embeddable":true,"href":"https:\/\/www.moskito.cz\/fr\/wp-json\/wp\/v2\/product_tag?post=240985"}],"curies":[{"name":"wp","href":"https:\/\/api.w.org\/{rel}","templated":true}]}}