{"id":241088,"date":"2023-02-26T10:05:03","date_gmt":"2023-02-26T09:05:03","guid":{"rendered":"https:\/\/www.moskito.cz\/?post_type=product&#038;p=241088"},"modified":"2025-05-07T10:46:48","modified_gmt":"2025-05-07T09:46:48","slug":"zaviraci-nuz-maxace-zealot-3-0-mz302","status":"publish","type":"product","link":"https:\/\/www.moskito.cz\/fr\/produkt\/zaviraci-nuz-maxace-zealot-3-0-mz302\/","title":{"rendered":"Zav\u00edrac\u00ed N\u016f\u017e Maxace Zealot 3.0 MZ302"},"content":{"rendered":"<p>Zav\u00edrac\u00ed N\u016f\u017e <strong>Maxace<\/strong> Zealot 3.0 MZ302<\/p>\n<p><strong>Zealot 3<\/strong> je model EDC no\u017ee od Maxace. N\u016f\u017e je vyroben ze spolehliv\u00fdch materi\u00e1l\u016f \u2013 \u010depel Drop-Point z oceli 10Cr15CoMoV, zat\u00edmco rukoje\u0165 je vyrobena ze sklolamin\u00e1tu G-10. Axi\u00e1ln\u00ed mont\u00e1\u017e je provedena na kuli\u010dkov\u00e9m lo\u017eisku. Pro snadn\u00e9 p\u0159en\u00e1\u0161en\u00ed poskytuje v\u00fdrobce kapesn\u00ed klip, kter\u00fd umo\u017e\u0148uje upevnit n\u016f\u017e na opasek nebo kapsu.<\/p>\n<p>\u010cepel je vyrobena z oceli t\u0159\u00eddy 10Cr15CoMoV \u2013 nov\u00e9 patentovan\u00e9 nerezov\u00e9 oceli vyroben\u00e9 v \u010c\u00edn\u011b, podobn\u00e9 japonsk\u00e9 VG-10. Hlavn\u00ed v\u00fdhodou oceli je jej\u00ed dobr\u00e1 odolnost proti korozi a jej\u00ed hou\u017eevnatost p\u0159isp\u00edv\u00e1 k dlouhodob\u00e9mu zachov\u00e1n\u00ed \u0159ezn\u00e9 hrany.<\/p>\n<p>Rukoje\u0165 je vyrobena ze sklolamin\u00e1tu G10 \u2013 kompozitn\u00edho materi\u00e1lu na b\u00e1zi skeln\u00e9ho vl\u00e1kna a epoxidov\u00e9 prysky\u0159ice. B\u011bhem v\u00fdrobn\u00edho procesu je sklolamin\u00e1t nas\u00e1kl\u00fd prysky\u0159ic\u00ed, pot\u00e9 je slisov\u00e1n. V\u00fdsledkem je materi\u00e1l, kter\u00fd dob\u0159e funguje v nep\u0159\u00edzniv\u00fdch podm\u00ednk\u00e1ch. G10 je trvanliv\u00fd a odoln\u00fd proti n\u00e1razu, dob\u0159e sn\u00e1\u0161\u00ed vlhkost a dob\u0159e se barv\u00ed. Navenek je velmi podobn\u00e1 micart\u011b, ale p\u0159ed\u010d\u00ed ji v s\u00edle a ohnivzdornosti.<br \/>\nVlastnosti:<\/p>\n<p>Celkov\u00e1 d\u00e9lka: 220 mm<br \/>\nD\u00e9lka \u010depele: 98 mm<br \/>\nTlou\u0161\u0165ka tupo: 3 mm<br \/>\nMateri\u00e1l \u010depele: 10Cr15CoMoV<br \/>\nMateri\u00e1l rukojeti: G-10<br \/>\nV\u00fdrobce: Maxace<br \/>\nHmotnost: 165g<\/p>\n","protected":false},"excerpt":{"rendered":"<p><strong>Zealot 3 je model EDC no\u017ee od Maxace.<\/strong><\/p>\n","protected":false},"featured_media":241089,"comment_status":"open","ping_status":"closed","template":"","meta":[],"pwb-brand":[3247],"product_brand":[],"product_cat":[22,17],"product_tag":[],"class_list":{"0":"post-241088","1":"product","2":"type-product","3":"status-publish","4":"has-post-thumbnail","6":"pwb-brand-maxace-2","7":"product_cat-zaviraci-noze","8":"product_cat-noze","10":"first","11":"outofstock","12":"taxable","13":"shipping-taxable","14":"purchasable","15":"product-type-simple"},"brands":[{"id":3247,"name":"Maxace","slug":"maxace-2"}],"_links":{"self":[{"href":"https:\/\/www.moskito.cz\/fr\/wp-json\/wp\/v2\/product\/241088","targetHints":{"allow":["GET"]}}],"collection":[{"href":"https:\/\/www.moskito.cz\/fr\/wp-json\/wp\/v2\/product"}],"about":[{"href":"https:\/\/www.moskito.cz\/fr\/wp-json\/wp\/v2\/types\/product"}],"replies":[{"embeddable":true,"href":"https:\/\/www.moskito.cz\/fr\/wp-json\/wp\/v2\/comments?post=241088"}],"wp:featuredmedia":[{"embeddable":true,"href":"https:\/\/www.moskito.cz\/fr\/wp-json\/wp\/v2\/media\/241089"}],"wp:attachment":[{"href":"https:\/\/www.moskito.cz\/fr\/wp-json\/wp\/v2\/media?parent=241088"}],"wp:term":[{"taxonomy":"pwb-brand","embeddable":true,"href":"https:\/\/www.moskito.cz\/fr\/wp-json\/wp\/v2\/pwb-brand?post=241088"},{"taxonomy":"product_brand","embeddable":true,"href":"https:\/\/www.moskito.cz\/fr\/wp-json\/wp\/v2\/product_brand?post=241088"},{"taxonomy":"product_cat","embeddable":true,"href":"https:\/\/www.moskito.cz\/fr\/wp-json\/wp\/v2\/product_cat?post=241088"},{"taxonomy":"product_tag","embeddable":true,"href":"https:\/\/www.moskito.cz\/fr\/wp-json\/wp\/v2\/product_tag?post=241088"}],"curies":[{"name":"wp","href":"https:\/\/api.w.org\/{rel}","templated":true}]}}