{"id":241342,"date":"2023-02-27T21:39:21","date_gmt":"2023-02-27T20:39:21","guid":{"rendered":"https:\/\/www.moskito.cz\/?post_type=product&#038;p=241342"},"modified":"2025-05-07T10:46:53","modified_gmt":"2025-05-07T09:46:53","slug":"zaviraci-nuz-maxace-halictus-mhlt203","status":"publish","type":"product","link":"https:\/\/www.moskito.cz\/fr\/produkt\/zaviraci-nuz-maxace-halictus-mhlt203\/","title":{"rendered":"Zav\u00edrac\u00ed N\u016f\u017e Maxace Halictus MHLT203"},"content":{"rendered":"<p>Zav\u00edrac\u00ed N\u016f\u017e <strong>Maxace<\/strong> Halictus MHLT203<\/p>\n<p><strong>Halictus<\/strong>\u00a0 je novou modifikac\u00ed a ideov\u00fdm pokra\u010dov\u00e1n\u00edm no\u017ee Maxace Halictus, verze 2.0 zohlednila chyby p\u0159edchoz\u00edho d\u00edlu a pos\u00edlila p\u0159ednosti no\u017ee. Sou\u010d\u00e1st\u00ed jsou n\u00e1hradn\u00ed d\u00edly.<\/p>\n<p><strong>Maxace Halictus<\/strong>\u00a0 je vynikaj\u00edc\u00ed edc n\u016f\u017e, kter\u00fd se stane nejen v\u011brn\u00fdm spole\u010dn\u00edkem a skv\u011bl\u00fdm n\u00e1strojem pro ka\u017ed\u00fd den, ale tak\u00e9 podtrhne v\u00e1\u0161 vzhled sv\u00fdm modern\u00edm a ergonomick\u00fdm designem. Tento n\u016f\u017e je zt\u011blesn\u011bn\u00edm elegantn\u00ed a p\u0159\u00edsn\u00e9 klasiky. N\u016f\u017e s t\u00edmto designem bude skv\u011bl\u00fdm dopl\u0148kem ka\u017ed\u00e9ho stylu.<\/p>\n<p>Dod\u00e1v\u00e1 se s krytem.<\/p>\n<p><strong>Materi\u00e1l \u010depele<\/strong> M390 &#8211; rakousk\u00fd ocel\u00e1\u0159sk\u00fd koncern BOHLER. Na Rockwellov\u011b stupnici m\u00e1 ukazatel 60-62 HRC. M\u00e1 vynikaj\u00edc\u00ed pevnost \u0159ezn\u00e9 hrany. Slu\u0161\u00ed se v\u0161ak podotknout, \u017ee odvr\u00e1cenou stranou t\u00e9to vlastnosti nen\u00ed \u00fapln\u011b jednoduch\u00e9 ost\u0159en\u00ed.<\/p>\n<p><strong>Rukoje\u0165<\/strong> je vyrobena z titanu s povlaky z dama\u0161kov\u00e9 oceli G10, kompozitn\u00edho materi\u00e1lu na b\u00e1zi skeln\u00fdch vl\u00e1ken a epoxidov\u00e9 prysky\u0159ice. Je velmi odoln\u00fd, vod\u011bodoln\u00fd a n\u00e1razuvzdorn\u00fd. Dokonale p\u0159izp\u016fsobiteln\u00e9 zpracov\u00e1n\u00ed a barven\u00ed. Pou\u017e\u00edv\u00e1 se v\u0161ude na v\u0161ech modern\u00edch no\u017e\u00edch.<br \/>\nVlastnosti :<\/p>\n<p>Celkov\u00e1 d\u00e9lka: 220 mm<br \/>\nD\u00e9lka \u010depele: 95 mm<br \/>\nTlou\u0161\u0165ka tupo: 4 mm<br \/>\nMateri\u00e1l \u010depele: Bohler M390<br \/>\nMateri\u00e1l rukojeti: G-10<br \/>\nV\u00fdrobce: Maxace<br \/>\nHmotnost: 170 g<\/p>\n","protected":false},"excerpt":{"rendered":"<p><strong>Maxace Halictus<\/strong>\u00a0 je vynikaj\u00edc\u00ed edc n\u016f\u017e, kter\u00fd se stane nejen v\u011brn\u00fdm spole\u010dn\u00edkem a skv\u011bl\u00fdm n\u00e1strojem pro ka\u017ed\u00fd den.<\/p>\n","protected":false},"featured_media":241343,"comment_status":"open","ping_status":"closed","template":"","meta":[],"pwb-brand":[3247],"product_brand":[],"product_cat":[22,17],"product_tag":[],"class_list":{"0":"post-241342","1":"product","2":"type-product","3":"status-publish","4":"has-post-thumbnail","6":"pwb-brand-maxace-2","7":"product_cat-zaviraci-noze","8":"product_cat-noze","10":"first","11":"instock","12":"taxable","13":"shipping-taxable","14":"purchasable","15":"product-type-simple"},"brands":[{"id":3247,"name":"Maxace","slug":"maxace-2"}],"_links":{"self":[{"href":"https:\/\/www.moskito.cz\/fr\/wp-json\/wp\/v2\/product\/241342","targetHints":{"allow":["GET"]}}],"collection":[{"href":"https:\/\/www.moskito.cz\/fr\/wp-json\/wp\/v2\/product"}],"about":[{"href":"https:\/\/www.moskito.cz\/fr\/wp-json\/wp\/v2\/types\/product"}],"replies":[{"embeddable":true,"href":"https:\/\/www.moskito.cz\/fr\/wp-json\/wp\/v2\/comments?post=241342"}],"wp:featuredmedia":[{"embeddable":true,"href":"https:\/\/www.moskito.cz\/fr\/wp-json\/wp\/v2\/media\/241343"}],"wp:attachment":[{"href":"https:\/\/www.moskito.cz\/fr\/wp-json\/wp\/v2\/media?parent=241342"}],"wp:term":[{"taxonomy":"pwb-brand","embeddable":true,"href":"https:\/\/www.moskito.cz\/fr\/wp-json\/wp\/v2\/pwb-brand?post=241342"},{"taxonomy":"product_brand","embeddable":true,"href":"https:\/\/www.moskito.cz\/fr\/wp-json\/wp\/v2\/product_brand?post=241342"},{"taxonomy":"product_cat","embeddable":true,"href":"https:\/\/www.moskito.cz\/fr\/wp-json\/wp\/v2\/product_cat?post=241342"},{"taxonomy":"product_tag","embeddable":true,"href":"https:\/\/www.moskito.cz\/fr\/wp-json\/wp\/v2\/product_tag?post=241342"}],"curies":[{"name":"wp","href":"https:\/\/api.w.org\/{rel}","templated":true}]}}