{"id":241378,"date":"2023-02-27T22:20:33","date_gmt":"2023-02-27T21:20:33","guid":{"rendered":"https:\/\/www.moskito.cz\/?post_type=product&#038;p=241378"},"modified":"2026-03-17T14:21:10","modified_gmt":"2026-03-17T13:21:10","slug":"zaviraci-nuz-maxace-ranger-mrg02","status":"publish","type":"product","link":"https:\/\/www.moskito.cz\/fr\/produkt\/zaviraci-nuz-maxace-ranger-mrg02\/","title":{"rendered":"Zav\u00edrac\u00ed N\u016f\u017e Maxace Ranger MRG02"},"content":{"rendered":"<p>Zav\u00edrac\u00ed N\u016f\u017e <strong>Maxace<\/strong> Ranger MRG02<\/p>\n<p>\u010cepel je vyrobena z oceli XW42 v \u0161ed\u00e9m proveden\u00ed. Ploch\u00e9 brou\u0161en\u00ed. Modr\u00e1 a b\u00edl\u00e1 rukoje\u0165 G10. Linerlock. \u010cerven\u00fd backspacer. D\u00edra na \u0161\u0148\u016frku. Spona na prav\u00e9 no\u0161en\u00ed.<\/p>\n<p>POPIS:<br \/>\nCelkov\u00e1 d\u00e9lka: 9&Prime;, 230 mm<\/p>\n<p>D\u00e9lka v zav\u0159en\u00e9m stavu: 5,12&Prime;, 130 mm<\/p>\n<p>D\u00e9lka \u010depele: 3,86&Prime;, 98 mm<\/p>\n<p>Tlou\u0161\u0165ka \u010depele: 3,8 mm<\/p>\n<p>Materi\u00e1l \u010depele: ocel XW42<\/p>\n<p>59 HRC<\/p>\n<p>Oby\u010dejn\u00fd okraj<\/p>\n<p>Materi\u00e1l rukojeti: B\u00edl\u00e1 + Modr\u00e1 G-10<\/p>\n<p>Hmotnost: 4,59 oz., 130 g<\/p>\n","protected":false},"excerpt":{"rendered":"<p><strong>Zav\u00edrac\u00ed n\u016f\u017e Maxace s pojistkou a klipem na no\u0161en\u00ed.<\/strong><\/p>\n","protected":false},"featured_media":241379,"comment_status":"open","ping_status":"closed","template":"","meta":[],"pwb-brand":[3247],"product_brand":[],"product_cat":[22,17],"product_tag":[],"class_list":{"0":"post-241378","1":"product","2":"type-product","3":"status-publish","4":"has-post-thumbnail","6":"pwb-brand-maxace-2","7":"product_cat-zaviraci-noze","8":"product_cat-noze","10":"first","11":"outofstock","12":"taxable","13":"shipping-taxable","14":"purchasable","15":"product-type-simple"},"brands":[{"id":3247,"name":"Maxace","slug":"maxace-2"}],"_links":{"self":[{"href":"https:\/\/www.moskito.cz\/fr\/wp-json\/wp\/v2\/product\/241378","targetHints":{"allow":["GET"]}}],"collection":[{"href":"https:\/\/www.moskito.cz\/fr\/wp-json\/wp\/v2\/product"}],"about":[{"href":"https:\/\/www.moskito.cz\/fr\/wp-json\/wp\/v2\/types\/product"}],"replies":[{"embeddable":true,"href":"https:\/\/www.moskito.cz\/fr\/wp-json\/wp\/v2\/comments?post=241378"}],"wp:featuredmedia":[{"embeddable":true,"href":"https:\/\/www.moskito.cz\/fr\/wp-json\/wp\/v2\/media\/241379"}],"wp:attachment":[{"href":"https:\/\/www.moskito.cz\/fr\/wp-json\/wp\/v2\/media?parent=241378"}],"wp:term":[{"taxonomy":"pwb-brand","embeddable":true,"href":"https:\/\/www.moskito.cz\/fr\/wp-json\/wp\/v2\/pwb-brand?post=241378"},{"taxonomy":"product_brand","embeddable":true,"href":"https:\/\/www.moskito.cz\/fr\/wp-json\/wp\/v2\/product_brand?post=241378"},{"taxonomy":"product_cat","embeddable":true,"href":"https:\/\/www.moskito.cz\/fr\/wp-json\/wp\/v2\/product_cat?post=241378"},{"taxonomy":"product_tag","embeddable":true,"href":"https:\/\/www.moskito.cz\/fr\/wp-json\/wp\/v2\/product_tag?post=241378"}],"curies":[{"name":"wp","href":"https:\/\/api.w.org\/{rel}","templated":true}]}}