{"id":242267,"date":"2023-03-06T21:56:20","date_gmt":"2023-03-06T20:56:20","guid":{"rendered":"https:\/\/www.moskito.cz\/?post_type=product&#038;p=242267"},"modified":"2025-05-07T10:47:07","modified_gmt":"2025-05-07T09:47:07","slug":"pevny-nuz-sog-trident-fx-serrated-blackout","status":"publish","type":"product","link":"https:\/\/www.moskito.cz\/fr\/produkt\/pevny-nuz-sog-trident-fx-serrated-blackout\/","title":{"rendered":"Pevn\u00fd N\u016f\u017e SOG TRIDENT FX SERRATED BLACKOUT"},"content":{"rendered":"<p>Pevn\u00fd N\u016f\u017e <strong>SOG<\/strong> TRIDENT FX SERRATED BLACKOUT<\/p>\n<p><strong>Trident FX<\/strong>\u00a0postaven\u00fd v tradici tvrd\u00fdch no\u017e\u016f s pevnou \u010depel\u00ed SOG pro profesion\u00e1ln\u00ed u\u017eivatele, posouv\u00e1 hranice schopnost\u00ed, ale ne hmotnosti. Trident FX s hmotnost\u00ed n\u011bco m\u00e1lo p\u0159es 4 unce je m\u011b\u0159enou kombinac\u00ed s\u00edly a hbitosti, kter\u00e1 v\u00e1m umo\u017en\u00ed rychle se pohybovat, kdy\u017e na tom nejv\u00edce z\u00e1le\u017e\u00ed. Dod\u00e1v\u00e1 se s modernizovan\u00fdm pouzdrem, kter\u00e9 v\u00e1m umo\u017en\u00ed nosit jej, jak a kam pot\u0159ebujete.<\/p>\n<p><strong>VYSOCE SCHOPN\u00dd N\u016e\u017d S PEVNOU \u010cEPEL\u00cd<\/strong><br \/>\nTento robustn\u00ed a citliv\u00fd n\u016f\u017e s robustn\u00ed rukojet\u00ed GRN a 4,2palcovou ocelovou \u010depel\u00ed CRYO 4116 s pln\u00fdm z\u00e1b\u011brem je dod\u00e1v\u00e1n se speci\u00e1ln\u011b navr\u017een\u00fdm pouzdrem kompatibiln\u00edm s univerz\u00e1ln\u00edm mont\u00e1\u017en\u00edm syst\u00e9mem SOG, kter\u00e9 umo\u017e\u0148uje p\u0159izp\u016fsobiteln\u00e9 nastaven\u00ed, spolehliv\u00e9 p\u0159en\u00e1\u0161en\u00ed a rychl\u00e9 tasen\u00ed.<\/p>\n<p><strong>Pl\u00e1\u0161\u0165 kompatibiln\u00ed s UMS<\/strong><br \/>\nObojru\u010dn\u00ed a poskytuje v\u00edce mo\u017enost\u00ed mont\u00e1\u017ee a je vybaven bezn\u00e1strojov\u00fdm syst\u00e9mem nastavov\u00e1n\u00ed nap\u011bt\u00ed umo\u017e\u0148uj\u00edc\u00edm dokonal\u00e9 ta\u017een\u00ed.<\/p>\n<p><strong>CRYO 4116 OCEL<\/strong><br \/>\nSt\u0159eduhl\u00edkov\u00e1 n\u011bmeck\u00e1 nerezov\u00e1 ocel zn\u00e1m\u00e1 tak\u00e9 jako 1.4116. Podobn\u00e9 jako 420HC s dobrou odolnost\u00ed proti korozi, hou\u017eevnatost\u00ed, ostrost\u00ed a zachov\u00e1n\u00edm hran.<\/p>\n<p><strong>GRN GRIP<\/strong><br \/>\nRukoje\u0165 GRN se vyzna\u010duje v\u0161esm\u011brovou texturou, kter\u00e1 poskytuje spoustu n\u00e1kupu s rukavicemi i bez nich a prakticky ve v\u0161ech klimatick\u00fdch podm\u00ednk\u00e1ch.<\/p>\n<p>CELKOV\u00c1 D\u00c9LKA: 24 cm<br \/>\nD\u00c9LKA \u010cEPELE: 11 cm<br \/>\nTYP PRODUKTU: Pevn\u00e1 \u010depel<br \/>\nDOKON\u010cENI: TiNi<br \/>\nTYP HRANY:: Zoubkovan\u00fd<br \/>\nTYP OCELOV\u00c9 \u010cEPELE: CRYO 4116<br \/>\nTVAR \u010cEPELE: Tanto<br \/>\nMATERI\u00c1L RUKOJETI: GRN<br \/>\nBARVA RUKOJETI: Black<br \/>\nBARVA POUZDRA: Black<\/p>\n","protected":false},"excerpt":{"rendered":"<p><strong>Trident FX, postaven\u00fd v tradici tvrd\u00fdch no\u017e\u016f s pevnou \u010depel\u00ed SOG pro profesion\u00e1ln\u00ed u\u017eivatele.<\/strong><\/p>\n","protected":false},"featured_media":242268,"comment_status":"open","ping_status":"closed","template":"","meta":[],"pwb-brand":[591],"product_brand":[],"product_cat":[23,17],"product_tag":[3667],"class_list":{"0":"post-242267","1":"product","2":"type-product","3":"status-publish","4":"has-post-thumbnail","6":"pwb-brand-sog","7":"product_cat-pevne-noze","8":"product_cat-noze","9":"product_tag-b2b","11":"first","12":"instock","13":"taxable","14":"shipping-taxable","15":"purchasable","16":"product-type-simple"},"brands":[{"id":591,"name":"SOG","slug":"sog"}],"_links":{"self":[{"href":"https:\/\/www.moskito.cz\/fr\/wp-json\/wp\/v2\/product\/242267","targetHints":{"allow":["GET"]}}],"collection":[{"href":"https:\/\/www.moskito.cz\/fr\/wp-json\/wp\/v2\/product"}],"about":[{"href":"https:\/\/www.moskito.cz\/fr\/wp-json\/wp\/v2\/types\/product"}],"replies":[{"embeddable":true,"href":"https:\/\/www.moskito.cz\/fr\/wp-json\/wp\/v2\/comments?post=242267"}],"wp:featuredmedia":[{"embeddable":true,"href":"https:\/\/www.moskito.cz\/fr\/wp-json\/wp\/v2\/media\/242268"}],"wp:attachment":[{"href":"https:\/\/www.moskito.cz\/fr\/wp-json\/wp\/v2\/media?parent=242267"}],"wp:term":[{"taxonomy":"pwb-brand","embeddable":true,"href":"https:\/\/www.moskito.cz\/fr\/wp-json\/wp\/v2\/pwb-brand?post=242267"},{"taxonomy":"product_brand","embeddable":true,"href":"https:\/\/www.moskito.cz\/fr\/wp-json\/wp\/v2\/product_brand?post=242267"},{"taxonomy":"product_cat","embeddable":true,"href":"https:\/\/www.moskito.cz\/fr\/wp-json\/wp\/v2\/product_cat?post=242267"},{"taxonomy":"product_tag","embeddable":true,"href":"https:\/\/www.moskito.cz\/fr\/wp-json\/wp\/v2\/product_tag?post=242267"}],"curies":[{"name":"wp","href":"https:\/\/api.w.org\/{rel}","templated":true}]}}