{"id":242452,"date":"2023-03-07T22:39:06","date_gmt":"2023-03-07T21:39:06","guid":{"rendered":"https:\/\/www.moskito.cz\/?post_type=product&#038;p=242452"},"modified":"2025-05-07T10:47:11","modified_gmt":"2025-05-07T09:47:11","slug":"zaviraci-nuz-sog-altair-xr-squid-ink","status":"publish","type":"product","link":"https:\/\/www.moskito.cz\/fr\/produkt\/zaviraci-nuz-sog-altair-xr-squid-ink\/","title":{"rendered":"Zav\u00edrac\u00ed N\u016f\u017e SOG ALTAIR XR SQUID INK"},"content":{"rendered":"<p>Zav\u00edrac\u00ed N\u016f\u017e <strong>SOG<\/strong> ALTAIR XR SQUID INK<\/p>\n<p><strong>Superlehk\u00fd Altair XR<\/strong> is je kompaktn\u00ed zav\u00edrac\u00ed n\u016f\u017e, kter\u00fd je pln\u00fd inovac\u00ed. Vybaveno ocel\u00ed CRYO 154CM a super siln\u00fdm uzamykac\u00edm mechanismem SOG XR a obsahuje design rukojeti se skryt\u00fdm upev\u0148ovac\u00edm prvkem, skeletovan\u00e9 vlo\u017eky a vym\u011bniteln\u00e9 poutko na \u0161\u0148\u016frku a kapesn\u00ed klip, kter\u00fd umo\u017e\u0148uje snadn\u00e9 p\u0159en\u00e1\u0161en\u00ed.<\/p>\n<p><strong>AMBIDEXTRUSN\u00cd P\u0158ENOS<\/strong><br \/>\nVym\u011bniteln\u00e9 poutko na \u0161\u0148\u016frku a kapesn\u00ed klip, kter\u00e9 umo\u017e\u0148uj\u00ed snadn\u00e9 no\u0161en\u00ed v lese.<\/p>\n<p><strong>XR Z\u00c1MEK<\/strong><br \/>\nSpolehliv\u00fd a v\u00fdkonn\u00fd, schopn\u00fd odolat s\u00edle a\u017e 1 500 liber, poskytuje maxim\u00e1ln\u00ed vestav\u011bn\u00e9 zabezpe\u010den\u00ed zamyk\u00e1n\u00ed \u010depele. Snadn\u00e9 otev\u00edr\u00e1n\u00ed pomoc\u00ed z\u00e1mku XR nebo palcov\u00e9ho kol\u00edku.<\/p>\n<p><strong>CRYO OCEL 154CM<\/strong><br \/>\nCRYO 154CM je sm\u011bs s vysok\u00fdm obsahem uhl\u00edku, chr\u00f3mu a molybdenu, kter\u00e1 vytv\u00e1\u0159\u00ed nerezovou ocel s vynikaj\u00edc\u00edm zachov\u00e1n\u00edm hran a vysokou odolnost\u00ed proti opot\u0159eben\u00ed a korozi.<\/p>\n<p>HMOTNOST: 54g<br \/>\nD\u00c9LKA \u010cEPELE: 8 cm<br \/>\nBARVA: Cool Grey<br \/>\nD\u00c9LKA RUKOJETI: 10 cm<br \/>\nTLOU\u0160\u0164KA \u010cEPELE: 2 mm<br \/>\nOCEL: CRYO CPM 154<br \/>\nCELKOV\u00c1 VELIKOST: 18 cm<br \/>\nDRUH POJISTKY: XR Lock<br \/>\nMATERI\u00c1L RUKOJETI: GRN<\/p>\n<p>&nbsp;<\/p>\n<p>&nbsp;<\/p>\n<p>&nbsp;<\/p>\n","protected":false},"excerpt":{"rendered":"<p><strong>Superlehk\u00fd Altair XR je kompaktn\u00ed zav\u00edrac\u00ed n\u016f\u017e s hladk\u00fdm ost\u0159\u00edm a ploch\u00fdm v\u00fdbrusem.<\/strong><\/p>\n","protected":false},"featured_media":242453,"comment_status":"open","ping_status":"closed","template":"","meta":[],"pwb-brand":[591],"product_brand":[],"product_cat":[22,17],"product_tag":[3667],"class_list":{"0":"post-242452","1":"product","2":"type-product","3":"status-publish","4":"has-post-thumbnail","6":"pwb-brand-sog","7":"product_cat-zaviraci-noze","8":"product_cat-noze","9":"product_tag-b2b","11":"first","12":"instock","13":"taxable","14":"shipping-taxable","15":"purchasable","16":"product-type-simple"},"brands":[{"id":591,"name":"SOG","slug":"sog"}],"_links":{"self":[{"href":"https:\/\/www.moskito.cz\/fr\/wp-json\/wp\/v2\/product\/242452","targetHints":{"allow":["GET"]}}],"collection":[{"href":"https:\/\/www.moskito.cz\/fr\/wp-json\/wp\/v2\/product"}],"about":[{"href":"https:\/\/www.moskito.cz\/fr\/wp-json\/wp\/v2\/types\/product"}],"replies":[{"embeddable":true,"href":"https:\/\/www.moskito.cz\/fr\/wp-json\/wp\/v2\/comments?post=242452"}],"wp:featuredmedia":[{"embeddable":true,"href":"https:\/\/www.moskito.cz\/fr\/wp-json\/wp\/v2\/media\/242453"}],"wp:attachment":[{"href":"https:\/\/www.moskito.cz\/fr\/wp-json\/wp\/v2\/media?parent=242452"}],"wp:term":[{"taxonomy":"pwb-brand","embeddable":true,"href":"https:\/\/www.moskito.cz\/fr\/wp-json\/wp\/v2\/pwb-brand?post=242452"},{"taxonomy":"product_brand","embeddable":true,"href":"https:\/\/www.moskito.cz\/fr\/wp-json\/wp\/v2\/product_brand?post=242452"},{"taxonomy":"product_cat","embeddable":true,"href":"https:\/\/www.moskito.cz\/fr\/wp-json\/wp\/v2\/product_cat?post=242452"},{"taxonomy":"product_tag","embeddable":true,"href":"https:\/\/www.moskito.cz\/fr\/wp-json\/wp\/v2\/product_tag?post=242452"}],"curies":[{"name":"wp","href":"https:\/\/api.w.org\/{rel}","templated":true}]}}