{"id":242661,"date":"2023-03-08T23:20:46","date_gmt":"2023-03-08T22:20:46","guid":{"rendered":"https:\/\/www.moskito.cz\/?post_type=product&#038;p=242661"},"modified":"2025-05-07T10:47:21","modified_gmt":"2025-05-07T09:47:21","slug":"zaviraci-nuz-sog-trident-at-uniform-blue-tanto","status":"publish","type":"product","link":"https:\/\/www.moskito.cz\/fr\/produkt\/zaviraci-nuz-sog-trident-at-uniform-blue-tanto\/","title":{"rendered":"Zav\u00edrac\u00ed N\u016f\u017e SOG TRIDENT AT UNIFORM BLUE TANTO"},"content":{"rendered":"<p>Zav\u00edrac\u00ed N\u016f\u017e <strong>SOG<\/strong> TRIDENT AT UNIFORM BLUE TANTO<\/p>\n<p><strong>P\u0158IZP\u016eSOBTE SI TO<\/strong><br \/>\nTrident AT, zav\u00edrac\u00ed n\u016f\u017e navr\u017een\u00fd pro profesion\u00e1ln\u00ed u\u017eivatele, nab\u00edz\u00ed rychl\u00e9 asistovan\u00e9 otev\u00edr\u00e1n\u00ed s inovativn\u00edm oboustrann\u00fdm z\u00e1mkem SOG AT-XR Lock, stejn\u011b jako integrovan\u00fd \u0159eza\u010d \u010dar a rozb\u00edje\u010d skla. Trident AT se snadno p\u0159en\u00e1\u0161\u00ed, s vysoce funk\u010dn\u00ed 3,75&Prime; kryogenicky tepeln\u011b zpracovanou \u010depel\u00ed z nerezov\u00e9 oceli D2. Jej\u00ed v\u00fdkonn\u00fd uzamykac\u00ed mechanismus AT-XR m\u00e1 tak\u00e9 vestav\u011bnou pojistku zamyk\u00e1n\u00ed \u010depele a bezpe\u010dnostn\u00ed syst\u00e9m namontovan\u00fd na p\u00e1te\u0159i. Dal\u0161\u00ed evoluce v oboru -osv\u011bd\u010den\u00fd kapesn\u00ed n\u016f\u017e Trident.<\/p>\n<p><strong>VYROBENO PRO V\u00ddKON<\/strong><br \/>\nJako nejnov\u011bj\u0161\u00ed aktualizace osv\u011bd\u010den\u00e9ho designu Trident spole\u010dnosti SOG, nejnov\u011bj\u0161\u00ed verze je optimalizov\u00e1na tak, aby zlep\u0161ila mo\u017enosti u\u017eivatele v jak\u00e9koli kritick\u00e9 situaci, rychl\u00e9 otev\u0159en\u00ed Tridentu AT se vyrovn\u00e1 pouze jeho schopnost podporovat nouzovou z\u00e1chranu v kritick\u00fdch situac\u00edch.<\/p>\n<p><strong>BEZPE\u010cNOST\u00a0<\/strong><br \/>\nSpole\u010dnost SOG spolupracovala s u\u017eivateli na v\u00fdvoji oboustrann\u00e9ho zabezpe\u010den\u00ed, kter\u00e9 je stejn\u011b snadn\u00e9 jako rychl\u00e9 pou\u017eit\u00ed. Navr\u017eeno tak, aby bylo intuitivn\u00ed a vyu\u017e\u00edvalo p\u0159irozen\u00e9 pohyby rukou, znamen\u00e1 to, \u017ee p\u0159i ovl\u00e1d\u00e1n\u00ed nemus\u00edte zlomit sev\u0159en\u00ed. Po otev\u0159en\u00ed se uzamkne na m\u00edst\u011b jako zadn\u00ed zar\u00e1\u017eka palce. V\u0161echno, co by bezpe\u010dnost m\u011bla b\u00fdt.<\/p>\n<p><strong>CRYO D2 OCELOV\u00c1 \u010cEPEL<\/strong><br \/>\nV\u0161estrann\u00e1 n\u00e1strojov\u00e1 ocel s vysok\u00fdm obsahem uhl\u00edku, kter\u00e1 je kryogenn\u011b tepeln\u011b zpracov\u00e1na podle jedine\u010dn\u00fdch v\u00fdkonnostn\u00edch specifikac\u00ed SOG. D2 poskytuje ide\u00e1ln\u00ed kombinaci zachov\u00e1n\u00ed hran a trvanlivosti pro dlouhodob\u00e9 pou\u017e\u00edv\u00e1n\u00ed se snadnou \u00fadr\u017ebou.<\/p>\n<p><strong>AT-XR Z\u00c1MEK<\/strong><br \/>\nPatentovan\u00e1 technologie Assisted Technology (AT) spole\u010dnosti SOG XR Lock poskytuje rychl\u00e9 otev\u0159en\u00ed jednou rukou a pevn\u00e9 uzam\u010den\u00ed po otev\u0159en\u00ed. Spolehliv\u00fd a v\u00fdkonn\u00fd, schopn\u00fd odolat s\u00edle 1500 liber, AT-XR Lock poskytuje maxim\u00e1ln\u00ed vestav\u011bn\u00e9 zabezpe\u010den\u00ed \u010depele p\u0159i otev\u0159en\u00ed a zaji\u0161\u0165uje, \u017ee se otev\u0159e pouze tehdy, kdy\u017e je zam\u00fd\u0161leno.<\/p>\n<p>MATERI\u00c1L RUKOJETI: GRN<br \/>\nDRUH POJISTKY: XR Lock<br \/>\nOCEL: CYRO D2<br \/>\nHMOTNOST: 147 g<br \/>\nBARVA: Modr\u00e1<br \/>\nTLOU\u0160\u0164KA \u010cEPELE: 3 mm<br \/>\nCELKOV\u00c1 VELIKOST: 23 cm<br \/>\nD\u00c9LKA \u010cEPELE: 9.5 cm<\/p>\n<p><iframe title=\"SOG Trident AT\" width=\"800\" height=\"450\" src=\"https:\/\/www.youtube.com\/embed\/v8hOLKWYvWc?feature=oembed\" frameborder=\"0\" allow=\"accelerometer; autoplay; clipboard-write; encrypted-media; gyroscope; picture-in-picture; web-share\" allowfullscreen><\/iframe><\/p>\n<p>&nbsp;<\/p>\n<p>&nbsp;<\/p>\n","protected":false},"excerpt":{"rendered":"<p><strong>SOG Trident AT s oboustrann\u00fdm z\u00e1mkem AT-XR Lock, asistenc\u00ed otev\u00edr\u00e1n\u00ed, \u010dern\u011bnou \u010depel\u00ed z CRYO D2, \u0159eza\u010dem bezpe\u010dnostn\u00edch p\u00e1s\u016f a hroty pro rozb\u00edjen\u00ed skla na obou stran\u00e1ch rukojeti.<\/strong><\/p>\n","protected":false},"featured_media":242662,"comment_status":"open","ping_status":"closed","template":"","meta":[],"pwb-brand":[591],"product_brand":[],"product_cat":[22,17],"product_tag":[3667],"class_list":{"0":"post-242661","1":"product","2":"type-product","3":"status-publish","4":"has-post-thumbnail","6":"pwb-brand-sog","7":"product_cat-zaviraci-noze","8":"product_cat-noze","9":"product_tag-b2b","11":"first","12":"instock","13":"taxable","14":"shipping-taxable","15":"purchasable","16":"product-type-simple"},"brands":[{"id":591,"name":"SOG","slug":"sog"}],"_links":{"self":[{"href":"https:\/\/www.moskito.cz\/fr\/wp-json\/wp\/v2\/product\/242661","targetHints":{"allow":["GET"]}}],"collection":[{"href":"https:\/\/www.moskito.cz\/fr\/wp-json\/wp\/v2\/product"}],"about":[{"href":"https:\/\/www.moskito.cz\/fr\/wp-json\/wp\/v2\/types\/product"}],"replies":[{"embeddable":true,"href":"https:\/\/www.moskito.cz\/fr\/wp-json\/wp\/v2\/comments?post=242661"}],"wp:featuredmedia":[{"embeddable":true,"href":"https:\/\/www.moskito.cz\/fr\/wp-json\/wp\/v2\/media\/242662"}],"wp:attachment":[{"href":"https:\/\/www.moskito.cz\/fr\/wp-json\/wp\/v2\/media?parent=242661"}],"wp:term":[{"taxonomy":"pwb-brand","embeddable":true,"href":"https:\/\/www.moskito.cz\/fr\/wp-json\/wp\/v2\/pwb-brand?post=242661"},{"taxonomy":"product_brand","embeddable":true,"href":"https:\/\/www.moskito.cz\/fr\/wp-json\/wp\/v2\/product_brand?post=242661"},{"taxonomy":"product_cat","embeddable":true,"href":"https:\/\/www.moskito.cz\/fr\/wp-json\/wp\/v2\/product_cat?post=242661"},{"taxonomy":"product_tag","embeddable":true,"href":"https:\/\/www.moskito.cz\/fr\/wp-json\/wp\/v2\/product_tag?post=242661"}],"curies":[{"name":"wp","href":"https:\/\/api.w.org\/{rel}","templated":true}]}}