{"id":242721,"date":"2023-03-09T20:38:54","date_gmt":"2023-03-09T19:38:54","guid":{"rendered":"https:\/\/www.moskito.cz\/?post_type=product&#038;p=242721"},"modified":"2025-05-07T10:47:22","modified_gmt":"2025-05-07T09:47:22","slug":"zaviraci-nuz-sog-aegis-at-rescue-red-indigo","status":"publish","type":"product","link":"https:\/\/www.moskito.cz\/fr\/produkt\/zaviraci-nuz-sog-aegis-at-rescue-red-indigo\/","title":{"rendered":"Zav\u00edrac\u00ed N\u016f\u017e SOG AEGIS AT RESCUE RED &#038; INDIGO"},"content":{"rendered":"<p>Zav\u00edrac\u00ed N\u016f\u017e <strong>SOG<\/strong> AEGIS AT RESCUE RED &amp; INDIGO<\/p>\n<p><strong>Kapesn\u00ed n\u016f\u017e Aegis AT<\/strong>, navr\u017een\u00fd pro venkovn\u00ed u\u017eivatele, nab\u00edz\u00ed rychl\u00e9 asistovan\u00e9 otev\u00edr\u00e1n\u00ed pomoc\u00ed inovativn\u00edho oboustrann\u00e9ho z\u00e1mku AT-XR od SOG s ergonomickou rukojet\u00ed a vzorem \u00fachopu pro pohodln\u00e9 pou\u017eit\u00ed. Aegis AT je snadno p\u0159enosn\u00fd zav\u00edrac\u00ed n\u016f\u017e s vysoce funk\u010dn\u00ed 3,1&Prime; kryogenicky tepeln\u011b zpracovanou ocelovou \u010depel\u00ed D2. Jeho v\u00fdkonn\u00fd uzamykac\u00ed mechanismus XR m\u00e1 tak\u00e9 pevnou vestav\u011bnou pojistku \u010depele a bezpe\u010dnostn\u00ed syst\u00e9m namontovan\u00fd na h\u0159betu. Dal\u0161\u00ed evoluce \u010depele legend\u00e1rn\u00ed otv\u00edrac\u00ed n\u016f\u017e Aegis.<\/p>\n<p><strong>AMBIDEXTRN\u00cd DESIGN<\/strong><br \/>\nOd z\u00e1mku AT-XR po bezpe\u010dnostn\u00ed mechanismus a dokonce i nastavitelnou sponu na opasek je Aegis AT navr\u017een tak, aby byl stejn\u011b pou\u017eiteln\u00fd v obou rukou. Intuitivn\u00ed a flexibiln\u00ed oboustrann\u00fd design zaji\u0161\u0165uje, \u017ee nikdy nez\u016fstanete nep\u0159ipraveni.<\/p>\n<p><strong>AT-XR Z\u00c1MEK<\/strong><br \/>\nPatentovan\u00e1 technologie Assisted Technology (AT) spole\u010dnosti SOG XR Lock poskytuje rychl\u00e9 otev\u0159en\u00ed jednou rukou a pevn\u00e9 uzam\u010den\u00ed po otev\u0159en\u00ed. Spolehliv\u00fd a v\u00fdkonn\u00fd, schopn\u00fd odolat s\u00edle 1500 liber, AT-XR Lock poskytuje maxim\u00e1ln\u00ed vestav\u011bn\u00e9 zabezpe\u010den\u00ed \u010depele p\u0159i otev\u0159en\u00ed a zaji\u0161\u0165uje, \u017ee se otev\u0159e pouze tehdy, kdy\u017e je zam\u00fd\u0161leno.<\/p>\n<p><strong>CRYO D2 OCELOV\u00c1 \u010cEPEL<\/strong><br \/>\nV\u0161estrann\u00e1 n\u00e1strojov\u00e1 ocel s vysok\u00fdm obsahem uhl\u00edku, kter\u00e1 je kryogenn\u011b tepeln\u011b zpracov\u00e1na podle jedine\u010dn\u00fdch v\u00fdkonnostn\u00edch specifikac\u00ed SOG. D2 poskytuje ide\u00e1ln\u00ed kombinaci zachov\u00e1n\u00ed hran a trvanlivosti pro dlouhodob\u00e9 pou\u017e\u00edv\u00e1n\u00ed se snadnou \u00fadr\u017ebou.<\/p>\n<p>OCEL: CYRO D2<br \/>\nBARVA: Rescue Red<br \/>\nTLOU\u0160\u0164KA \u010cEPELE: 3 mm<br \/>\nDRUH POJISTKY: XR Lock<br \/>\nMATERI\u00c1L RUKOJETI: GRN<br \/>\nD\u00c9LKA \u010cEPELE: 8 cm<br \/>\nHMOTNOST: 129 g<br \/>\nCELKOV\u00c1 VELIKOST: 21 cm<\/p>\n<p><iframe title=\"SOG Aegis AT\" width=\"800\" height=\"450\" src=\"https:\/\/www.youtube.com\/embed\/Kj2gi5WCUXQ?feature=oembed\" frameborder=\"0\" allow=\"accelerometer; autoplay; clipboard-write; encrypted-media; gyroscope; picture-in-picture; web-share\" allowfullscreen><\/iframe><\/p>\n<p>&nbsp;<\/p>\n<p>&nbsp;<\/p>\n","protected":false},"excerpt":{"rendered":"<p><strong>SOG Aegis AT s oboustrannou rychloup\u00ednac\u00ed pojistkou AT-XR Lock, \u010depel\u00ed z oceli CRYO D2, ergonomickou rukojet\u00ed a vzorem na rukojeti pro v\u011bt\u0161\u00ed pohodl\u00ed.<\/strong><\/p>\n","protected":false},"featured_media":242722,"comment_status":"open","ping_status":"closed","template":"","meta":[],"pwb-brand":[591],"product_brand":[],"product_cat":[22,17],"product_tag":[3667],"class_list":{"0":"post-242721","1":"product","2":"type-product","3":"status-publish","4":"has-post-thumbnail","6":"pwb-brand-sog","7":"product_cat-zaviraci-noze","8":"product_cat-noze","9":"product_tag-b2b","11":"first","12":"instock","13":"taxable","14":"shipping-taxable","15":"purchasable","16":"product-type-simple"},"brands":[{"id":591,"name":"SOG","slug":"sog"}],"_links":{"self":[{"href":"https:\/\/www.moskito.cz\/fr\/wp-json\/wp\/v2\/product\/242721","targetHints":{"allow":["GET"]}}],"collection":[{"href":"https:\/\/www.moskito.cz\/fr\/wp-json\/wp\/v2\/product"}],"about":[{"href":"https:\/\/www.moskito.cz\/fr\/wp-json\/wp\/v2\/types\/product"}],"replies":[{"embeddable":true,"href":"https:\/\/www.moskito.cz\/fr\/wp-json\/wp\/v2\/comments?post=242721"}],"wp:featuredmedia":[{"embeddable":true,"href":"https:\/\/www.moskito.cz\/fr\/wp-json\/wp\/v2\/media\/242722"}],"wp:attachment":[{"href":"https:\/\/www.moskito.cz\/fr\/wp-json\/wp\/v2\/media?parent=242721"}],"wp:term":[{"taxonomy":"pwb-brand","embeddable":true,"href":"https:\/\/www.moskito.cz\/fr\/wp-json\/wp\/v2\/pwb-brand?post=242721"},{"taxonomy":"product_brand","embeddable":true,"href":"https:\/\/www.moskito.cz\/fr\/wp-json\/wp\/v2\/product_brand?post=242721"},{"taxonomy":"product_cat","embeddable":true,"href":"https:\/\/www.moskito.cz\/fr\/wp-json\/wp\/v2\/product_cat?post=242721"},{"taxonomy":"product_tag","embeddable":true,"href":"https:\/\/www.moskito.cz\/fr\/wp-json\/wp\/v2\/product_tag?post=242721"}],"curies":[{"name":"wp","href":"https:\/\/api.w.org\/{rel}","templated":true}]}}