{"id":242769,"date":"2023-03-09T22:01:14","date_gmt":"2023-03-09T21:01:14","guid":{"rendered":"https:\/\/www.moskito.cz\/?post_type=product&#038;p=242769"},"modified":"2025-05-07T10:47:23","modified_gmt":"2025-05-07T09:47:23","slug":"zaviraci-nuz-sog-terminus-sj-lte-carbon-graphite","status":"publish","type":"product","link":"https:\/\/www.moskito.cz\/fr\/produkt\/zaviraci-nuz-sog-terminus-sj-lte-carbon-graphite\/","title":{"rendered":"Zav\u00edrac\u00ed N\u016f\u017e SOG TERMINUS SJ LTE CARBON GRAPHITE"},"content":{"rendered":"<p>Zav\u00edrac\u00ed N\u016f\u017e <strong>SOG<\/strong> TERMINUS SJ LTE CARBON GRAPHITE<\/p>\n<p><strong>Terminus SJ LTE<\/strong>, speci\u00e1ln\u011b navr\u017een\u00fd tak, aby byl leg\u00e1ln\u00ed po cel\u00e9m sv\u011bt\u011b, je tenk\u00fd a lehk\u00fd n\u016f\u017e pro ka\u017edodenn\u00ed no\u0161en\u00ed. Konstrukce kluzn\u00e9ho kloubu SOG nab\u00edz\u00ed snadn\u00e9 otev\u00edr\u00e1n\u00ed a zav\u00edr\u00e1n\u00ed, jeho vysoce kvalitn\u00ed \u010depel S35VN je dlouh\u00e1 t\u011bsn\u011b pod t\u0159i palce a rukoje\u0165 G10 vyztu\u017een\u00e1 uhl\u00edkov\u00fdmi vl\u00e1kny umo\u017e\u0148uje, aby se dostala na n\u011bco m\u00e1lo p\u0159es dv\u011b unce. Je to mezin\u00e1rodn\u00ed cestovatel v rodin\u011b Terminus spole\u010dnosti SOG.<\/p>\n<p><strong>Jednoduch\u00e9, siln\u00e9, ostr\u00e9.\u00a0<\/strong><br \/>\nTerminus SJ LTE je jedn\u00edm z t\u011bch no\u017e\u016f, kter\u00e9 snadno vklouznou do kapsy. S \u010depel\u00ed z oceli S35VN a karbonem vyztu\u017eenou rukojet\u00ed G10 je lehk\u00fd, pln\u011b oboustrann\u00fd a leg\u00e1ln\u00ed na no\u0161en\u00ed t\u00e9m\u011b\u0159 kdekoli.<\/p>\n<p><strong>SLIP SPOJ<\/strong><br \/>\nSpolehliv\u00fd, nezamykateln\u00fd a snadn\u00fd mechanismus otev\u00edr\u00e1n\u00ed a zav\u00edr\u00e1n\u00ed s n\u00e1dechem inovace SOG, jako je chr\u00e1ni\u010d prst\u016f, kter\u00fd minimalizuje n\u00e1hodn\u00e9 sev\u0159en\u00ed \u010depele na prstech.<\/p>\n<p><strong>S35VN OCEL<\/strong><br \/>\nOcel americk\u00e9 v\u00fdroby obsahuje karbidy vanadu a niobu, kter\u00e9 poskytuj\u00ed vysok\u00fd stupe\u0148 hou\u017eevnatosti a odolnosti proti opot\u0159eben\u00ed.<\/p>\n<p><strong>LEHK\u00dd A TENK\u00dd<\/strong><br \/>\nD\u00edky vyztu\u017een\u00ed rukojet\u00ed G10 uhl\u00edkov\u00fdmi vl\u00e1kny je lehk\u00fd a design LTE vytv\u00e1\u0159\u00ed nejten\u010d\u00ed Terminus, co\u017e jsou dv\u011b kritick\u00e9 funkce no\u017ee pro ka\u017edodenn\u00ed no\u0161en\u00ed.<\/p>\n<p>DRUH POJISTKY: Skl\u00e1dac\u00ed mechanismus<br \/>\nD\u00c9LKA \u010cEPELE: 7.4 cm<br \/>\nHMOTNOST: 65g<br \/>\nCELKOV\u00c1 VELIKOST: 18 cm<br \/>\nOCEL: S35VN<br \/>\nBARVA: graphite<br \/>\nTLOU\u0160\u0164KA \u010cEPELE: 2,8 mm<br \/>\nMATERI\u00c1L RUKOJETI: G10 w\/carbon fiber face<\/p>\n<p>&nbsp;<\/p>\n","protected":false},"excerpt":{"rendered":"<p><strong>Terminus SJ LTE, speci\u00e1ln\u011b navr\u017een\u00fd tak, aby byl leg\u00e1ln\u00ed t\u00e9m\u011b\u0159 po cel\u00e9m sv\u011bt\u011b. Je tenk\u00fd a lehk\u00fd, a je ur\u010den\u00fd pro ka\u017edodenn\u00ed no\u0161en\u00ed.<\/strong><\/p>\n","protected":false},"featured_media":242770,"comment_status":"open","ping_status":"closed","template":"","meta":[],"pwb-brand":[591],"product_brand":[],"product_cat":[22,17],"product_tag":[3667],"class_list":{"0":"post-242769","1":"product","2":"type-product","3":"status-publish","4":"has-post-thumbnail","6":"pwb-brand-sog","7":"product_cat-zaviraci-noze","8":"product_cat-noze","9":"product_tag-b2b","11":"first","12":"instock","13":"taxable","14":"shipping-taxable","15":"purchasable","16":"product-type-simple"},"brands":[{"id":591,"name":"SOG","slug":"sog"}],"_links":{"self":[{"href":"https:\/\/www.moskito.cz\/fr\/wp-json\/wp\/v2\/product\/242769","targetHints":{"allow":["GET"]}}],"collection":[{"href":"https:\/\/www.moskito.cz\/fr\/wp-json\/wp\/v2\/product"}],"about":[{"href":"https:\/\/www.moskito.cz\/fr\/wp-json\/wp\/v2\/types\/product"}],"replies":[{"embeddable":true,"href":"https:\/\/www.moskito.cz\/fr\/wp-json\/wp\/v2\/comments?post=242769"}],"wp:featuredmedia":[{"embeddable":true,"href":"https:\/\/www.moskito.cz\/fr\/wp-json\/wp\/v2\/media\/242770"}],"wp:attachment":[{"href":"https:\/\/www.moskito.cz\/fr\/wp-json\/wp\/v2\/media?parent=242769"}],"wp:term":[{"taxonomy":"pwb-brand","embeddable":true,"href":"https:\/\/www.moskito.cz\/fr\/wp-json\/wp\/v2\/pwb-brand?post=242769"},{"taxonomy":"product_brand","embeddable":true,"href":"https:\/\/www.moskito.cz\/fr\/wp-json\/wp\/v2\/product_brand?post=242769"},{"taxonomy":"product_cat","embeddable":true,"href":"https:\/\/www.moskito.cz\/fr\/wp-json\/wp\/v2\/product_cat?post=242769"},{"taxonomy":"product_tag","embeddable":true,"href":"https:\/\/www.moskito.cz\/fr\/wp-json\/wp\/v2\/product_tag?post=242769"}],"curies":[{"name":"wp","href":"https:\/\/api.w.org\/{rel}","templated":true}]}}