{"id":243312,"date":"2024-07-31T00:06:18","date_gmt":"2024-07-30T23:06:18","guid":{"rendered":"https:\/\/www.moskito.cz\/produkt\/zaviraci-nuz-weknife-gnar-917b-s35vn-black-stonewashed\/"},"modified":"2025-05-07T10:47:33","modified_gmt":"2025-05-07T09:47:33","slug":"zaviraci-nuz-weknife-gnar-917b-s35vn-black-stonewashed","status":"publish","type":"product","link":"https:\/\/www.moskito.cz\/fr\/produkt\/zaviraci-nuz-weknife-gnar-917b-s35vn-black-stonewashed\/","title":{"rendered":"zav\u00edrac\u00ed n\u016f\u017e WEKNIFE Gnar 917B, S35VN Black Stonewashed"},"content":{"rendered":"<p>zav\u00edrac\u00ed n\u016f\u017e  &#038; WEKNIFE Gnar 917B  &#038;  EDC knife &#038;\u00a0 CPM\u00a0S35VN<\/p>\n","protected":false},"excerpt":{"rendered":"<p>zav\u00edrac\u00ed n\u016f\u017e  &#038; WEKNIFE Gnar 917B  &#038;  EDC knife &#038;\u00a0 CPM\u00a0S35VN<\/p>\n","protected":false},"featured_media":243313,"comment_status":"closed","ping_status":"open","template":"","meta":[],"pwb-brand":[3076],"product_brand":[],"product_cat":[17,22],"product_tag":[],"class_list":{"0":"post-243312","1":"product","2":"type-product","3":"status-publish","4":"has-post-thumbnail","6":"pwb-brand-weknife","7":"product_cat-noze","8":"product_cat-zaviraci-noze","10":"first","11":"instock","12":"purchasable","13":"product-type-simple"},"brands":[{"id":3076,"name":"WEKNIFE","slug":"weknife"}],"_links":{"self":[{"href":"https:\/\/www.moskito.cz\/fr\/wp-json\/wp\/v2\/product\/243312","targetHints":{"allow":["GET"]}}],"collection":[{"href":"https:\/\/www.moskito.cz\/fr\/wp-json\/wp\/v2\/product"}],"about":[{"href":"https:\/\/www.moskito.cz\/fr\/wp-json\/wp\/v2\/types\/product"}],"replies":[{"embeddable":true,"href":"https:\/\/www.moskito.cz\/fr\/wp-json\/wp\/v2\/comments?post=243312"}],"wp:featuredmedia":[{"embeddable":true,"href":"https:\/\/www.moskito.cz\/fr\/wp-json\/wp\/v2\/media\/243313"}],"wp:attachment":[{"href":"https:\/\/www.moskito.cz\/fr\/wp-json\/wp\/v2\/media?parent=243312"}],"wp:term":[{"taxonomy":"pwb-brand","embeddable":true,"href":"https:\/\/www.moskito.cz\/fr\/wp-json\/wp\/v2\/pwb-brand?post=243312"},{"taxonomy":"product_brand","embeddable":true,"href":"https:\/\/www.moskito.cz\/fr\/wp-json\/wp\/v2\/product_brand?post=243312"},{"taxonomy":"product_cat","embeddable":true,"href":"https:\/\/www.moskito.cz\/fr\/wp-json\/wp\/v2\/product_cat?post=243312"},{"taxonomy":"product_tag","embeddable":true,"href":"https:\/\/www.moskito.cz\/fr\/wp-json\/wp\/v2\/product_tag?post=243312"}],"curies":[{"name":"wp","href":"https:\/\/api.w.org\/{rel}","templated":true}]}}