{"id":243965,"date":"2023-03-19T20:30:37","date_gmt":"2023-03-19T19:30:37","guid":{"rendered":"https:\/\/www.moskito.cz\/?post_type=product&#038;p=243965"},"modified":"2025-05-07T10:48:02","modified_gmt":"2025-05-07T09:48:02","slug":"zaviraci-nuz-sog-tellus-atk-olive-drab-blaze-orange","status":"publish","type":"product","link":"https:\/\/www.moskito.cz\/fr\/produkt\/zaviraci-nuz-sog-tellus-atk-olive-drab-blaze-orange\/","title":{"rendered":"Zav\u00edrac\u00ed N\u016f\u017e SOG TELLUS ATK OLIVE DRAB BLAZE ORANGE"},"content":{"rendered":"<p>Zav\u00edrac\u00ed N\u016f\u017e <strong>SOG<\/strong> TELLUS ATK OLIVE DRAB BLAZE ORANGE<\/p>\n<p>Zvl\u00e1dn\u011bte venkovn\u00ed \u00fakoly jednou volnou rukou d\u00edky mechanismu z\u00e1mku Tellus ATK asistovan\u00e9ho otev\u00edr\u00e1n\u00ed r\u00e1mu. Konstrukce z\u00e1mku s otev\u0159en\u00fdm r\u00e1mem byla navr\u017eena tak, aby zm\u00edrnila \u00fa\u010dinky ne\u010distot, bl\u00e1ta a jin\u00fdch ne\u010distot, kter\u00e9 mohou zan\u00e1\u0161et komplikovan\u011bj\u0161\u00ed syst\u00e9my, a \u010depel se uzamkne na robustn\u00edm kovov\u00e9m r\u00e1mu a simuluje s\u00edlu robustn\u00edho no\u017ee s pevnou \u010depel\u00ed. \u010cepel z nerezov\u00e9 oceli CYRO 440C s hlubok\u00fdm b\u0159ichem poskytuje tomuto outdoorov\u00e9mu pracantovi spoustu p\u00e1te\u0159e a z\u00e1rove\u0148 nab\u00edz\u00ed ostr\u00e9 a odoln\u00e9 ost\u0159\u00ed. Rukoje\u0165 GRN je odoln\u00e1 a texturovan\u00e1, aby poskytovala jist\u00fd a bezpe\u010dn\u00fd \u00fachop za mokra i za sucha, v rukavic\u00edch i bez nich.<\/p>\n<p>CRYO 440C OCEL<br \/>\nNerezov\u00e1 ocel CRYO 440C m\u00e1 dokonalou kombinaci vynikaj\u00edc\u00ed odolnosti proti korozi a opot\u0159eben\u00ed, kter\u00e1 je vy\u017eadov\u00e1na pro n\u016f\u017e, kter\u00fd je ur\u010den pro n\u00e1ro\u010dn\u00e9 venkovn\u00ed pou\u017eit\u00ed. Povrchov\u00e1 \u00faprava Stonewashed nab\u00edz\u00ed zv\u00fd\u0161enou odolnost proti korozi a skr\u00fdv\u00e1 \u0161kr\u00e1bance, aby v\u00e1\u0161 n\u016f\u017e st\u00e1le vypadal skv\u011ble.<\/p>\n<p>AMBIDEXTROUS GRN RUKOJE\u0164<br \/>\nNylon je obl\u00edben\u00fdm materi\u00e1lem pro rukojeti no\u017e\u016f pro svou pevnost, odolnost proti n\u00e1razu, chemickou inertnost a stabilitu p\u0159i vysok\u00fdch teplot\u00e1ch. V\u0161echny tyto vlastnosti jsou vylep\u0161eny p\u0159id\u00e1n\u00edm sklen\u011bn\u00fdch vl\u00e1ken k nylonu, aby vznikl nov\u00fd materi\u00e1l, sklolamin\u00e1tem vyztu\u017een\u00fd nylon (GRN). Nastaviteln\u00e1 spona na opasek je navr\u017eena tak, aby byla pou\u017eiteln\u00e1 v obou rukou.<\/p>\n<p>Z\u00c1MEK R\u00c1MU S ASISTOVAN\u00ddM OTEV\u00cdR\u00c1N\u00cdM<br \/>\nBleskov\u011b rychl\u00e9 ovl\u00e1d\u00e1n\u00ed jednou rukou nab\u00edz\u00ed rychl\u00e9 a bezpe\u010dn\u00e9 otev\u00edr\u00e1n\u00ed pomoc\u00ed palcov\u00e9ho kol\u00edku nebo otv\u00edr\u00e1ku. \u00da\u010deln\u011b navr\u017een\u00fd pro provoz v hl\u00edn\u011b, bl\u00e1t\u011b a bahn\u011b<\/p>\n<p>CELKOV\u00c1 D\u00c9LKA: 18.5 cm<br \/>\nD\u00c9LKA \u010cEPELE: 9 cm<br \/>\nZAMYKAC\u00cd MECHANISMUS: Z\u00e1mek asistovan\u00e9ho otev\u00edr\u00e1n\u00ed r\u00e1mu<br \/>\nOTEV\u00cdRAC\u00cd MECHANISMUS: Palec, Kick<br \/>\nTYP SPOJKY NA OPASEK: Reverzibiln\u00ed Low-Carry<br \/>\nDOKON\u010cIT: Stonewash<br \/>\nTYP HRANY: Rovn\u00fd<br \/>\nTYP OCELOV\u00c9 \u010cEPELE: CRYO 440C<br \/>\nMATERI\u00c1L RUKOJETI: GRN<br \/>\nTYP PRODUKTU: Skl\u00e1dac\u00ed n\u016f\u017e<br \/>\nBARVA RUKOJETI: Olive Drab<\/p>\n<p>&nbsp;<\/p>\n<p>&nbsp;<\/p>\n","protected":false},"excerpt":{"rendered":"<p><strong>Zav\u00edrac\u00ed n\u016f\u017e s klipem a pojistkou.<\/strong><\/p>\n","protected":false},"featured_media":243966,"comment_status":"open","ping_status":"closed","template":"","meta":[],"pwb-brand":[591],"product_brand":[],"product_cat":[22,17],"product_tag":[3667],"class_list":{"0":"post-243965","1":"product","2":"type-product","3":"status-publish","4":"has-post-thumbnail","6":"pwb-brand-sog","7":"product_cat-zaviraci-noze","8":"product_cat-noze","9":"product_tag-b2b","11":"first","12":"instock","13":"taxable","14":"shipping-taxable","15":"purchasable","16":"product-type-simple"},"brands":[{"id":591,"name":"SOG","slug":"sog"}],"_links":{"self":[{"href":"https:\/\/www.moskito.cz\/fr\/wp-json\/wp\/v2\/product\/243965","targetHints":{"allow":["GET"]}}],"collection":[{"href":"https:\/\/www.moskito.cz\/fr\/wp-json\/wp\/v2\/product"}],"about":[{"href":"https:\/\/www.moskito.cz\/fr\/wp-json\/wp\/v2\/types\/product"}],"replies":[{"embeddable":true,"href":"https:\/\/www.moskito.cz\/fr\/wp-json\/wp\/v2\/comments?post=243965"}],"wp:featuredmedia":[{"embeddable":true,"href":"https:\/\/www.moskito.cz\/fr\/wp-json\/wp\/v2\/media\/243966"}],"wp:attachment":[{"href":"https:\/\/www.moskito.cz\/fr\/wp-json\/wp\/v2\/media?parent=243965"}],"wp:term":[{"taxonomy":"pwb-brand","embeddable":true,"href":"https:\/\/www.moskito.cz\/fr\/wp-json\/wp\/v2\/pwb-brand?post=243965"},{"taxonomy":"product_brand","embeddable":true,"href":"https:\/\/www.moskito.cz\/fr\/wp-json\/wp\/v2\/product_brand?post=243965"},{"taxonomy":"product_cat","embeddable":true,"href":"https:\/\/www.moskito.cz\/fr\/wp-json\/wp\/v2\/product_cat?post=243965"},{"taxonomy":"product_tag","embeddable":true,"href":"https:\/\/www.moskito.cz\/fr\/wp-json\/wp\/v2\/product_tag?post=243965"}],"curies":[{"name":"wp","href":"https:\/\/api.w.org\/{rel}","templated":true}]}}