{"id":244899,"date":"2023-03-26T13:22:47","date_gmt":"2023-03-26T12:22:47","guid":{"rendered":"https:\/\/www.moskito.cz\/?post_type=product&#038;p=244899"},"modified":"2025-05-07T10:48:46","modified_gmt":"2025-05-07T09:48:46","slug":"zaviraci-nuz-cold-steel-large-voyager-stone-wash","status":"publish","type":"product","link":"https:\/\/www.moskito.cz\/fr\/produkt\/zaviraci-nuz-cold-steel-large-voyager-stone-wash\/","title":{"rendered":"Zav\u00edrac\u00ed N\u016f\u017e Cold Steel LARGE VOYAGER STONE WASH"},"content":{"rendered":"<p>Zav\u00edrac\u00ed N\u016f\u017e <strong>Cold Steel<\/strong> LARGE VOYAGER STONE WASH<\/p>\n<p>\u00ab\u00a0Existuje stra\u0161n\u00e1 spousta outdoorsman\u016f, kte\u0159\u00ed cht\u011bj\u00ed od sv\u00e9ho zav\u00edrac\u00edho no\u017ee jen dv\u011b v\u011bci, a to schopnost obl\u00e9kat se a hr\u00e1t na k\u016f\u017ei, a p\u0159itom b\u00fdt schopni vykon\u00e1vat t\u00e1borov\u00e9 pr\u00e1ce. Proto nyn\u00ed nab\u00edz\u00edme na\u0161i ikonickou s\u00e9rii Voyager s 4\u201d a 5 \u00bd\u201d dlouh\u00e9 tvary \u010depele se \u0161pi\u010dkou, proto\u017ee tento styl \u010depele se uk\u00e1zal jako vysoce univerz\u00e1ln\u00ed a je ide\u00e1ln\u00edm tvarem pro loveck\u00fd n\u016f\u017e. Jedna z v\u011bc\u00ed, kter\u00e9 se mi na na\u0161ich nov\u00fdch \u0161pi\u010dk\u00e1ch l\u00edb\u00ed p\u0159edev\u0161\u00edm, je jejich plynul\u00e9 ost\u0159\u00ed zak\u0159iven\u00e9 a nab\u00edzej\u00ed hodn\u011b b\u0159icha (zak\u0159iven\u00ed u \u0161pi\u010dky), d\u00edky \u010demu\u017e je snadn\u00e9 st\u00e1hnout k\u016f\u017ei t\u00e9m\u011b\u0159 jak\u00e9koli velikosti hry.<\/p>\n<p>Jedna z v\u011bc\u00ed, kter\u00e1 se mi na na\u0161ich nov\u00fdch Voyagerech obzvl\u00e1\u0161\u0165 l\u00edb\u00ed, je, \u017ee jejich hroty jsou dostate\u010dn\u011b ostr\u00e9 na p\u0159ilepen\u00ed (n\u011bkter\u00e9 hroty jsou p\u0159\u00edli\u0161 tup\u00e9) a jejich \u0159ezn\u00e9 hrany jsou plynule zak\u0159iven\u00e9 s velk\u00fdm b\u0159ichem bl\u00edzko hrotu. D\u00edky tomu jsou obzvl\u00e1\u0161t\u011b u\u017eite\u010dn\u00e9 p\u0159i stahov\u00e1n\u00ed k\u016f\u017ee z velk\u00fdch zv\u00ed\u0159at, kter\u00e1 ka\u017ed\u00fd rok skl\u00edz\u00edm, a jsem si jist, \u017ee je shled\u00e1te stejn\u011b u\u017eite\u010dn\u00fdmi, zvl\u00e1\u0161t\u011b za ty pen\u00edze.\u00a0\u00bb &#8211; Lynn Thompson<\/p>\n<p>Materi\u00e1l \u010depele: AUS-10A<br \/>\nMateri\u00e1l rukojeti: Griv-Ex<br \/>\nPojistka: Tri-Ad lock<br \/>\nD\u00e9lka \u010depele: 10.2 cm<br \/>\nCelkov\u00e1 d\u00e9lka: 23.5 cm<br \/>\nD\u00e9lka rukojeti: 13.3 cm<br \/>\nTlou\u0161\u0165ka \u010depele: 3.5 mm<br \/>\nHmotnost: 131 g<br \/>\nTyp \u010depele: Drop Point<br \/>\nVyu\u017eit\u00ed: Loveck\u00fd, Kempinkov\u00e9, Taktick\u00fd, Bushcraft, EDC &#8211; ka\u017edodenn\u00ed no\u0161en\u00ed<br \/>\nJednoru\u010dn\u00ed otv\u00edr\u00e1n\u00ed: ano<br \/>\nTyp no\u017ee: Zav\u00edrac\u00ed<br \/>\nTyp otev\u00edr\u00e1n\u00ed: Kol\u00edk na palec<br \/>\nSpona: ano<br \/>\nBarva: \u010cern\u00e1<\/p>\n","protected":false},"excerpt":{"rendered":"<p><strong>Zav\u00edrac\u00ed n\u016f\u017e s hladk\u00fdm ost\u0159\u00edm. Tvar \u010depele Drop Point se uk\u00e1zala jako velmi univerz\u00e1ln\u00ed a je ide\u00e1ln\u00ed p\u0159edev\u0161\u00edm pro loveck\u00e9 a outdoorov\u00e9 no\u017ee.<\/strong><\/p>\n","protected":false},"featured_media":244900,"comment_status":"open","ping_status":"closed","template":"","meta":[],"pwb-brand":[211],"product_brand":[],"product_cat":[22,17],"product_tag":[3667],"class_list":{"0":"post-244899","1":"product","2":"type-product","3":"status-publish","4":"has-post-thumbnail","6":"pwb-brand-cold-steel","7":"product_cat-zaviraci-noze","8":"product_cat-noze","9":"product_tag-b2b","11":"first","12":"instock","13":"taxable","14":"shipping-taxable","15":"purchasable","16":"product-type-simple"},"brands":[{"id":211,"name":"Cold Steel","slug":"cold-steel"}],"_links":{"self":[{"href":"https:\/\/www.moskito.cz\/fr\/wp-json\/wp\/v2\/product\/244899","targetHints":{"allow":["GET"]}}],"collection":[{"href":"https:\/\/www.moskito.cz\/fr\/wp-json\/wp\/v2\/product"}],"about":[{"href":"https:\/\/www.moskito.cz\/fr\/wp-json\/wp\/v2\/types\/product"}],"replies":[{"embeddable":true,"href":"https:\/\/www.moskito.cz\/fr\/wp-json\/wp\/v2\/comments?post=244899"}],"wp:featuredmedia":[{"embeddable":true,"href":"https:\/\/www.moskito.cz\/fr\/wp-json\/wp\/v2\/media\/244900"}],"wp:attachment":[{"href":"https:\/\/www.moskito.cz\/fr\/wp-json\/wp\/v2\/media?parent=244899"}],"wp:term":[{"taxonomy":"pwb-brand","embeddable":true,"href":"https:\/\/www.moskito.cz\/fr\/wp-json\/wp\/v2\/pwb-brand?post=244899"},{"taxonomy":"product_brand","embeddable":true,"href":"https:\/\/www.moskito.cz\/fr\/wp-json\/wp\/v2\/product_brand?post=244899"},{"taxonomy":"product_cat","embeddable":true,"href":"https:\/\/www.moskito.cz\/fr\/wp-json\/wp\/v2\/product_cat?post=244899"},{"taxonomy":"product_tag","embeddable":true,"href":"https:\/\/www.moskito.cz\/fr\/wp-json\/wp\/v2\/product_tag?post=244899"}],"curies":[{"name":"wp","href":"https:\/\/api.w.org\/{rel}","templated":true}]}}