{"id":244985,"date":"2023-03-28T19:10:09","date_gmt":"2023-03-28T18:10:09","guid":{"rendered":"https:\/\/www.moskito.cz\/?post_type=product&#038;p=244985"},"modified":"2025-05-07T10:48:51","modified_gmt":"2025-05-07T09:48:51","slug":"zaviraci-nuz-cold-steel-verdict-tanto-aus10a-fde","status":"publish","type":"product","link":"https:\/\/www.moskito.cz\/fr\/produkt\/zaviraci-nuz-cold-steel-verdict-tanto-aus10a-fde\/","title":{"rendered":"Zav\u00edrac\u00ed N\u016f\u017e Cold Steel VERDICT TANTO (AUS10A) FDE"},"content":{"rendered":"<p>Zav\u00edrac\u00ed N\u016f\u017e <strong>Cold Steel<\/strong> VERDICT TANTO (AUS10A) FDE<\/p>\n<p>Verdikt Tanto &#8211; FDE<\/p>\n<p>Je to sou\u010det \u010d\u00e1st\u00ed, d\u00edky nim\u017e se Verdikt snadno p\u0159en\u00e1\u0161\u00ed. N\u016f\u017e je vyroben z japonsk\u00e9 nerezov\u00e9 ocele AUS-10, kter\u00e1 je pevn\u00e1, snadno se ost\u0159\u00ed a mimo\u0159\u00e1dn\u011b dob\u0159e dr\u017e\u00ed ost\u0159\u00ed, a tak\u00e9 osv\u011bd\u010den\u00fd Tri-Ad\u00ae z\u00e1mek Cold Steel. Lehk\u00e1 rukoje\u0165 G10 je ergonomicky navr\u017eena pro maxim\u00e1ln\u00ed pohodl\u00ed. Se dv\u011bma tvary \u010depele (hrot kop\u00ed a tanto) a dv\u011bma barvami rukojeti je Verdict definitivn\u00ed prohl\u00e1\u0161en\u00ed EDC.<\/p>\n<p>S\u00e9rie Verdikt:<\/p>\n<p>Verdikt je rozhodnut\u00ed a \u0159ada zav\u00edrac\u00edch no\u017e\u016f Verdict od Cold Steel poskytuje u\u017eivatel\u016fm rozhoduj\u00edc\u00ed mo\u017enost ka\u017edodenn\u00edho no\u0161en\u00ed jako sk\u00e1lu. Verdict se vyzna\u010duje osv\u011bd\u010den\u00fdm a d\u016fv\u011bryhodn\u00fdm z\u00e1mkem Tri-Ad\u00ae a je dod\u00e1v\u00e1n se dv\u011bma ocelov\u00fdmi a dv\u011bma materi\u00e1ly rukojeti a \u0159adou tvar\u016f \u010depel\u00ed.<\/p>\n<p>Popis:<br \/>\nMateri\u00e1l \u010depele: AUS-10A<br \/>\nMateri\u00e1l rukojeti: G-10<br \/>\nPojistka: Tri-Ad lock<br \/>\nD\u00e9lka \u010depele: 7.9 cm<br \/>\nCelkov\u00e1 d\u00e9lka: 18.4 cm<br \/>\nD\u00e9lka slo\u017een\u00e9ho no\u017ee: 10.5 cm<br \/>\nTlou\u0161\u0165ka \u010depele: 2.9 mm<br \/>\nHmotnost: 77 g<br \/>\nTyp \u010depele: Tanto<\/p>\n<p><iframe title=\"COLD STEEL VERDICT LINE OF KNIVES\" width=\"800\" height=\"450\" src=\"https:\/\/www.youtube.com\/embed\/6vn_iWyLzhQ?feature=oembed\" frameborder=\"0\" allow=\"accelerometer; autoplay; clipboard-write; encrypted-media; gyroscope; picture-in-picture; web-share\" allowfullscreen><\/iframe><\/p>\n<p>&nbsp;<\/p>\n","protected":false},"excerpt":{"rendered":"<p><strong>Verdikt je \u201erozhodnut\u00ed\u201c! I Vy budete pevn\u011b rozhodnuti nosit nov\u00fd zav\u00edrac\u00ed n\u016f\u017e Verdict, a\u017e ho prvn\u011b vezmete do rukou.<\/strong><\/p>\n","protected":false},"featured_media":244986,"comment_status":"open","ping_status":"closed","template":"","meta":[],"pwb-brand":[211],"product_brand":[],"product_cat":[22,17],"product_tag":[3667],"class_list":{"0":"post-244985","1":"product","2":"type-product","3":"status-publish","4":"has-post-thumbnail","6":"pwb-brand-cold-steel","7":"product_cat-zaviraci-noze","8":"product_cat-noze","9":"product_tag-b2b","11":"first","12":"instock","13":"taxable","14":"shipping-taxable","15":"purchasable","16":"product-type-simple"},"brands":[{"id":211,"name":"Cold Steel","slug":"cold-steel"}],"_links":{"self":[{"href":"https:\/\/www.moskito.cz\/fr\/wp-json\/wp\/v2\/product\/244985","targetHints":{"allow":["GET"]}}],"collection":[{"href":"https:\/\/www.moskito.cz\/fr\/wp-json\/wp\/v2\/product"}],"about":[{"href":"https:\/\/www.moskito.cz\/fr\/wp-json\/wp\/v2\/types\/product"}],"replies":[{"embeddable":true,"href":"https:\/\/www.moskito.cz\/fr\/wp-json\/wp\/v2\/comments?post=244985"}],"wp:featuredmedia":[{"embeddable":true,"href":"https:\/\/www.moskito.cz\/fr\/wp-json\/wp\/v2\/media\/244986"}],"wp:attachment":[{"href":"https:\/\/www.moskito.cz\/fr\/wp-json\/wp\/v2\/media?parent=244985"}],"wp:term":[{"taxonomy":"pwb-brand","embeddable":true,"href":"https:\/\/www.moskito.cz\/fr\/wp-json\/wp\/v2\/pwb-brand?post=244985"},{"taxonomy":"product_brand","embeddable":true,"href":"https:\/\/www.moskito.cz\/fr\/wp-json\/wp\/v2\/product_brand?post=244985"},{"taxonomy":"product_cat","embeddable":true,"href":"https:\/\/www.moskito.cz\/fr\/wp-json\/wp\/v2\/product_cat?post=244985"},{"taxonomy":"product_tag","embeddable":true,"href":"https:\/\/www.moskito.cz\/fr\/wp-json\/wp\/v2\/product_tag?post=244985"}],"curies":[{"name":"wp","href":"https:\/\/api.w.org\/{rel}","templated":true}]}}