{"id":245010,"date":"2023-03-28T20:45:48","date_gmt":"2023-03-28T19:45:48","guid":{"rendered":"https:\/\/www.moskito.cz\/?post_type=product&#038;p=245010"},"modified":"2025-06-20T11:43:43","modified_gmt":"2025-06-20T10:43:43","slug":"zaviraci-nuz-cold-steel-verdict-spear-point-odg","status":"publish","type":"product","link":"https:\/\/www.moskito.cz\/fr\/produkt\/zaviraci-nuz-cold-steel-verdict-spear-point-odg\/","title":{"rendered":"Zav\u00edrac\u00ed N\u016f\u017e Cold Steel VERDICT SPEAR POINT ODG"},"content":{"rendered":"<p>Zav\u00edrac\u00ed N\u016f\u017e <strong>Cold Steel<\/strong> VERDICT SPEAR POINT ODG<\/p>\n<p>Verdikt Spear Point &#8211; ODG<\/p>\n<p>Verdict je lehk\u00fd, snadno se otev\u00edr\u00e1 a je vybaven bezpe\u010dn\u00fdm a bezpe\u010dn\u00fdm z\u00e1mkem Tri-Ad\u00ae od Cold Steel a je ide\u00e1ln\u00ed volbou pro ka\u017edodenn\u00ed no\u0161en\u00ed. 3palcov\u00e1 \u010depel z nerezov\u00e9 oceli 4116 z kamenn\u00e9 oceli snadno zabere a dr\u017e\u00ed ost\u0159\u00ed. S robustn\u00ed rukojet\u00ed GFN navr\u017eenou tak, aby udr\u017eela a\u017e roky tvrd\u00e9ho pou\u017e\u00edv\u00e1n\u00ed, k dispozici v kombinaci styl\u016f \u010depel\u00ed (bod klipu a hrotu kop\u00ed) a barev rukojeti.<\/p>\n<p>S\u00e9rie Verdikt:<\/p>\n<p>Verdikt je rozhodnut\u00ed a \u0159ada zav\u00edrac\u00edch no\u017e\u016f Verdict od Cold Steel poskytuje u\u017eivatel\u016fm rozhoduj\u00edc\u00ed mo\u017enost ka\u017edodenn\u00edho no\u0161en\u00ed jako sk\u00e1lu. Verdict se vyzna\u010duje osv\u011bd\u010den\u00fdm a d\u016fv\u011bryhodn\u00fdm z\u00e1mkem Tri-Ad\u00ae a je dod\u00e1v\u00e1n se dv\u011bma ocelov\u00fdmi a dv\u011bma materi\u00e1ly rukojeti a \u0159adou tvar\u016f \u010depel\u00ed.<\/p>\n<p>Popis:<br \/>\nMateri\u00e1l \u010depele: 4116<br \/>\nMateri\u00e1l rukojeti: GFN<br \/>\nPojistka: Tri-Ad lock<br \/>\nD\u00e9lka \u010depele: 7.6 cm<br \/>\nTyp \u010depele: Spear Point<br \/>\nVyu\u017eit\u00ed: EDC &#8211; ka\u017edodenn\u00ed no\u0161en\u00ed<br \/>\nJednoru\u010dn\u00ed otv\u00edr\u00e1n\u00ed: ano<br \/>\nTyp no\u017ee: Zav\u00edrac\u00ed<br \/>\nTyp otev\u00edr\u00e1n\u00ed: Kol\u00edk na palec<\/p>\n<p><iframe title=\"COLD STEEL VERDICT LINE OF KNIVES\" width=\"800\" height=\"450\" src=\"https:\/\/www.youtube.com\/embed\/6vn_iWyLzhQ?feature=oembed\" frameborder=\"0\" allow=\"accelerometer; autoplay; clipboard-write; encrypted-media; gyroscope; picture-in-picture; web-share\" allowfullscreen><\/iframe><\/p>\n<p>&nbsp;<\/p>\n<p>&nbsp;<\/p>\n","protected":false},"excerpt":{"rendered":"<p><strong>Verdikt je \u201erozhodnut\u00ed\u201c! I Vy budete pevn\u011b rozhodnuti nosit nov\u00fd zav\u00edrac\u00ed n\u016f\u017e Verdict, a\u017e ho prvn\u011b vezmete do rukou.<\/strong><\/p>\n","protected":false},"featured_media":245011,"comment_status":"open","ping_status":"closed","template":"","meta":[],"pwb-brand":[211],"product_brand":[],"product_cat":[22,17],"product_tag":[3667],"class_list":{"0":"post-245010","1":"product","2":"type-product","3":"status-publish","4":"has-post-thumbnail","6":"pwb-brand-cold-steel","7":"product_cat-zaviraci-noze","8":"product_cat-noze","9":"product_tag-b2b","11":"first","12":"instock","13":"taxable","14":"shipping-taxable","15":"purchasable","16":"product-type-simple"},"brands":[{"id":211,"name":"Cold Steel","slug":"cold-steel"}],"_links":{"self":[{"href":"https:\/\/www.moskito.cz\/fr\/wp-json\/wp\/v2\/product\/245010","targetHints":{"allow":["GET"]}}],"collection":[{"href":"https:\/\/www.moskito.cz\/fr\/wp-json\/wp\/v2\/product"}],"about":[{"href":"https:\/\/www.moskito.cz\/fr\/wp-json\/wp\/v2\/types\/product"}],"replies":[{"embeddable":true,"href":"https:\/\/www.moskito.cz\/fr\/wp-json\/wp\/v2\/comments?post=245010"}],"wp:featuredmedia":[{"embeddable":true,"href":"https:\/\/www.moskito.cz\/fr\/wp-json\/wp\/v2\/media\/245011"}],"wp:attachment":[{"href":"https:\/\/www.moskito.cz\/fr\/wp-json\/wp\/v2\/media?parent=245010"}],"wp:term":[{"taxonomy":"pwb-brand","embeddable":true,"href":"https:\/\/www.moskito.cz\/fr\/wp-json\/wp\/v2\/pwb-brand?post=245010"},{"taxonomy":"product_brand","embeddable":true,"href":"https:\/\/www.moskito.cz\/fr\/wp-json\/wp\/v2\/product_brand?post=245010"},{"taxonomy":"product_cat","embeddable":true,"href":"https:\/\/www.moskito.cz\/fr\/wp-json\/wp\/v2\/product_cat?post=245010"},{"taxonomy":"product_tag","embeddable":true,"href":"https:\/\/www.moskito.cz\/fr\/wp-json\/wp\/v2\/product_tag?post=245010"}],"curies":[{"name":"wp","href":"https:\/\/api.w.org\/{rel}","templated":true}]}}