{"id":245023,"date":"2023-03-29T08:50:16","date_gmt":"2023-03-29T07:50:16","guid":{"rendered":"https:\/\/www.moskito.cz\/?post_type=product&#038;p=245023"},"modified":"2025-05-07T10:48:53","modified_gmt":"2025-05-07T09:48:53","slug":"kresadlo-ohne-s-kompasem-boker-plus","status":"publish","type":"product","link":"https:\/\/www.moskito.cz\/fr\/produkt\/kresadlo-ohne-s-kompasem-boker-plus\/","title":{"rendered":"K\u0159esadlo ohn\u011b s kompasem B\u00f6ker Plus"},"content":{"rendered":"<p>K\u0159esadlo ohn\u011b s kompasem <strong>B\u00f6ker Plus<\/strong><\/p>\n<p>Nepostradateln\u00fd n\u00e1stroj v nouzov\u00fdch situac\u00edch, ho\u0159\u010d\u00edkov\u00e9 k\u0159esadlo. T\u0159\u00edsky, kter\u00e9 lze vyrobit p\u0159ilo\u017een\u00fdm \u0161krab\u00e1kem, pom\u00e1haj\u00ed velice rychle zap\u00e1lit t\u00e1borov\u00fd ohe\u0148 nebo nouzovou pochode\u0148. Robustn\u00ed konstrukce v hlin\u00edkov\u00e9m t\u011ble se z\u00e1vitem a protiskluzovou \u00fapravou. Kompas je integrovan\u00fd do pouzdra.<\/p>\n<p>Popis produktu:<\/p>\n<p>Celkov\u00e1 d\u00e9lka: 12 cm<br \/>\nHmotnost:100 g<br \/>\nBarva: \u010dern\u00e1<\/p>\n<p>&nbsp;<\/p>\n","protected":false},"excerpt":{"rendered":"<p><strong>Nepostradateln\u00fd n\u00e1stroj v nouzov\u00fdch situac\u00edch, ho\u0159\u010d\u00edkov\u00e9 k\u0159esadlo.<\/strong><\/p>\n","protected":false},"featured_media":245024,"comment_status":"open","ping_status":"closed","template":"","meta":[],"pwb-brand":[140],"product_brand":[],"product_cat":[22,17],"product_tag":[3667],"class_list":{"0":"post-245023","1":"product","2":"type-product","3":"status-publish","4":"has-post-thumbnail","6":"pwb-brand-boker","7":"product_cat-zaviraci-noze","8":"product_cat-noze","9":"product_tag-b2b","11":"first","12":"outofstock","13":"taxable","14":"shipping-taxable","15":"purchasable","16":"product-type-simple"},"brands":[{"id":140,"name":"Boker","slug":"boker"}],"_links":{"self":[{"href":"https:\/\/www.moskito.cz\/fr\/wp-json\/wp\/v2\/product\/245023","targetHints":{"allow":["GET"]}}],"collection":[{"href":"https:\/\/www.moskito.cz\/fr\/wp-json\/wp\/v2\/product"}],"about":[{"href":"https:\/\/www.moskito.cz\/fr\/wp-json\/wp\/v2\/types\/product"}],"replies":[{"embeddable":true,"href":"https:\/\/www.moskito.cz\/fr\/wp-json\/wp\/v2\/comments?post=245023"}],"wp:featuredmedia":[{"embeddable":true,"href":"https:\/\/www.moskito.cz\/fr\/wp-json\/wp\/v2\/media\/245024"}],"wp:attachment":[{"href":"https:\/\/www.moskito.cz\/fr\/wp-json\/wp\/v2\/media?parent=245023"}],"wp:term":[{"taxonomy":"pwb-brand","embeddable":true,"href":"https:\/\/www.moskito.cz\/fr\/wp-json\/wp\/v2\/pwb-brand?post=245023"},{"taxonomy":"product_brand","embeddable":true,"href":"https:\/\/www.moskito.cz\/fr\/wp-json\/wp\/v2\/product_brand?post=245023"},{"taxonomy":"product_cat","embeddable":true,"href":"https:\/\/www.moskito.cz\/fr\/wp-json\/wp\/v2\/product_cat?post=245023"},{"taxonomy":"product_tag","embeddable":true,"href":"https:\/\/www.moskito.cz\/fr\/wp-json\/wp\/v2\/product_tag?post=245023"}],"curies":[{"name":"wp","href":"https:\/\/api.w.org\/{rel}","templated":true}]}}