{"id":245344,"date":"2023-04-03T13:36:46","date_gmt":"2023-04-03T12:36:46","guid":{"rendered":"https:\/\/www.moskito.cz\/?post_type=product&#038;p=245344"},"modified":"2025-07-16T12:16:56","modified_gmt":"2025-07-16T11:16:56","slug":"sekera-cold-steel-riflemans-hawk","status":"publish","type":"product","link":"https:\/\/www.moskito.cz\/fr\/produkt\/sekera-cold-steel-riflemans-hawk\/","title":{"rendered":"Sekera Cold Steel RIFLEMAN&rsquo;S HAWK"},"content":{"rendered":"<p>Sekera <strong>Cold Steel<\/strong> RIFLEMAN&rsquo;S HAWK<\/p>\n<p>Rifleman&rsquo;s Hawk m\u00e1 funk\u010dn\u00ed \u0161estihrann\u00e9 kladivo ur\u010den\u00e9 pro n\u00e1ro\u010dnou pr\u00e1ci, jako je zatlouk\u00e1n\u00ed h\u0159eb\u00edk\u016f nebo k\u016fl\u016f. Riflemans Hawk, p\u0159ipom\u00ednaj\u00edc\u00ed n\u011bkter\u00e9 ran\u00e9 americk\u00e9 n\u00e1vrhy, m\u00e1 vzhled d\u00fdmky m\u00edru, kter\u00fd b\u011b\u017en\u011b pou\u017e\u00edvali domorod\u00ed Ameri\u010dan\u00e9 v minul\u00e9m stolet\u00ed. Co se t\u00fd\u010de z\u00e1bavy a sportu, tento jest\u0159\u00e1b h\u00e1z\u00ed a dr\u017e\u00ed velmi dob\u0159e. Pokud chcete n\u011bco, co zas\u00e1hne sv\u016fj c\u00edl jako p\u0159\u00edslove\u010dn\u00e1 tuna cihel, pak je pro v\u00e1s jest\u0159\u00e1b st\u0159elc\u016f to prav\u00e9!<\/p>\n<p>Popis:<\/p>\n<p>Materi\u00e1l rukojeti: D\u0159evo<br \/>\nMateri\u00e1l \u010depele: 1055<br \/>\nTyp sekery: vrhac\u00ed sekera<br \/>\nHmotnost: 1300 g<br \/>\nCelkov\u00e1 d\u00e9lka: 55.9 cm<br \/>\nD\u00e9lka hlavy sekery: 7.6 cm<\/p>\n<p>&nbsp;<\/p>\n<p>&nbsp;<\/p>\n","protected":false},"excerpt":{"rendered":"<p><strong>Tomahawk Rifleman&rsquo;s Hawk je v\u00fdborn\u00fd pomocn\u00edk jak v pr\u00e1ci p\u0159i t\u00e1bo\u0159en\u00ed, tak se z n\u011bj m\u016f\u017ee st\u00e1t d\u011bsiv\u00e1 zbra\u0148.<\/strong><\/p>\n","protected":false},"featured_media":245349,"comment_status":"open","ping_status":"closed","template":"","meta":[],"pwb-brand":[211],"product_brand":[],"product_cat":[32],"product_tag":[3667],"class_list":{"0":"post-245344","1":"product","2":"type-product","3":"status-publish","4":"has-post-thumbnail","6":"pwb-brand-cold-steel","7":"product_cat-sekery","8":"product_tag-b2b","10":"first","11":"outofstock","12":"taxable","13":"shipping-taxable","14":"purchasable","15":"product-type-simple"},"brands":[{"id":211,"name":"Cold Steel","slug":"cold-steel"}],"_links":{"self":[{"href":"https:\/\/www.moskito.cz\/fr\/wp-json\/wp\/v2\/product\/245344","targetHints":{"allow":["GET"]}}],"collection":[{"href":"https:\/\/www.moskito.cz\/fr\/wp-json\/wp\/v2\/product"}],"about":[{"href":"https:\/\/www.moskito.cz\/fr\/wp-json\/wp\/v2\/types\/product"}],"replies":[{"embeddable":true,"href":"https:\/\/www.moskito.cz\/fr\/wp-json\/wp\/v2\/comments?post=245344"}],"wp:featuredmedia":[{"embeddable":true,"href":"https:\/\/www.moskito.cz\/fr\/wp-json\/wp\/v2\/media\/245349"}],"wp:attachment":[{"href":"https:\/\/www.moskito.cz\/fr\/wp-json\/wp\/v2\/media?parent=245344"}],"wp:term":[{"taxonomy":"pwb-brand","embeddable":true,"href":"https:\/\/www.moskito.cz\/fr\/wp-json\/wp\/v2\/pwb-brand?post=245344"},{"taxonomy":"product_brand","embeddable":true,"href":"https:\/\/www.moskito.cz\/fr\/wp-json\/wp\/v2\/product_brand?post=245344"},{"taxonomy":"product_cat","embeddable":true,"href":"https:\/\/www.moskito.cz\/fr\/wp-json\/wp\/v2\/product_cat?post=245344"},{"taxonomy":"product_tag","embeddable":true,"href":"https:\/\/www.moskito.cz\/fr\/wp-json\/wp\/v2\/product_tag?post=245344"}],"curies":[{"name":"wp","href":"https:\/\/api.w.org\/{rel}","templated":true}]}}