{"id":245354,"date":"2023-04-03T14:39:31","date_gmt":"2023-04-03T13:39:31","guid":{"rendered":"https:\/\/www.moskito.cz\/?post_type=product&#038;p=245354"},"modified":"2025-05-07T10:49:11","modified_gmt":"2025-05-07T09:49:11","slug":"sekera-cold-steel-hudson-bay-tomahawk","status":"publish","type":"product","link":"https:\/\/www.moskito.cz\/fr\/produkt\/sekera-cold-steel-hudson-bay-tomahawk\/","title":{"rendered":"Sekera Cold Steel HUDSON BAY TOMAHAWK"},"content":{"rendered":"<p>Sekera Cold Steel HUDSON BAY TOMAHAWK<\/p>\n<p>T\u00e9m\u011b\u0159 ka\u017ed\u00fd tomahawk, kter\u00fd si dnes m\u016f\u017eete na trhu koupit, m\u00e1 ko\u0159eny v Hudson Bay Axe pou\u017e\u00edvan\u00e9 po stalet\u00ed v rozlehl\u00fdch les\u00edch a ba\u017ein\u00e1ch severov\u00fdchodn\u00ed Kanady. Hudson Bay Axe, zn\u00e1m\u00e1 svou v\u0161estrannost\u00ed a \u00fa\u010dinnost\u00ed, se stala nepostradatelnou pro ka\u017ed\u00e9ho, kdo se sna\u017e\u00ed vyrvat \u017eivobyt\u00ed z divo\u010diny. I my jsme velk\u00fdmi obdivovateli tohoto slavn\u00e9ho vzoru sekery, a tak jsme se rozhodli (stejn\u011b jako mnoz\u00ed p\u0159ed n\u00e1mi) p\u0159eform\u00e1tovat jej do form\u00e1tu tomahawk. Z\u00e1pustkov\u011b vykovan\u00fd z uhl\u00edkov\u00e9 oceli 1050, stejn\u011b jako v\u0161echny na\u0161e jest\u0159\u00e1by, nab\u00edz\u00ed 3 \u00bd dlouhou \u0159eznou hranu klasick\u00e9ho tvaru a tak\u00e9 zna\u010dnou \u0161pi\u010dku, kterou lze pou\u017e\u00edt k bu\u0161en\u00ed, drcen\u00ed a kladivem. M\u016f\u017eete s n\u00edm dokonce zatloukat h\u0159eb\u00edky a hroty, proto\u017ee je stejn\u011b jako \u010depel diferenci\u00e1ln\u011b tvrzen\u00e1. Dod\u00e1v\u00e1no s tvrdou rukojet\u00ed American Hickory s rovn\u00fdm zrnem, je p\u0159ipraveno na \u017eivot v lese a v nouzi tak\u00e9 poslou\u017e\u00ed jako d\u011bsiv\u011b \u00fa\u010dinn\u00e1 zbra\u0148.<\/p>\n<p>Popis:<\/p>\n<p>Celkov\u00e1 velikost: 55.9 cm<br \/>\nBarva: ocelov\u011b \u0161ed\u00e1\/d\u0159evo<br \/>\nHmotnost: 697 g<br \/>\nOcel: 1055 Carbon<br \/>\nD\u00e9lka rukojeti: 559 mm<br \/>\nMateri\u00e1l rukojeti: americk\u00fd b\u00edl\u00fd o\u0159ech<\/p>\n","protected":false},"excerpt":{"rendered":"<p><strong>Tomahawk Hudson Bay je v\u00fdborn\u00fd pomocn\u00edk jak v pr\u00e1ci p\u0159i t\u00e1bo\u0159en\u00ed, tak se z n\u011bj m\u016f\u017ee st\u00e1t d\u011bsiv\u00e1 zbra\u0148.<\/strong><\/p>\n","protected":false},"featured_media":245355,"comment_status":"open","ping_status":"closed","template":"","meta":[],"pwb-brand":[211],"product_brand":[],"product_cat":[32],"product_tag":[3667],"class_list":{"0":"post-245354","1":"product","2":"type-product","3":"status-publish","4":"has-post-thumbnail","6":"pwb-brand-cold-steel","7":"product_cat-sekery","8":"product_tag-b2b","10":"first","11":"instock","12":"taxable","13":"shipping-taxable","14":"purchasable","15":"product-type-simple"},"brands":[{"id":211,"name":"Cold Steel","slug":"cold-steel"}],"_links":{"self":[{"href":"https:\/\/www.moskito.cz\/fr\/wp-json\/wp\/v2\/product\/245354","targetHints":{"allow":["GET"]}}],"collection":[{"href":"https:\/\/www.moskito.cz\/fr\/wp-json\/wp\/v2\/product"}],"about":[{"href":"https:\/\/www.moskito.cz\/fr\/wp-json\/wp\/v2\/types\/product"}],"replies":[{"embeddable":true,"href":"https:\/\/www.moskito.cz\/fr\/wp-json\/wp\/v2\/comments?post=245354"}],"wp:featuredmedia":[{"embeddable":true,"href":"https:\/\/www.moskito.cz\/fr\/wp-json\/wp\/v2\/media\/245355"}],"wp:attachment":[{"href":"https:\/\/www.moskito.cz\/fr\/wp-json\/wp\/v2\/media?parent=245354"}],"wp:term":[{"taxonomy":"pwb-brand","embeddable":true,"href":"https:\/\/www.moskito.cz\/fr\/wp-json\/wp\/v2\/pwb-brand?post=245354"},{"taxonomy":"product_brand","embeddable":true,"href":"https:\/\/www.moskito.cz\/fr\/wp-json\/wp\/v2\/product_brand?post=245354"},{"taxonomy":"product_cat","embeddable":true,"href":"https:\/\/www.moskito.cz\/fr\/wp-json\/wp\/v2\/product_cat?post=245354"},{"taxonomy":"product_tag","embeddable":true,"href":"https:\/\/www.moskito.cz\/fr\/wp-json\/wp\/v2\/product_tag?post=245354"}],"curies":[{"name":"wp","href":"https:\/\/api.w.org\/{rel}","templated":true}]}}