{"id":245796,"date":"2023-04-11T22:09:30","date_gmt":"2023-04-11T21:09:30","guid":{"rendered":"https:\/\/www.moskito.cz\/?post_type=product&#038;p=245796"},"modified":"2025-05-07T10:49:24","modified_gmt":"2025-05-07T09:49:24","slug":"vystrelovaci-nuz-microtech-signature-series-ultratech-tactical-122-3dlcts","status":"publish","type":"product","link":"https:\/\/www.moskito.cz\/fr\/produkt\/vystrelovaci-nuz-microtech-signature-series-ultratech-tactical-122-3dlcts\/","title":{"rendered":"Vyst\u0159elovac\u00ed N\u016f\u017e Microtech Signature Series Ultratech Tactical 122-3DLCTS"},"content":{"rendered":"<p>Vyst\u0159elovac\u00ed N\u016f\u017e <strong>Microtech<\/strong> Signature Series Ultratech Tactical 122-3DLCTS<\/p>\n<p><strong>Ultratech<\/strong> nav\u017edy nastav\u00ed standard pro v\u0161echny p\u0159edn\u00ed no\u017ee. Ultratech je origin\u00e1ln\u00ed dvou\u010dinn\u00fd p\u0159edn\u00ed n\u016f\u017e Microtech a byl z\u00e1kladem cel\u00e9 jejich \u0159ady OTF. V pr\u016fb\u011bhu let pro\u0161el n\u011bkolika \u00fapravami, poka\u017ed\u00e9 se stal \u00fa\u010dinn\u011bj\u0161\u00edm a spolehliv\u011bj\u0161\u00edm. Tato verze m\u00e1 vylep\u0161enou tvarovanou rukoje\u0165 s texturovan\u00fdm posuvn\u00fdm palcem pro pozitivn\u011bj\u0161\u00ed n\u00e1kup. Pru\u017eina Ultratechu z\u016fst\u00e1v\u00e1 v \u201eklidov\u00e9\u201c poloze po celou dobu, s v\u00fdjimkou rozta\u017een\u00ed. T\u00edm je zaji\u0161t\u011bno, \u017ee se stla\u010den\u00e1 pru\u017eina neunav\u00ed, co\u017e u\u017eivatel\u016fm zaji\u0161\u0165uje, \u017ee kdy\u017e je n\u016f\u017e vyst\u0159elen, bude fungovat efektivn\u011b. Ultratech m\u016f\u017ee m\u00edt mnoho r\u016fzn\u00fdch podob; m\u016f\u017ee b\u00fdt zakon\u010dena standardn\u00ed opracovanou hlin\u00edkovou deskou nebo kouskem uhl\u00edkov\u00fdch vl\u00e1ken. N\u00edzk\u00e1 hmotnost Ultratech, otev\u00edr\u00e1n\u00ed a zav\u00edr\u00e1n\u00ed jednou rukou, \u0161t\u00edhl\u00fd tvar a ostr\u00e1 \u010depel na skalpel z n\u011bj d\u011blaj\u00ed jedine\u010dn\u00fd n\u016f\u017e, kter\u00fd je dostupn\u00fd pouze u Microtech. Tento n\u016f\u017e znovu a znovu prok\u00e1zal, \u017ee odol\u00e1 jak\u00e9koli p\u0159ek\u00e1\u017ece. Teprve \u010das uk\u00e1\u017ee, jak\u00fd bude dal\u0161\u00ed krok pro \u0159adu Ultratech.<\/p>\n<p>Specifikace<br \/>\nAutomatick\u00e9 otev\u00edr\u00e1n\u00ed\/zav\u00edr\u00e1n\u00ed &#8211; p\u0159edn\u00ed otv\u00edr\u00e1k<br \/>\nAkce: Dvoj\u00ed akce &#8211; Automatick\u00fd v\u00fdst\u0159el\/zata\u017een\u00ed<br \/>\nOcel: M390<br \/>\nD\u00e9lka \u010depele: 8.6 cm<br \/>\nStyl \u010depele: \u010cern\u00e1 DLC Double Edge Dagger, hladk\u00e1\/zoubkovan\u00e1<br \/>\nTlou\u0161\u0165ka rukojeti: 1.6 cm<br \/>\nMateri\u00e1l rukojeti: 6061-T6 s \u010dernou eloxovanou tvrdou vrstvou Mil-Spec<br \/>\nD\u00e9lka v zav\u0159en\u00e9m stavu: 12.1 cm<br \/>\nD\u00e9lka v otev\u0159en\u00e9m stavu: 22 cm<br \/>\nMateri\u00e1l kapesn\u00ed spony: 301 Stainless Full Hard<br \/>\nStandardn\u00ed horn\u00ed: 6061-T6 AL slitina<br \/>\nSpou\u0161\u0165: 303 Nerez<br \/>\nRozb\u00edje\u010d oken<br \/>\nVyrobeno v USA<\/p>\n","protected":false},"excerpt":{"rendered":"<p>V pr\u016fb\u011bhu let\u00a0<strong>Microtech\u00ae<\/strong> Knives naplnil v\u00e1\u0161n\u00ed a dovednost\u00ed v\u00fdrobu no\u017e\u016f, a\u017e z nich vytvo\u0159il t\u00e9m\u011b\u0159 um\u011bleck\u00e1 d\u00edla,kter\u00e9 jsou vrcholem funk\u010dnosti.V\u0161echny d\u00edly jsou vyrobeny v USA.<br \/>\n<strong>Na v\u0161echny no\u017ee Microtech je do\u017eivotn\u00ed z\u00e1ruka.<\/strong><\/p>\n<p><strong>Doprava zdarma.<\/strong><\/p>\n","protected":false},"featured_media":245797,"comment_status":"open","ping_status":"closed","template":"","meta":[],"pwb-brand":[431],"product_brand":[],"product_cat":[2019,17],"product_tag":[3667],"class_list":{"0":"post-245796","1":"product","2":"type-product","3":"status-publish","4":"has-post-thumbnail","6":"pwb-brand-microtech","7":"product_cat-vystrelovaci-noze","8":"product_cat-noze","9":"product_tag-b2b","11":"first","12":"outofstock","13":"taxable","14":"shipping-taxable","15":"purchasable","16":"product-type-simple"},"brands":[{"id":431,"name":"Microtech","slug":"microtech"}],"_links":{"self":[{"href":"https:\/\/www.moskito.cz\/fr\/wp-json\/wp\/v2\/product\/245796","targetHints":{"allow":["GET"]}}],"collection":[{"href":"https:\/\/www.moskito.cz\/fr\/wp-json\/wp\/v2\/product"}],"about":[{"href":"https:\/\/www.moskito.cz\/fr\/wp-json\/wp\/v2\/types\/product"}],"replies":[{"embeddable":true,"href":"https:\/\/www.moskito.cz\/fr\/wp-json\/wp\/v2\/comments?post=245796"}],"wp:featuredmedia":[{"embeddable":true,"href":"https:\/\/www.moskito.cz\/fr\/wp-json\/wp\/v2\/media\/245797"}],"wp:attachment":[{"href":"https:\/\/www.moskito.cz\/fr\/wp-json\/wp\/v2\/media?parent=245796"}],"wp:term":[{"taxonomy":"pwb-brand","embeddable":true,"href":"https:\/\/www.moskito.cz\/fr\/wp-json\/wp\/v2\/pwb-brand?post=245796"},{"taxonomy":"product_brand","embeddable":true,"href":"https:\/\/www.moskito.cz\/fr\/wp-json\/wp\/v2\/product_brand?post=245796"},{"taxonomy":"product_cat","embeddable":true,"href":"https:\/\/www.moskito.cz\/fr\/wp-json\/wp\/v2\/product_cat?post=245796"},{"taxonomy":"product_tag","embeddable":true,"href":"https:\/\/www.moskito.cz\/fr\/wp-json\/wp\/v2\/product_tag?post=245796"}],"curies":[{"name":"wp","href":"https:\/\/api.w.org\/{rel}","templated":true}]}}