{"id":246513,"date":"2023-04-20T18:09:43","date_gmt":"2023-04-20T17:09:43","guid":{"rendered":"https:\/\/www.moskito.cz\/?post_type=product&#038;p=246513"},"modified":"2025-05-07T10:49:44","modified_gmt":"2025-05-07T09:49:44","slug":"zaviraci-nuz-rike-knife-thor7-limited-edition","status":"publish","type":"product","link":"https:\/\/www.moskito.cz\/fr\/produkt\/zaviraci-nuz-rike-knife-thor7-limited-edition\/","title":{"rendered":"Zav\u00edrac\u00ed N\u016f\u017e Rike Knife Thor7 Limited Edition"},"content":{"rendered":"<p>Zav\u00edrac\u00ed N\u016f\u017e <strong>Rike Knife<\/strong> Thor7 Limited Edition<\/p>\n<p><strong>Rikeknife<\/strong> je origin\u00e1ln\u00ed zna\u010dka navr\u017een\u00e1 na\u0161\u00edm zakladatelem Richardem Wu. Je dlouholet\u00fdm nad\u0161encem do no\u017e\u016f, m\u00e1 zku\u0161enosti s mechanick\u00fdm designem a v\u00fdrobou, neust\u00e1le usiluje o dokonalost a detailn\u00ed dokonalost ve v\u0161ech designech no\u017e\u016f vyr\u00e1b\u011bn\u00fdch Rikeknife.<\/p>\n<p>N\u00e1zev zna\u010dky byl odvozen od prvn\u00edch dvou p\u00edsmen jeho jm\u00e9na, pot\u00e9 se zm\u011bnil a pojmenoval <strong>Rike<\/strong>. <strong>Rikeknife<\/strong> je nov\u011b vznikaj\u00edc\u00ed origin\u00e1ln\u00ed zna\u010dka no\u017e\u016f, kter\u00e1 je p\u0159edstavitelem vysoce kvalitn\u00ed \u010d\u00ednsk\u00e9 v\u00fdroby.<\/p>\n<p>Na\u0161e zna\u010dka je zalo\u017eena v origin\u00e1ln\u00edm designu, pro kter\u00fd m\u00e1me profesion\u00e1ln\u00ed design\u00e9rsk\u00fd t\u00fdm a vlastn\u00ed nez\u00e1vislou tov\u00e1rnu. Trouf\u00e1me si st\u00e1t se inov\u00e1tory a zpochybnit tradi\u010dn\u00ed postupy tradi\u010dn\u00edch i modern\u00edch zna\u010dek no\u017e\u016f. V\u017edy se budeme sna\u017eit pou\u017e\u00edvat ty nejlep\u0161\u00ed materi\u00e1ly k v\u00fdrob\u011b no\u017e\u016f vynikaj\u00edc\u00ed kvality pro z\u00e1kazn\u00edky po cel\u00e9m sv\u011bt\u011b.<\/p>\n<p>Model: <strong>limitovan\u00e1 edice Thor7<\/strong><br \/>\nCelkov\u00e1 d\u00e9lka: 21 cm<br \/>\nD\u00e9lka \u010depele: 9 cm<br \/>\nMateri\u00e1l \u010depele: Damasteel<br \/>\nTlou\u0161\u0165ka \u010depele: 0.33 cm<br \/>\nMateri\u00e1l rukojeti: Integr\u00e1ln\u00ed titan + uhl\u00edkov\u00e9 vl\u00e1kno<br \/>\nMateri\u00e1l klipu: 6AL4V titan<br \/>\nHmotnost: 90 g<br \/>\nOtv\u00edr\u00e1k: Flipper Lock<br \/>\nTyp z\u00e1mku: Liner Lock<br \/>\nBarva: \u010dern\u00e1 uhl\u00edkov\u00e1 vl\u00e1kna<\/p>\n<p><strong>Cena je za jeden kus.<\/strong><\/p>\n","protected":false},"excerpt":{"rendered":"<p><strong>Rikeknife<\/strong>\u00a0je origin\u00e1ln\u00ed zna\u010dka navr\u017een\u00e1 na\u0161\u00edm zakladatelem Richardem Wu. Je dlouholet\u00fdm nad\u0161encem do no\u017e\u016f, m\u00e1 zku\u0161enosti s mechanick\u00fdm designem a v\u00fdrobou, neust\u00e1le usiluje o dokonalost a detailn\u00ed dokonalost ve v\u0161ech designech no\u017e\u016f vyr\u00e1b\u011bn\u00fdch\u00a0<strong>Rikeknife<\/strong>.<\/p>\n<p><strong>Doprava zdarma.<\/strong><\/p>\n","protected":false},"featured_media":246514,"comment_status":"open","ping_status":"closed","template":"","meta":[],"pwb-brand":[1318],"product_brand":[],"product_cat":[22,17],"product_tag":[],"class_list":{"0":"post-246513","1":"product","2":"type-product","3":"status-publish","4":"has-post-thumbnail","6":"pwb-brand-rike-knife","7":"product_cat-zaviraci-noze","8":"product_cat-noze","10":"first","11":"instock","12":"taxable","13":"shipping-taxable","14":"purchasable","15":"product-type-simple"},"brands":[{"id":1318,"name":"Rike Knife","slug":"rike-knife"}],"_links":{"self":[{"href":"https:\/\/www.moskito.cz\/fr\/wp-json\/wp\/v2\/product\/246513","targetHints":{"allow":["GET"]}}],"collection":[{"href":"https:\/\/www.moskito.cz\/fr\/wp-json\/wp\/v2\/product"}],"about":[{"href":"https:\/\/www.moskito.cz\/fr\/wp-json\/wp\/v2\/types\/product"}],"replies":[{"embeddable":true,"href":"https:\/\/www.moskito.cz\/fr\/wp-json\/wp\/v2\/comments?post=246513"}],"wp:featuredmedia":[{"embeddable":true,"href":"https:\/\/www.moskito.cz\/fr\/wp-json\/wp\/v2\/media\/246514"}],"wp:attachment":[{"href":"https:\/\/www.moskito.cz\/fr\/wp-json\/wp\/v2\/media?parent=246513"}],"wp:term":[{"taxonomy":"pwb-brand","embeddable":true,"href":"https:\/\/www.moskito.cz\/fr\/wp-json\/wp\/v2\/pwb-brand?post=246513"},{"taxonomy":"product_brand","embeddable":true,"href":"https:\/\/www.moskito.cz\/fr\/wp-json\/wp\/v2\/product_brand?post=246513"},{"taxonomy":"product_cat","embeddable":true,"href":"https:\/\/www.moskito.cz\/fr\/wp-json\/wp\/v2\/product_cat?post=246513"},{"taxonomy":"product_tag","embeddable":true,"href":"https:\/\/www.moskito.cz\/fr\/wp-json\/wp\/v2\/product_tag?post=246513"}],"curies":[{"name":"wp","href":"https:\/\/api.w.org\/{rel}","templated":true}]}}