{"id":246554,"date":"2023-04-20T20:23:42","date_gmt":"2023-04-20T19:23:42","guid":{"rendered":"https:\/\/www.moskito.cz\/?post_type=product&#038;p=246554"},"modified":"2025-06-08T19:44:15","modified_gmt":"2025-06-08T18:44:15","slug":"crkt-micro-tool-keychain-sharpener-9096","status":"publish","type":"product","link":"https:\/\/www.moskito.cz\/fr\/produkt\/crkt-micro-tool-keychain-sharpener-9096\/","title":{"rendered":"CRKT MICRO TOOL &#038; KEYCHAIN SHARPENER 9096"},"content":{"rendered":"<div class=\"flex-1 overflow-hidden @container\/thread\">\n<div class=\"h-full\">\n<div class=\"react-scroll-to-bottom--css-vxybp-79elbk h-full\">\n<div class=\"react-scroll-to-bottom--css-vxybp-1n7m0yu\">\n<div class=\"flex flex-col text-sm md:pb-9\">\n<article class=\"w-full scroll-mb-[var(--thread-trailing-height,150px)] text-token-text-primary focus-visible:outline-2 focus-visible:outline-offset-[-4px]\" dir=\"auto\" data-testid=\"conversation-turn-37\" data-scroll-anchor=\"true\">\n<div class=\"m-auto text-base py-[18px] px-3 md:px-4 w-full md:px-5 lg:px-4 xl:px-5\">\n<div class=\"mx-auto flex flex-1 gap-4 text-base md:gap-5 lg:gap-6 md:max-w-3xl\">\n<div class=\"group\/conversation-turn relative flex w-full min-w-0 flex-col agent-turn\">\n<div class=\"flex-col gap-1 md:gap-3\">\n<div class=\"flex max-w-full flex-col flex-grow\">\n<div class=\"min-h-8 text-message flex w-full flex-col items-end gap-2 whitespace-normal break-words text-start [.text-message+&amp;]:mt-5\" dir=\"auto\" data-message-author-role=\"assistant\" data-message-id=\"d61fb55d-6bbf-4ae2-8560-0553f91e7a5b\" data-message-model-slug=\"gpt-4o-mini\">\n<div class=\"flex w-full flex-col gap-1 empty:hidden first:pt-[3px]\">\n<div class=\"markdown prose w-full break-words dark:prose-invert light\">\n<p><strong>CRKT Micro Tool &amp; Keychain Sharpener 9096<\/strong><\/p>\n<p><strong>Specifikace a Vlastnosti:<\/strong><\/p>\n<ul>\n<li><strong>Materi\u00e1l \u010depele<\/strong>: Ocel 2Cr13<\/li>\n<li><strong>Celkov\u00e1 d\u00e9lka<\/strong>: 8,57 cm<\/li>\n<li><strong>Hmotnost<\/strong>: 17,01 g<\/li>\n<li><strong>Rukoje\u0165<\/strong>: Nylon vyztu\u017een\u00fd sklem a nerezov\u00e1 ocel<\/li>\n<li><strong>Funkce<\/strong>: Multi-tool (brousek, \u0159eza\u010dka na p\u00e1sy, otv\u00edr\u00e1k na l\u00e1hve, ploch\u00fd \u0161roubov\u00e1k)<\/li>\n<\/ul>\n<h3>Vlastnosti:<\/h3>\n<ul>\n<li><strong>Kompaktn\u00ed brousek<\/strong>: Tento n\u00e1stroj se snadno vejde do kapsy, batohu nebo na kl\u00ed\u010dence. Je to ide\u00e1ln\u00ed zp\u016fsob, jak udr\u017eet va\u0161e no\u017ee ostr\u00e9 na cest\u00e1ch nebo v p\u0159\u00edrod\u011b, kdy nen\u00ed po ruce b\u011b\u017en\u00fd brousek.<\/li>\n<li><strong>V\u00edce\u00fa\u010delov\u00fd design<\/strong>: Krom\u011b brousku nab\u00edz\u00ed tento n\u00e1stroj i n\u011bkolik dal\u0161\u00edch u\u017eite\u010dn\u00fdch funkc\u00ed:\n<ul>\n<li><strong>\u0158eza\u010dka p\u00e1s\u016f<\/strong>: Ur\u010deno pro bezpe\u010dn\u00e9 \u0159ez\u00e1n\u00ed p\u00e1s\u016f, co\u017e je praktick\u00e9 zejm\u00e9na v nouzov\u00fdch situac\u00edch.<\/li>\n<li><strong>Otv\u00edr\u00e1k na l\u00e1hve<\/strong>: Pro otev\u0159en\u00ed va\u0161eho obl\u00edben\u00e9ho n\u00e1poje po n\u00e1ro\u010dn\u00e9 pr\u00e1ci.<\/li>\n<li><strong>Ploch\u00fd \u0161roubov\u00e1k<\/strong>: Ide\u00e1ln\u00ed pro drobn\u00e9 opravy nebo \u00fapravy na cest\u00e1ch.<\/li>\n<\/ul>\n<\/li>\n<li><strong>Vysoce odoln\u00e9 materi\u00e1ly<\/strong>: Rukoje\u0165 je vyroben\u00e1 z nylonu vyztu\u017een\u00e9ho sklem a nerezov\u00e9 oceli, co\u017e zaji\u0161\u0165uje odolnost a dlouhou \u017eivotnost, i kdy\u017e se pou\u017e\u00edv\u00e1 v n\u00e1ro\u010dn\u00fdch podm\u00ednk\u00e1ch.<\/li>\n<li><strong>Kompaktn\u00ed a p\u0159enosn\u00fd<\/strong>: D\u00edky mal\u00e9 velikosti (8,57 cm) a n\u00edzk\u00e9 hmotnosti (17,01 g) je tento n\u00e1stroj ide\u00e1ln\u00ed pro ka\u017edodenn\u00ed no\u0161en\u00ed na kl\u00ed\u010dence nebo v kapse, kde nezab\u00edr\u00e1 t\u00e9m\u011b\u0159 \u017e\u00e1dn\u00e9 m\u00edsto.<\/li>\n<\/ul>\n<h3>V\u00fdhody:<\/h3>\n<ul>\n<li><strong>Snadn\u00e9 pou\u017eit\u00ed<\/strong>: S t\u00edmto n\u00e1strojem m\u016f\u017eete snadno udr\u017eet sv\u00e9 no\u017ee ostr\u00e9 bez nutnosti velk\u00fdch brousk\u016f nebo n\u00e1stroj\u016f.<\/li>\n<li><strong>Kompaktn\u00ed design<\/strong>: D\u00edky mal\u00e9 velikosti se vejde do kapsy, kl\u00ed\u010denky nebo batohu, tak\u017ee jej m\u016f\u017eete m\u00edt v\u017edy po ruce.<\/li>\n<li><strong>V\u00edce\u00fa\u010delovost<\/strong>: Mimo brousku nab\u00edz\u00ed i dal\u0161\u00ed u\u017eite\u010dn\u00e9 n\u00e1stroje, co\u017e z n\u011bj \u010din\u00ed skv\u011bl\u00e9ho pomocn\u00edka na cest\u00e1ch.<\/li>\n<li><strong>Skv\u00e9l\u00e9 pro outdoorov\u00e9 aktivity a ka\u017edodenn\u00ed pou\u017eit\u00ed<\/strong>: Tento n\u00e1stroj je ide\u00e1ln\u00ed pro ka\u017ed\u00e9ho, kdo tr\u00e1v\u00ed \u010das venku nebo pot\u0159ebuje praktick\u00fd n\u00e1stroj pro ka\u017edodenn\u00ed \u00fakoly.<\/li>\n<\/ul>\n<p><strong>CRKT Micro Tool &amp; Keychain Sharpener 9096<\/strong> je vynikaj\u00edc\u00ed volbou pro ka\u017ed\u00e9ho, kdo hled\u00e1 kompaktn\u00ed a multifunk\u010dn\u00ed n\u00e1stroj, kter\u00fd je v\u017edy po ruce pro \u00fadr\u017ebu no\u017e\u016f a zvl\u00e1d\u00e1n\u00ed mal\u00fdch ka\u017edodenn\u00edch \u00fakol\u016f.<\/p>\n<\/div>\n<\/div>\n<\/div>\n<\/div>\n<div class=\"mb-2 flex gap-3 empty:hidden -ml-2\">\n<div class=\"items-center justify-start rounded-xl p-1 flex\">\n<div class=\"flex items-center\"><\/div>\n<\/div>\n<\/div>\n<div class=\"pr-2 lg:pr-0\"><\/div>\n<div class=\"mt-3 w-full empty:hidden\">\n<div class=\"text-center\"><\/div>\n<\/div>\n<\/div>\n<div class=\"absolute\">\n<div class=\"flex items-center justify-center\"><\/div>\n<\/div>\n<\/div>\n<\/div>\n<\/div>\n<\/article>\n<\/div>\n<\/div>\n<\/div>\n<\/div>\n<\/div>\n<div class=\"md:pt-0 dark:border-white\/20 md:border-transparent md:dark:border-transparent w-full\">\n<div>\n<div class=\"m-auto text-base px-3 md:px-4 w-full md:px-5 lg:px-4 xl:px-5\">\n<div class=\"mx-auto flex flex-1 gap-4 text-base md:gap-5 lg:gap-6 md:max-w-3xl\">\n<div class=\"flex justify-center\"><\/div>\n<\/div>\n<\/div>\n<\/div>\n<\/div>\n","protected":false},"excerpt":{"rendered":"<div class=\"flex max-w-full flex-col flex-grow\">\n<div class=\"min-h-8 text-message flex w-full flex-col items-end gap-2 whitespace-normal break-words text-start [.text-message+&amp;]:mt-5\" dir=\"auto\" data-message-author-role=\"assistant\" data-message-id=\"d61fb55d-6bbf-4ae2-8560-0553f91e7a5b\" data-message-model-slug=\"gpt-4o-mini\">\n<div class=\"flex w-full flex-col gap-1 empty:hidden first:pt-[3px]\">\n<div class=\"markdown prose w-full break-words dark:prose-invert light\">\n<p><strong>CRKT Micro Tool &amp; Keychain Sharpener 9096 je vynikaj\u00edc\u00ed volbou pro ka\u017ed\u00e9ho, kdo hled\u00e1 kompaktn\u00ed a multifunk\u010dn\u00ed n\u00e1stroj, kter\u00fd je v\u017edy po ruce pro \u00fadr\u017ebu no\u017e\u016f a zvl\u00e1d\u00e1n\u00ed mal\u00fdch ka\u017edodenn\u00edch \u00fakol\u016f.<\/strong><\/p>\n<\/div>\n<\/div>\n<\/div>\n<\/div>\n<div class=\"mb-2 flex gap-3 empty:hidden -ml-2\">\n<div class=\"items-center justify-start rounded-xl p-1 flex\">\n<div class=\"flex items-center\"><\/div>\n<\/div>\n<\/div>\n","protected":false},"featured_media":246555,"comment_status":"open","ping_status":"closed","template":"","meta":[],"pwb-brand":[209],"product_brand":[],"product_cat":[50],"product_tag":[3667],"class_list":{"0":"post-246554","1":"product","2":"type-product","3":"status-publish","4":"has-post-thumbnail","6":"pwb-brand-crkt","7":"product_cat-multi-tool","8":"product_tag-b2b","10":"first","11":"outofstock","12":"taxable","13":"shipping-taxable","14":"purchasable","15":"product-type-simple"},"brands":[{"id":209,"name":"CRKT","slug":"crkt"}],"_links":{"self":[{"href":"https:\/\/www.moskito.cz\/fr\/wp-json\/wp\/v2\/product\/246554","targetHints":{"allow":["GET"]}}],"collection":[{"href":"https:\/\/www.moskito.cz\/fr\/wp-json\/wp\/v2\/product"}],"about":[{"href":"https:\/\/www.moskito.cz\/fr\/wp-json\/wp\/v2\/types\/product"}],"replies":[{"embeddable":true,"href":"https:\/\/www.moskito.cz\/fr\/wp-json\/wp\/v2\/comments?post=246554"}],"wp:featuredmedia":[{"embeddable":true,"href":"https:\/\/www.moskito.cz\/fr\/wp-json\/wp\/v2\/media\/246555"}],"wp:attachment":[{"href":"https:\/\/www.moskito.cz\/fr\/wp-json\/wp\/v2\/media?parent=246554"}],"wp:term":[{"taxonomy":"pwb-brand","embeddable":true,"href":"https:\/\/www.moskito.cz\/fr\/wp-json\/wp\/v2\/pwb-brand?post=246554"},{"taxonomy":"product_brand","embeddable":true,"href":"https:\/\/www.moskito.cz\/fr\/wp-json\/wp\/v2\/product_brand?post=246554"},{"taxonomy":"product_cat","embeddable":true,"href":"https:\/\/www.moskito.cz\/fr\/wp-json\/wp\/v2\/product_cat?post=246554"},{"taxonomy":"product_tag","embeddable":true,"href":"https:\/\/www.moskito.cz\/fr\/wp-json\/wp\/v2\/product_tag?post=246554"}],"curies":[{"name":"wp","href":"https:\/\/api.w.org\/{rel}","templated":true}]}}