{"id":246859,"date":"2023-04-22T10:08:25","date_gmt":"2023-04-22T09:08:25","guid":{"rendered":"https:\/\/www.moskito.cz\/?post_type=product&#038;p=246859"},"modified":"2025-05-07T10:49:57","modified_gmt":"2025-05-07T09:49:57","slug":"zaviraci-nuz-boker-plus-atlas-multi-sw-01bo857","status":"publish","type":"product","link":"https:\/\/www.moskito.cz\/fr\/produkt\/zaviraci-nuz-boker-plus-atlas-multi-sw-01bo857\/","title":{"rendered":"Zav\u00edrac\u00ed N\u016f\u017e B\u00f6ker Plus Atlas Multi SW 01BO857"},"content":{"rendered":"<p>Zav\u00edrac\u00ed N\u016f\u017e <strong>B\u00f6ker<\/strong> Plus Atlas Multi SW 01BO857<\/p>\n<p>Spolehliv\u00fd kapesn\u00ed zav\u00edrac\u00ed n\u016f\u017e B\u00f6ker Plus Atlas Multi SW s minimalistickou konstrukc\u00ed je praktick\u00fdm pomocn\u00edkem pro ka\u017edodenn\u00ed (EDC) no\u0161en\u00ed. N\u016f\u017e je vybaven tak\u00e9 praktick\u00fdmi n\u016f\u017ekami.<\/p>\n<p>S \u010depel\u00ed s hladkou hranou typu Droppoint z nerezov\u00e9 oceli 12C27 se sat\u00e9novou povrchovou \u00fapravou, otev\u00edr\u00e1 se z\u00e1\u0159ezem na \u010depeli a zaji\u0161\u0165uje ji zadn\u00ed pru\u017eina Slipjoint.<\/p>\n<p>Rukoje\u0165 je nerezav\u011bj\u00edc\u00ed oceli s povrchovou \u00fapravou Stonewash s d\u00edrkou na \u0161\u0148\u016frku a sponou na kapsy<\/p>\n<p>Materi\u00e1l \u010depele: Sandvik 12C27<br \/>\nMateri\u00e1l rukojeti: Nerezov\u00e1 ocel<br \/>\nPojistka: Slipjoint<br \/>\nD\u00e9lka \u010depele: 6.7 cm<br \/>\nCelkov\u00e1 d\u00e9lka: 16.4 cm<br \/>\nTlou\u0161\u0165ka \u010depele: 2.4 mm<br \/>\nHmotnost: 90 g<br \/>\nTyp \u010depele: Drop Point<br \/>\nVyu\u017eit\u00ed: EDC &#8211; ka\u017edodenn\u00ed no\u0161en\u00ed<\/p>\n","protected":false},"excerpt":{"rendered":"<p><strong>Spolehliv\u00fd kapesn\u00ed zav\u00edrac\u00ed n\u016f\u017e s minimalistickou konstrukc\u00ed.<\/strong><\/p>\n","protected":false},"featured_media":246860,"comment_status":"open","ping_status":"closed","template":"","meta":[],"pwb-brand":[140],"product_brand":[],"product_cat":[22,17],"product_tag":[3667],"class_list":{"0":"post-246859","1":"product","2":"type-product","3":"status-publish","4":"has-post-thumbnail","6":"pwb-brand-boker","7":"product_cat-zaviraci-noze","8":"product_cat-noze","9":"product_tag-b2b","11":"first","12":"instock","13":"taxable","14":"shipping-taxable","15":"purchasable","16":"product-type-simple"},"brands":[{"id":140,"name":"Boker","slug":"boker"}],"_links":{"self":[{"href":"https:\/\/www.moskito.cz\/fr\/wp-json\/wp\/v2\/product\/246859","targetHints":{"allow":["GET"]}}],"collection":[{"href":"https:\/\/www.moskito.cz\/fr\/wp-json\/wp\/v2\/product"}],"about":[{"href":"https:\/\/www.moskito.cz\/fr\/wp-json\/wp\/v2\/types\/product"}],"replies":[{"embeddable":true,"href":"https:\/\/www.moskito.cz\/fr\/wp-json\/wp\/v2\/comments?post=246859"}],"wp:featuredmedia":[{"embeddable":true,"href":"https:\/\/www.moskito.cz\/fr\/wp-json\/wp\/v2\/media\/246860"}],"wp:attachment":[{"href":"https:\/\/www.moskito.cz\/fr\/wp-json\/wp\/v2\/media?parent=246859"}],"wp:term":[{"taxonomy":"pwb-brand","embeddable":true,"href":"https:\/\/www.moskito.cz\/fr\/wp-json\/wp\/v2\/pwb-brand?post=246859"},{"taxonomy":"product_brand","embeddable":true,"href":"https:\/\/www.moskito.cz\/fr\/wp-json\/wp\/v2\/product_brand?post=246859"},{"taxonomy":"product_cat","embeddable":true,"href":"https:\/\/www.moskito.cz\/fr\/wp-json\/wp\/v2\/product_cat?post=246859"},{"taxonomy":"product_tag","embeddable":true,"href":"https:\/\/www.moskito.cz\/fr\/wp-json\/wp\/v2\/product_tag?post=246859"}],"curies":[{"name":"wp","href":"https:\/\/api.w.org\/{rel}","templated":true}]}}