{"id":248106,"date":"2023-05-01T21:26:34","date_gmt":"2023-05-01T20:26:34","guid":{"rendered":"https:\/\/www.moskito.cz\/?post_type=product&#038;p=248106"},"modified":"2025-05-07T10:50:29","modified_gmt":"2025-05-07T09:50:29","slug":"zaviraci-nuz-kansept-knives-genesis-stonewashed-titanium-k1010a1","status":"publish","type":"product","link":"https:\/\/www.moskito.cz\/fr\/produkt\/zaviraci-nuz-kansept-knives-genesis-stonewashed-titanium-k1010a1\/","title":{"rendered":"Zav\u00edrac\u00ed N\u016f\u017e Kansept Knives Genesis Stonewashed Titanium K1010A1"},"content":{"rendered":"<p>Zav\u00edrac\u00ed N\u016f\u017e <strong>Kansept Knives<\/strong> Genesis Stonewashed Titanium K1010A1<\/p>\n<p>Genesis od Kansept Knives byl navr\u017een Jelly Jerry tak, aby m\u011bl pevn\u00fd a agresivn\u00ed profil. \u010cepel Wharncliffe poskytuje velkou \u0159eznou hranu a h\u0159bet se vyzna\u010duje kl\u00ednem a v\u00fdrazn\u00fdmi dr\u00e1\u017ekami, kter\u00e9 dod\u00e1vaj\u00ed bojovn\u00fd vzhled. \u010cepel je vyrobena z vysoce kvalitn\u00ed nerezov\u00e9 oceli CPM-S35VN, obl\u00edben\u00e9 mezi \u0161pi\u010dkov\u00fdmi no\u017e\u00ed\u0159i. Titanov\u00e9 rukojeti se zu\u017euj\u00ed do \u0161pi\u010dky a maj\u00ed n\u011bkolik dr\u00e1\u017eek a dr\u00e1\u017eek, kter\u00e9 vypadaj\u00ed skv\u011ble a dob\u0159e se p\u0159izp\u016fsob\u00ed ergonomii va\u0161\u00ed ruky. Choil pod \u010depel\u00ed a dr\u00e1\u017eka na h\u0159betu v\u00e1m umo\u017en\u00ed udusit se v sev\u0159en\u00ed a otev\u0159\u00edt tak no\u017ei nov\u00e9 mo\u017enosti vyu\u017eit\u00ed. N\u016f\u017e m\u00e1 ru\u010dn\u00ed otev\u00edr\u00e1n\u00ed, ale pom\u00e1h\u00e1 mu oto\u010dn\u00e1 konstrukce flipperu, co\u017e znamen\u00e1, \u017ee se \u010depel p\u0159i nasazen\u00ed otev\u0159e. N\u016f\u017e je dod\u00e1v\u00e1n s nylonov\u00fdm pouzdrem pro jeho ochranu a ulo\u017een\u00ed.<\/p>\n<p>Jelly Jerry je relativn\u011b novou p\u0159\u00edtomnost\u00ed ve sv\u011bt\u011b v\u00fdroby no\u017e\u016f, ale prosadil se s velk\u00fdm mno\u017estv\u00edm design\u016f. Ji\u017e d\u0159\u00edve navrhl Delta pro Kansept Knives.<\/p>\n<p>Specifikace<br \/>\nD\u00e9lka \u010depele: 9 cm<br \/>\nCelkov\u00e1 d\u00e9lka: 21 cm<br \/>\nMateri\u00e1l \u010depele: CPM-S35VN Nerezov\u00e1 ocel<br \/>\nTlou\u0161\u0165ka \u010depele: 0,16&Prime;<br \/>\nStyl \u010depele: Wharncliffe<br \/>\nPovrchov\u00e1 \u00faprava \u010depele: Stonewash<br \/>\nMateri\u00e1l rukojeti: \u0161ed\u00fd titan<br \/>\nUzamykac\u00ed mechanismus: R\u00e1m<br \/>\nKapesn\u00ed klip: Vykl\u00e1p\u011bc\u00ed, prav\u00e9 no\u0161en\u00ed<br \/>\nHmotnost: 4,5 oz.<br \/>\nDesign\u00e9r: Jelly Jerry<\/p>\n","protected":false},"excerpt":{"rendered":"<p><strong>\u201eKansept\u201c je p\u0159elo\u017een\u00edm v\u00fdznamu \u201ekoncepce\u201c. To, co n\u00e1s odli\u0161uje od davu, je na\u0161e schopnost inovovat. Stejn\u011b jako design na\u0161eho loga, kter\u00e9 vych\u00e1z\u00ed z obrazu UFO, kter\u00e1 cestuj\u00ed z vesm\u00edru do vesm\u00edru a sk\u00e1\u010dou do budoucnosti.\u00a0<\/strong><\/p>\n<p><strong>Doprava zdarma.<\/strong><\/p>\n","protected":false},"featured_media":248107,"comment_status":"open","ping_status":"closed","template":"","meta":[],"pwb-brand":[3256],"product_brand":[],"product_cat":[22,17],"product_tag":[],"class_list":{"0":"post-248106","1":"product","2":"type-product","3":"status-publish","4":"has-post-thumbnail","6":"pwb-brand-kansept-knives","7":"product_cat-zaviraci-noze","8":"product_cat-noze","10":"first","11":"instock","12":"taxable","13":"shipping-taxable","14":"purchasable","15":"product-type-simple"},"brands":[{"id":3256,"name":"Kansept Knives","slug":"kansept-knives"}],"_links":{"self":[{"href":"https:\/\/www.moskito.cz\/fr\/wp-json\/wp\/v2\/product\/248106","targetHints":{"allow":["GET"]}}],"collection":[{"href":"https:\/\/www.moskito.cz\/fr\/wp-json\/wp\/v2\/product"}],"about":[{"href":"https:\/\/www.moskito.cz\/fr\/wp-json\/wp\/v2\/types\/product"}],"replies":[{"embeddable":true,"href":"https:\/\/www.moskito.cz\/fr\/wp-json\/wp\/v2\/comments?post=248106"}],"wp:featuredmedia":[{"embeddable":true,"href":"https:\/\/www.moskito.cz\/fr\/wp-json\/wp\/v2\/media\/248107"}],"wp:attachment":[{"href":"https:\/\/www.moskito.cz\/fr\/wp-json\/wp\/v2\/media?parent=248106"}],"wp:term":[{"taxonomy":"pwb-brand","embeddable":true,"href":"https:\/\/www.moskito.cz\/fr\/wp-json\/wp\/v2\/pwb-brand?post=248106"},{"taxonomy":"product_brand","embeddable":true,"href":"https:\/\/www.moskito.cz\/fr\/wp-json\/wp\/v2\/product_brand?post=248106"},{"taxonomy":"product_cat","embeddable":true,"href":"https:\/\/www.moskito.cz\/fr\/wp-json\/wp\/v2\/product_cat?post=248106"},{"taxonomy":"product_tag","embeddable":true,"href":"https:\/\/www.moskito.cz\/fr\/wp-json\/wp\/v2\/product_tag?post=248106"}],"curies":[{"name":"wp","href":"https:\/\/api.w.org\/{rel}","templated":true}]}}