{"id":248558,"date":"2023-05-06T21:41:32","date_gmt":"2023-05-06T20:41:32","guid":{"rendered":"https:\/\/www.moskito.cz\/?post_type=product&#038;p=248558"},"modified":"2025-05-07T10:50:42","modified_gmt":"2025-05-07T09:50:42","slug":"vystrelovaci-nuz-microtech-ultratech-od-green-bronze-121-13od","status":"publish","type":"product","link":"https:\/\/www.moskito.cz\/fr\/produkt\/vystrelovaci-nuz-microtech-ultratech-od-green-bronze-121-13od\/","title":{"rendered":"Vyst\u0159elovac\u00ed N\u016f\u017e Microtech Ultratech OD Green Bronze 121-13OD"},"content":{"rendered":"<p>Vyst\u0159elovac\u00ed N\u016f\u017e <strong>Microtech<\/strong> Ultratech OD Green Bronze 121-13OD<\/p>\n<p>Klasika <strong>Microtech<\/strong>, <strong>Ultratech<\/strong>, je archetypem pro p\u0159edn\u00ed automaty od sv\u00e9ho po\u010d\u00e1tku. Pru\u017eina, postaven\u00e1 se stejnou osv\u011bd\u010denou mechanikou, z\u016fst\u00e1v\u00e1 v klidu v otev\u0159en\u00e9 i zav\u0159en\u00e9 poloze, aby se sn\u00ed\u017eilo opot\u0159eben\u00ed. D\u00edky siln\u00e9mu automatick\u00e9mu otev\u00edr\u00e1n\u00ed \/ zatahov\u00e1n\u00ed \u010depele na dosah ruky a pevn\u00e9mu uzam\u010den\u00ed \u010depele z\u016fst\u00e1v\u00e1 Ultratech od Microtech standardem v automatick\u00e9m sv\u011bt\u011b.<\/p>\n<p>Celkov\u00e1 d\u00e9lka: 21.2 cm<br \/>\nD\u00e9lka v zav\u0159en\u00e9m stavu: 12.7 cm<br \/>\nD\u00e9lka \u010depele: 8.5 cm<br \/>\nTlou\u0161\u0165ka \u010depele: 0.32 cm<br \/>\nPovrchov\u00e1 \u00faprava \u010depele: Bronzov\u00e1<br \/>\nStyl \u010depele: Drop Point<br \/>\nStyl okraje: Oby\u010dejn\u00fd<br \/>\nMateri\u00e1l rukojeti: OD Zelen\u00fd hlin\u00edk<br \/>\nTlou\u0161\u0165ka rukojeti: 1.2 cm<br \/>\nKapesn\u00ed klip: Tip-Down<br \/>\nHmotnost: 3,5 oz (99,23 g)<br \/>\nV\u00fdrobce Ref. #: 121-13OD<br \/>\nZem\u011b p\u016fvodu: USA<\/p>\n<p><iframe title=\"Microtech Combat Troodon Torture Test\" width=\"800\" height=\"450\" src=\"https:\/\/www.youtube.com\/embed\/xE9TeOFYEjg?feature=oembed\" frameborder=\"0\" allow=\"accelerometer; autoplay; clipboard-write; encrypted-media; gyroscope; picture-in-picture; web-share\" referrerpolicy=\"strict-origin-when-cross-origin\" allowfullscreen><\/iframe><\/p>\n<p>&nbsp;<\/p>\n","protected":false},"excerpt":{"rendered":"<p>V pr\u016fb\u011bhu let\u00a0<strong>Microtech\u00ae Knives\u00a0<\/strong>naplnil v\u00e1\u0161n\u00ed a dovednost\u00ed v\u00fdrobu no\u017e\u016f, a\u017e z nich vytvo\u0159il t\u00e9m\u011b\u0159 um\u011bleck\u00e1 d\u00edla,kter\u00e9 jsou vrcholem funk\u010dnosti.V\u0161echny d\u00edly jsou vyrobeny v USA.<br \/>\n<strong>Na v\u0161echny no\u017ee Microtech je do\u017eivotn\u00ed z\u00e1ruka.<\/strong><\/p>\n<p><strong>Doprava zdarma.<\/strong><\/p>\n","protected":false},"featured_media":248559,"comment_status":"open","ping_status":"closed","template":"","meta":[],"pwb-brand":[431],"product_brand":[],"product_cat":[2019,17],"product_tag":[3667],"class_list":{"0":"post-248558","1":"product","2":"type-product","3":"status-publish","4":"has-post-thumbnail","6":"pwb-brand-microtech","7":"product_cat-vystrelovaci-noze","8":"product_cat-noze","9":"product_tag-b2b","11":"first","12":"outofstock","13":"taxable","14":"shipping-taxable","15":"purchasable","16":"product-type-simple"},"brands":[{"id":431,"name":"Microtech","slug":"microtech"}],"_links":{"self":[{"href":"https:\/\/www.moskito.cz\/fr\/wp-json\/wp\/v2\/product\/248558","targetHints":{"allow":["GET"]}}],"collection":[{"href":"https:\/\/www.moskito.cz\/fr\/wp-json\/wp\/v2\/product"}],"about":[{"href":"https:\/\/www.moskito.cz\/fr\/wp-json\/wp\/v2\/types\/product"}],"replies":[{"embeddable":true,"href":"https:\/\/www.moskito.cz\/fr\/wp-json\/wp\/v2\/comments?post=248558"}],"wp:featuredmedia":[{"embeddable":true,"href":"https:\/\/www.moskito.cz\/fr\/wp-json\/wp\/v2\/media\/248559"}],"wp:attachment":[{"href":"https:\/\/www.moskito.cz\/fr\/wp-json\/wp\/v2\/media?parent=248558"}],"wp:term":[{"taxonomy":"pwb-brand","embeddable":true,"href":"https:\/\/www.moskito.cz\/fr\/wp-json\/wp\/v2\/pwb-brand?post=248558"},{"taxonomy":"product_brand","embeddable":true,"href":"https:\/\/www.moskito.cz\/fr\/wp-json\/wp\/v2\/product_brand?post=248558"},{"taxonomy":"product_cat","embeddable":true,"href":"https:\/\/www.moskito.cz\/fr\/wp-json\/wp\/v2\/product_cat?post=248558"},{"taxonomy":"product_tag","embeddable":true,"href":"https:\/\/www.moskito.cz\/fr\/wp-json\/wp\/v2\/product_tag?post=248558"}],"curies":[{"name":"wp","href":"https:\/\/api.w.org\/{rel}","templated":true}]}}