{"id":248768,"date":"2023-05-09T19:14:54","date_gmt":"2023-05-09T18:14:54","guid":{"rendered":"https:\/\/www.moskito.cz\/?post_type=product&#038;p=248768"},"modified":"2025-05-07T10:50:48","modified_gmt":"2025-05-07T09:50:48","slug":"zaviraci-nuz-kansept-knives-naska-stonewashed-tanto-titanium-k1035t1","status":"publish","type":"product","link":"https:\/\/www.moskito.cz\/fr\/produkt\/zaviraci-nuz-kansept-knives-naska-stonewashed-tanto-titanium-k1035t1\/","title":{"rendered":"Zav\u00edrac\u00ed N\u016f\u017e Kansept Knives Naska Stonewashed Tanto Titanium K1035T1"},"content":{"rendered":"<p>Zav\u00edrac\u00ed N\u016f\u017e <strong>Kansept Knives<\/strong> Naska Stonewashed Tanto Titanium K1035T1<\/p>\n<p><strong>Naska<\/strong> od <strong>Kansept<\/strong> Knives nab\u00edz\u00ed hranat\u00fd a elegantn\u00ed vzhled. Tanto \u010depel je skv\u011bl\u00e1 na v\u0161e od kr\u00e1jen\u00ed po sebeobranu. Tvarovan\u00e1 rukoje\u0165 nab\u00edz\u00ed skv\u011bl\u00e9 ovl\u00e1d\u00e1n\u00ed a bezpe\u010dn\u00e9 uchopen\u00ed. P\u0159id\u00e1n\u00ed tohoto zav\u00edrac\u00edho no\u017ee do va\u0161eho arzen\u00e1lu EDC by bylo moudr\u00fdm rozhodnut\u00edm.<\/p>\n<p>Stonewashed tanto \u010depel je vyroben\u00e1 z oceli CPM S35VN.<br \/>\nSpolehliv\u00fd mechanismus z\u00e1mku r\u00e1mu pro bezpe\u010dn\u00e9 uzam\u010den\u00ed, dvoubarevn\u00e1 titanov\u00e1 rukoje\u0165 .<br \/>\nPrav\u00e1 ruka, vykl\u00e1p\u011bc\u00ed kapesn\u00ed klip a mod\u0159e eloxovan\u00fd hardware.<\/p>\n<p>Specifikace<br \/>\nCelkov\u00e1 d\u00e9lka: 22 cm<br \/>\nD\u00e9lka \u010depele: 9.37 cm<br \/>\nMateri\u00e1l \u010depele: CPM S35VN<br \/>\nStyl \u010depele: Tanto<br \/>\nDokon\u010den\u00ed: Stonewash<br \/>\nMateri\u00e1l rukojeti: Titan<br \/>\nBarva: \u010cern\u00e1, modr\u00e1, \u0161ed\u00e1<br \/>\nHmotnost: 4,39 unce<br \/>\nU\u017eivatel: Prav\u00e1 ruka<br \/>\nKapesn\u00ed klip: Tip-Up<br \/>\nTyp no\u017ee: Manu\u00e1l<br \/>\nOtv\u00edr\u00e1k: Ploutev<br \/>\nTyp \u010depu: Lo\u017eiska<br \/>\nTyp z\u00e1mku: Z\u00e1mek r\u00e1mu<br \/>\nZna\u010dka: No\u017ee Kansept<br \/>\nModel: Naska<br \/>\nModelov\u00e9 \u010d\u00edslo: K1035T1<\/p>\n","protected":false},"excerpt":{"rendered":"<p><strong>\u201eKansept\u201c je p\u0159elo\u017een\u00edm v\u00fdznamu \u201ekoncepce\u201c. To, co n\u00e1s odli\u0161uje od davu, je na\u0161e schopnost inovovat. Stejn\u011b jako design na\u0161eho loga, kter\u00e9 vych\u00e1z\u00ed z obrazu UFO, kter\u00e1 cestuj\u00ed z vesm\u00edru do vesm\u00edru a sk\u00e1\u010dou do budoucnosti.\u00a0<\/strong><\/p>\n<p><strong>Doprava zdarma.<\/strong><\/p>\n","protected":false},"featured_media":248769,"comment_status":"open","ping_status":"closed","template":"","meta":[],"pwb-brand":[3256],"product_brand":[],"product_cat":[22,17],"product_tag":[],"class_list":{"0":"post-248768","1":"product","2":"type-product","3":"status-publish","4":"has-post-thumbnail","6":"pwb-brand-kansept-knives","7":"product_cat-zaviraci-noze","8":"product_cat-noze","10":"first","11":"instock","12":"taxable","13":"shipping-taxable","14":"purchasable","15":"product-type-simple"},"brands":[{"id":3256,"name":"Kansept Knives","slug":"kansept-knives"}],"_links":{"self":[{"href":"https:\/\/www.moskito.cz\/fr\/wp-json\/wp\/v2\/product\/248768","targetHints":{"allow":["GET"]}}],"collection":[{"href":"https:\/\/www.moskito.cz\/fr\/wp-json\/wp\/v2\/product"}],"about":[{"href":"https:\/\/www.moskito.cz\/fr\/wp-json\/wp\/v2\/types\/product"}],"replies":[{"embeddable":true,"href":"https:\/\/www.moskito.cz\/fr\/wp-json\/wp\/v2\/comments?post=248768"}],"wp:featuredmedia":[{"embeddable":true,"href":"https:\/\/www.moskito.cz\/fr\/wp-json\/wp\/v2\/media\/248769"}],"wp:attachment":[{"href":"https:\/\/www.moskito.cz\/fr\/wp-json\/wp\/v2\/media?parent=248768"}],"wp:term":[{"taxonomy":"pwb-brand","embeddable":true,"href":"https:\/\/www.moskito.cz\/fr\/wp-json\/wp\/v2\/pwb-brand?post=248768"},{"taxonomy":"product_brand","embeddable":true,"href":"https:\/\/www.moskito.cz\/fr\/wp-json\/wp\/v2\/product_brand?post=248768"},{"taxonomy":"product_cat","embeddable":true,"href":"https:\/\/www.moskito.cz\/fr\/wp-json\/wp\/v2\/product_cat?post=248768"},{"taxonomy":"product_tag","embeddable":true,"href":"https:\/\/www.moskito.cz\/fr\/wp-json\/wp\/v2\/product_tag?post=248768"}],"curies":[{"name":"wp","href":"https:\/\/api.w.org\/{rel}","templated":true}]}}