{"id":248786,"date":"2023-05-09T20:09:36","date_gmt":"2023-05-09T19:09:36","guid":{"rendered":"https:\/\/www.moskito.cz\/?post_type=product&#038;p=248786"},"modified":"2025-05-07T10:50:48","modified_gmt":"2025-05-07T09:50:48","slug":"zaviraci-nuz-kansept-knives-entity-damascus-stonewashed-titanium-k1036a3","status":"publish","type":"product","link":"https:\/\/www.moskito.cz\/fr\/produkt\/zaviraci-nuz-kansept-knives-entity-damascus-stonewashed-titanium-k1036a3\/","title":{"rendered":"Zav\u00edrac\u00ed N\u016f\u017e Kansept Knives Entity Damascus Stonewashed Titanium K1036A3"},"content":{"rendered":"<p>Zav\u00edrac\u00ed N\u016f\u017e <strong>Kansept<\/strong> Knives Entity Damascus Stonewashed Titanium K1036A3<\/p>\n<p>Kansept Entity je p\u0159ed\u011blan\u00fd ploutvov\u00fd n\u016f\u017e s v\u00e1\u017enou \u0159eznou silou. Titanov\u00e9 rukojeti jsou tvarov\u00e1ny tak, aby padly do ruky bez hork\u00fdch m\u00edst a poskytovaly vynikaj\u00edc\u00ed stabilitu za v\u0161ech podm\u00ednek. P\u0159ekl\u00e1p\u011bn\u00ed je hladk\u00e9 a snadn\u00e9 d\u00edky kuli\u010dkov\u00fdm lo\u017eisk\u016fm v \u010depu \u2013 jednoduch\u00fdm pohybem prstu se \u010depel pru\u017e\u00ed a je p\u0159ipravena k rychl\u00e9mu pou\u017eit\u00ed ve v\u0161ech situac\u00edch. Neoto\u010dn\u00e1 spona do hlubok\u00e9 kapsy je vyrobena z titanu a je nastavena pro spr\u00e1vn\u00e9 no\u0161en\u00ed se sklopen\u00edm. Entita sed\u00ed v kapse jako sen. \u010cepel se vyzna\u010duje ploch\u00fdm brou\u0161en\u00edm, ale Kanseptu se poda\u0159ilo ud\u011blat ji tak tenkou p\u0159ed ost\u0159\u00edm, \u017ee se t\u00e9m\u011b\u0159 kr\u00e1j\u00ed jako dut\u00fd brou\u0161en\u00fd n\u016f\u017e, co\u017e umo\u017e\u0148uje snadn\u00e9 prov\u00e1d\u011bn\u00ed dlouh\u00fdch a tvrd\u00fdch \u0159ez\u016f.<\/p>\n<p>Specifikace<br \/>\nD\u00e9lka \u010depele: 9 cm<br \/>\nCelkov\u00e1 d\u00e9lka: 20.27 cm<br \/>\nMateri\u00e1l \u010depele: Dama\u0161kov\u00e1 ocel<br \/>\nStyl \u010depele: Drop Point<br \/>\nPovrchov\u00e1 \u00faprava \u010depele: Leptan\u00e9 kyselinou<br \/>\nMateri\u00e1l rukojeti: Black Stonewashed Titan<br \/>\nUzamykac\u00ed mechanismus: R\u00e1m<br \/>\nSestava \u010depu: Keramick\u00e1 kuli\u010dkov\u00e1 lo\u017eiska<br \/>\nKapesn\u00ed spona: Hlubok\u00fd titan (sklopen\u00ed, prav\u00e9 no\u0161en\u00ed)<br \/>\nHmotnost: 4,7 oz.<br \/>\nDesign\u00e9r: Nalu Boersma<\/p>\n","protected":false},"excerpt":{"rendered":"<p><strong>\u201eKansept\u201c je p\u0159elo\u017een\u00edm v\u00fdznamu \u201ekoncepce\u201c. To, co n\u00e1s odli\u0161uje od davu, je na\u0161e schopnost inovovat. Stejn\u011b jako design na\u0161eho loga, kter\u00e9 vych\u00e1z\u00ed z obrazu UFO, kter\u00e1 cestuj\u00ed z vesm\u00edru do vesm\u00edru a sk\u00e1\u010dou do budoucnosti.\u00a0<\/strong><\/p>\n<p><strong>Doprava zdarma.<\/strong><\/p>\n","protected":false},"featured_media":248787,"comment_status":"open","ping_status":"closed","template":"","meta":[],"pwb-brand":[3256],"product_brand":[],"product_cat":[22,17],"product_tag":[],"class_list":{"0":"post-248786","1":"product","2":"type-product","3":"status-publish","4":"has-post-thumbnail","6":"pwb-brand-kansept-knives","7":"product_cat-zaviraci-noze","8":"product_cat-noze","10":"first","11":"instock","12":"taxable","13":"shipping-taxable","14":"purchasable","15":"product-type-simple"},"brands":[{"id":3256,"name":"Kansept Knives","slug":"kansept-knives"}],"_links":{"self":[{"href":"https:\/\/www.moskito.cz\/fr\/wp-json\/wp\/v2\/product\/248786","targetHints":{"allow":["GET"]}}],"collection":[{"href":"https:\/\/www.moskito.cz\/fr\/wp-json\/wp\/v2\/product"}],"about":[{"href":"https:\/\/www.moskito.cz\/fr\/wp-json\/wp\/v2\/types\/product"}],"replies":[{"embeddable":true,"href":"https:\/\/www.moskito.cz\/fr\/wp-json\/wp\/v2\/comments?post=248786"}],"wp:featuredmedia":[{"embeddable":true,"href":"https:\/\/www.moskito.cz\/fr\/wp-json\/wp\/v2\/media\/248787"}],"wp:attachment":[{"href":"https:\/\/www.moskito.cz\/fr\/wp-json\/wp\/v2\/media?parent=248786"}],"wp:term":[{"taxonomy":"pwb-brand","embeddable":true,"href":"https:\/\/www.moskito.cz\/fr\/wp-json\/wp\/v2\/pwb-brand?post=248786"},{"taxonomy":"product_brand","embeddable":true,"href":"https:\/\/www.moskito.cz\/fr\/wp-json\/wp\/v2\/product_brand?post=248786"},{"taxonomy":"product_cat","embeddable":true,"href":"https:\/\/www.moskito.cz\/fr\/wp-json\/wp\/v2\/product_cat?post=248786"},{"taxonomy":"product_tag","embeddable":true,"href":"https:\/\/www.moskito.cz\/fr\/wp-json\/wp\/v2\/product_tag?post=248786"}],"curies":[{"name":"wp","href":"https:\/\/api.w.org\/{rel}","templated":true}]}}