{"id":248801,"date":"2023-05-09T20:38:50","date_gmt":"2023-05-09T19:38:50","guid":{"rendered":"https:\/\/www.moskito.cz\/?post_type=product&#038;p=248801"},"modified":"2025-12-30T13:31:02","modified_gmt":"2025-12-30T12:31:02","slug":"zaviraci-nuz-kansept-knives-reverie-satin-bronze-titanium-k2025a1","status":"publish","type":"product","link":"https:\/\/www.moskito.cz\/fr\/produkt\/zaviraci-nuz-kansept-knives-reverie-satin-bronze-titanium-k2025a1\/","title":{"rendered":"Zav\u00edrac\u00ed N\u016f\u017e Kansept Knives Reverie Satin Bronze Titanium K2025A1"},"content":{"rendered":"<p>Zav\u00edrac\u00ed N\u016f\u017e <strong>Kansept Knives<\/strong> Reverie Satin Bronze Titanium K2025A1<\/p>\n<p><strong>The Reverie<\/strong> je dobr\u00fdm p\u0159\u00edkladem toho, jak Justin r\u00e1d m\u00edch\u00e1 klasiku a modernu. Linie Reverie jsou pon\u011bkud klasick\u00e9. Existuj\u00ed v\u0161ak modern\u011bj\u0161\u00ed dopl\u0148ky, jako je jeho symetrick\u00e1 p\u0159edn\u00ed klapka, z\u00e1mek kol\u00e9bky, vzor s 5 \u0161t\u011brbinami a materi\u00e1ly. Je to tak\u00e9 poprv\u00e9, co navrhl z\u00e1mek bolster. Z\u00e1mek bolster nejen vypad\u00e1 skv\u011ble vizu\u00e1ln\u011b, ale funguje tak\u00e9 jako zar\u00e1\u017eka proti p\u0159ejezdu pojistky. .<\/p>\n<p>Specifikace<br \/>\nD\u00e9lka \u010depele: 7.3\u00a0 cm<br \/>\nCelkov\u00e1 d\u00e9lka: 18 cm<br \/>\nMateri\u00e1l \u010depele: CPM-S35VN Nerezov\u00e1 ocel<br \/>\nStyl \u010depele: Clip Point<br \/>\nPovrchov\u00e1 \u00faprava \u010depele: sat\u00e9n<br \/>\nMateri\u00e1l rukojeti: \u010cern\u00e1 G10 s bronzov\u00fdmi titanov\u00fdmi podlo\u017ekami<br \/>\nUzamykac\u00ed mechanismus: R\u00e1m<br \/>\nKapesn\u00ed klip: Vykl\u00e1p\u011bc\u00ed, prav\u00e9 no\u0161en\u00ed<br \/>\nHmotnost: 3,25 oz.<br \/>\nDesign\u00e9r: Justin Lundquist<\/p>\n","protected":false},"excerpt":{"rendered":"<p><strong>\u201eKansept\u201c je p\u0159elo\u017een\u00edm v\u00fdznamu \u201ekoncepce\u201c. To, co n\u00e1s odli\u0161uje od davu, je na\u0161e schopnost inovovat. Stejn\u011b jako design na\u0161eho loga, kter\u00e9 vych\u00e1z\u00ed z obrazu UFO, kter\u00e1 cestuj\u00ed z vesm\u00edru do vesm\u00edru a sk\u00e1\u010dou do budoucnosti.\u00a0<\/strong><\/p>\n<p><strong>Doprava zdarma.<\/strong><\/p>\n","protected":false},"featured_media":248802,"comment_status":"open","ping_status":"closed","template":"","meta":[],"pwb-brand":[3256],"product_brand":[],"product_cat":[22,17],"product_tag":[],"class_list":{"0":"post-248801","1":"product","2":"type-product","3":"status-publish","4":"has-post-thumbnail","6":"pwb-brand-kansept-knives","7":"product_cat-zaviraci-noze","8":"product_cat-noze","10":"first","11":"outofstock","12":"taxable","13":"shipping-taxable","14":"purchasable","15":"product-type-simple"},"brands":[{"id":3256,"name":"Kansept Knives","slug":"kansept-knives"}],"_links":{"self":[{"href":"https:\/\/www.moskito.cz\/fr\/wp-json\/wp\/v2\/product\/248801","targetHints":{"allow":["GET"]}}],"collection":[{"href":"https:\/\/www.moskito.cz\/fr\/wp-json\/wp\/v2\/product"}],"about":[{"href":"https:\/\/www.moskito.cz\/fr\/wp-json\/wp\/v2\/types\/product"}],"replies":[{"embeddable":true,"href":"https:\/\/www.moskito.cz\/fr\/wp-json\/wp\/v2\/comments?post=248801"}],"wp:featuredmedia":[{"embeddable":true,"href":"https:\/\/www.moskito.cz\/fr\/wp-json\/wp\/v2\/media\/248802"}],"wp:attachment":[{"href":"https:\/\/www.moskito.cz\/fr\/wp-json\/wp\/v2\/media?parent=248801"}],"wp:term":[{"taxonomy":"pwb-brand","embeddable":true,"href":"https:\/\/www.moskito.cz\/fr\/wp-json\/wp\/v2\/pwb-brand?post=248801"},{"taxonomy":"product_brand","embeddable":true,"href":"https:\/\/www.moskito.cz\/fr\/wp-json\/wp\/v2\/product_brand?post=248801"},{"taxonomy":"product_cat","embeddable":true,"href":"https:\/\/www.moskito.cz\/fr\/wp-json\/wp\/v2\/product_cat?post=248801"},{"taxonomy":"product_tag","embeddable":true,"href":"https:\/\/www.moskito.cz\/fr\/wp-json\/wp\/v2\/product_tag?post=248801"}],"curies":[{"name":"wp","href":"https:\/\/api.w.org\/{rel}","templated":true}]}}