{"id":249028,"date":"2023-05-18T16:28:45","date_gmt":"2023-05-18T15:28:45","guid":{"rendered":"https:\/\/www.moskito.cz\/?post_type=product&#038;p=249028"},"modified":"2025-05-07T10:50:51","modified_gmt":"2025-05-07T09:50:51","slug":"zaviraci-treninkovy-nuz-motylek-joker","status":"publish","type":"product","link":"https:\/\/www.moskito.cz\/fr\/produkt\/zaviraci-treninkovy-nuz-motylek-joker\/","title":{"rendered":"Zav\u00edrac\u00ed Tr\u00e9ninkov\u00fd N\u016f\u017e Mot\u00fdlek Joker"},"content":{"rendered":"<p>Zav\u00edrac\u00ed Tr\u00e9ninkov\u00fd N\u016f\u017e Mot\u00fdlek <strong>Joker<\/strong><\/p>\n<p>Tr\u00e9ninkov\u00fd vn\u016f\u017e JKR, tup\u00e1 hrana, hlin\u00edkov\u00e1 rukoje\u0165 zdoben\u00e1 had\u00ed k\u016f\u017e\u00ed, 10 cm \u010depel z nerezov\u00e9 oceli mod\u0159en\u00e1.<\/p>\n<p>D\u00e9lka \u010depele: 10 cm<br \/>\nOcel: 3CR13MOV<br \/>\nMateri\u00e1l rukojeti: Hlin\u00edk<\/p>\n<p>&nbsp;<\/p>\n","protected":false},"excerpt":{"rendered":"<p>No\u017ee <strong>Joker <\/strong>poch\u00e1zej\u00ed ze \u0160pan\u011blsk\u00e9ho m\u011bsta Albacete, kter\u00e9 je zn\u00e1m\u00e9 v\u00fdrobou no\u017e\u016f.<br \/>\nKlasick\u00fd zav\u00edrac\u00ed n\u016f\u017e typu mot\u00fdlek. Ve\u0161ker\u00e9 komponenty no\u017ee jsou vyrobeny z vysoce odoln\u00e9 nerezov\u00e9 oceli.<\/p>\n","protected":false},"featured_media":249030,"comment_status":"open","ping_status":"closed","template":"","meta":[],"pwb-brand":[359],"product_brand":[],"product_cat":[2030,17],"product_tag":[],"class_list":{"0":"post-249028","1":"product","2":"type-product","3":"status-publish","4":"has-post-thumbnail","6":"pwb-brand-joker","7":"product_cat-motylky","8":"product_cat-noze","10":"first","11":"outofstock","12":"taxable","13":"shipping-taxable","14":"purchasable","15":"product-type-simple"},"brands":[{"id":359,"name":"Joker","slug":"joker"}],"_links":{"self":[{"href":"https:\/\/www.moskito.cz\/fr\/wp-json\/wp\/v2\/product\/249028","targetHints":{"allow":["GET"]}}],"collection":[{"href":"https:\/\/www.moskito.cz\/fr\/wp-json\/wp\/v2\/product"}],"about":[{"href":"https:\/\/www.moskito.cz\/fr\/wp-json\/wp\/v2\/types\/product"}],"replies":[{"embeddable":true,"href":"https:\/\/www.moskito.cz\/fr\/wp-json\/wp\/v2\/comments?post=249028"}],"wp:featuredmedia":[{"embeddable":true,"href":"https:\/\/www.moskito.cz\/fr\/wp-json\/wp\/v2\/media\/249030"}],"wp:attachment":[{"href":"https:\/\/www.moskito.cz\/fr\/wp-json\/wp\/v2\/media?parent=249028"}],"wp:term":[{"taxonomy":"pwb-brand","embeddable":true,"href":"https:\/\/www.moskito.cz\/fr\/wp-json\/wp\/v2\/pwb-brand?post=249028"},{"taxonomy":"product_brand","embeddable":true,"href":"https:\/\/www.moskito.cz\/fr\/wp-json\/wp\/v2\/product_brand?post=249028"},{"taxonomy":"product_cat","embeddable":true,"href":"https:\/\/www.moskito.cz\/fr\/wp-json\/wp\/v2\/product_cat?post=249028"},{"taxonomy":"product_tag","embeddable":true,"href":"https:\/\/www.moskito.cz\/fr\/wp-json\/wp\/v2\/product_tag?post=249028"}],"curies":[{"name":"wp","href":"https:\/\/api.w.org\/{rel}","templated":true}]}}