{"id":249146,"date":"2023-05-19T20:13:38","date_gmt":"2023-05-19T19:13:38","guid":{"rendered":"https:\/\/www.moskito.cz\/?post_type=product&#038;p=249146"},"modified":"2026-02-17T17:34:40","modified_gmt":"2026-02-17T16:34:40","slug":"zaviraci-nuz-spyderco-endura-4-lightweight-thin-red-line","status":"publish","type":"product","link":"https:\/\/www.moskito.cz\/fr\/produkt\/zaviraci-nuz-spyderco-endura-4-lightweight-thin-red-line\/","title":{"rendered":"Zav\u00edrac\u00ed N\u016f\u017e Spyderco ENDURA 4 LIGHTWEIGHT THIN RED LINE"},"content":{"rendered":"<p>Zav\u00edrac\u00ed N\u016f\u017e <strong>Spyderco<\/strong> ENDURA 4 LIGHTWEIGHT THIN RED LINE<\/p>\n<p>No\u017ee <strong>Spyderco<\/strong> \u201eThin Red Line\u201c, vytvo\u0159en\u00e9 jako pocta odv\u00e1\u017en\u00fdm hasi\u010d\u016fm na\u0161eho n\u00e1roda, jsou v\u00fdrazn\u00fdm vyj\u00e1d\u0159en\u00edm na\u0161ich lehk\u00fdch model\u016f ta\u017en\u00fdch kon\u00ed. Jejich charakteristick\u00fdm rysem je jejich jedine\u010dn\u00fd design rukojeti, kter\u00fd p\u0159edv\u00e1d\u00ed \u010dern\u00e9 \u0161upiny rukojeti vyztu\u017een\u00e9 sklen\u011bn\u00fdmi vl\u00e1kny (FRN) zv\u00fdrazn\u011bn\u00e9 jasn\u011b \u010dervenou pod\u0161\u00edvkou a odpov\u00eddaj\u00edc\u00edm \u010derven\u00fdm backspacerem. Toto barevn\u00e9 t\u00e9ma symbolizuje \u201etenkou \u010dervenou \u010d\u00e1ru\u201c, kterou p\u0159edstavuj\u00ed prvn\u00ed zasahuj\u00edc\u00ed mezi norm\u00e1lnost\u00ed na\u0161eho ka\u017edodenn\u00edho sv\u011bta a chaosem \u017eivot ohro\u017euj\u00edc\u00edch mimo\u0159\u00e1dn\u00fdch ud\u00e1lost\u00ed.<\/p>\n<p>\u010cepel VG-10 tohoto Endura 4 Lightweight tak\u00e9 kombinuje vylep\u0161enou geometrii b\u0159itu pln\u011b ploch\u00e9ho brou\u0161en\u00ed s nenasytnou \u0159eznou silou vroubkov\u00e1n\u00ed Spyderco. Abychom ctili nezi\u0161tnou slu\u017ebu z\u00e1chran\u00e1\u0159\u016f, je ka\u017ed\u00e1 \u010depel hrd\u011b vyryta laserem s mottem \u201eSave and Serve\u201c. V\u0161echny ostatn\u00ed vlastnosti t\u011bchto elitn\u00edch no\u017e\u016f jsou v souladu se standardn\u00ed verz\u00ed tohoto modelu, v\u010detn\u011b spolehliv\u00e9ho zadn\u00edho zamykac\u00edho mechanismu, skeletonizovan\u00fdch nerezov\u00fdch vlo\u017eek, \u010dty\u0159polohov\u00e9ho kapesn\u00edho klipu a obousm\u011brn\u00e9ho texturov\u00e1n\u00ed.<\/p>\n<p>Spyderco v\u011bnuje \u010d\u00e1st v\u0161ech prodej\u016f no\u017e\u016f \u201eThin Red Line\u201c nadaci Wildland Firefighter Foundation , kter\u00e1 poskytuje okam\u017eitou finan\u010dn\u00ed a trvalou emocion\u00e1ln\u00ed podporu, obhajobu a uzn\u00e1n\u00ed padl\u00fdm a zran\u011bn\u00fdm hasi\u010d\u016fm z divok\u00e9 p\u0159\u00edrody a jejich rodin\u00e1m.<\/p>\n<p>Celkov\u00e1 d\u00e9lka: 22.3 cm<\/p>\n<p>D\u00e9lka \u010depele: 9.7 cm<\/p>\n<p>Ocel: VG-10<\/p>\n<p>Uzav\u0159en\u00e1 d\u00e9lka: 12.6 cm<\/p>\n<p>Hmotnost: 94 g<\/p>\n<p>Tlou\u0161\u0165ka \u010depele: 0.3 cm<\/p>\n<p>Rukoje\u0165: FRN<\/p>\n<p>P\u016fvod: Japonsko<\/p>\n","protected":false},"excerpt":{"rendered":"<p><strong>Endura 4 Lehk\u00e1 tenk\u00e1 \u010derven\u00e1 linie\u00a0<\/strong><\/p>\n","protected":false},"featured_media":249147,"comment_status":"open","ping_status":"closed","template":"","meta":[],"pwb-brand":[567],"product_brand":[],"product_cat":[22,17],"product_tag":[3667],"class_list":{"0":"post-249146","1":"product","2":"type-product","3":"status-publish","4":"has-post-thumbnail","6":"pwb-brand-spyderco","7":"product_cat-zaviraci-noze","8":"product_cat-noze","9":"product_tag-b2b","11":"first","12":"outofstock","13":"taxable","14":"shipping-taxable","15":"purchasable","16":"product-type-simple"},"brands":[{"id":567,"name":"Spyderco","slug":"spyderco"}],"_links":{"self":[{"href":"https:\/\/www.moskito.cz\/fr\/wp-json\/wp\/v2\/product\/249146","targetHints":{"allow":["GET"]}}],"collection":[{"href":"https:\/\/www.moskito.cz\/fr\/wp-json\/wp\/v2\/product"}],"about":[{"href":"https:\/\/www.moskito.cz\/fr\/wp-json\/wp\/v2\/types\/product"}],"replies":[{"embeddable":true,"href":"https:\/\/www.moskito.cz\/fr\/wp-json\/wp\/v2\/comments?post=249146"}],"wp:featuredmedia":[{"embeddable":true,"href":"https:\/\/www.moskito.cz\/fr\/wp-json\/wp\/v2\/media\/249147"}],"wp:attachment":[{"href":"https:\/\/www.moskito.cz\/fr\/wp-json\/wp\/v2\/media?parent=249146"}],"wp:term":[{"taxonomy":"pwb-brand","embeddable":true,"href":"https:\/\/www.moskito.cz\/fr\/wp-json\/wp\/v2\/pwb-brand?post=249146"},{"taxonomy":"product_brand","embeddable":true,"href":"https:\/\/www.moskito.cz\/fr\/wp-json\/wp\/v2\/product_brand?post=249146"},{"taxonomy":"product_cat","embeddable":true,"href":"https:\/\/www.moskito.cz\/fr\/wp-json\/wp\/v2\/product_cat?post=249146"},{"taxonomy":"product_tag","embeddable":true,"href":"https:\/\/www.moskito.cz\/fr\/wp-json\/wp\/v2\/product_tag?post=249146"}],"curies":[{"name":"wp","href":"https:\/\/api.w.org\/{rel}","templated":true}]}}