{"id":249155,"date":"2023-05-19T20:35:58","date_gmt":"2023-05-19T19:35:58","guid":{"rendered":"https:\/\/www.moskito.cz\/?post_type=product&#038;p=249155"},"modified":"2025-06-28T12:00:43","modified_gmt":"2025-06-28T11:00:43","slug":"zaviraci-nuz-spyderco-endura-4-lightweight-k390-blue-c10fsk390","status":"publish","type":"product","link":"https:\/\/www.moskito.cz\/fr\/produkt\/zaviraci-nuz-spyderco-endura-4-lightweight-k390-blue-c10fsk390\/","title":{"rendered":"Zav\u00edrac\u00ed N\u016f\u017e Spyderco Endura 4 Lightweight K390 Blue C10FSK390"},"content":{"rendered":"<p>Zav\u00edrac\u00ed N\u016f\u017e <strong>Spyderco<\/strong> Endura 4 Lightweight K390 Blue C10FSK390<\/p>\n<p>Spole\u010dnost Bohler-Uddeholm vyvinula K390 MICROCLEAN, aby zajistila extr\u00e9mn\u00ed odolnost proti opot\u0159eben\u00ed a vysokou pevnost v tlaku pot\u0159ebnou pro n\u00e1ro\u010dn\u00e9 pr\u016fmyslov\u00e9 aplikace. V\u00fdjime\u010dn\u00e1 hou\u017eevnatost a odolnost proti opot\u0159eben\u00ed K390 jako \u010depelov\u00e9 oceli se dob\u0159e hod\u00ed pro tenk\u00e9, vysoce v\u00fdkonn\u00e9 ost\u0159\u00ed \u2013 v\u010detn\u011b zub\u016f vroubkovan\u00fdch hran. Verze SpyderEdge Delica 4, Endela a Endura 4 nejen\u017ee pln\u011b vyu\u017e\u00edvaj\u00ed pozoruhodn\u00fdch vlastnost\u00ed K390, ale tak\u00e9 p\u0159id\u00e1vaj\u00ed geometrii hran s n\u00edzk\u00fdm t\u0159en\u00edm a pln\u011b ploch\u00e9ho brou\u0161en\u00ed. Stejn\u011b jako v\u0161ichni \u010dlenov\u00e9 rodiny Spyderco K390 jsou jejich obousm\u011brn\u00e9 texturovan\u00e9 rukojeti FRN tvarov\u00e1ny ve v\u00fdrazn\u00e9 modr\u00e9 barv\u011b.<\/p>\n<p>Specifikace<br \/>\nD\u00e9lka \u010depele: 9.7 Cm<br \/>\nD\u00e9lka v zav\u0159en\u00e9m stavu: 12.6 cm<br \/>\nCelkov\u00e1 d\u00e9lka: 22.3 cm<br \/>\n\u0158ezn\u00e1 hrana: 8.7 cm<br \/>\nTlou\u0161\u0165ka \u010depele: 0.3 cm<br \/>\nMateri\u00e1l \u010depele: N\u00e1strojov\u00e1 ocel Bohler K390<br \/>\nStyl \u010depele: Drop Point<br \/>\nBrou\u0161en\u00ed \u010depele: Pln\u011b ploch\u00e9<br \/>\nPovrchov\u00e1 \u00faprava \u010depele: sat\u00e9n<br \/>\nOst\u0159\u00ed \u010depele: Vroubkovan\u00e9<br \/>\nMateri\u00e1l rukojeti: FRN<br \/>\nBarva rukojeti: kobaltov\u00e1 modr\u00e1<br \/>\nUzamykac\u00ed mechanismus: Lockback<br \/>\nKapesn\u00ed spona: Nerezov\u00e1 ocel (Tip-Up\/Down, Right\/Left carry)<br \/>\n\u010c\u00edslo modelu: C10FSK390<br \/>\nN\u00e1zev modelu: Endura 4 Lightweight SpyderEdge K390<br \/>\nHmotnost: 3,32 oz. (94 g)<br \/>\nVyrobeno v Japonsku<\/p>\n<p><strong>Pozn\u00e1mka: K390 je vysoce v\u00fdkonn\u00e1 nerezov\u00e1 ocel, kter\u00e1 m\u016f\u017ee p\u0159i nespr\u00e1vn\u00e9 p\u00e9\u010di rezav\u011bt. Po pou\u017eit\u00ed \u010depel v\u017edy o\u010dist\u011bte a osu\u0161te a v p\u0159\u00edpad\u011b pot\u0159eby naneste olej nebo jin\u00e9 p\u0159\u00edpravky zabra\u0148uj\u00edc\u00ed korozi .<\/strong><\/p>\n","protected":false},"excerpt":{"rendered":"<p><strong>K390 sat\u00e9nov\u00e1 zoubkovan\u00e1 \u010depel, modr\u00e9 rukojeti FRN<\/strong><\/p>\n","protected":false},"featured_media":249156,"comment_status":"open","ping_status":"closed","template":"","meta":[],"pwb-brand":[567],"product_brand":[],"product_cat":[22,17],"product_tag":[3667],"class_list":{"0":"post-249155","1":"product","2":"type-product","3":"status-publish","4":"has-post-thumbnail","6":"pwb-brand-spyderco","7":"product_cat-zaviraci-noze","8":"product_cat-noze","9":"product_tag-b2b","11":"first","12":"instock","13":"sale","14":"taxable","15":"shipping-taxable","16":"purchasable","17":"product-type-simple"},"brands":[{"id":567,"name":"Spyderco","slug":"spyderco"}],"_links":{"self":[{"href":"https:\/\/www.moskito.cz\/fr\/wp-json\/wp\/v2\/product\/249155","targetHints":{"allow":["GET"]}}],"collection":[{"href":"https:\/\/www.moskito.cz\/fr\/wp-json\/wp\/v2\/product"}],"about":[{"href":"https:\/\/www.moskito.cz\/fr\/wp-json\/wp\/v2\/types\/product"}],"replies":[{"embeddable":true,"href":"https:\/\/www.moskito.cz\/fr\/wp-json\/wp\/v2\/comments?post=249155"}],"wp:featuredmedia":[{"embeddable":true,"href":"https:\/\/www.moskito.cz\/fr\/wp-json\/wp\/v2\/media\/249156"}],"wp:attachment":[{"href":"https:\/\/www.moskito.cz\/fr\/wp-json\/wp\/v2\/media?parent=249155"}],"wp:term":[{"taxonomy":"pwb-brand","embeddable":true,"href":"https:\/\/www.moskito.cz\/fr\/wp-json\/wp\/v2\/pwb-brand?post=249155"},{"taxonomy":"product_brand","embeddable":true,"href":"https:\/\/www.moskito.cz\/fr\/wp-json\/wp\/v2\/product_brand?post=249155"},{"taxonomy":"product_cat","embeddable":true,"href":"https:\/\/www.moskito.cz\/fr\/wp-json\/wp\/v2\/product_cat?post=249155"},{"taxonomy":"product_tag","embeddable":true,"href":"https:\/\/www.moskito.cz\/fr\/wp-json\/wp\/v2\/product_tag?post=249155"}],"curies":[{"name":"wp","href":"https:\/\/api.w.org\/{rel}","templated":true}]}}