{"id":249867,"date":"2023-06-01T09:15:46","date_gmt":"2023-06-01T08:15:46","guid":{"rendered":"https:\/\/www.moskito.cz\/?post_type=product&#038;p=249867"},"modified":"2026-02-16T19:21:57","modified_gmt":"2026-02-16T18:21:57","slug":"sada-2-ks-spyderco-triangle-sharpmaker-diamond-rods-204d","status":"publish","type":"product","link":"https:\/\/www.moskito.cz\/fr\/produkt\/sada-2-ks-spyderco-triangle-sharpmaker-diamond-rods-204d\/","title":{"rendered":"Sada 2 ks Spyderco Triangle Sharpmaker Diamond Rods 204D"},"content":{"rendered":"<p data-start=\"110\" data-end=\"527\">Kdy\u017e se postar\u00e1\u0161 o ostrost sv\u00fdch no\u017e\u016f po\u0159\u00e1dn\u011b, je to jako vr\u00e1tit je zp\u00e1tky do \u017eivota. <strong data-start=\"196\" data-end=\"256\">Sada 2 ks Spyderco Triangle Sharpmaker Diamond Rods 204D<\/strong> je navr\u017eena p\u0159esn\u011b pro tento \u00fa\u010del \u2013 zrychlit a usnadnit brou\u0161en\u00ed i t\u011bch nejobt\u00ed\u017en\u011bj\u0161\u00edch \u010depel\u00ed. Tyto diamantov\u00e9 ty\u010dky jsou ide\u00e1ln\u00ed dopln\u011bk k tradi\u010dn\u00edmu syst\u00e9mu brou\u0161en\u00ed Spyderco Sharpmaker, pokud chce\u0161 dos\u00e1hnout extr\u00e9mn\u011b rychl\u00e9ho a konzistentn\u00edho ost\u0159en\u00ed bez kompromis\u016f.<\/p>\n<hr data-start=\"529\" data-end=\"532\" \/>\n<p data-start=\"534\" data-end=\"562\">\ud83d\udd25 <strong data-start=\"537\" data-end=\"562\">Charakter a filozofie<\/strong><\/p>\n<p data-start=\"564\" data-end=\"598\">Diamond Rods 204D jsou ur\u010deny pro:<\/p>\n<ul data-start=\"600\" data-end=\"777\">\n<li data-start=\"600\" data-end=\"634\">\n<p data-start=\"602\" data-end=\"634\">rychl\u00e9 o\u017eiven\u00ed otupen\u00e9ho ost\u0159\u00ed<\/p>\n<\/li>\n<li data-start=\"635\" data-end=\"673\">\n<p data-start=\"637\" data-end=\"673\">opravu lehk\u00fdch h\u0159betn\u00edch po\u0161kozen\u00ed<\/p>\n<\/li>\n<li data-start=\"674\" data-end=\"715\">\n<p data-start=\"676\" data-end=\"715\">dosa\u017een\u00ed rovnom\u011brn\u00e9ho \u00fab\u011bru materi\u00e1lu<\/p>\n<\/li>\n<li data-start=\"716\" data-end=\"777\">\n<p data-start=\"718\" data-end=\"777\">konzistentn\u00ed v\u00fdkon bez \u201evysok\u00fdch a n\u00edzk\u00fdch\u201c m\u00edst na ost\u0159\u00ed<\/p>\n<\/li>\n<\/ul>\n<p data-start=\"779\" data-end=\"989\">Na rozd\u00edl od b\u011b\u017en\u00fdch keramick\u00fdch ty\u010dek, diamantov\u00e1 povrchov\u00e1 vrstva \u0159e\u017ee agresivn\u011bji a odstra\u0148uje materi\u00e1l rychleji \u2013 co\u017e je v\u00fdhoda zejm\u00e9na u tvrd\u0161\u00edch ocel\u00ed, kter\u00e9 mohou b\u00fdt obt\u00ed\u017en\u00e9 nabrousit jin\u00fdmi prost\u0159edky.<\/p>\n<hr data-start=\"991\" data-end=\"994\" \/>\n<p data-start=\"996\" data-end=\"1012\">\ud83c\udfed <strong data-start=\"999\" data-end=\"1012\">O v\u00fdrobci<\/strong><\/p>\n<p data-start=\"1014\" data-end=\"1315\"><strong data-start=\"1014\" data-end=\"1055\"><span class=\"hover:entity-accent entity-underline inline cursor-pointer align-baseline\"><span class=\"whitespace-normal\">Spyderco<\/span><\/span><\/strong> je zna\u010dka s dlouhou tradic\u00ed v oblasti no\u017e\u016f a ost\u0159en\u00ed. Jej\u00ed syst\u00e9m Sharpmaker pat\u0159\u00ed mezi nejuzn\u00e1van\u011bj\u0161\u00ed a nejuniverz\u00e1ln\u011bj\u0161\u00ed brusn\u00e9 platformy na trhu. Diamond Rods 204D jsou ofici\u00e1ln\u00edm p\u0159\u00edslu\u0161enstv\u00edm, kter\u00e9 dopl\u0148uje tento syst\u00e9m o agresivn\u00ed diamantov\u00e9 brou\u0161en\u00ed.<\/p>\n<hr data-start=\"1317\" data-end=\"1320\" \/>\n<p data-start=\"1322\" data-end=\"1348\">\ud83d\udca0 <strong data-start=\"1325\" data-end=\"1348\">Design a konstrukce<\/strong><\/p>\n<p data-start=\"1350\" data-end=\"1377\">Tyto diamantov\u00e9 ty\u010dky jsou:<\/p>\n<ul data-start=\"1379\" data-end=\"1603\">\n<li data-start=\"1379\" data-end=\"1424\">\n<p data-start=\"1381\" data-end=\"1424\">ve tvaru troj\u00faheln\u00edku pro stabiln\u00ed veden\u00ed<\/p>\n<\/li>\n<li data-start=\"1425\" data-end=\"1485\">\n<p data-start=\"1427\" data-end=\"1485\">povrstven\u00e9 vysoce kvalitn\u00ed diamantovou abrazivn\u00ed vrstvou<\/p>\n<\/li>\n<li data-start=\"1486\" data-end=\"1547\">\n<p data-start=\"1488\" data-end=\"1547\">kompatibiln\u00ed se v\u0161emi troj\u00faheln\u00edkov\u00fdmi vodi\u010di Sharpmakeru<\/p>\n<\/li>\n<li data-start=\"1548\" data-end=\"1603\">\n<p data-start=\"1550\" data-end=\"1603\">odoln\u00e9 \u2013 diamantov\u00e1 vrstva z\u016fst\u00e1v\u00e1 ostr\u00e1 dlouhodob\u011b<\/p>\n<\/li>\n<\/ul>\n<p data-start=\"1605\" data-end=\"1716\">Troj\u00faheln\u00edkov\u00fd profil nav\u00edc zaji\u0161\u0165uje t\u0159i rovinn\u00e9 strany pro r\u016fzn\u00e9 \u00fahly ost\u0159en\u00ed bez pot\u0159eby p\u0159em\u00eds\u0165ov\u00e1n\u00ed ty\u010dek.<\/p>\n<hr data-start=\"1718\" data-end=\"1721\" \/>\n<p data-start=\"1723\" data-end=\"1741\">\ud83e\ude93 <strong data-start=\"1726\" data-end=\"1741\">Jak funguj\u00ed<\/strong><\/p>\n<p data-start=\"1743\" data-end=\"1813\">Diamond Rods se pou\u017e\u00edvaj\u00ed spole\u010dn\u011b se z\u00e1kladn\u00ed sadou Sharpmaker takto:<\/p>\n<ul data-start=\"1815\" data-end=\"1990\">\n<li data-start=\"1815\" data-end=\"1866\">\n<p data-start=\"1817\" data-end=\"1866\">um\u00edst\u00ed\u0161 ty\u010dky do vodi\u010d\u016f ve stanoven\u00fdch pozic\u00edch<\/p>\n<\/li>\n<li data-start=\"1867\" data-end=\"1926\">\n<p data-start=\"1869\" data-end=\"1926\">dr\u017e\u00ed\u0161 \u010depel pod spr\u00e1vn\u00fdm \u00fahlem podle doporu\u010den\u00ed v\u00fdrobce<\/p>\n<\/li>\n<li data-start=\"1927\" data-end=\"1990\">\n<p data-start=\"1929\" data-end=\"1990\">tahy sm\u011brem dol\u016f a nahoru rychle narovnaj\u00ed a nabrous\u00ed ost\u0159\u00ed<\/p>\n<\/li>\n<\/ul>\n<p data-start=\"1992\" data-end=\"2005\">V\u00fdsledkem je:<\/p>\n<p data-start=\"2007\" data-end=\"2118\">\u2705 rychlej\u0161\u00ed pr\u016fb\u011bh brou\u0161en\u00ed<br data-start=\"2034\" data-end=\"2037\" \/>\u2705 ostr\u00e9 ost\u0159\u00ed i u otupen\u00fdch nebo po\u0161kozen\u00fdch no\u017e\u016f<br data-start=\"2086\" data-end=\"2089\" \/>\u2705 konzistentn\u00ed \u00fab\u011br materi\u00e1lu<\/p>\n<hr data-start=\"2120\" data-end=\"2123\" \/>\n<p data-start=\"2125\" data-end=\"2153\">\u2699\ufe0f <strong data-start=\"2128\" data-end=\"2153\">Technick\u00e9 specifikace<\/strong><\/p>\n<div class=\"TyagGW_tableContainer\">\n<div class=\"group TyagGW_tableWrapper flex flex-col-reverse w-fit\" tabindex=\"-1\">\n<table class=\"w-fit min-w-(--thread-content-width)\" data-start=\"2155\" data-end=\"2454\">\n<thead data-start=\"2155\" data-end=\"2177\">\n<tr data-start=\"2155\" data-end=\"2177\">\n<th class=\"\" data-start=\"2155\" data-end=\"2166\" data-col-size=\"sm\">Parametr<\/th>\n<th class=\"\" data-start=\"2166\" data-end=\"2177\" data-col-size=\"sm\">Hodnota<\/th>\n<\/tr>\n<\/thead>\n<tbody data-start=\"2202\" data-end=\"2454\">\n<tr data-start=\"2202\" data-end=\"2246\">\n<td data-start=\"2202\" data-end=\"2210\" data-col-size=\"sm\">N\u00e1zev<\/td>\n<td data-start=\"2210\" data-end=\"2246\" data-col-size=\"sm\">Triangle Sharpmaker Diamond Rods<\/td>\n<\/tr>\n<tr data-start=\"2247\" data-end=\"2263\">\n<td data-start=\"2247\" data-end=\"2255\" data-col-size=\"sm\">Model<\/td>\n<td data-col-size=\"sm\" data-start=\"2255\" data-end=\"2263\">204D<\/td>\n<\/tr>\n<tr data-start=\"2264\" data-end=\"2285\">\n<td data-start=\"2264\" data-end=\"2277\" data-col-size=\"sm\">Po\u010det kus\u016f<\/td>\n<td data-start=\"2277\" data-end=\"2285\" data-col-size=\"sm\">2 ks<\/td>\n<\/tr>\n<tr data-start=\"2286\" data-end=\"2319\">\n<td data-start=\"2286\" data-end=\"2292\" data-col-size=\"sm\">Typ<\/td>\n<td data-start=\"2292\" data-end=\"2319\" data-col-size=\"sm\">Diamantov\u00e9 brusn\u00e9 ty\u010dky<\/td>\n<\/tr>\n<tr data-start=\"2320\" data-end=\"2347\">\n<td data-start=\"2320\" data-end=\"2329\" data-col-size=\"sm\">Profil<\/td>\n<td data-start=\"2329\" data-end=\"2347\" data-col-size=\"sm\">Troj\u00faheln\u00edkov\u00fd<\/td>\n<\/tr>\n<tr data-start=\"2348\" data-end=\"2385\">\n<td data-start=\"2348\" data-end=\"2364\" data-col-size=\"sm\">Kompatibilita<\/td>\n<td data-start=\"2364\" data-end=\"2385\" data-col-size=\"sm\">Syst\u00e9m Sharpmaker<\/td>\n<\/tr>\n<tr data-start=\"2386\" data-end=\"2423\">\n<td data-start=\"2386\" data-end=\"2396\" data-col-size=\"sm\">Pou\u017eit\u00ed<\/td>\n<td data-start=\"2396\" data-end=\"2423\" data-col-size=\"sm\">Brou\u0161en\u00ed a oprava ost\u0159\u00ed<\/td>\n<\/tr>\n<tr data-start=\"2424\" data-end=\"2454\">\n<td data-start=\"2424\" data-end=\"2433\" data-col-size=\"sm\">Povrch<\/td>\n<td data-start=\"2433\" data-end=\"2454\" data-col-size=\"sm\">Diamantov\u00e1 abraze<\/td>\n<\/tr>\n<\/tbody>\n<\/table>\n<\/div>\n<\/div>\n<hr data-start=\"2456\" data-end=\"2459\" \/>\n<p data-start=\"2461\" data-end=\"2480\">\u2705 <strong data-start=\"2463\" data-end=\"2480\">Hlavn\u00ed v\u00fdhody<\/strong><\/p>\n<ul data-start=\"2482\" data-end=\"2679\">\n<li data-start=\"2482\" data-end=\"2529\">\n<p data-start=\"2484\" data-end=\"2529\">Rychl\u00e9 a efektivn\u00ed brou\u0161en\u00ed i tvrd\u00fdch ocel\u00ed<\/p>\n<\/li>\n<li data-start=\"2530\" data-end=\"2574\">\n<p data-start=\"2532\" data-end=\"2574\">Long-lasting diamantov\u00e1 abrazivn\u00ed vrstva<\/p>\n<\/li>\n<li data-start=\"2575\" data-end=\"2631\">\n<p data-start=\"2577\" data-end=\"2631\">Kompatibiln\u00ed s t\u00e9m\u011b\u0159 v\u0161emi pevn\u00fdmi i zav\u00edrac\u00edmi no\u017ei<\/p>\n<\/li>\n<li data-start=\"2632\" data-end=\"2679\">\n<p data-start=\"2634\" data-end=\"2679\">Snadn\u00e1 manipulace d\u00edky troj\u00faheln\u00edkov\u00e9mu tvaru<\/p>\n<\/li>\n<\/ul>\n<hr data-start=\"2681\" data-end=\"2684\" \/>\n<p data-start=\"2686\" data-end=\"2706\">\u26a0\ufe0f <strong data-start=\"2689\" data-end=\"2706\">Mo\u017en\u00e1 omezen\u00ed<\/strong><\/p>\n<ul data-start=\"2708\" data-end=\"2931\">\n<li data-start=\"2708\" data-end=\"2778\">\n<p data-start=\"2710\" data-end=\"2778\">Vy\u0161\u0161\u00ed abrazivnost m\u016f\u017ee ubrat v\u00edce oceli \u2013 vy\u017eaduje citliv\u011bj\u0161\u00ed ruku<\/p>\n<\/li>\n<li data-start=\"2779\" data-end=\"2844\">\n<p data-start=\"2781\" data-end=\"2844\">Nepou\u017eiteln\u00e9 bez z\u00e1kladn\u00edho syst\u00e9mu Sharpmaker (nutn\u00e9 vodi\u010de)<\/p>\n<\/li>\n<li data-start=\"2845\" data-end=\"2931\">\n<p data-start=\"2847\" data-end=\"2931\">Nejsou ide\u00e1ln\u00ed pro extr\u00e9mn\u011b jemn\u00e9 vyla\u010fov\u00e1n\u00ed \u2013 sp\u00ed\u0161e pro z\u00e1kladn\u00ed a opravn\u00e9 brou\u0161en\u00ed<\/p>\n<\/li>\n<\/ul>\n<hr data-start=\"2933\" data-end=\"2936\" \/>\n<p data-start=\"2938\" data-end=\"2959\">\ud83d\udee0\ufe0f <strong data-start=\"2942\" data-end=\"2959\">\u00dadr\u017eba a p\u00e9\u010de<\/strong><\/p>\n<p data-start=\"2961\" data-end=\"3147\">Po pou\u017eit\u00ed jednodu\u0161e ot\u0159ete ty\u010dky such\u00fdm had\u0159\u00edkem: diamantov\u00e1 povrchov\u00e1 vrstva se nevym\u00fdv\u00e1 a nevy\u017eaduje speci\u00e1ln\u00ed maziva. Uchov\u00e1vej je v such\u00e9m prost\u0159ed\u00ed a chra\u0148 p\u0159ed po\u0161kozen\u00edm povrchu.<\/p>\n<hr data-start=\"3149\" data-end=\"3152\" \/>\n<p data-start=\"3154\" data-end=\"3175\">\ud83c\udfaf <strong data-start=\"3157\" data-end=\"3175\">Doporu\u010deno pro<\/strong><\/p>\n<ul data-start=\"3177\" data-end=\"3338\">\n<li data-start=\"3177\" data-end=\"3211\">\n<p data-start=\"3179\" data-end=\"3211\">U\u017eivatele Spyderco Sharpmakeru<\/p>\n<\/li>\n<li data-start=\"3212\" data-end=\"3240\">\n<p data-start=\"3214\" data-end=\"3240\">Lovce a outdoor nad\u0161ence<\/p>\n<\/li>\n<li data-start=\"3241\" data-end=\"3286\">\n<p data-start=\"3243\" data-end=\"3286\">Kuchy\u0148sk\u00e9 no\u017ee a kvalitn\u00ed pracovn\u00ed \u010depele<\/p>\n<\/li>\n<li data-start=\"3287\" data-end=\"3338\">\n<p data-start=\"3289\" data-end=\"3338\">Ka\u017ed\u00e9ho, kdo chce rychl\u00e9 a konzistentn\u00ed ost\u0159en\u00ed<\/p>\n<\/li>\n<\/ul>\n<hr data-start=\"3340\" data-end=\"3343\" \/>\n<p data-start=\"3345\" data-end=\"3370\">\u2b50 <strong data-start=\"3347\" data-end=\"3370\">Z\u00e1v\u011bre\u010dn\u00e9 hodnocen\u00ed<\/strong><\/p>\n<p data-start=\"3372\" data-end=\"3623\">Sada <strong data-start=\"3377\" data-end=\"3432\">2 ks Spyderco Triangle Sharpmaker Diamond Rods 204D<\/strong> je excelentn\u00ed dopln\u011bk pro v\u0161echny, kdo cht\u011bj\u00ed ost\u0159en\u00ed posunout na novou \u00farove\u0148. Rychl\u00e9, agresivn\u00ed a spolehliv\u00e9 \u2013 ide\u00e1ln\u00ed pro ka\u017ed\u00e9ho majitele no\u017e\u016f, kter\u00fd hled\u00e1 snadn\u00e9, ale v\u00fdkonn\u00e9 \u0159e\u0161en\u00ed \ud83d\udd2a\u2728<\/p>\n","protected":false},"excerpt":{"rendered":"<p><strong>Sada 2 ks Spyderco Triangle Sharpmaker Diamond Rods 204D je excelentn\u00ed dopln\u011bk pro v\u0161echny, kdo cht\u011bj\u00ed ost\u0159en\u00ed posunout na novou \u00farove\u0148. Rychl\u00e9, agresivn\u00ed a spolehliv\u00e9 \u2013 ide\u00e1ln\u00ed pro ka\u017ed\u00e9ho majitele no\u017e\u016f, kter\u00fd hled\u00e1 snadn\u00e9, ale v\u00fdkonn\u00e9 \u0159e\u0161en\u00ed \ud83d\udd2a\u2728<\/strong><\/p>\n","protected":false},"featured_media":249868,"comment_status":"open","ping_status":"closed","template":"","meta":[],"pwb-brand":[567],"product_brand":[],"product_cat":[26],"product_tag":[3667],"class_list":{"0":"post-249867","1":"product","2":"type-product","3":"status-publish","4":"has-post-thumbnail","6":"pwb-brand-spyderco","7":"product_cat-brousky-a-ocilky","8":"product_tag-b2b","10":"first","11":"instock","12":"taxable","13":"shipping-taxable","14":"purchasable","15":"product-type-simple"},"brands":[{"id":567,"name":"Spyderco","slug":"spyderco"}],"_links":{"self":[{"href":"https:\/\/www.moskito.cz\/fr\/wp-json\/wp\/v2\/product\/249867","targetHints":{"allow":["GET"]}}],"collection":[{"href":"https:\/\/www.moskito.cz\/fr\/wp-json\/wp\/v2\/product"}],"about":[{"href":"https:\/\/www.moskito.cz\/fr\/wp-json\/wp\/v2\/types\/product"}],"replies":[{"embeddable":true,"href":"https:\/\/www.moskito.cz\/fr\/wp-json\/wp\/v2\/comments?post=249867"}],"wp:featuredmedia":[{"embeddable":true,"href":"https:\/\/www.moskito.cz\/fr\/wp-json\/wp\/v2\/media\/249868"}],"wp:attachment":[{"href":"https:\/\/www.moskito.cz\/fr\/wp-json\/wp\/v2\/media?parent=249867"}],"wp:term":[{"taxonomy":"pwb-brand","embeddable":true,"href":"https:\/\/www.moskito.cz\/fr\/wp-json\/wp\/v2\/pwb-brand?post=249867"},{"taxonomy":"product_brand","embeddable":true,"href":"https:\/\/www.moskito.cz\/fr\/wp-json\/wp\/v2\/product_brand?post=249867"},{"taxonomy":"product_cat","embeddable":true,"href":"https:\/\/www.moskito.cz\/fr\/wp-json\/wp\/v2\/product_cat?post=249867"},{"taxonomy":"product_tag","embeddable":true,"href":"https:\/\/www.moskito.cz\/fr\/wp-json\/wp\/v2\/product_tag?post=249867"}],"curies":[{"name":"wp","href":"https:\/\/api.w.org\/{rel}","templated":true}]}}