{"id":249931,"date":"2023-06-04T17:46:02","date_gmt":"2023-06-04T16:46:02","guid":{"rendered":"https:\/\/www.moskito.cz\/?post_type=product&#038;p=249931"},"modified":"2025-05-07T10:51:09","modified_gmt":"2025-05-07T09:51:09","slug":"brousek-spyderco-ceramic-bench-stone-ultra-fine-302uf","status":"publish","type":"product","link":"https:\/\/www.moskito.cz\/fr\/produkt\/brousek-spyderco-ceramic-bench-stone-ultra-fine-302uf\/","title":{"rendered":"Brousek Spyderco Ceramic Bench Stone Ultra Fine 302UF"},"content":{"rendered":"<p>Brousek <strong>Spyderco<\/strong> Ceramic Bench Stone Ultra Fine 302UF<\/p>\n<p>Proto\u017ee jsou stoln\u00ed kameny Spyderco ploch\u00e9 a \u0161irok\u00e9, jsou vysoce \u00fa\u010dinn\u00e9 pro brou\u0161en\u00ed \u0161irok\u00fdch n\u00e1stroj\u016f, jako jsou hobl\u00edky, dl\u00e1ta, velk\u00e9 \u010depele, d\u0159evoobr\u00e1b\u011bc\u00ed za\u0159\u00edzen\u00ed, dokonce i hrany ly\u017e\u00ed.<\/p>\n<p>Po mnoha po\u017eadavc\u00edch nyn\u00ed <strong>Spyderco<\/strong> vyr\u00e1b\u00ed k\u00e1men s ultrajemnou zrnitost\u00ed 5 x 20 x 3 cm. Ultrajemn\u00e9 kameny jsou ide\u00e1ln\u00ed pro profesion\u00e1ln\u00ed le\u0161t\u011bn\u00ed a kone\u010dnou \u00fapravu a dok\u00e1\u017eou zp\u0159\u00edsnit r\u00fdhovan\u00fd vzor oceli, \u010d\u00edm\u017e p\u0159in\u00e1\u0161ej\u00ed ji\u017e tak ostrou hranu je\u0161t\u011b pronikav\u011bj\u0161\u00edmu K\u00e1men je dod\u00e1v\u00e1n zabalen\u00fd v pevn\u00e9m polymerov\u00e9m \u010dern\u00e9m \u00falo\u017en\u00e9m pouzd\u0159e s protiskluzov\u00fdmi gumov\u00fdmi no\u017ei\u010dkami pro stoln\u00ed pou\u017eit\u00ed Stejn\u011b jako u v\u0161ech keramick\u00fdch kamen\u016f <strong>Spyderco<\/strong> pou\u017e\u00edvejte na\u0161e kameny such\u00e9 bez lubrikant\u016f nebo olej\u016f.<\/p>\n<p>\u010ci\u0161t\u011bn\u00ed: omyjte \u010distou vodou a vydrhn\u011bte kovov\u00e9 \u010d\u00e1stice z kamen\u016f pomoc\u00ed plastov\u00e9 dr\u00e1t\u011bnky a abrazivn\u00edho \u010distic\u00edho prost\u0159edku.<\/p>\n<p>&nbsp;<\/p>\n","protected":false},"excerpt":{"rendered":"<p><strong>Proto\u017ee jsou stoln\u00ed kameny Spyderco ploch\u00e9 a \u0161irok\u00e9, jsou vysoce \u00fa\u010dinn\u00e9 pro brou\u0161en\u00ed \u0161irok\u00fdch n\u00e1stroj\u016f, jako jsou hobl\u00edky, dl\u00e1ta, velk\u00e9 \u010depele, d\u0159evoobr\u00e1b\u011bc\u00ed za\u0159\u00edzen\u00ed, dokonce i hrany ly\u017e\u00ed.<\/strong><\/p>\n","protected":false},"featured_media":249932,"comment_status":"open","ping_status":"closed","template":"","meta":[],"pwb-brand":[567],"product_brand":[],"product_cat":[26],"product_tag":[3667],"class_list":{"0":"post-249931","1":"product","2":"type-product","3":"status-publish","4":"has-post-thumbnail","6":"pwb-brand-spyderco","7":"product_cat-brousky-a-ocilky","8":"product_tag-b2b","10":"first","11":"instock","12":"taxable","13":"shipping-taxable","14":"purchasable","15":"product-type-simple"},"brands":[{"id":567,"name":"Spyderco","slug":"spyderco"}],"_links":{"self":[{"href":"https:\/\/www.moskito.cz\/fr\/wp-json\/wp\/v2\/product\/249931","targetHints":{"allow":["GET"]}}],"collection":[{"href":"https:\/\/www.moskito.cz\/fr\/wp-json\/wp\/v2\/product"}],"about":[{"href":"https:\/\/www.moskito.cz\/fr\/wp-json\/wp\/v2\/types\/product"}],"replies":[{"embeddable":true,"href":"https:\/\/www.moskito.cz\/fr\/wp-json\/wp\/v2\/comments?post=249931"}],"wp:featuredmedia":[{"embeddable":true,"href":"https:\/\/www.moskito.cz\/fr\/wp-json\/wp\/v2\/media\/249932"}],"wp:attachment":[{"href":"https:\/\/www.moskito.cz\/fr\/wp-json\/wp\/v2\/media?parent=249931"}],"wp:term":[{"taxonomy":"pwb-brand","embeddable":true,"href":"https:\/\/www.moskito.cz\/fr\/wp-json\/wp\/v2\/pwb-brand?post=249931"},{"taxonomy":"product_brand","embeddable":true,"href":"https:\/\/www.moskito.cz\/fr\/wp-json\/wp\/v2\/product_brand?post=249931"},{"taxonomy":"product_cat","embeddable":true,"href":"https:\/\/www.moskito.cz\/fr\/wp-json\/wp\/v2\/product_cat?post=249931"},{"taxonomy":"product_tag","embeddable":true,"href":"https:\/\/www.moskito.cz\/fr\/wp-json\/wp\/v2\/product_tag?post=249931"}],"curies":[{"name":"wp","href":"https:\/\/api.w.org\/{rel}","templated":true}]}}