{"id":249967,"date":"2023-06-04T19:42:30","date_gmt":"2023-06-04T18:42:30","guid":{"rendered":"https:\/\/www.moskito.cz\/?post_type=product&#038;p=249967"},"modified":"2025-06-28T12:00:49","modified_gmt":"2025-06-28T11:00:49","slug":"brousek-spyderco-webfoot-sharpener-with-abs-base-suede-pouch-308cbn","status":"publish","type":"product","link":"https:\/\/www.moskito.cz\/fr\/produkt\/brousek-spyderco-webfoot-sharpener-with-abs-base-suede-pouch-308cbn\/","title":{"rendered":"Brousek Spyderco Webfoot Sharpener with ABS Base Suede Pouch 308CBN"},"content":{"rendered":"<p>Brousek <strong>Spyderco<\/strong> Webfoot Sharpener with ABS Base Suede Pouch 308CBN<\/p>\n<p>Webfoot je jedine\u010dn\u011b odli\u0161n\u00fd p\u0159\u00edstup k ost\u0159en\u00ed, kter\u00fd lze pou\u017e\u00edt kdekoli, nastavit jej b\u011bhem n\u011bkolika sekund a nevy\u017eaduje olej, vodu, elekt\u0159inu ani \u017e\u00e1dn\u00e9 slo\u017eit\u00e9 svorky nebo p\u0159\u00edpravky. Je vyroben z jednoho kusu uhl\u00edkov\u00e9 oceli a pota\u017een kubick\u00fdm nitridem b\u00f3ru (CBN) \u2013 nejmodern\u011bj\u0161\u00edm superabrazivem, kter\u00e9 je svou tvrdost\u00ed na druh\u00e9m m\u00edst\u011b za diamantem. Polo\u017een\u00edm \u0161irok\u00e9ho konce Webfoot na rovn\u00fd povrch a jeho k\u00fdv\u00e1n\u00edm ze strany na stranu zarovn\u00e1te jeho vn\u011bj\u0161\u00ed okraje v dokonal\u00e9m \u00fahlu 40 stup\u0148\u016f pro ost\u0159\u00ed u\u017eitkov\u00fdch no\u017e\u016f. Jednodu\u0161e udr\u017eujte rovinu \u010depele svisle a t\u00e1hn\u011bte ji od paty ke \u0161pi\u010dce. P\u0159ilo\u017een\u00e1 ABS plastov\u00e1 z\u00e1kladna sni\u017euje tento \u00fahel na 30 stup\u0148\u016f pro ostr\u00e9 hrany a ten\u010d\u00ed, vysoce v\u00fdkonn\u00e9 no\u017ee. Polo\u017een\u00fd na boku nab\u00edz\u00ed dokonal\u00fd \u00fahel 12,5 stupn\u011b pro brou\u0161en\u00ed n\u016f\u017eek a n\u016f\u017eek. S v\u00edce ne\u017e 15 \u010dtvere\u010dn\u00edch palc\u016f povrch\u016f s abrazivn\u00edm povlakem r\u016fzn\u00fdch tvar\u016f a \u00fahl\u016f lze Webfoot pou\u017e\u00edt k rychl\u00e9mu a snadn\u00e9mu ost\u0159en\u00ed \u0161irok\u00e9 \u0161k\u00e1ly ost\u0159\u00ed a \u0161pi\u010dat\u00fdch n\u00e1stroj\u016f, v\u010detn\u011b t\u011bch se zoubkovan\u00fdmi hranami. Dod\u00e1v\u00e1 se s podrobn\u00fdm n\u00e1vodem a vysoce kvalitn\u00edm semi\u0161ov\u00fdm pouzdrem, kter\u00e9 tak\u00e9 slou\u017e\u00ed jako \u0161ikovn\u00e1 protiskluzov\u00e1 pracovn\u00ed plocha.<\/p>\n","protected":false},"excerpt":{"rendered":"<p><strong>Webfoot je jedine\u010dn\u011b odli\u0161n\u00fd p\u0159\u00edstup k ost\u0159en\u00ed, kter\u00fd lze pou\u017e\u00edt kdekoli, nastavit jej b\u011bhem n\u011bkolika sekund a nevy\u017eaduje olej, vodu, elekt\u0159inu ani \u017e\u00e1dn\u00e9 slo\u017eit\u00e9 svorky nebo p\u0159\u00edpravky.<\/strong><\/p>\n","protected":false},"featured_media":249968,"comment_status":"open","ping_status":"closed","template":"","meta":[],"pwb-brand":[567],"product_brand":[],"product_cat":[26],"product_tag":[3667],"class_list":{"0":"post-249967","1":"product","2":"type-product","3":"status-publish","4":"has-post-thumbnail","6":"pwb-brand-spyderco","7":"product_cat-brousky-a-ocilky","8":"product_tag-b2b","10":"first","11":"instock","12":"sale","13":"taxable","14":"shipping-taxable","15":"purchasable","16":"product-type-simple"},"brands":[{"id":567,"name":"Spyderco","slug":"spyderco"}],"_links":{"self":[{"href":"https:\/\/www.moskito.cz\/fr\/wp-json\/wp\/v2\/product\/249967","targetHints":{"allow":["GET"]}}],"collection":[{"href":"https:\/\/www.moskito.cz\/fr\/wp-json\/wp\/v2\/product"}],"about":[{"href":"https:\/\/www.moskito.cz\/fr\/wp-json\/wp\/v2\/types\/product"}],"replies":[{"embeddable":true,"href":"https:\/\/www.moskito.cz\/fr\/wp-json\/wp\/v2\/comments?post=249967"}],"wp:featuredmedia":[{"embeddable":true,"href":"https:\/\/www.moskito.cz\/fr\/wp-json\/wp\/v2\/media\/249968"}],"wp:attachment":[{"href":"https:\/\/www.moskito.cz\/fr\/wp-json\/wp\/v2\/media?parent=249967"}],"wp:term":[{"taxonomy":"pwb-brand","embeddable":true,"href":"https:\/\/www.moskito.cz\/fr\/wp-json\/wp\/v2\/pwb-brand?post=249967"},{"taxonomy":"product_brand","embeddable":true,"href":"https:\/\/www.moskito.cz\/fr\/wp-json\/wp\/v2\/product_brand?post=249967"},{"taxonomy":"product_cat","embeddable":true,"href":"https:\/\/www.moskito.cz\/fr\/wp-json\/wp\/v2\/product_cat?post=249967"},{"taxonomy":"product_tag","embeddable":true,"href":"https:\/\/www.moskito.cz\/fr\/wp-json\/wp\/v2\/product_tag?post=249967"}],"curies":[{"name":"wp","href":"https:\/\/api.w.org\/{rel}","templated":true}]}}