{"id":250687,"date":"2023-06-10T21:14:46","date_gmt":"2023-06-10T20:14:46","guid":{"rendered":"https:\/\/www.moskito.cz\/?post_type=product&#038;p=250687"},"modified":"2026-01-01T14:51:27","modified_gmt":"2026-01-01T13:51:27","slug":"zaviraci-nuz-spyderco-centofante-3-c66pbk3","status":"publish","type":"product","link":"https:\/\/www.moskito.cz\/fr\/produkt\/zaviraci-nuz-spyderco-centofante-3-c66pbk3\/","title":{"rendered":"Zav\u00edrac\u00ed N\u016f\u017e Spyderco Centofante 3 C66PBK3"},"content":{"rendered":"<h2 data-start=\"189\" data-end=\"242\">\ud83d\udde1\ufe0f Zav\u00edrac\u00ed n\u016f\u017e <strong data-start=\"209\" data-end=\"242\">Spyderco Centofante 3 C66PBK3<\/strong><\/h2>\n<h3 data-start=\"244\" data-end=\"295\">Preciznost, lehkost a p\u0159ipravenost \u2014 ka\u017ed\u00fd den.<\/h3>\n<p data-start=\"297\" data-end=\"613\">Spyderco <em data-start=\"306\" data-end=\"320\">Centofante 3<\/em> je elegantn\u00ed a praktick\u00fd zav\u00edrac\u00ed n\u016f\u017e, kter\u00fd kombinuje <strong data-start=\"376\" data-end=\"438\">lehkou konstrukci, vynikaj\u00edc\u00ed ergonomii a v\u0161estrann\u00fd v\u00fdkon<\/strong>.<br data-start=\"439\" data-end=\"442\" \/>D\u00edky kompaktn\u00edm rozm\u011br\u016fm, snadn\u00e9mu ovl\u00e1d\u00e1n\u00ed a robustn\u00edmu proveden\u00ed je Centofante 3 ide\u00e1ln\u00ed volbou pro ka\u017edodenn\u00ed pou\u017eit\u00ed (EDC), outdoorov\u00e9 \u00fakoly i b\u011b\u017en\u00e9 \u0159emesln\u00e9 \u010dinnosti.<\/p>\n<p data-start=\"615\" data-end=\"742\">Typick\u00fd kruhov\u00fd otvor Spyderco umo\u017e\u0148uje rychl\u00e9 otev\u0159en\u00ed jednou rukou, zat\u00edmco <strong data-start=\"693\" data-end=\"706\">Back Lock<\/strong> bezpe\u010dn\u011b zaji\u0161\u0165uje \u010depel p\u0159i pr\u00e1ci.<\/p>\n<hr data-start=\"744\" data-end=\"747\" \/>\n<h3 data-start=\"749\" data-end=\"774\">Charakter a filozofie<\/h3>\n<p data-start=\"776\" data-end=\"1076\">Centofante 3 p\u0159edstavuje harmonii <strong data-start=\"810\" data-end=\"850\">lehk\u00e9 konstrukce a vysok\u00e9 funk\u010dnosti<\/strong>.<br data-start=\"851\" data-end=\"854\" \/>Je to n\u016f\u017e pro ty, kte\u0159\u00ed necht\u011bj\u00ed kompromisy mezi komfortem no\u0161en\u00ed a v\u00fdkonem.<br data-start=\"930\" data-end=\"933\" \/>Kompaktn\u00ed rozm\u011bry a ergonomick\u00e1 rukoje\u0165 navozuj\u00ed pocit p\u0159irozen\u00e9ho ovl\u00e1d\u00e1n\u00ed, kter\u00e9 je kl\u00ed\u010dov\u00e9 pro ka\u017edodenn\u00ed rutinn\u00ed \u00fakoly i n\u00e1ro\u010dn\u011bj\u0161\u00ed \u0159ez\u00e1n\u00ed.<\/p>\n<p data-start=\"1078\" data-end=\"1189\">Tento model je perfektn\u00ed volbou pro u\u017eivatele, kte\u0159\u00ed oce\u0148uj\u00ed <strong data-start=\"1139\" data-end=\"1188\">rychl\u00e9 ovl\u00e1d\u00e1n\u00ed, jist\u00fd \u00fachop a vyv\u00e1\u017een\u00fd v\u00fdkon<\/strong>.<\/p>\n<hr data-start=\"1191\" data-end=\"1194\" \/>\n<h2 data-start=\"1196\" data-end=\"1211\">\ud83c\udfed O v\u00fdrobci<\/h2>\n<p data-start=\"1213\" data-end=\"1419\">Spyderco je zna\u010dka, kter\u00e1 dlouhodob\u011b ud\u00e1v\u00e1 tempo v modern\u00edm no\u017e\u00ed\u0159stv\u00ed.<br data-start=\"1283\" data-end=\"1286\" \/>D\u00edky d\u016frazu na <strong data-start=\"1301\" data-end=\"1349\">ergonomii, inovaci a praktickou pou\u017eitelnost<\/strong> si jejich no\u017ee z\u00edskaly d\u016fv\u011bru profesion\u00e1l\u016f i nad\u0161enc\u016f po cel\u00e9m sv\u011bt\u011b.<\/p>\n<p data-start=\"1421\" data-end=\"1543\">Centofante 3 je dal\u0161\u00edm p\u0159\u00edkladem toho, jak Spyderco dok\u00e1\u017ee spojit <strong data-start=\"1487\" data-end=\"1542\">tradi\u010dn\u00ed kvalitu s komfortem a v\u0161estrann\u00fdm pou\u017eit\u00edm<\/strong>.<\/p>\n<hr data-start=\"1545\" data-end=\"1548\" \/>\n<h2 data-start=\"1550\" data-end=\"1577\">\u2699\ufe0f Technick\u00e9 specifikace<\/h2>\n<div class=\"TyagGW_tableContainer\">\n<div class=\"group TyagGW_tableWrapper flex w-fit flex-col-reverse\" tabindex=\"-1\">\n<table class=\"w-fit min-w-(--thread-content-width)\" data-start=\"1579\" data-end=\"2141\">\n<thead data-start=\"1579\" data-end=\"1601\">\n<tr data-start=\"1579\" data-end=\"1601\">\n<th data-start=\"1579\" data-end=\"1590\" data-col-size=\"sm\">Parametr<\/th>\n<th data-start=\"1590\" data-end=\"1601\" data-col-size=\"md\">Hodnota<\/th>\n<\/tr>\n<\/thead>\n<tbody data-start=\"1625\" data-end=\"2141\">\n<tr data-start=\"1625\" data-end=\"1660\">\n<td data-start=\"1625\" data-end=\"1641\" data-col-size=\"sm\">Celkov\u00e1 d\u00e9lka<\/td>\n<td data-start=\"1641\" data-end=\"1660\" data-col-size=\"md\">cca <strong data-start=\"1647\" data-end=\"1658\">21,3 cm<\/strong><\/td>\n<\/tr>\n<tr data-start=\"1661\" data-end=\"1694\">\n<td data-start=\"1661\" data-end=\"1676\" data-col-size=\"sm\">D\u00e9lka \u010depele<\/td>\n<td data-start=\"1676\" data-end=\"1694\" data-col-size=\"md\">cca <strong data-start=\"1682\" data-end=\"1692\">8,6 cm<\/strong><\/td>\n<\/tr>\n<tr data-start=\"1695\" data-end=\"1731\">\n<td data-start=\"1695\" data-end=\"1713\" data-col-size=\"sm\">Tlou\u0161\u0165ka \u010depele<\/td>\n<td data-start=\"1713\" data-end=\"1731\" data-col-size=\"md\">cca <strong data-start=\"1719\" data-end=\"1729\">2,9 mm<\/strong><\/td>\n<\/tr>\n<tr data-start=\"1732\" data-end=\"1788\">\n<td data-start=\"1732\" data-end=\"1750\" data-col-size=\"sm\">Materi\u00e1l \u010depele<\/td>\n<td data-start=\"1750\" data-end=\"1788\" data-col-size=\"md\"><strong data-start=\"1752\" data-end=\"1761\">VG-10<\/strong> \u2013 pr\u00e9miov\u00e1 nerezov\u00e1 ocel<\/td>\n<\/tr>\n<tr data-start=\"1789\" data-end=\"1826\">\n<td data-start=\"1789\" data-end=\"1805\" data-col-size=\"sm\">Tvrdost oceli<\/td>\n<td data-start=\"1805\" data-end=\"1826\" data-col-size=\"md\">cca <strong data-start=\"1811\" data-end=\"1824\">59\u201361 HRC<\/strong><\/td>\n<\/tr>\n<tr data-start=\"1827\" data-end=\"1859\">\n<td data-start=\"1827\" data-end=\"1841\" data-col-size=\"sm\">Tvar \u010depele<\/td>\n<td data-start=\"1841\" data-end=\"1859\" data-col-size=\"md\"><strong data-start=\"1843\" data-end=\"1857\">Leaf-shape<\/strong><\/td>\n<\/tr>\n<tr data-start=\"1860\" data-end=\"1895\">\n<td data-start=\"1860\" data-end=\"1876\" data-col-size=\"sm\">Povrch \u010depele<\/td>\n<td data-start=\"1876\" data-end=\"1895\" data-col-size=\"md\"><strong data-start=\"1878\" data-end=\"1893\">Black Blade<\/strong><\/td>\n<\/tr>\n<tr data-start=\"1896\" data-end=\"1934\">\n<td data-start=\"1896\" data-end=\"1906\" data-col-size=\"sm\">Rukoje\u0165<\/td>\n<td data-start=\"1906\" data-end=\"1934\" data-col-size=\"md\">FRN (\u010dern\u00e1, texturovan\u00e1)<\/td>\n<\/tr>\n<tr data-start=\"1935\" data-end=\"1996\">\n<td data-start=\"1935\" data-end=\"1943\" data-col-size=\"sm\">Z\u00e1mek<\/td>\n<td data-start=\"1943\" data-end=\"1996\" data-col-size=\"md\"><strong data-start=\"1945\" data-end=\"1958\">Back Lock<\/strong> \u2013 bezpe\u010dn\u00fd a spolehliv\u00fd mechanismus<\/td>\n<\/tr>\n<tr data-start=\"1997\" data-end=\"2035\">\n<td data-start=\"1997\" data-end=\"2009\" data-col-size=\"sm\">Otev\u00edr\u00e1n\u00ed<\/td>\n<td data-start=\"2009\" data-end=\"2035\" data-col-size=\"md\">Kruhov\u00fd otvor Spyderco<\/td>\n<\/tr>\n<tr data-start=\"2036\" data-end=\"2088\">\n<td data-start=\"2036\" data-end=\"2043\" data-col-size=\"sm\">Klip<\/td>\n<td data-start=\"2043\" data-end=\"2088\" data-col-size=\"md\">\u010cty\u0159polohov\u00fd \u2013 flexibiln\u00ed mo\u017enosti no\u0161en\u00ed<\/td>\n<\/tr>\n<tr data-start=\"2089\" data-end=\"2119\">\n<td data-start=\"2089\" data-end=\"2100\" data-col-size=\"sm\">Hmotnost<\/td>\n<td data-start=\"2100\" data-end=\"2119\" data-col-size=\"md\">cca <strong data-start=\"2106\" data-end=\"2117\">75\u201385 g<\/strong><\/td>\n<\/tr>\n<tr data-start=\"2120\" data-end=\"2141\">\n<td data-start=\"2120\" data-end=\"2129\" data-col-size=\"sm\">V\u00fdroba<\/td>\n<td data-start=\"2129\" data-end=\"2141\" data-col-size=\"md\">Japonsko<\/td>\n<\/tr>\n<\/tbody>\n<\/table>\n<\/div>\n<\/div>\n<hr data-start=\"2143\" data-end=\"2146\" \/>\n<h2 data-start=\"2148\" data-end=\"2166\">\u2705 Hlavn\u00ed v\u00fdhody<\/h2>\n<ul data-start=\"2168\" data-end=\"2552\">\n<li data-start=\"2168\" data-end=\"2236\">\n<p data-start=\"2170\" data-end=\"2236\"><strong data-start=\"2170\" data-end=\"2202\">Lehk\u00e1 a kompaktn\u00ed konstrukce<\/strong> \u2013 ide\u00e1ln\u00ed pro ka\u017edodenn\u00ed no\u0161en\u00ed<\/p>\n<\/li>\n<li data-start=\"2237\" data-end=\"2312\">\n<p data-start=\"2239\" data-end=\"2312\"><strong data-start=\"2239\" data-end=\"2262\">Pr\u00e9miov\u00e1 ocel VG-10<\/strong> \u2013 skv\u011bl\u00e1 rovnov\u00e1ha ostrosti, odolnosti a \u00fadr\u017eby<\/p>\n<\/li>\n<li data-start=\"2313\" data-end=\"2365\">\n<p data-start=\"2315\" data-end=\"2365\"><strong data-start=\"2315\" data-end=\"2328\">Back Lock<\/strong> \u2013 bezpe\u010dn\u00e9 a pevn\u00e9 uzam\u010den\u00ed \u010depele<\/p>\n<\/li>\n<li data-start=\"2366\" data-end=\"2421\">\n<p data-start=\"2368\" data-end=\"2421\"><strong data-start=\"2368\" data-end=\"2389\">\u010cty\u0159polohov\u00fd klip<\/strong> \u2013 variabiln\u00ed um\u00edst\u011bn\u00ed v kapse<\/p>\n<\/li>\n<li data-start=\"2422\" data-end=\"2483\">\n<p data-start=\"2424\" data-end=\"2483\"><strong data-start=\"2424\" data-end=\"2450\">Kruhov\u00fd otvor Spyderco<\/strong> \u2013 snadn\u00e9 a intuitivn\u00ed otev\u0159en\u00ed<\/p>\n<\/li>\n<li data-start=\"2484\" data-end=\"2552\">\n<p data-start=\"2486\" data-end=\"2552\"><strong data-start=\"2486\" data-end=\"2513\">Ergonomick\u00e1 rukoje\u0165 FRN<\/strong> \u2013 komfortn\u00ed \u00fachop i p\u0159i del\u0161\u00edm pou\u017eit\u00ed<\/p>\n<\/li>\n<\/ul>\n<hr data-start=\"2554\" data-end=\"2557\" \/>\n<h2 data-start=\"2559\" data-end=\"2578\">\u26a0\ufe0f Mo\u017en\u00e1 omezen\u00ed<\/h2>\n<ul data-start=\"2580\" data-end=\"2734\">\n<li data-start=\"2580\" data-end=\"2634\">\n<p data-start=\"2582\" data-end=\"2634\">Kompaktn\u00ed \u010depel nen\u00ed ur\u010dena pro velmi t\u011b\u017ek\u00e9 p\u00e1\u010den\u00ed<\/p>\n<\/li>\n<li data-start=\"2635\" data-end=\"2687\">\n<p data-start=\"2637\" data-end=\"2687\">Black Blade povrch vy\u017eaduje pozornost p\u0159i \u00fadr\u017eb\u011b<\/p>\n<\/li>\n<li data-start=\"2688\" data-end=\"2734\">\n<p data-start=\"2690\" data-end=\"2734\">Jednoduch\u00fd design je funkc\u00ed, nikoli dekorac\u00ed<\/p>\n<\/li>\n<\/ul>\n<hr data-start=\"2736\" data-end=\"2739\" \/>\n<h2 data-start=\"2741\" data-end=\"2761\">\ud83d\udee0\ufe0f \u00dadr\u017eba a p\u00e9\u010de<\/h2>\n<ul data-start=\"2763\" data-end=\"3003\">\n<li data-start=\"2763\" data-end=\"2807\">\n<p data-start=\"2765\" data-end=\"2807\">Po pou\u017eit\u00ed \u010depel d\u016fkladn\u011b o\u010disti a osu\u0161\u00ed<\/p>\n<\/li>\n<li data-start=\"2808\" data-end=\"2845\">\n<p data-start=\"2810\" data-end=\"2845\">Rukoje\u0165 FRN \u010dist\u011b jemn\u00fdm had\u0159\u00edkem<\/p>\n<\/li>\n<li data-start=\"2846\" data-end=\"2905\">\n<p data-start=\"2848\" data-end=\"2905\">Vyh\u00fdbej se abrazivn\u00edm a agresivn\u00edm \u010distic\u00edm prost\u0159edk\u016fm<\/p>\n<\/li>\n<li data-start=\"2906\" data-end=\"2961\">\n<p data-start=\"2908\" data-end=\"2961\">Pivot a Back Lock pravideln\u011b proma\u017e vhodn\u00fdm mazivem<\/p>\n<\/li>\n<li data-start=\"2962\" data-end=\"3003\">\n<p data-start=\"2964\" data-end=\"3003\">Skladuj v such\u00e9m prost\u0159ed\u00ed mimo vlhkost<\/p>\n<\/li>\n<\/ul>\n<hr data-start=\"3005\" data-end=\"3008\" \/>\n<h2 data-start=\"3010\" data-end=\"3046\">\ud83d\udd2a Pro udr\u017een\u00ed ost\u0159\u00ed doporu\u010dujeme<\/h2>\n<p data-start=\"3048\" data-end=\"3160\">Pro zachov\u00e1n\u00ed maxim\u00e1ln\u00ed ostrosti \u010depele <strong data-start=\"3088\" data-end=\"3097\">VG-10<\/strong> doporu\u010dujeme kvalitn\u00ed syst\u00e9m brou\u0161en\u00ed ur\u010den\u00fd pro hladk\u00e1 ost\u0159\u00ed.<\/p>\n<p data-start=\"3162\" data-end=\"3265\">Ide\u00e1ln\u00ed volbou je <strong data-start=\"3180\" data-end=\"3246\">Spyderco Tri-Angle Sharpmaker Complete Sharpening System 204MF<\/strong>, kter\u00fd umo\u017e\u0148uje:<\/p>\n<ul data-start=\"3266\" data-end=\"3403\">\n<li data-start=\"3266\" data-end=\"3305\">\n<p data-start=\"3268\" data-end=\"3305\">p\u0159esn\u00e9 a konzistentn\u00ed \u00fahly brou\u0161en\u00ed<\/p>\n<\/li>\n<li data-start=\"3306\" data-end=\"3355\">\n<p data-start=\"3308\" data-end=\"3355\">\u0161etrnou \u00fadr\u017ebu bez nadm\u011brn\u00e9ho \u00fab\u011bru materi\u00e1lu<\/p>\n<\/li>\n<li data-start=\"3356\" data-end=\"3403\">\n<p data-start=\"3358\" data-end=\"3403\">bezpe\u010dn\u00e9 pou\u017eit\u00ed i bez p\u0159edchoz\u00edch zku\u0161enost\u00ed<\/p>\n<\/li>\n<\/ul>\n<p data-start=\"3405\" data-end=\"3450\">\ud83d\uded2 <strong data-start=\"3408\" data-end=\"3450\">Zakoup\u00edte na na\u0161ich str\u00e1nk\u00e1ch Moskito.<\/strong><\/p>\n<hr data-start=\"3452\" data-end=\"3455\" \/>\n<h2 data-start=\"3457\" data-end=\"3477\">\ud83c\udfaf Doporu\u010deno pro<\/h2>\n<ul data-start=\"3479\" data-end=\"3631\">\n<li data-start=\"3479\" data-end=\"3506\">\n<p data-start=\"3481\" data-end=\"3506\">Ka\u017edodenn\u00ed no\u0161en\u00ed (EDC)<\/p>\n<\/li>\n<li data-start=\"3507\" data-end=\"3536\">\n<p data-start=\"3509\" data-end=\"3536\">Outdoor a praktick\u00e9 \u00fakoly<\/p>\n<\/li>\n<li data-start=\"3537\" data-end=\"3586\">\n<p data-start=\"3539\" data-end=\"3586\">U\u017eivatel\u00e9 preferuj\u00edc\u00ed lehk\u00fd, ale precizn\u00ed n\u016f\u017e<\/p>\n<\/li>\n<li data-start=\"3587\" data-end=\"3631\">\n<p data-start=\"3589\" data-end=\"3631\">Fanou\u0161ci funk\u010dn\u00edho a ergonomick\u00e9ho designu<\/p>\n<\/li>\n<\/ul>\n<hr data-start=\"3633\" data-end=\"3636\" \/>\n<h2 data-start=\"3638\" data-end=\"3662\">\u2b50 Z\u00e1v\u011bre\u010dn\u00e9 hodnocen\u00ed<\/h2>\n<p data-start=\"3664\" data-end=\"3915\">Spyderco Centofante 3 C66PBK3 je <strong data-start=\"3697\" data-end=\"3742\">vyv\u00e1\u017een\u00fd, lehk\u00fd a spolehliv\u00fd zav\u00edrac\u00ed n\u016f\u017e<\/strong>, kter\u00fd nab\u00edz\u00ed <strong data-start=\"3757\" data-end=\"3798\">komfortn\u00ed ovl\u00e1d\u00e1n\u00ed a v\u0161estrann\u00fd v\u00fdkon<\/strong>.<br data-start=\"3799\" data-end=\"3802\" \/>Je to n\u00e1stroj, kter\u00fd <strong data-start=\"3823\" data-end=\"3859\">funguje poka\u017ed\u00e9 \u2014 bez kompromis\u016f<\/strong>, a\u0165 u\u017e v kapse, v ter\u00e9nu nebo p\u0159i ka\u017edodenn\u00edch \u00fakolech.<\/p>\n<p data-start=\"3917\" data-end=\"3976\"><strong data-start=\"3917\" data-end=\"3976\">Centofante 3 \u2013 lehkost, kterou poc\u00edt\u00ed\u0161 p\u0159i ka\u017ed\u00e9m tahu.<\/strong><\/p>\n","protected":false},"excerpt":{"rendered":"<p data-start=\"3664\" data-end=\"3915\"><strong>Spyderco Centofante 3 C66PBK3 je vyv\u00e1\u017een\u00fd, lehk\u00fd a spolehliv\u00fd zav\u00edrac\u00ed n\u016f\u017e, kter\u00fd nab\u00edz\u00ed komfortn\u00ed ovl\u00e1d\u00e1n\u00ed a v\u0161estrann\u00fd v\u00fdkon.<\/strong><br data-start=\"3799\" data-end=\"3802\" \/><strong>Je to n\u00e1stroj, kter\u00fd funguje poka\u017ed\u00e9 \u2014 bez kompromis\u016f, a\u0165 u\u017e v kapse, v ter\u00e9nu nebo p\u0159i ka\u017edodenn\u00edch \u00fakolech.<\/strong><\/p>\n<p data-start=\"3917\" data-end=\"3976\"><strong data-start=\"3917\" data-end=\"3976\">Centofante 3 \u2013 lehkost, kterou poc\u00edt\u00ed\u0161 p\u0159i ka\u017ed\u00e9m tahu.<\/strong><\/p>\n","protected":false},"featured_media":250688,"comment_status":"open","ping_status":"closed","template":"","meta":[],"pwb-brand":[567],"product_brand":[],"product_cat":[22,17],"product_tag":[3667],"class_list":{"0":"post-250687","1":"product","2":"type-product","3":"status-publish","4":"has-post-thumbnail","6":"pwb-brand-spyderco","7":"product_cat-zaviraci-noze","8":"product_cat-noze","9":"product_tag-b2b","11":"first","12":"instock","13":"taxable","14":"shipping-taxable","15":"purchasable","16":"product-type-simple"},"brands":[{"id":567,"name":"Spyderco","slug":"spyderco"}],"_links":{"self":[{"href":"https:\/\/www.moskito.cz\/fr\/wp-json\/wp\/v2\/product\/250687","targetHints":{"allow":["GET"]}}],"collection":[{"href":"https:\/\/www.moskito.cz\/fr\/wp-json\/wp\/v2\/product"}],"about":[{"href":"https:\/\/www.moskito.cz\/fr\/wp-json\/wp\/v2\/types\/product"}],"replies":[{"embeddable":true,"href":"https:\/\/www.moskito.cz\/fr\/wp-json\/wp\/v2\/comments?post=250687"}],"wp:featuredmedia":[{"embeddable":true,"href":"https:\/\/www.moskito.cz\/fr\/wp-json\/wp\/v2\/media\/250688"}],"wp:attachment":[{"href":"https:\/\/www.moskito.cz\/fr\/wp-json\/wp\/v2\/media?parent=250687"}],"wp:term":[{"taxonomy":"pwb-brand","embeddable":true,"href":"https:\/\/www.moskito.cz\/fr\/wp-json\/wp\/v2\/pwb-brand?post=250687"},{"taxonomy":"product_brand","embeddable":true,"href":"https:\/\/www.moskito.cz\/fr\/wp-json\/wp\/v2\/product_brand?post=250687"},{"taxonomy":"product_cat","embeddable":true,"href":"https:\/\/www.moskito.cz\/fr\/wp-json\/wp\/v2\/product_cat?post=250687"},{"taxonomy":"product_tag","embeddable":true,"href":"https:\/\/www.moskito.cz\/fr\/wp-json\/wp\/v2\/product_tag?post=250687"}],"curies":[{"name":"wp","href":"https:\/\/api.w.org\/{rel}","templated":true}]}}