{"id":250788,"date":"2023-06-11T20:42:38","date_gmt":"2023-06-11T19:42:38","guid":{"rendered":"https:\/\/www.moskito.cz\/?post_type=product&#038;p=250788"},"modified":"2025-05-07T10:51:27","modified_gmt":"2025-05-07T09:51:27","slug":"zaviraci-nuz-spyderco-native-5-salt-green-c41sgr5","status":"publish","type":"product","link":"https:\/\/www.moskito.cz\/fr\/produkt\/zaviraci-nuz-spyderco-native-5-salt-green-c41sgr5\/","title":{"rendered":"Zav\u00edrac\u00ed N\u016f\u017e Spyderco Native 5 Salt Green C41SGR5"},"content":{"rendered":"<p>Zav\u00edrac\u00ed N\u016f\u017e <strong>Spyderco<\/strong> Native 5 Salt Green C41SGR5<\/p>\n<p>P\u016fvodn\u00ed Native 5 Lightweight Salt se vyzna\u010doval ultra-korozi odolnou \u010depel\u00ed LC200N a jasn\u011b \u017elutou rukojet\u00ed. Aby to bylo v souladu s barevn\u00fdm motivem, kter\u00fd <strong>Spyderco<\/strong> zavedlo u sv\u00fdch dal\u0161\u00edch lehk\u00fdch soln\u00fdch skl\u00e1da\u010dek s \u010depel\u00ed LC200N, zm\u011bnili barvu rukojeti na vysoce viditelnou zelenou. V\u0161echny ostatn\u00ed aspekty tohoto vysoce v\u00fdkonn\u00e9ho no\u017ee jsou v\u011brn\u00e9 origin\u00e1lu, v\u010detn\u011b celoplo\u0161n\u011b brou\u0161en\u00e9 \u010depele LC200N, vysoce pevn\u00e9ho zadn\u00edho zamykac\u00edho mechanismu, bezvlo\u017ekov\u00e9 rukojeti z nylonu vyztu\u017een\u00e9ho sklen\u011bn\u00fdmi vl\u00e1kny (FRN) s protiskluzovou Bi- Sm\u011brov\u00e9 texturov\u00e1n\u00ed a pln\u011b konfigurovateln\u00fd \u010dty\u0159polohov\u00fd kapesn\u00ed klip. Tento lehk\u00fd n\u00e1stroj, kter\u00fd je k dispozici v konfigurac\u00edch PlainEdge i SpyderEdge, poskytuje vysok\u00fd \u0159ezn\u00fd v\u00fdkon.<\/p>\n<p>Specifikace:<br \/>\nD\u00e9lka \u010depele: 7.5 cm<br \/>\nD\u00e9lka v zav\u0159en\u00e9m stavu: 10.2 cm<br \/>\nCelkov\u00e1 d\u00e9lka: 17.7 cm<br \/>\n\u0158ezn\u00e1 hrana: 6.1 cm<br \/>\nTlou\u0161\u0165ka \u010depele: 0.32 cm<br \/>\nMateri\u00e1l \u010depele: LC200N Ultra-korozi odoln\u00e1 ocel<br \/>\nStyl \u010depele: Spear Point<br \/>\nBrou\u0161en\u00ed \u010depele: Pln\u011b ploch\u00e9<br \/>\nPovrchov\u00e1 \u00faprava \u010depele: sat\u00e9n<br \/>\nOst\u0159\u00ed \u010depele: Vroubkovan\u00e9<br \/>\nMateri\u00e1l rukojeti: FRN<br \/>\nBarva rukojeti: Zelen\u00e1<br \/>\nUzamykac\u00ed mechanismus: Lockback<br \/>\nKapesn\u00ed spona: Nerezov\u00e1 ocel (Tip-Up\/Down, Right\/Left carry)<br \/>\n\u010c\u00edslo modelu: C41SGR5<br \/>\nN\u00e1zev modelu: Native 5 Salt LC200N<br \/>\nHmotnost: 2,40 oz. (68 g)<br \/>\nVyrobeno v USA<\/p>\n","protected":false},"excerpt":{"rendered":"<p><strong>P\u016fvodn\u00ed Native 5 Lightweight Salt se vyzna\u010doval ultra-korozi odolnou \u010depel\u00ed LC200N a jasn\u011b \u017elutou rukojet\u00ed.<\/strong><\/p>\n","protected":false},"featured_media":250789,"comment_status":"open","ping_status":"closed","template":"","meta":[],"pwb-brand":[567],"product_brand":[],"product_cat":[22,17],"product_tag":[3667],"class_list":{"0":"post-250788","1":"product","2":"type-product","3":"status-publish","4":"has-post-thumbnail","6":"pwb-brand-spyderco","7":"product_cat-zaviraci-noze","8":"product_cat-noze","9":"product_tag-b2b","11":"first","12":"instock","13":"taxable","14":"shipping-taxable","15":"purchasable","16":"product-type-simple"},"brands":[{"id":567,"name":"Spyderco","slug":"spyderco"}],"_links":{"self":[{"href":"https:\/\/www.moskito.cz\/fr\/wp-json\/wp\/v2\/product\/250788","targetHints":{"allow":["GET"]}}],"collection":[{"href":"https:\/\/www.moskito.cz\/fr\/wp-json\/wp\/v2\/product"}],"about":[{"href":"https:\/\/www.moskito.cz\/fr\/wp-json\/wp\/v2\/types\/product"}],"replies":[{"embeddable":true,"href":"https:\/\/www.moskito.cz\/fr\/wp-json\/wp\/v2\/comments?post=250788"}],"wp:featuredmedia":[{"embeddable":true,"href":"https:\/\/www.moskito.cz\/fr\/wp-json\/wp\/v2\/media\/250789"}],"wp:attachment":[{"href":"https:\/\/www.moskito.cz\/fr\/wp-json\/wp\/v2\/media?parent=250788"}],"wp:term":[{"taxonomy":"pwb-brand","embeddable":true,"href":"https:\/\/www.moskito.cz\/fr\/wp-json\/wp\/v2\/pwb-brand?post=250788"},{"taxonomy":"product_brand","embeddable":true,"href":"https:\/\/www.moskito.cz\/fr\/wp-json\/wp\/v2\/product_brand?post=250788"},{"taxonomy":"product_cat","embeddable":true,"href":"https:\/\/www.moskito.cz\/fr\/wp-json\/wp\/v2\/product_cat?post=250788"},{"taxonomy":"product_tag","embeddable":true,"href":"https:\/\/www.moskito.cz\/fr\/wp-json\/wp\/v2\/product_tag?post=250788"}],"curies":[{"name":"wp","href":"https:\/\/api.w.org\/{rel}","templated":true}]}}