{"id":250851,"date":"2023-06-11T21:52:11","date_gmt":"2023-06-11T20:52:11","guid":{"rendered":"https:\/\/www.moskito.cz\/?post_type=product&#038;p=250851"},"modified":"2025-06-28T12:00:52","modified_gmt":"2025-06-28T11:00:52","slug":"zaviraci-nuz-spyderco-rescue-orange-c45sor","status":"publish","type":"product","link":"https:\/\/www.moskito.cz\/fr\/produkt\/zaviraci-nuz-spyderco-rescue-orange-c45sor\/","title":{"rendered":"Zav\u00edrac\u00ed N\u016f\u017e Spyderco Rescue Orange C45SOR"},"content":{"rendered":"<p>Zav\u00edrac\u00ed N\u016f\u017e <strong>Spyderco<\/strong> Rescue Orange C45SOR<\/p>\n<p>D\u016fvody, pro\u010d Spyderco nab\u00edz\u00ed men\u0161\u00ed no\u017ee, jsou \u010detn\u00e9, ale ruce lid\u00ed maj\u00ed v podstat\u011b r\u016fzn\u00e9 velikosti a ob\u010das se ocit\u00e1me v soci\u00e1ln\u00edch situac\u00edch, kter\u00e9 vy\u017eaduj\u00ed pou\u017eit\u00ed men\u0161\u00ed \u010depele. Mnoz\u00ed si mysl\u00ed, \u017ee men\u0161\u00ed verze stejn\u00e9ho modelu jsou jednodu\u0161e zmen\u0161en\u00e9. Nen\u00ed tak. Aby ka\u017ed\u00fd design dos\u00e1hl maxim\u00e1ln\u00ed \u00farovn\u011b ergonomick\u00e9ho pohodl\u00ed a maxim\u00e1ln\u00edho v\u00fdkonu, \u010dasto bereme funkce a upravujeme je do men\u0161\u00edho vzoru. P\u0159\u00edkladem je na\u0161e 79mm verze Rescue Model.<\/p>\n<p>Men\u0161\u00ed ekvivalent C14 93mm Rescue, m\u00e1 tak\u00e9 plochou \u010depel SpyderEdge VG-10 s brou\u0161enou \u010depel\u00ed, kter\u00e1 je zakon\u010dena bezpe\u010dnostn\u00ed \u0161pi\u010dkou. Pro hlad\u0161\u00ed ot\u00e1\u010den\u00ed palce jsme zv\u011bt\u0161ili kulat\u00fd otvor Spyderco Trademark, kter\u00fd zase vytv\u00e1\u0159\u00ed v\u00fdrazn\u00fd hrb, na kter\u00fd se palec p\u0159i \u0159ez\u00e1n\u00ed um\u00edst\u00ed. Rukoje\u0165 s texturou vafle FRN je k dispozici s oboustrannou vykl\u00e1p\u011bc\u00ed kapesn\u00ed sponou.<\/p>\n<p>Specifikace<br \/>\nD\u00e9lka \u010depele: 7.9 cm<br \/>\nTlou\u0161\u0165ka \u010depele: 0.3 cm<br \/>\nCelkov\u00e1 d\u00e9lka: 18.1 cm<br \/>\nZav\u0159en\u00e1 d\u00e9lka: 10.4 cm<br \/>\nOcel \u010depele: VG-10<br \/>\nHmotnost: 2,25 oz. (64 g)<br \/>\nMateri\u00e1l rukojeti: oran\u017eov\u00e1 FRN<br \/>\nVyrobeno v Japonsku<\/p>\n","protected":false},"excerpt":{"rendered":"<p><strong>Men\u0161\u00ed ekvivalent C14 93mm Rescue, m\u00e1 tak\u00e9 plochou \u010depel SpyderEdge VG-10 s brou\u0161enou \u010depel\u00ed.<\/strong><\/p>\n","protected":false},"featured_media":250852,"comment_status":"open","ping_status":"closed","template":"","meta":[],"pwb-brand":[567],"product_brand":[],"product_cat":[22,17],"product_tag":[3667],"class_list":{"0":"post-250851","1":"product","2":"type-product","3":"status-publish","4":"has-post-thumbnail","6":"pwb-brand-spyderco","7":"product_cat-zaviraci-noze","8":"product_cat-noze","9":"product_tag-b2b","11":"first","12":"instock","13":"sale","14":"taxable","15":"shipping-taxable","16":"purchasable","17":"product-type-simple"},"brands":[{"id":567,"name":"Spyderco","slug":"spyderco"}],"_links":{"self":[{"href":"https:\/\/www.moskito.cz\/fr\/wp-json\/wp\/v2\/product\/250851","targetHints":{"allow":["GET"]}}],"collection":[{"href":"https:\/\/www.moskito.cz\/fr\/wp-json\/wp\/v2\/product"}],"about":[{"href":"https:\/\/www.moskito.cz\/fr\/wp-json\/wp\/v2\/types\/product"}],"replies":[{"embeddable":true,"href":"https:\/\/www.moskito.cz\/fr\/wp-json\/wp\/v2\/comments?post=250851"}],"wp:featuredmedia":[{"embeddable":true,"href":"https:\/\/www.moskito.cz\/fr\/wp-json\/wp\/v2\/media\/250852"}],"wp:attachment":[{"href":"https:\/\/www.moskito.cz\/fr\/wp-json\/wp\/v2\/media?parent=250851"}],"wp:term":[{"taxonomy":"pwb-brand","embeddable":true,"href":"https:\/\/www.moskito.cz\/fr\/wp-json\/wp\/v2\/pwb-brand?post=250851"},{"taxonomy":"product_brand","embeddable":true,"href":"https:\/\/www.moskito.cz\/fr\/wp-json\/wp\/v2\/product_brand?post=250851"},{"taxonomy":"product_cat","embeddable":true,"href":"https:\/\/www.moskito.cz\/fr\/wp-json\/wp\/v2\/product_cat?post=250851"},{"taxonomy":"product_tag","embeddable":true,"href":"https:\/\/www.moskito.cz\/fr\/wp-json\/wp\/v2\/product_tag?post=250851"}],"curies":[{"name":"wp","href":"https:\/\/api.w.org\/{rel}","templated":true}]}}