{"id":251161,"date":"2023-06-26T22:10:59","date_gmt":"2023-06-26T21:10:59","guid":{"rendered":"https:\/\/www.moskito.cz\/?post_type=product&#038;p=251161"},"modified":"2025-05-07T10:51:31","modified_gmt":"2025-05-07T09:51:31","slug":"zaviraci-nuz-spyderco-assist-rescue-c79psbbk","status":"publish","type":"product","link":"https:\/\/www.moskito.cz\/fr\/produkt\/zaviraci-nuz-spyderco-assist-rescue-c79psbbk\/","title":{"rendered":"Zav\u00edrac\u00ed N\u016f\u017e Spyderco Assist Rescue C79PSBBK"},"content":{"rendered":"<p>Zav\u00edrac\u00ed N\u016f\u017e <strong>Spyderco<\/strong> Assist Rescue C79PSBBK<\/p>\n<p>Z\u00e1chran\u00e1\u0159i, policist\u00e9 a servisn\u00ed profesion\u00e1lov\u00e9 u\u010dinili z Assist nepostradatelnou sou\u010d\u00e1st jejich pracovn\u00edho vybaven\u00ed. Jeho zoubkovan\u00e9 ost\u0159\u00ed nab\u00edz\u00ed ohromn\u00fd \u0159ezn\u00fd v\u00fdkon a obsahuje \u010d\u00e1st PlainEdge pro detailn\u00ed pr\u00e1ci. Patentovan\u00fd tup\u00fd hrot pro zvednut\u00ed a vyp\u00e1\u010den\u00ed zabra\u0148uje n\u00e1hodn\u00e9mu prop\u00edchnut\u00ed a nab\u00edz\u00ed omezenou schopnost p\u00e1\u010den\u00ed. Cobra Hood zaji\u0161\u0165uje pozitivn\u00ed nasazen\u00ed \u010depele i v rukavic\u00edch a b\u011bhem pou\u017e\u00edv\u00e1n\u00ed slou\u017e\u00ed jako platforma pro palec. Jeho zasouvac\u00ed, vym\u011bniteln\u00fd rozb\u00edje\u010d karbidov\u00e9ho skla se vysune, kdy\u017e je uzav\u0159en\u00e1 \u010depel zm\u00e1\u010dknuta do rukojeti, a dr\u00e1\u017eky pro prsty v rukojeti umo\u017e\u0148uj\u00ed n\u016f\u017ekov\u00e9 st\u0159\u00edh\u00e1n\u00ed lana a \u0161\u0148\u016fry s \u010d\u00e1ste\u010dn\u011b otev\u0159enou \u010depel\u00ed. Tento multifunk\u010dn\u00ed z\u00e1chrann\u00fd n\u00e1stroj dokonce obsahuje nouzovou p\u00ed\u0161\u0165alku v rukojeti.<\/p>\n<p>Funkce:<br \/>\nRozb\u00edje\u010d a p\u00ed\u0161\u0165alka z tvrdokovu<br \/>\nOboustrann\u00e1 vykl\u00e1p\u011bc\u00ed spona<br \/>\nDavid Boye Dent<br \/>\nObousm\u011brn\u011b texturovan\u00e9 3D \u010dern\u00e9 FRN rukojeti<br \/>\nCobra Hood<br \/>\n\u010cepel s dut\u00fdm brou\u0161en\u00edm<\/p>\n<p>Specifikace:<br \/>\nD\u00e9lka \u010depele: 9.4 cm<br \/>\n\u0158ezn\u00e1 hrana: 8.1 cm<br \/>\nD\u00e9lka v zav\u0159en\u00e9m stavu: 12.4 cm<br \/>\nCelkov\u00e1 d\u00e9lka: 21.3 cm<br \/>\nOcel: Nerezov\u00e1 ocel VG-10<br \/>\nHmotnost: 4 oz. (115 g)<br \/>\nOkraj: \u010c\u00e1ste\u010dn\u011b zoubkovan\u00fd<br \/>\nVyrobeno v Japonsku<\/p>\n","protected":false},"excerpt":{"rendered":"<p><strong>Z\u00e1chran\u00e1\u0159i, policist\u00e9 a servisn\u00ed profesion\u00e1lov\u00e9 u\u010dinili z Assist nepostradatelnou sou\u010d\u00e1st jejich pracovn\u00edho vybaven\u00ed.<\/strong><\/p>\n","protected":false},"featured_media":251162,"comment_status":"open","ping_status":"closed","template":"","meta":[],"pwb-brand":[567],"product_brand":[],"product_cat":[22,17],"product_tag":[3667],"class_list":{"0":"post-251161","1":"product","2":"type-product","3":"status-publish","4":"has-post-thumbnail","6":"pwb-brand-spyderco","7":"product_cat-zaviraci-noze","8":"product_cat-noze","9":"product_tag-b2b","11":"first","12":"instock","13":"taxable","14":"shipping-taxable","15":"purchasable","16":"product-type-simple"},"brands":[{"id":567,"name":"Spyderco","slug":"spyderco"}],"_links":{"self":[{"href":"https:\/\/www.moskito.cz\/fr\/wp-json\/wp\/v2\/product\/251161","targetHints":{"allow":["GET"]}}],"collection":[{"href":"https:\/\/www.moskito.cz\/fr\/wp-json\/wp\/v2\/product"}],"about":[{"href":"https:\/\/www.moskito.cz\/fr\/wp-json\/wp\/v2\/types\/product"}],"replies":[{"embeddable":true,"href":"https:\/\/www.moskito.cz\/fr\/wp-json\/wp\/v2\/comments?post=251161"}],"wp:featuredmedia":[{"embeddable":true,"href":"https:\/\/www.moskito.cz\/fr\/wp-json\/wp\/v2\/media\/251162"}],"wp:attachment":[{"href":"https:\/\/www.moskito.cz\/fr\/wp-json\/wp\/v2\/media?parent=251161"}],"wp:term":[{"taxonomy":"pwb-brand","embeddable":true,"href":"https:\/\/www.moskito.cz\/fr\/wp-json\/wp\/v2\/pwb-brand?post=251161"},{"taxonomy":"product_brand","embeddable":true,"href":"https:\/\/www.moskito.cz\/fr\/wp-json\/wp\/v2\/product_brand?post=251161"},{"taxonomy":"product_cat","embeddable":true,"href":"https:\/\/www.moskito.cz\/fr\/wp-json\/wp\/v2\/product_cat?post=251161"},{"taxonomy":"product_tag","embeddable":true,"href":"https:\/\/www.moskito.cz\/fr\/wp-json\/wp\/v2\/product_tag?post=251161"}],"curies":[{"name":"wp","href":"https:\/\/api.w.org\/{rel}","templated":true}]}}