{"id":251294,"date":"2023-06-27T18:52:47","date_gmt":"2023-06-27T17:52:47","guid":{"rendered":"https:\/\/www.moskito.cz\/?post_type=product&#038;p=251294"},"modified":"2025-05-07T10:51:32","modified_gmt":"2025-05-07T09:51:32","slug":"zaviraci-nuz-spyderco-salt-2-c88fpgr2","status":"publish","type":"product","link":"https:\/\/www.moskito.cz\/fr\/produkt\/zaviraci-nuz-spyderco-salt-2-c88fpgr2\/","title":{"rendered":"Zav\u00edrac\u00ed N\u016f\u017e Spyderco Salt 2 C88FPGR2"},"content":{"rendered":"<p>Zav\u00edrac\u00ed N\u016f\u017e <strong>Spyderco<\/strong> Salt 2 C88FPGR2<\/p>\n<p>P\u016fvodn\u00ed model Salt 2 spole\u010dnosti Spyderco kombinoval vysoce propracovanou ergonomii rukojeti a r\u016fzn\u00e9 mo\u017enosti no\u0161en\u00ed nejprod\u00e1van\u011bj\u0161\u00ed platformy Delica 4 s materi\u00e1ly ultra odoln\u00fdmi proti korozi. Tato verze Salt 2 zved\u00e1 la\u0165ku je\u0161t\u011b v\u00fd\u0161e p\u0159id\u00e1n\u00edm martenzitick\u00e9 \u010depelov\u00e9 oceli LC200N a pln\u011b ploch\u00e9ho brou\u0161en\u00ed s n\u00edzk\u00fdm t\u0159en\u00edm. Tento pozoruhodn\u00fd n\u016f\u017e, kter\u00fd je k dispozici s mo\u017enost\u00ed v\u00fdb\u011bru PlainEdge nebo pln\u011b zoubkovan\u00e9ho SpyderEdge, hrd\u011b sd\u00edl\u00ed v\u0161echny ostatn\u00ed osv\u011bd\u010den\u00e9 vlastnosti Salt 2, v\u010detn\u011b robustn\u00edho uzamykac\u00edho mechanismu, rukojeti z obousm\u011brn\u011b texturovan\u00e9ho nylonu vyztu\u017een\u00e9ho sklen\u011bn\u00fdmi vl\u00e1kny (FRN) a \u010dty\u0159polohov\u00fd titanov\u00fd kapesn\u00ed klip. Stejn\u011b jako na\u0161e ostatn\u00ed lehk\u00e9 soli LC200N se i tento n\u016f\u017e vyzna\u010duje vysoce viditelnou zelenou barvou rukojeti.<\/p>\n<p>LC200N LEHK\u00c9<\/p>\n<p>Kdy\u017e Spyderco v roce 2004 uvedlo na trh prvn\u00ed no\u017ee ve sv\u00e9 oce\u0148ovan\u00e9 s\u00e9rii Salt, nejlogi\u010dt\u011bj\u0161\u00ed \u201eplatformou\u201c pro n\u011b byla jejich dob\u0159e zaveden\u00e1 rodina lehk\u00fdch model\u016f \u2013 jako t\u0159et\u00ed generace model\u016f Endura a Delica. Tyto no\u017ee se vyzna\u010dovaly jednod\u00edlnou rukojet\u00ed vst\u0159ikovanou z tvrd\u00e9ho nylonu vyztu\u017een\u00e9ho skeln\u00fdmi vl\u00e1kny (FRN), co\u017e znamenalo, \u017ee m\u011bly m\u00e1lo vnit\u0159n\u00edch \u010d\u00e1st\u00ed nebo dutin, kter\u00e9 by je \u010dinily n\u00e1chyln\u00fdmi ke korozi. Vykreslen\u00ed t\u011bchto osv\u011bd\u010den\u00fdch n\u00e1vrh\u016f pomoc\u00ed \u010depel\u00ed z oceli H-1 a dal\u0161\u00edch specializovan\u00fdch materi\u00e1l\u016f je p\u0159em\u011bnilo na \u0159ezn\u00e9 n\u00e1stroje ultra odoln\u00e9 proti korozi, kter\u00e9 byly ide\u00e1ln\u00ed pro pou\u017eit\u00ed ve vod\u011b a kolem n\u00ed.<\/p>\n<p>Postupem \u010dasu se k p\u016fvodn\u00ed Endura a Delica \u2013 kter\u00e9 se staly Pacific Salt a Salt 1, v tomto po\u0159ad\u00ed \u2013 p\u0159idaly dal\u0161\u00ed modely, v\u010detn\u011b Atlantic Salt, Tasman Salt a dal\u0161\u00edch. Spole\u010dn\u011b si \u0159ada Salt rychle vydobyla z\u00e1vid\u011bn\u00edhodnou pov\u011bst mezi n\u00e1mo\u0159n\u00edky, ryb\u00e1\u0159i, pot\u00e1p\u011b\u010di a dal\u0161\u00edmi, kte\u0159\u00ed spol\u00e9haj\u00ed na sv\u00e9 no\u017ee v mokr\u00e9m nebo vlhk\u00e9m prost\u0159ed\u00ed, kde je koroze v\u00e1\u017en\u00fdm probl\u00e9mem.<\/p>\n<p>Proto\u017ee p\u016fvodn\u00ed \u010dlenov\u00e9 \u0159ady Salt vych\u00e1zeli z lehk\u00fdch model\u016f t\u0159et\u00ed generace, nezahrnovali vylep\u0161en\u00ed designu, kter\u00e1 definovala Endura 4, Delica 4 a dal\u0161\u00ed sou\u010dasn\u00e9 lehk\u00e9 modely. Pat\u0159\u00ed mezi n\u011b vylep\u0161en\u00e1 ergonomie, vylep\u0161en\u00fd \u00fachopov\u00fd povrch obousm\u011brn\u00e9ho texturov\u00e1n\u00ed a \u010dty\u0159polohov\u00e1 spona, kter\u00e1 podporuje no\u0161en\u00ed se \u0161pi\u010dkou dol\u016f i se \u0161pi\u010dkou nahoru na obou stran\u00e1ch t\u011bla. Aby bylo mo\u017en\u00e9 za\u010dlenit tyto vlastnosti do \u0159ady Salt a z\u00e1rove\u0148 eliminovat potenci\u00e1ln\u00ed korozivn\u00ed zranitelnost vnit\u0159n\u00edch vlo\u017eek, Spyderco vytvo\u0159ilo druhou generaci lehk\u00fdch slitin Salt. Navenek jsou jejich rukojeti toto\u017en\u00e9 nebo t\u00e9m\u011b\u0159 toto\u017en\u00e9 s Endura 4 a Delica 4; jsou v\u0161ak vyrobeny v\u00fdhradn\u011b ze vst\u0159ikovan\u00e9ho FRN. M\u00edsto vlo\u017eek z nerezov\u00e9 oceli maj\u00ed lisovanou \u00ab\u00a0pavu\u010dinu\u00a0\u00bb<\/p>\n<p>Vylep\u0161en\u00e9 vlastnosti Salt 2 a Pacific Salt 2 si okam\u017eit\u011b na\u0161ly oblibu u fanou\u0161k\u016f Spyderco, z nich\u017e mnoh\u00e9 tak\u00e9 zaujal v\u00fdkonnostn\u00ed potenci\u00e1l dal\u0161\u00ed oceli \u010depele Spyderco ultra-odoln\u00e9 proti korozi \u2013 LC200N. Spole\u010dnost Spyderco posunula tento evolu\u010dn\u00ed proces je\u0161t\u011b o krok d\u00e1le a rozhodla se investovat do dod\u00e1vky oceli LC200N do Japonska, aby mohla b\u00fdt za\u010dlen\u011bna do nejnov\u011bj\u0161\u00edch verz\u00ed lehk\u00fdch model\u016f Salt vyr\u00e1b\u011bn\u00fdch tam. V\u00fdsledkem je \u0159ada zav\u00edrac\u00edch no\u017e\u016f Salt, kter\u00e1 se py\u0161n\u00ed \u010depel\u00ed z oceli LC200N a z\u00e1\u0159iv\u00fdmi, vysoce viditeln\u00fdmi zelen\u00fdmi rukoje\u0165mi. Pln\u011b vyu\u017e\u00edvaj\u00ed jedine\u010dn\u00fdch vlastnost\u00ed t\u00e9to martenzitick\u00e9 oceli a \u010depele t\u011bchto no\u017e\u016f jsou vybaveny pln\u011b ploch\u00fdm brou\u0161en\u00edm pro v\u00fdjime\u010dnou geometrii ost\u0159\u00ed a \u0159ezn\u00fd v\u00fdkon s n\u00edzk\u00fdm t\u0159en\u00edm.<\/p>\n<p>Ji\u017e v\u00edce ne\u017e 15 let nastavuje \u0159ada Salt od Spyderco standard v oblasti \u0159ezn\u00fdch n\u00e1stroj\u016f ultra odoln\u00fdch proti korozi. Jejich nejnov\u011bj\u0161\u00ed p\u0159\u00edr\u016fstky do t\u00e9to mimo\u0159\u00e1dn\u00e9 rodiny produkt\u016f posouvaj\u00ed tuto la\u0165ku je\u0161t\u011b v\u00fd\u0161 a v budoucnu jist\u011b inspiruj\u00ed je\u0161t\u011b v\u00edce model\u016f a variac\u00ed.<\/p>\n<p>Specifikace<br \/>\nD\u00e9lka \u010depele: 7.6 cm<br \/>\nD\u00e9lka v zav\u0159en\u00e9m stavu: 10.8 cm<br \/>\nCelkov\u00e1 d\u00e9lka: 18.3 cm<br \/>\n\u0158ezn\u00e1 hrana: 6.7 cm<br \/>\nTlou\u0161\u0165ka \u010depele: 0.25 cm<br \/>\nMateri\u00e1l \u010depele: LC200N Ultra-korozi odoln\u00e1 ocel<br \/>\nStyl \u010depele: Sheepfoot<br \/>\nBrou\u0161en\u00ed \u010depele: Pln\u011b ploch\u00e9<br \/>\nPovrchov\u00e1 \u00faprava \u010depele: sat\u00e9n<br \/>\nOst\u0159\u00ed \u010depele: Hladk\u00e9<br \/>\nMateri\u00e1l rukojeti: FRN<br \/>\nBarva rukojeti: Zelen\u00e1<br \/>\nUzamykac\u00ed mechanismus: Lockback<br \/>\nKapesn\u00ed klip: Titan (sklopen\u00ed nahoru\/dol\u016f, prav\u00e9\/lev\u00e9 no\u0161en\u00ed)<br \/>\n\u010c\u00edslo modelu: C88FPGR2<br \/>\nN\u00e1zev modelu: Salt 2 LC200N<br \/>\nHmotnost: 1,90 oz. (54 g)<br \/>\nVyrobeno v Japonsku<\/p>\n","protected":false},"excerpt":{"rendered":"<p><strong>P\u016fvodn\u00ed model Salt 2 spole\u010dnosti Spyderco kombinoval vysoce propracovanou ergonomii rukojeti a r\u016fzn\u00e9 mo\u017enosti no\u0161en\u00ed nejprod\u00e1van\u011bj\u0161\u00ed platformy Delica 4 s materi\u00e1ly ultra odoln\u00fdmi proti korozi.<\/strong><\/p>\n","protected":false},"featured_media":251295,"comment_status":"open","ping_status":"closed","template":"","meta":[],"pwb-brand":[567],"product_brand":[],"product_cat":[22,17],"product_tag":[3667],"class_list":{"0":"post-251294","1":"product","2":"type-product","3":"status-publish","4":"has-post-thumbnail","6":"pwb-brand-spyderco","7":"product_cat-zaviraci-noze","8":"product_cat-noze","9":"product_tag-b2b","11":"first","12":"instock","13":"taxable","14":"shipping-taxable","15":"purchasable","16":"product-type-simple"},"brands":[{"id":567,"name":"Spyderco","slug":"spyderco"}],"_links":{"self":[{"href":"https:\/\/www.moskito.cz\/fr\/wp-json\/wp\/v2\/product\/251294","targetHints":{"allow":["GET"]}}],"collection":[{"href":"https:\/\/www.moskito.cz\/fr\/wp-json\/wp\/v2\/product"}],"about":[{"href":"https:\/\/www.moskito.cz\/fr\/wp-json\/wp\/v2\/types\/product"}],"replies":[{"embeddable":true,"href":"https:\/\/www.moskito.cz\/fr\/wp-json\/wp\/v2\/comments?post=251294"}],"wp:featuredmedia":[{"embeddable":true,"href":"https:\/\/www.moskito.cz\/fr\/wp-json\/wp\/v2\/media\/251295"}],"wp:attachment":[{"href":"https:\/\/www.moskito.cz\/fr\/wp-json\/wp\/v2\/media?parent=251294"}],"wp:term":[{"taxonomy":"pwb-brand","embeddable":true,"href":"https:\/\/www.moskito.cz\/fr\/wp-json\/wp\/v2\/pwb-brand?post=251294"},{"taxonomy":"product_brand","embeddable":true,"href":"https:\/\/www.moskito.cz\/fr\/wp-json\/wp\/v2\/product_brand?post=251294"},{"taxonomy":"product_cat","embeddable":true,"href":"https:\/\/www.moskito.cz\/fr\/wp-json\/wp\/v2\/product_cat?post=251294"},{"taxonomy":"product_tag","embeddable":true,"href":"https:\/\/www.moskito.cz\/fr\/wp-json\/wp\/v2\/product_tag?post=251294"}],"curies":[{"name":"wp","href":"https:\/\/api.w.org\/{rel}","templated":true}]}}