{"id":251484,"date":"2023-06-28T19:01:19","date_gmt":"2023-06-28T18:01:19","guid":{"rendered":"https:\/\/www.moskito.cz\/?post_type=product&#038;p=251484"},"modified":"2026-01-24T18:36:36","modified_gmt":"2026-01-24T17:36:36","slug":"zaviraci-nuz-spydero-delica-4-c11pbk","status":"publish","type":"product","link":"https:\/\/www.moskito.cz\/fr\/produkt\/zaviraci-nuz-spydero-delica-4-c11pbk\/","title":{"rendered":"Zav\u00edrac\u00ed N\u016f\u017e Spydero Delica 4 C11PBK"},"content":{"rendered":"<p data-start=\"160\" data-end=\"503\">Jakmile \u010depel otev\u0159e\u0161 typick\u00fdm <strong data-start=\"191\" data-end=\"219\">kulat\u00fdm otvorem Spyderco<\/strong> a zajist\u00ed\u0161 ji osv\u011bd\u010den\u00fdm <strong data-start=\"245\" data-end=\"260\">back lockem<\/strong>, okam\u017eit\u011b poc\u00edt\u00ed\u0161 <strong data-start=\"279\" data-end=\"314\">jistotu, kontrolu a plynul\u00fd \u0159ez<\/strong>, kter\u00fd je pro <strong data-start=\"329\" data-end=\"357\">Spyderco Delica 4 C11PBK<\/strong> typick\u00fd. Tento model pat\u0159\u00ed mezi nejikoni\u010dt\u011bj\u0161\u00ed EDC no\u017ee zna\u010dky Spyderco a dlouhodob\u011b si dr\u017e\u00ed pov\u011bst spolehliv\u00e9ho n\u00e1stroje pro ka\u017edodenn\u00ed pou\u017eit\u00ed.<\/p>\n<p data-start=\"505\" data-end=\"673\">Tento n\u016f\u017e je ur\u010den pro u\u017eivatele, kte\u0159\u00ed hledaj\u00ed <strong data-start=\"553\" data-end=\"594\">lehk\u00e9, praktick\u00e9 a univerz\u00e1ln\u00ed \u0159e\u0161en\u00ed<\/strong>, kter\u00e9 bez probl\u00e9m\u016f zvl\u00e1dne b\u011b\u017en\u00e9 pracovn\u00ed \u00fakoly, outdoor i ka\u017edodenn\u00ed no\u0161en\u00ed.<\/p>\n<hr data-start=\"675\" data-end=\"678\" \/>\n<h2 data-start=\"680\" data-end=\"706\">Charakter a filozofie<\/h2>\n<p data-start=\"707\" data-end=\"963\"><strong data-start=\"707\" data-end=\"728\">Spyderco Delica 4<\/strong> zt\u011bles\u0148uje filozofii no\u017ee, kter\u00fd m\u00e1 fungovat <strong data-start=\"774\" data-end=\"827\">jednodu\u0161e, efektivn\u011b a bez kompromis\u016f v ergonomii<\/strong>. Profil \u010depele typu drop-point nab\u00edz\u00ed v\u00fdbornou kontrolu a v\u0161estrann\u00fd \u0159ez, a\u0165 u\u017e pracuje\u0161 s kartonem, potravinami, provazy nebo plastem.<\/p>\n<p data-start=\"965\" data-end=\"1195\">\u010cepel s \u010dernou povrchovou \u00fapravou p\u016fsob\u00ed nen\u00e1padn\u011b, chr\u00e1n\u00ed povrch oceli a dod\u00e1v\u00e1 no\u017ei decentn\u00ed taktick\u00fd vzhled. Rukoje\u0165 z lehk\u00e9ho FRN materi\u00e1lu je ergonomicky tvarovan\u00e1, dob\u0159e sed\u00ed v ruce a poskytuje jist\u00fd \u00fachop i p\u0159i del\u0161\u00ed pr\u00e1ci.<\/p>\n<p data-start=\"1197\" data-end=\"1435\">Back lock je l\u00e9ty prov\u011b\u0159en\u00fd mechanismus, kter\u00fd zaji\u0161\u0165uje vysokou bezpe\u010dnost p\u0159i \u0159ezu a z\u00e1rove\u0148 jednoduch\u00e9 ovl\u00e1d\u00e1n\u00ed. Delica 4 je zkr\u00e1tka navr\u017eena tak, aby byla <strong data-start=\"1356\" data-end=\"1393\">spolehliv\u00fdm ka\u017edodenn\u00edm n\u00e1strojem<\/strong>, na kter\u00fd se m\u016f\u017ee\u0161 dlouhodob\u011b spolehnout.<\/p>\n<hr data-start=\"1437\" data-end=\"1440\" \/>\n<h2 data-start=\"1442\" data-end=\"1459\">\ud83c\udfed O v\u00fdrobci<\/h2>\n<p data-start=\"1460\" data-end=\"1693\"><strong data-start=\"1460\" data-end=\"1472\">Spyderco<\/strong> pat\u0159\u00ed mezi nejuzn\u00e1van\u011bj\u0161\u00ed v\u00fdrobce zav\u00edrac\u00edch no\u017e\u016f na sv\u011bt\u011b. Je zn\u00e1m\u00e9 sv\u00fdm d\u016frazem na ergonomii, funk\u010dn\u00ed design a re\u00e1ln\u00e9 pou\u017eit\u00ed v praxi. Model Delica je jedn\u00edm z pil\u00ed\u0159\u016f zna\u010dky a pat\u0159\u00ed mezi nejprod\u00e1van\u011bj\u0161\u00ed EDC no\u017ee v\u016fbec.<\/p>\n<hr data-start=\"1695\" data-end=\"1698\" \/>\n<h2 data-start=\"1700\" data-end=\"1727\">\u2699\ufe0f Technick\u00e9 specifikace<\/h2>\n<div class=\"TyagGW_tableContainer\">\n<div class=\"group TyagGW_tableWrapper flex flex-col-reverse w-fit\" tabindex=\"-1\">\n<table class=\"w-fit min-w-(--thread-content-width)\" data-start=\"1729\" data-end=\"2293\">\n<thead data-start=\"1729\" data-end=\"1751\">\n<tr data-start=\"1729\" data-end=\"1751\">\n<th data-start=\"1729\" data-end=\"1740\" data-col-size=\"sm\">Parametr<\/th>\n<th data-start=\"1740\" data-end=\"1751\" data-col-size=\"sm\">Hodnota<\/th>\n<\/tr>\n<\/thead>\n<tbody data-start=\"1773\" data-end=\"2293\">\n<tr data-start=\"1773\" data-end=\"1809\">\n<td data-start=\"1773\" data-end=\"1781\" data-col-size=\"sm\">Model<\/td>\n<td data-start=\"1781\" data-end=\"1809\" data-col-size=\"sm\">Spyderco Delica 4 C11PBK<\/td>\n<\/tr>\n<tr data-start=\"1810\" data-end=\"1832\">\n<td data-start=\"1810\" data-end=\"1816\" data-col-size=\"sm\">Typ<\/td>\n<td data-col-size=\"sm\" data-start=\"1816\" data-end=\"1832\">Zav\u00edrac\u00ed n\u016f\u017e<\/td>\n<\/tr>\n<tr data-start=\"1833\" data-end=\"1864\">\n<td data-start=\"1833\" data-end=\"1849\" data-col-size=\"sm\">Celkov\u00e1 d\u00e9lka<\/td>\n<td data-start=\"1849\" data-end=\"1864\" data-col-size=\"sm\">cca 20,5 cm<\/td>\n<\/tr>\n<tr data-start=\"1865\" data-end=\"1894\">\n<td data-start=\"1865\" data-end=\"1880\" data-col-size=\"sm\">D\u00e9lka \u010depele<\/td>\n<td data-start=\"1880\" data-end=\"1894\" data-col-size=\"sm\">cca 8,6 cm<\/td>\n<\/tr>\n<tr data-start=\"1895\" data-end=\"1927\">\n<td data-start=\"1895\" data-end=\"1913\" data-col-size=\"sm\">Tlou\u0161\u0165ka \u010depele<\/td>\n<td data-start=\"1913\" data-end=\"1927\" data-col-size=\"sm\">cca 2,5 mm<\/td>\n<\/tr>\n<tr data-start=\"1928\" data-end=\"1972\">\n<td data-start=\"1928\" data-end=\"1946\" data-col-size=\"sm\">Materi\u00e1l \u010depele<\/td>\n<td data-start=\"1946\" data-end=\"1972\" data-col-size=\"sm\">kvalitn\u00ed nerezov\u00e1 ocel<\/td>\n<\/tr>\n<tr data-start=\"1973\" data-end=\"2017\">\n<td data-start=\"1973\" data-end=\"1989\" data-col-size=\"sm\">Tvrdost oceli<\/td>\n<td data-col-size=\"sm\" data-start=\"1989\" data-end=\"2017\">vyv\u00e1\u017een\u00e1 pro EDC pou\u017eit\u00ed<\/td>\n<\/tr>\n<tr data-start=\"2018\" data-end=\"2046\">\n<td data-start=\"2018\" data-end=\"2032\" data-col-size=\"sm\">Tvar \u010depele<\/td>\n<td data-start=\"2032\" data-end=\"2046\" data-col-size=\"sm\">Drop Point<\/td>\n<\/tr>\n<tr data-start=\"2047\" data-end=\"2075\">\n<td data-start=\"2047\" data-end=\"2056\" data-col-size=\"sm\">V\u00fdbrus<\/td>\n<td data-col-size=\"sm\" data-start=\"2056\" data-end=\"2075\">Full Flat Grind<\/td>\n<\/tr>\n<tr data-start=\"2076\" data-end=\"2117\">\n<td data-start=\"2076\" data-end=\"2092\" data-col-size=\"sm\">Povrch \u010depele<\/td>\n<td data-start=\"2092\" data-end=\"2117\" data-col-size=\"sm\">\u010dern\u00e1 ochrann\u00e1 \u00faprava<\/td>\n<\/tr>\n<tr data-start=\"2118\" data-end=\"2143\">\n<td data-start=\"2118\" data-end=\"2128\" data-col-size=\"sm\">Rukoje\u0165<\/td>\n<td data-start=\"2128\" data-end=\"2143\" data-col-size=\"sm\">FRN \u2013 \u010dern\u00e1<\/td>\n<\/tr>\n<tr data-start=\"2144\" data-end=\"2165\">\n<td data-start=\"2144\" data-end=\"2152\" data-col-size=\"sm\">Z\u00e1mek<\/td>\n<td data-start=\"2152\" data-end=\"2165\" data-col-size=\"sm\">Back Lock<\/td>\n<\/tr>\n<tr data-start=\"2166\" data-end=\"2203\">\n<td data-start=\"2166\" data-end=\"2178\" data-col-size=\"sm\">Otev\u00edr\u00e1n\u00ed<\/td>\n<td data-col-size=\"sm\" data-start=\"2178\" data-end=\"2203\">kulat\u00fd otvor Spyderco<\/td>\n<\/tr>\n<tr data-start=\"2204\" data-end=\"2236\">\n<td data-start=\"2204\" data-end=\"2211\" data-col-size=\"sm\">Klip<\/td>\n<td data-start=\"2211\" data-end=\"2236\" data-col-size=\"sm\">reverzibiln\u00ed \u2013 tip-up<\/td>\n<\/tr>\n<tr data-start=\"2237\" data-end=\"2260\">\n<td data-start=\"2237\" data-end=\"2248\" data-col-size=\"sm\">Hmotnost<\/td>\n<td data-col-size=\"sm\" data-start=\"2248\" data-end=\"2260\">cca 65 g<\/td>\n<\/tr>\n<tr data-start=\"2261\" data-end=\"2293\">\n<td data-start=\"2261\" data-end=\"2270\" data-col-size=\"sm\">V\u00fdroba<\/td>\n<td data-start=\"2270\" data-end=\"2293\" data-col-size=\"sm\">precizn\u00ed zpracov\u00e1n\u00ed<\/td>\n<\/tr>\n<\/tbody>\n<\/table>\n<\/div>\n<\/div>\n<hr data-start=\"2295\" data-end=\"2298\" \/>\n<h2 data-start=\"2300\" data-end=\"2318\">\u2705 Hlavn\u00ed v\u00fdhody<\/h2>\n<ul data-start=\"2319\" data-end=\"2590\">\n<li data-start=\"2319\" data-end=\"2375\">\n<p data-start=\"2321\" data-end=\"2375\"><strong data-start=\"2321\" data-end=\"2341\">Lehk\u00e1 konstrukce<\/strong> \u2013 ide\u00e1ln\u00ed pro ka\u017edodenn\u00ed no\u0161en\u00ed<\/p>\n<\/li>\n<li data-start=\"2376\" data-end=\"2438\">\n<p data-start=\"2378\" data-end=\"2438\"><strong data-start=\"2378\" data-end=\"2405\">Ergonomick\u00e1 rukoje\u0165 FRN<\/strong> \u2013 jist\u00fd \u00fachop a n\u00edzk\u00e1 hmotnost<\/p>\n<\/li>\n<li data-start=\"2439\" data-end=\"2486\">\n<p data-start=\"2441\" data-end=\"2486\"><strong data-start=\"2441\" data-end=\"2454\">Back Lock<\/strong> \u2013 bezpe\u010dn\u00fd a spolehliv\u00fd z\u00e1mek<\/p>\n<\/li>\n<li data-start=\"2487\" data-end=\"2531\">\n<p data-start=\"2489\" data-end=\"2531\"><strong data-start=\"2489\" data-end=\"2507\">Vyv\u00e1\u017een\u00e1 \u010depel<\/strong> \u2013 univerz\u00e1ln\u00ed pou\u017eit\u00ed<\/p>\n<\/li>\n<li data-start=\"2532\" data-end=\"2590\">\n<p data-start=\"2534\" data-end=\"2590\"><strong data-start=\"2534\" data-end=\"2554\">Nen\u00e1padn\u00fd design<\/strong> \u2013 vhodn\u00fd i do m\u011bstsk\u00e9ho prost\u0159ed\u00ed<\/p>\n<\/li>\n<\/ul>\n<hr data-start=\"2592\" data-end=\"2595\" \/>\n<h2 data-start=\"2597\" data-end=\"2616\">\u26a0\ufe0f Mo\u017en\u00e1 omezen\u00ed<\/h2>\n<ul data-start=\"2617\" data-end=\"2818\">\n<li data-start=\"2617\" data-end=\"2682\">\n<p data-start=\"2619\" data-end=\"2682\">Standardn\u00ed ocel nenab\u00edz\u00ed extr\u00e9mn\u00ed v\u00fddr\u017e jako pr\u00e9miov\u00e9 slitiny<\/p>\n<\/li>\n<li data-start=\"2683\" data-end=\"2759\">\n<p data-start=\"2685\" data-end=\"2759\">Men\u0161\u00ed velikost nemus\u00ed vyhovovat u\u017eivatel\u016fm hledaj\u00edc\u00edm velk\u00fd pracovn\u00ed n\u016f\u017e<\/p>\n<\/li>\n<li data-start=\"2760\" data-end=\"2818\">\n<p data-start=\"2762\" data-end=\"2818\">FRN rukoje\u0165 p\u016fsob\u00ed m\u00e9n\u011b pr\u00e9miov\u011b ne\u017e G-10 nebo Micarta<\/p>\n<\/li>\n<\/ul>\n<hr data-start=\"2820\" data-end=\"2823\" \/>\n<h2 data-start=\"2825\" data-end=\"2845\">\ud83d\udee0\ufe0f \u00dadr\u017eba a p\u00e9\u010de<\/h2>\n<p data-start=\"2846\" data-end=\"3027\">Po pou\u017eit\u00ed \u010depel ot\u0159i a osu\u0161\u00ed, zejm\u00e9na po kontaktu s vlhkost\u00ed.<br data-start=\"2908\" data-end=\"2911\" \/>Ob\u010das zkontroluj chod z\u00e1mku a mechaniku.<br data-start=\"2951\" data-end=\"2954\" \/>Ost\u0159\u00ed udr\u017euj pravideln\u00fdm lehk\u00fdm brou\u0161en\u00edm bez zbyte\u010dn\u00e9ho \u00fab\u011bru materi\u00e1lu.<\/p>\n<hr data-start=\"3029\" data-end=\"3032\" \/>\n<h2 data-start=\"3034\" data-end=\"3072\">\ud83d\udd2a Pro udr\u017een\u00ed ost\u0159\u00ed doporu\u010dujeme<\/h2>\n<p data-start=\"3073\" data-end=\"3444\">Pou\u017e\u00edvat kvalitn\u00ed brusn\u00e9 syst\u00e9my s p\u0159esn\u00fdm veden\u00edm \u00fahlu, kter\u00e9 zajist\u00ed spr\u00e1vnou geometrii ost\u0159\u00ed a dlouhodobou ostrost bez zbyte\u010dn\u00e9ho ub\u00edr\u00e1n\u00ed materi\u00e1lu. Pro tento \u00fa\u010del <strong data-start=\"3240\" data-end=\"3327\">doporu\u010dujeme brousek Spyderco Tri-Angle Sharpmaker Complete Sharpening System 204MF<\/strong>, kter\u00fd umo\u017e\u0148uje bezpe\u010dn\u00e9 a velmi p\u0159esn\u00e9 brou\u0161en\u00ed i b\u011b\u017en\u011b pou\u017e\u00edvan\u00fdch EDC ocel\u00ed.<br data-start=\"3407\" data-end=\"3410\" \/><strong data-start=\"3410\" data-end=\"3444\">Zakoup\u00edte na na\u0161ich str\u00e1nk\u00e1ch.<\/strong><\/p>\n<hr data-start=\"3446\" data-end=\"3449\" \/>\n<h2 data-start=\"3451\" data-end=\"3471\">\ud83c\udfaf Doporu\u010deno pro<\/h2>\n<ul data-start=\"3472\" data-end=\"3628\">\n<li data-start=\"3472\" data-end=\"3497\">\n<p data-start=\"3474\" data-end=\"3497\">ka\u017edodenn\u00ed EDC no\u0161en\u00ed<\/p>\n<\/li>\n<li data-start=\"3498\" data-end=\"3530\">\n<p data-start=\"3500\" data-end=\"3530\">m\u011bstsk\u00e9 i outdoorov\u00e9 pou\u017eit\u00ed<\/p>\n<\/li>\n<li data-start=\"3531\" data-end=\"3587\">\n<p data-start=\"3533\" data-end=\"3587\">u\u017eivatele hledaj\u00edc\u00ed <strong data-start=\"3553\" data-end=\"3585\">lehkou a spolehlivou klasiku<\/strong><\/p>\n<\/li>\n<li data-start=\"3588\" data-end=\"3628\">\n<p data-start=\"3590\" data-end=\"3628\">fanou\u0161ky ergonomick\u00fdch no\u017e\u016f Spyderco<\/p>\n<\/li>\n<\/ul>\n<hr data-start=\"3630\" data-end=\"3633\" \/>\n<h2 data-start=\"3635\" data-end=\"3661\">\u2b50 Z\u00e1v\u011bre\u010dn\u00e9 hodnocen\u00ed<\/h2>\n<p data-start=\"3662\" data-end=\"3856\"><strong data-start=\"3662\" data-end=\"3690\">Spyderco Delica 4 C11PBK<\/strong> je nad\u010dasov\u00fd zav\u00edrac\u00ed n\u016f\u017e, kter\u00fd si sv\u00e9 m\u00edsto mezi EDC legendami zaslou\u017e\u00ed pr\u00e1vem. Nab\u00edz\u00ed n\u00edzkou hmotnost, skv\u011blou ergonomii a spolehliv\u00fd v\u00fdkon v ka\u017edodenn\u00edm pou\u017eit\u00ed.<\/p>\n<p data-start=\"3858\" data-end=\"3922\" data-is-last-node=\"\" data-is-only-node=\"\"><strong data-start=\"3858\" data-end=\"3922\" data-is-last-node=\"\">Delica 4 \u2013 jednoduchost, jistota a funk\u010dnost bez kompromis\u016f.<\/strong><\/p>\n","protected":false},"excerpt":{"rendered":"<p data-start=\"3662\" data-end=\"3856\"><strong>Spyderco Delica 4 C11PBK je nad\u010dasov\u00fd zav\u00edrac\u00ed n\u016f\u017e, kter\u00fd si sv\u00e9 m\u00edsto mezi EDC legendami zaslou\u017e\u00ed pr\u00e1vem. Nab\u00edz\u00ed n\u00edzkou hmotnost, skv\u011blou ergonomii a spolehliv\u00fd v\u00fdkon v ka\u017edodenn\u00edm pou\u017eit\u00ed.<\/strong><\/p>\n<p data-start=\"3858\" data-end=\"3922\" data-is-last-node=\"\" data-is-only-node=\"\"><strong>Delica 4 \u2013 jednoduchost, jistota a funk\u010dnost bez kompromis\u016f.<\/strong><\/p>\n","protected":false},"featured_media":251485,"comment_status":"open","ping_status":"closed","template":"","meta":[],"pwb-brand":[567],"product_brand":[],"product_cat":[22,17],"product_tag":[3667],"class_list":{"0":"post-251484","1":"product","2":"type-product","3":"status-publish","4":"has-post-thumbnail","6":"pwb-brand-spyderco","7":"product_cat-zaviraci-noze","8":"product_cat-noze","9":"product_tag-b2b","11":"first","12":"instock","13":"taxable","14":"shipping-taxable","15":"purchasable","16":"product-type-simple"},"brands":[{"id":567,"name":"Spyderco","slug":"spyderco"}],"_links":{"self":[{"href":"https:\/\/www.moskito.cz\/fr\/wp-json\/wp\/v2\/product\/251484","targetHints":{"allow":["GET"]}}],"collection":[{"href":"https:\/\/www.moskito.cz\/fr\/wp-json\/wp\/v2\/product"}],"about":[{"href":"https:\/\/www.moskito.cz\/fr\/wp-json\/wp\/v2\/types\/product"}],"replies":[{"embeddable":true,"href":"https:\/\/www.moskito.cz\/fr\/wp-json\/wp\/v2\/comments?post=251484"}],"wp:featuredmedia":[{"embeddable":true,"href":"https:\/\/www.moskito.cz\/fr\/wp-json\/wp\/v2\/media\/251485"}],"wp:attachment":[{"href":"https:\/\/www.moskito.cz\/fr\/wp-json\/wp\/v2\/media?parent=251484"}],"wp:term":[{"taxonomy":"pwb-brand","embeddable":true,"href":"https:\/\/www.moskito.cz\/fr\/wp-json\/wp\/v2\/pwb-brand?post=251484"},{"taxonomy":"product_brand","embeddable":true,"href":"https:\/\/www.moskito.cz\/fr\/wp-json\/wp\/v2\/product_brand?post=251484"},{"taxonomy":"product_cat","embeddable":true,"href":"https:\/\/www.moskito.cz\/fr\/wp-json\/wp\/v2\/product_cat?post=251484"},{"taxonomy":"product_tag","embeddable":true,"href":"https:\/\/www.moskito.cz\/fr\/wp-json\/wp\/v2\/product_tag?post=251484"}],"curies":[{"name":"wp","href":"https:\/\/api.w.org\/{rel}","templated":true}]}}