{"id":251836,"date":"2023-07-02T08:58:32","date_gmt":"2023-07-02T07:58:32","guid":{"rendered":"https:\/\/www.moskito.cz\/?post_type=product&#038;p=251836"},"modified":"2025-05-07T10:51:45","modified_gmt":"2025-05-07T09:51:45","slug":"zaviraci-nuz-spyderco-urban-lightweight-slipjoint-c127pbk","status":"publish","type":"product","link":"https:\/\/www.moskito.cz\/fr\/produkt\/zaviraci-nuz-spyderco-urban-lightweight-slipjoint-c127pbk\/","title":{"rendered":"Zav\u00edrac\u00ed N\u016f\u017e Spyderco Urban Lightweight Slipjoint C127PBK"},"content":{"rendered":"<p>Zav\u00edrac\u00ed N\u016f\u017e <strong>Spyderco<\/strong> Urban Lightweight Slipjoint C127PBK<\/p>\n<p>Urban Lightweight, perfektn\u00ed spole\u010dn\u00edk je nejnov\u011bj\u0161\u00ed evoluc\u00ed p\u016fvodn\u00edho Urbana. Jako \u010dlen rodiny SLIPIT poskytuje v\u00fdhody no\u0161en\u00ed klipem a otev\u00edr\u00e1n\u00ed jednou rukou, ale se spole\u010densky p\u0159\u00edv\u011btiv\u00fdm bezzamykac\u00edm mechanismem. Jeho \u010depel ve tvaru listu je zcela ploch\u00e1 z nerezov\u00e9 oceli N690CO pro vynikaj\u00edc\u00ed geometrii ost\u0159\u00ed a je vybavena ukazov\u00e1\u010dkem, kter\u00fd pom\u00e1h\u00e1 zabr\u00e1nit ne\u00famysln\u00e9mu uzav\u0159en\u00ed b\u011bhem pou\u017e\u00edv\u00e1n\u00ed. V\u011brn\u00fd sv\u00e9mu jm\u00e9nu, Urban Lightweight m\u00e1 texturovanou, skeln\u00fdm vl\u00e1knem vyztu\u017eenou nylonovou rukojet\u00ed, kter\u00e1 ji udr\u017euje jako lehkou jako p\u00edrko a z\u00e1rove\u0148 poskytuje pln\u00e9 a bezpe\u010dn\u00e9 uchopen\u00ed. Bal\u00ed\u010dek dopl\u0148uje oboustrann\u00e1 dr\u00e1t\u011bn\u00e1 spona s hlubokou kapsou, kter\u00e1 nab\u00edz\u00ed pohodln\u00e9 no\u0161en\u00ed na obou stran\u00e1ch t\u011bla. N\u016f\u017e se nezamyk\u00e1 z d\u016fvodu obav o leg\u00e1lnost, ale st\u00e1le m\u00e1 siln\u00fd polovi\u010dn\u00ed dorazov\u00fd mechanismus pro bezpe\u010dn\u00e9 uzav\u0159en\u00ed \u010depele.<\/p>\n<p>Specifikace<br \/>\nD\u00e9lka \u010depele: 6.6 cm<br \/>\n\u0158ezn\u00e1 hrana: 5.9 cm<br \/>\nCelkov\u00e1 d\u00e9lka: 15.4 cm<br \/>\nD\u00e9lka v zav\u0159en\u00e9m stavu: 8.8 cm<br \/>\nTlou\u0161\u0165ka \u010depele: 0.3 cm<br \/>\nOcel \u010depele: Nerezov\u00e1 ocel N690CO<br \/>\nHmotnost: 2,0 oz. (57 g)<br \/>\nMateri\u00e1l rukojeti: FRN<br \/>\nUzamykac\u00ed mechanismus: Kluzn\u00fd kloub (bez aretace)<br \/>\nBrou\u0161en\u00ed: Pln\u011b ploch\u00e9<br \/>\nVyrobeno v It\u00e1lii<\/p>\n","protected":false},"excerpt":{"rendered":"<p><strong>Urban Lightweight, perfektn\u00ed spole\u010dn\u00edk je nejnov\u011bj\u0161\u00ed evoluc\u00ed p\u016fvodn\u00edho Urbana.<\/strong><\/p>\n","protected":false},"featured_media":251837,"comment_status":"open","ping_status":"closed","template":"","meta":[],"pwb-brand":[567],"product_brand":[],"product_cat":[22,17],"product_tag":[3667],"class_list":{"0":"post-251836","1":"product","2":"type-product","3":"status-publish","4":"has-post-thumbnail","6":"pwb-brand-spyderco","7":"product_cat-zaviraci-noze","8":"product_cat-noze","9":"product_tag-b2b","11":"first","12":"instock","13":"taxable","14":"shipping-taxable","15":"purchasable","16":"product-type-simple"},"brands":[{"id":567,"name":"Spyderco","slug":"spyderco"}],"_links":{"self":[{"href":"https:\/\/www.moskito.cz\/fr\/wp-json\/wp\/v2\/product\/251836","targetHints":{"allow":["GET"]}}],"collection":[{"href":"https:\/\/www.moskito.cz\/fr\/wp-json\/wp\/v2\/product"}],"about":[{"href":"https:\/\/www.moskito.cz\/fr\/wp-json\/wp\/v2\/types\/product"}],"replies":[{"embeddable":true,"href":"https:\/\/www.moskito.cz\/fr\/wp-json\/wp\/v2\/comments?post=251836"}],"wp:featuredmedia":[{"embeddable":true,"href":"https:\/\/www.moskito.cz\/fr\/wp-json\/wp\/v2\/media\/251837"}],"wp:attachment":[{"href":"https:\/\/www.moskito.cz\/fr\/wp-json\/wp\/v2\/media?parent=251836"}],"wp:term":[{"taxonomy":"pwb-brand","embeddable":true,"href":"https:\/\/www.moskito.cz\/fr\/wp-json\/wp\/v2\/pwb-brand?post=251836"},{"taxonomy":"product_brand","embeddable":true,"href":"https:\/\/www.moskito.cz\/fr\/wp-json\/wp\/v2\/product_brand?post=251836"},{"taxonomy":"product_cat","embeddable":true,"href":"https:\/\/www.moskito.cz\/fr\/wp-json\/wp\/v2\/product_cat?post=251836"},{"taxonomy":"product_tag","embeddable":true,"href":"https:\/\/www.moskito.cz\/fr\/wp-json\/wp\/v2\/product_tag?post=251836"}],"curies":[{"name":"wp","href":"https:\/\/api.w.org\/{rel}","templated":true}]}}