{"id":251972,"date":"2023-07-02T20:36:55","date_gmt":"2023-07-02T19:36:55","guid":{"rendered":"https:\/\/www.moskito.cz\/?post_type=product&#038;p=251972"},"modified":"2026-01-27T00:27:16","modified_gmt":"2026-01-26T23:27:16","slug":"zaviraci-nuz-spyderco-chaparral-sun-moon-c152gsmp","status":"publish","type":"product","link":"https:\/\/www.moskito.cz\/fr\/produkt\/zaviraci-nuz-spyderco-chaparral-sun-moon-c152gsmp\/","title":{"rendered":"Zav\u00edrac\u00ed N\u016f\u017e Spyderco Chaparral Sun &#038; Moon C152GSMP"},"content":{"rendered":"<p>Zav\u00edrac\u00ed N\u016f\u017e <strong>Spyderco<\/strong> Chaparral Sun &amp; Moon C152GSMP<\/p>\n<p>Popul\u00e1rn\u00ed s\u00e9rie Chaparral spole\u010dnosti <strong>Spyderco<\/strong> je oslavou konzistence a um\u011bleck\u00e9 rozmanitosti. Nejnov\u011bj\u0161\u00ed p\u0159\u00edr\u016fstek do t\u00e9to elitn\u00ed rodiny, Chaparral Sun &amp; Moon, nejen pokra\u010duje v t\u00e9to hrd\u00e9 tradici, ale v mnoha ohledech je tak\u00e9 dokonalou vizu\u00e1ln\u00ed metaforou pro sv\u00e9 \u00fast\u0159edn\u00ed t\u00e9ma.<\/p>\n<p>Sun &amp; Moon je prvn\u00edm vyj\u00e1d\u0159en\u00edm modelu Chaparral, kter\u00fd obsahuje v\u00e1hy s rukojet\u00ed G10. Na rozd\u00edl od b\u011b\u017en\u00fdch no\u017e\u016f s rukojet\u00ed G10 v\u0161ak p\u0159edv\u00e1d\u00ed jak dvoubarevn\u00fd form\u00e1t, tak pe\u010dliv\u011b proveden\u00e9 intarzie na obou stran\u00e1ch rukojeti. B\u00edl\u00e1 stupnice na zadn\u00ed stran\u011b je vykl\u00e1d\u00e1na kontrastn\u00ed \u010dervenou vlo\u017ekou G10. Na l\u00edcn\u00ed stran\u011b je \u010dern\u00e1 stupnice zv\u00fdrazn\u011bn\u00e1 vykl\u00e1d\u00e1n\u00edm z prav\u00e9 perleti. Ob\u011b intarzie jsou dokonal\u00e9 kruhy a jsou hladce zasazeny do p\u0159\u00edslu\u0161n\u00fdch \u0161upin, ne\u017e jsou brou\u0161eny do hladka a le\u0161t\u011bny. V\u00fdsledkem je ohromuj\u00edc\u00ed design, kter\u00fd p\u0159ipom\u00edn\u00e1 jin a jang \u2013 starov\u011bk\u00fd \u010d\u00ednsk\u00fd filozofick\u00fd symbol, kter\u00fd p\u0159edstavuje koncept duality v p\u0159\u00edrod\u011b. Tvrd\u00e9 a m\u011bkk\u00e9, mu\u017e a \u017eena, sv\u011btlo a tma, slunce a m\u011bs\u00edc,<\/p>\n<p>Chaparral Sun &amp; Moon se spol\u00e9h\u00e1 na vlastn\u00ed pevnost sv\u00fdch vah G10 a backspacer z nerezov\u00e9 oceli a vyzna\u010duje se \u0161t\u00edhlou konstrukc\u00ed bez vlo\u017eky, kter\u00e1 udr\u017euje jeho celkovou hmotnost na pouh\u00fdch 2,3 unce (65 gram\u016f). S tlou\u0161\u0165kou pouh\u00fdch 0,33 palce (8,4 mm) jeho rukoje\u0165 tak\u00e9 poskytuje podporu pro robustn\u00ed mechanismus z\u00e1mku no\u017ee a je domovem oboustrann\u00e9 dr\u00e1t\u011bn\u00e9 spony s hlubokou kapsou, kter\u00e1 poskytuje mo\u017enost no\u0161en\u00ed na lev\u00e9 nebo prav\u00e9 stran\u011b se skl\u00e1p\u011bn\u00edm.<\/p>\n<p>Tenk\u00e1 \u010depel no\u017ee ve tvaru listu je celoplo\u0161n\u011b brou\u0161en\u00e1 z nerezov\u00e9 oceli CTS XHP a m\u00e1 hezk\u00fd sat\u00e9nov\u00fd povrch. Zahrnuje ukazov\u00e1\u010dek 50\/50 na spoji ricasso a rukojeti, kter\u00fd umo\u017e\u0148uje mo\u017enost dop\u0159edu um\u00edst\u011bn\u00e9ho \u00ab\u00a0za\u0161krten\u00e9ho\u00a0\u00bb \u00fachopu pro lep\u0161\u00ed kontrolu. Jak choil, tak protilehl\u00e1 palcov\u00e1 rampa na h\u0159betu \u010depele obsahuj\u00ed promy\u0161len\u011b um\u00edst\u011bn\u00e9 jimping (texturovan\u00e9 dr\u00e1\u017eky) pro je\u0161t\u011b v\u011bt\u0161\u00ed jistotu \u00fachopu. \u010cepel, kter\u00e1 odr\u00e1\u017e\u00ed zcela symetrickou ergonomii rukojeti, m\u00e1 pln\u011b p\u0159\u00edstupn\u00fd kulat\u00fd otvor s ochrannou zn\u00e1mkou, kter\u00fd umo\u017e\u0148uje snadn\u00e9 otev\u0159en\u00ed jednou rukou kteroukoli rukou.<\/p>\n<p>V souladu s duchem rodiny Chaparral nab\u00edz\u00ed Sun &amp; Moon neselh\u00e1vaj\u00edc\u00ed \u0159ezn\u00fd v\u00fdkon v \u00fa\u017easn\u00e9m stylu. Je to \u017eiv\u00fd odraz sv\u00e9 symboliky protikladn\u00fdch kvalit Jin a Jang a je to n\u016f\u017e, kter\u00fd jist\u011b pot\u011b\u0161\u00ed sb\u011bratele i u\u017eivatele.<\/p>\n<p>Specifikace<br \/>\nD\u00e9lka \u010depele: 7 cm<br \/>\nD\u00e9lka v zav\u0159en\u00e9m stavu: 9 cm<br \/>\nCelkov\u00e1 d\u00e9lka: 16 cm<br \/>\nTlou\u0161\u0165ka \u010depele: 0.19 cm<br \/>\nMateri\u00e1l \u010depele: CTS-XHP Nerezov\u00e1 ocel<br \/>\nStyl \u010depele: Drop Point<br \/>\nBrou\u0161en\u00ed \u010depele: Pln\u011b ploch\u00e9<br \/>\nPovrchov\u00e1 \u00faprava \u010depele: sat\u00e9n<br \/>\nOst\u0159\u00ed \u010depele: Hladk\u00e9<br \/>\nMateri\u00e1l rukojeti: G10 s perle\u0165ovou vlo\u017ekou<br \/>\nBarvy rukojeti: \u010dern\u00e1 a b\u00edl\u00e1<br \/>\nUzamykac\u00ed mechanismus: Lockback<br \/>\nKapesn\u00ed spona: dr\u00e1t (skl\u00e1p\u011bc\u00ed, prav\u00e9\/lev\u00e9 no\u0161en\u00ed)<br \/>\n\u010c\u00edslo modelu: C152GSMP<br \/>\nN\u00e1zev modelu: Chaparral Sun and Moon<br \/>\nHmotnost: 2,2 oz.<\/p>\n","protected":false},"excerpt":{"rendered":"<p><strong>Popul\u00e1rn\u00ed s\u00e9rie Chaparral spole\u010dnosti Spyderco je oslavou konzistence a um\u011bleck\u00e9 rozmanitosti.<\/strong><\/p>\n","protected":false},"featured_media":251973,"comment_status":"open","ping_status":"closed","template":"","meta":[],"pwb-brand":[567],"product_brand":[],"product_cat":[22,17],"product_tag":[3667],"class_list":{"0":"post-251972","1":"product","2":"type-product","3":"status-publish","4":"has-post-thumbnail","6":"pwb-brand-spyderco","7":"product_cat-zaviraci-noze","8":"product_cat-noze","9":"product_tag-b2b","11":"first","12":"outofstock","13":"taxable","14":"shipping-taxable","15":"purchasable","16":"product-type-simple"},"brands":[{"id":567,"name":"Spyderco","slug":"spyderco"}],"_links":{"self":[{"href":"https:\/\/www.moskito.cz\/fr\/wp-json\/wp\/v2\/product\/251972","targetHints":{"allow":["GET"]}}],"collection":[{"href":"https:\/\/www.moskito.cz\/fr\/wp-json\/wp\/v2\/product"}],"about":[{"href":"https:\/\/www.moskito.cz\/fr\/wp-json\/wp\/v2\/types\/product"}],"replies":[{"embeddable":true,"href":"https:\/\/www.moskito.cz\/fr\/wp-json\/wp\/v2\/comments?post=251972"}],"wp:featuredmedia":[{"embeddable":true,"href":"https:\/\/www.moskito.cz\/fr\/wp-json\/wp\/v2\/media\/251973"}],"wp:attachment":[{"href":"https:\/\/www.moskito.cz\/fr\/wp-json\/wp\/v2\/media?parent=251972"}],"wp:term":[{"taxonomy":"pwb-brand","embeddable":true,"href":"https:\/\/www.moskito.cz\/fr\/wp-json\/wp\/v2\/pwb-brand?post=251972"},{"taxonomy":"product_brand","embeddable":true,"href":"https:\/\/www.moskito.cz\/fr\/wp-json\/wp\/v2\/product_brand?post=251972"},{"taxonomy":"product_cat","embeddable":true,"href":"https:\/\/www.moskito.cz\/fr\/wp-json\/wp\/v2\/product_cat?post=251972"},{"taxonomy":"product_tag","embeddable":true,"href":"https:\/\/www.moskito.cz\/fr\/wp-json\/wp\/v2\/product_tag?post=251972"}],"curies":[{"name":"wp","href":"https:\/\/api.w.org\/{rel}","templated":true}]}}