{"id":252105,"date":"2023-07-03T13:00:26","date_gmt":"2023-07-03T12:00:26","guid":{"rendered":"https:\/\/www.moskito.cz\/?post_type=product&#038;p=252105"},"modified":"2026-01-26T19:01:43","modified_gmt":"2026-01-26T18:01:43","slug":"zaviraci-nuz-spyderco-dragonfly-2-lightweight-c28fppns30vbk2","status":"publish","type":"product","link":"https:\/\/www.moskito.cz\/fr\/produkt\/zaviraci-nuz-spyderco-dragonfly-2-lightweight-c28fppns30vbk2\/","title":{"rendered":"Zav\u00edrac\u00ed N\u016f\u017e Spyderco Dragonfly 2 Lightweight C28FPPNS30VBK2"},"content":{"rendered":"<h2 data-start=\"0\" data-end=\"68\">\ud83d\udd2a Zav\u00edrac\u00ed N\u016f\u017e Spyderco Dragonfly 2 Lightweight \u2013 C28FPPNS30VBK2<\/h2>\n<p data-start=\"70\" data-end=\"447\">Jakmile otev\u0159e\u0161 <em data-start=\"86\" data-end=\"120\">Spyderco Dragonfly 2 Lightweight<\/em> typick\u00fdm kulat\u00fdm otvorem Spyderco a zajist\u00ed\u0161 jej spolehliv\u00fdm <strong data-start=\"182\" data-end=\"197\">Back Lockem<\/strong>, okam\u017eit\u011b poc\u00edt\u00ed\u0161 precizn\u00ed kontrolu a jistotu \u0159ezu, kterou tento lehk\u00fd model nab\u00edz\u00ed. Dragonfly 2 Lightweight kombinuje minimalistick\u00e9 rozm\u011bry obl\u00edben\u00e9 s\u00e9rie <em data-start=\"355\" data-end=\"366\">Dragonfly<\/em> s lehkou konstrukc\u00ed, d\u00edky \u010demu\u017e je ide\u00e1ln\u00ed pro ka\u017edodenn\u00ed no\u0161en\u00ed i p\u0159esn\u00e9 \u00fakoly.<\/p>\n<p data-start=\"449\" data-end=\"653\">Tento model je ur\u010den pro u\u017eivatele, kte\u0159\u00ed cht\u011bj\u00ed <strong data-start=\"498\" data-end=\"542\">kompaktn\u00ed, lehk\u00e9 a spolehliv\u00e9 EDC \u0159e\u0161en\u00ed<\/strong>, kter\u00e9 zvl\u00e1dne \u0161irokou \u0161k\u00e1lu \u0159ezn\u00fdch \u00fakol\u016f \u2014 od b\u011b\u017en\u00fdch ka\u017edodenn\u00edch prac\u00ed a\u017e po detailn\u00ed a precizn\u00ed \u010dinnosti.<\/p>\n<hr data-start=\"655\" data-end=\"658\" \/>\n<h2 data-start=\"660\" data-end=\"687\">\ud83e\udde0 Charakter a filozofie<\/h2>\n<p data-start=\"689\" data-end=\"1005\"><em data-start=\"689\" data-end=\"723\">Spyderco Dragonfly 2 Lightweight<\/em> vych\u00e1z\u00ed z filozofie no\u017ee, kter\u00fd je <strong data-start=\"759\" data-end=\"806\">\u0159emesln\u011b \u00fa\u010dinn\u00fd a bez zbyte\u010dn\u00fdch kompromis\u016f<\/strong>, p\u0159esto\u017ee stoj\u00ed m\u00e9n\u011b ne\u017e v\u011bt\u0161\u00ed zav\u00edrac\u00ed no\u017ee. Men\u0161\u00ed velikost nezmen\u0161uje jeho funk\u010dnost \u2014 \u010depel je navr\u017eena tak, aby poskytovala vysokou kontrolu, p\u0159esnost a efektivitu \u0159ezu ve v\u0161ech sm\u011brech pou\u017eit\u00ed.<\/p>\n<p data-start=\"1007\" data-end=\"1323\">Ergonomicky tvarovan\u00e1 rukoje\u0165 z lehk\u00e9ho materi\u00e1lu FRN sed\u00ed dob\u0159e v dlani a poskytuje jist\u00fd \u00fachop i p\u0159i del\u0161\u00ed pr\u00e1ci. Texturovan\u00fd povrch zvy\u0161uje p\u0159ilnavost, co\u017e je zvl\u00e1\u0161\u0165 u\u017eite\u010dn\u00e9 p\u0159i outdoorov\u00fdch aktivit\u00e1ch nebo v mokr\u00e9m prost\u0159ed\u00ed. <strong data-start=\"1238\" data-end=\"1251\">Back Lock<\/strong> je jednoduch\u00fd a bezpe\u010dn\u00fd \u2014 poskytuje vysokou \u00farove\u0148 jistoty b\u011bhem \u0159ezu.<\/p>\n<p data-start=\"1325\" data-end=\"1562\">Kulat\u00fd otvor Spyderco zaji\u0161\u0165uje snadn\u00e9 a intuitivn\u00ed otev\u0159en\u00ed jednou rukou, kdekoliv a kdykoliv. Dragonfly 2 Lightweight je navr\u017een tak, aby byl <strong data-start=\"1469\" data-end=\"1535\">lehkou, praktickou a spolehlivou volbou pro ka\u017edodenn\u00ed pou\u017eit\u00ed<\/strong>, bez kompromis\u016f v kvalit\u011b.<\/p>\n<hr data-start=\"1564\" data-end=\"1567\" \/>\n<h2 data-start=\"1569\" data-end=\"1584\">\ud83c\udfed O v\u00fdrobci<\/h2>\n<p data-start=\"1586\" data-end=\"1887\">Spyderco pat\u0159\u00ed mezi sv\u011btovou \u0161pi\u010dku ve v\u00fdrob\u011b kapesn\u00edch no\u017e\u016f, zn\u00e1m\u00fd sv\u00fdm inovativn\u00edm designem, ergonomi\u00ed a d\u016frazem na re\u00e1ln\u00e9 pou\u017eit\u00ed. Modely jako <em data-start=\"1732\" data-end=\"1757\">Dragonfly 2 Lightweight<\/em> jsou v\u00fdsledkem dlouholet\u00e9ho v\u00fdvoje s ohledem na pot\u0159eby u\u017eivatel\u016f po cel\u00e9m sv\u011bt\u011b \u2014 od ka\u017edodenn\u00edch nosi\u010d\u016f a\u017e po outdoor nad\u0161ence.<\/p>\n<hr data-start=\"1889\" data-end=\"1892\" \/>\n<h2 data-start=\"1894\" data-end=\"1921\">\u2699\ufe0f Technick\u00e9 specifikace<\/h2>\n<div class=\"TyagGW_tableContainer\">\n<div class=\"group TyagGW_tableWrapper flex flex-col-reverse w-fit\" tabindex=\"-1\">\n<table class=\"w-fit min-w-(--thread-content-width)\" data-start=\"1923\" data-end=\"2618\">\n<thead data-start=\"1923\" data-end=\"1953\">\n<tr data-start=\"1923\" data-end=\"1953\">\n<th data-start=\"1923\" data-end=\"1938\" data-col-size=\"sm\"><strong data-start=\"1925\" data-end=\"1937\">Parametr<\/strong><\/th>\n<th data-start=\"1938\" data-end=\"1953\" data-col-size=\"md\"><strong data-start=\"1940\" data-end=\"1951\">Hodnota<\/strong><\/th>\n<\/tr>\n<\/thead>\n<tbody data-start=\"1985\" data-end=\"2618\">\n<tr data-start=\"1985\" data-end=\"2048\">\n<td data-start=\"1985\" data-end=\"1997\" data-col-size=\"sm\"><strong data-start=\"1987\" data-end=\"1996\">Model<\/strong><\/td>\n<td data-start=\"1997\" data-end=\"2048\" data-col-size=\"md\">Spyderco Dragonfly 2 Lightweight C28FPPNS30VBK2<\/td>\n<\/tr>\n<tr data-start=\"2049\" data-end=\"2075\">\n<td data-start=\"2049\" data-end=\"2059\" data-col-size=\"sm\"><strong data-start=\"2051\" data-end=\"2058\">Typ<\/strong><\/td>\n<td data-start=\"2059\" data-end=\"2075\" data-col-size=\"md\">Zav\u00edrac\u00ed n\u016f\u017e<\/td>\n<\/tr>\n<tr data-start=\"2076\" data-end=\"2111\">\n<td data-start=\"2076\" data-end=\"2096\" data-col-size=\"sm\"><strong data-start=\"2078\" data-end=\"2095\">Celkov\u00e1 d\u00e9lka<\/strong><\/td>\n<td data-start=\"2096\" data-end=\"2111\" data-col-size=\"md\">cca 15,9 cm<\/td>\n<\/tr>\n<tr data-start=\"2112\" data-end=\"2145\">\n<td data-start=\"2112\" data-end=\"2131\" data-col-size=\"sm\"><strong data-start=\"2114\" data-end=\"2130\">D\u00e9lka \u010depele<\/strong><\/td>\n<td data-start=\"2131\" data-end=\"2145\" data-col-size=\"md\">cca 6,6 cm<\/td>\n<\/tr>\n<tr data-start=\"2146\" data-end=\"2186\">\n<td data-start=\"2146\" data-end=\"2168\" data-col-size=\"sm\"><strong data-start=\"2148\" data-end=\"2167\">Tlou\u0161\u0165ka \u010depele<\/strong><\/td>\n<td data-start=\"2168\" data-end=\"2186\" data-col-size=\"md\">cca 2,5\u20133,0 mm<\/td>\n<\/tr>\n<tr data-start=\"2187\" data-end=\"2245\">\n<td data-start=\"2187\" data-end=\"2209\" data-col-size=\"sm\"><strong data-start=\"2189\" data-end=\"2208\">Materi\u00e1l \u010depele<\/strong><\/td>\n<td data-start=\"2209\" data-end=\"2245\" data-col-size=\"md\">CPM S30V (v\u00fdkonn\u00e1 nerezov\u00e1 ocel)<\/td>\n<\/tr>\n<tr data-start=\"2246\" data-end=\"2278\">\n<td data-start=\"2246\" data-end=\"2264\" data-col-size=\"sm\"><strong data-start=\"2248\" data-end=\"2263\">Tvar \u010depele<\/strong><\/td>\n<td data-start=\"2264\" data-end=\"2278\" data-col-size=\"md\">Leaf Shape<\/td>\n<\/tr>\n<tr data-start=\"2279\" data-end=\"2311\">\n<td data-start=\"2279\" data-end=\"2292\" data-col-size=\"sm\"><strong data-start=\"2281\" data-end=\"2291\">V\u00fdbrus<\/strong><\/td>\n<td data-start=\"2292\" data-end=\"2311\" data-col-size=\"md\">Full Flat Grind<\/td>\n<\/tr>\n<tr data-start=\"2312\" data-end=\"2358\">\n<td data-start=\"2312\" data-end=\"2332\" data-col-size=\"sm\"><strong data-start=\"2314\" data-end=\"2331\">Povrch \u010depele<\/strong><\/td>\n<td data-start=\"2332\" data-end=\"2358\" data-col-size=\"md\">satin (le\u0161t\u011bn\u00e1 \u00faprava)<\/td>\n<\/tr>\n<tr data-start=\"2359\" data-end=\"2429\">\n<td data-start=\"2359\" data-end=\"2373\" data-col-size=\"sm\"><strong data-start=\"2361\" data-end=\"2372\">Rukoje\u0165<\/strong><\/td>\n<td data-start=\"2373\" data-end=\"2429\" data-col-size=\"md\">FRN (Fiberglass Reinforced Nylon) \u2013 lehk\u00e1 konstrukce<\/td>\n<\/tr>\n<tr data-start=\"2430\" data-end=\"2455\">\n<td data-start=\"2430\" data-end=\"2442\" data-col-size=\"sm\"><strong data-start=\"2432\" data-end=\"2441\">Z\u00e1mek<\/strong><\/td>\n<td data-start=\"2442\" data-end=\"2455\" data-col-size=\"md\">Back Lock<\/td>\n<\/tr>\n<tr data-start=\"2456\" data-end=\"2497\">\n<td data-start=\"2456\" data-end=\"2472\" data-col-size=\"sm\"><strong data-start=\"2458\" data-end=\"2471\">Otev\u00edr\u00e1n\u00ed<\/strong><\/td>\n<td data-start=\"2472\" data-end=\"2497\" data-col-size=\"md\">kulat\u00fd otvor Spyderco<\/td>\n<\/tr>\n<tr data-start=\"2498\" data-end=\"2550\">\n<td data-start=\"2498\" data-end=\"2509\" data-col-size=\"sm\"><strong data-start=\"2500\" data-end=\"2508\">Klip<\/strong><\/td>\n<td data-start=\"2509\" data-end=\"2550\" data-col-size=\"md\">oboustrann\u00fd deep-pocket klip (tip-up)<\/td>\n<\/tr>\n<tr data-start=\"2551\" data-end=\"2581\">\n<td data-start=\"2551\" data-end=\"2566\" data-col-size=\"sm\"><strong data-start=\"2553\" data-end=\"2565\">Hmotnost<\/strong><\/td>\n<td data-start=\"2566\" data-end=\"2581\" data-col-size=\"md\">velmi n\u00edzk\u00e1<\/td>\n<\/tr>\n<tr data-start=\"2582\" data-end=\"2618\">\n<td data-start=\"2582\" data-end=\"2595\" data-col-size=\"sm\"><strong data-start=\"2584\" data-end=\"2594\">V\u00fdroba<\/strong><\/td>\n<td data-start=\"2595\" data-end=\"2618\" data-col-size=\"md\">precizn\u00ed zpracov\u00e1n\u00ed<\/td>\n<\/tr>\n<\/tbody>\n<\/table>\n<\/div>\n<\/div>\n<hr data-start=\"2620\" data-end=\"2623\" \/>\n<h2 data-start=\"2625\" data-end=\"2643\">\u2705 Hlavn\u00ed v\u00fdhody<\/h2>\n<ul data-start=\"2645\" data-end=\"3016\">\n<li data-start=\"2645\" data-end=\"2715\">\n<p data-start=\"2647\" data-end=\"2715\"><strong data-start=\"2647\" data-end=\"2679\">Lehk\u00e1 a kompaktn\u00ed konstrukce<\/strong> \u2013 vhodn\u00e1 pro nen\u00e1padn\u00e9 EDC no\u0161en\u00ed<\/p>\n<\/li>\n<li data-start=\"2716\" data-end=\"2787\">\n<p data-start=\"2718\" data-end=\"2787\"><strong data-start=\"2718\" data-end=\"2743\">V\u00fdkonn\u00e1 ocel CPM S30V<\/strong> \u2013 dlouhotrvaj\u00edc\u00ed ostrost a dobr\u00e1 odolnost<\/p>\n<\/li>\n<li data-start=\"2788\" data-end=\"2855\">\n<p data-start=\"2790\" data-end=\"2855\"><strong data-start=\"2790\" data-end=\"2817\">Ergonomick\u00e1 rukoje\u0165 FRN<\/strong> \u2013 jist\u00fd \u00fachop i p\u0159i del\u0161\u00edch \u00fakolech<\/p>\n<\/li>\n<li data-start=\"2856\" data-end=\"2903\">\n<p data-start=\"2858\" data-end=\"2903\"><strong data-start=\"2858\" data-end=\"2871\">Back Lock<\/strong> \u2013 bezpe\u010dn\u00fd a spolehliv\u00fd z\u00e1mek<\/p>\n<\/li>\n<li data-start=\"2904\" data-end=\"2963\">\n<p data-start=\"2906\" data-end=\"2963\"><strong data-start=\"2906\" data-end=\"2931\">Kulat\u00fd otvor Spyderco<\/strong> \u2013 pohodln\u00e9 jednoruk\u00e9 otev\u0159en\u00ed<\/p>\n<\/li>\n<li data-start=\"2964\" data-end=\"3016\">\n<p data-start=\"2966\" data-end=\"3016\"><strong data-start=\"2966\" data-end=\"2986\">Oboustrann\u00fd klip<\/strong> \u2013 univerz\u00e1ln\u00ed mo\u017enosti no\u0161en\u00ed<\/p>\n<\/li>\n<\/ul>\n<hr data-start=\"3018\" data-end=\"3021\" \/>\n<h2 data-start=\"3023\" data-end=\"3042\">\u26a0\ufe0f Mo\u017en\u00e1 omezen\u00ed<\/h2>\n<ul data-start=\"3044\" data-end=\"3242\">\n<li data-start=\"3044\" data-end=\"3131\">\n<p data-start=\"3046\" data-end=\"3131\"><strong data-start=\"3046\" data-end=\"3064\">Men\u0161\u00ed velikost<\/strong> \u2013 nemus\u00ed vyhovovat u\u017eivatel\u016fm, kte\u0159\u00ed cht\u011bj\u00ed v\u011bt\u0161\u00ed pracovn\u00ed \u010depel<\/p>\n<\/li>\n<li data-start=\"3132\" data-end=\"3187\">\n<p data-start=\"3134\" data-end=\"3187\"><strong data-start=\"3134\" data-end=\"3154\">Lehk\u00e1 konstrukce<\/strong> \u2013 nen\u00ed ur\u010dena pro hrub\u00e9 p\u00e1\u010den\u00ed<\/p>\n<\/li>\n<li data-start=\"3188\" data-end=\"3242\">\n<p data-start=\"3190\" data-end=\"3242\"><strong data-start=\"3190\" data-end=\"3206\">Materi\u00e1l FRN<\/strong> \u2013 m\u00e9n\u011b robustn\u00ed ne\u017e kovov\u00e9 rukojeti<\/p>\n<\/li>\n<\/ul>\n<hr data-start=\"3244\" data-end=\"3247\" \/>\n<h2 data-start=\"3249\" data-end=\"3269\">\ud83d\udee0\ufe0f \u00dadr\u017eba a p\u00e9\u010de<\/h2>\n<ul data-start=\"3271\" data-end=\"3462\">\n<li data-start=\"3271\" data-end=\"3340\">\n<p data-start=\"3273\" data-end=\"3340\">Po pou\u017eit\u00ed osu\u0161\u00ed \u010depel \u2014 zejm\u00e9na pokud byla v kontaktu s vlhkost\u00ed<\/p>\n<\/li>\n<li data-start=\"3341\" data-end=\"3398\">\n<p data-start=\"3343\" data-end=\"3398\">Pravideln\u011b kontroluj chod z\u00e1mku a mechaniku otev\u00edr\u00e1n\u00ed<\/p>\n<\/li>\n<li data-start=\"3399\" data-end=\"3462\">\n<p data-start=\"3401\" data-end=\"3462\">Ost\u0159\u00ed udr\u017euj jemn\u00fdm brou\u0161en\u00edm, aby z\u016fstalo ostr\u00e9 a spolehliv\u00e9<\/p>\n<\/li>\n<\/ul>\n<hr data-start=\"3464\" data-end=\"3467\" \/>\n<h2 data-start=\"3469\" data-end=\"3489\">\ud83c\udfaf Doporu\u010deno pro<\/h2>\n<ul data-start=\"3491\" data-end=\"3652\">\n<li data-start=\"3491\" data-end=\"3516\">\n<p data-start=\"3493\" data-end=\"3516\">ka\u017edodenn\u00ed EDC no\u0161en\u00ed<\/p>\n<\/li>\n<li data-start=\"3517\" data-end=\"3551\">\n<p data-start=\"3519\" data-end=\"3551\">outdoor a aktivn\u00ed \u017eivotn\u00ed styl<\/p>\n<\/li>\n<li data-start=\"3552\" data-end=\"3596\">\n<p data-start=\"3554\" data-end=\"3596\">u\u017eivatele hledaj\u00edc\u00ed lehk\u00fd a precizn\u00ed n\u016f\u017e<\/p>\n<\/li>\n<li data-start=\"3597\" data-end=\"3652\">\n<p data-start=\"3599\" data-end=\"3652\">milovn\u00edky ergonomick\u00fdch a kompakt\u00adn\u00edch kapesn\u00edch no\u017e\u016f<\/p>\n<\/li>\n<\/ul>\n<hr data-start=\"3654\" data-end=\"3657\" \/>\n<h2 data-start=\"3659\" data-end=\"3683\">\u2b50 Z\u00e1v\u011bre\u010dn\u00e9 hodnocen\u00ed<\/h2>\n<p data-start=\"3685\" data-end=\"4003\"><em data-start=\"3685\" data-end=\"3734\">Spyderco Dragonfly 2 Lightweight C28FPPNS30VBK2<\/em> je <strong data-start=\"3738\" data-end=\"3781\">kompaktn\u00ed, lehk\u00fd a v\u00fdkonn\u00fd zav\u00edrac\u00ed n\u016f\u017e<\/strong>, kter\u00fd ti poskytne jistotu p\u0159i ka\u017edodenn\u00edch \u00fakolech i precizn\u00edch \u0159ezech. D\u00edky ergonomii, bezpe\u010dn\u00e9mu z\u00e1mku a vysok\u00e9 kvalit\u011b zpracov\u00e1n\u00ed je to ide\u00e1ln\u00ed volba pro ka\u017ed\u00e9ho, kdo chce <strong data-start=\"3958\" data-end=\"4003\">v\u00fdkonn\u00fd EDC n\u016f\u017e v minimalistick\u00e9m balen\u00ed.<\/strong><\/p>\n<p data-start=\"4005\" data-end=\"4084\"><strong data-start=\"4005\" data-end=\"4082\">Dragonfly 2 Lightweight \u2013 lehkost, p\u0159esnost a spolehlivost v ka\u017ed\u00e9m \u0159ezu.<\/strong><\/p>\n","protected":false},"excerpt":{"rendered":"<p data-start=\"3685\" data-end=\"4003\"><strong><em data-start=\"3685\" data-end=\"3734\">Spyderco Dragonfly 2 Lightweight C28FPPNS30VBK2<\/em> je kompaktn\u00ed, lehk\u00fd a v\u00fdkonn\u00fd zav\u00edrac\u00ed n\u016f\u017e, kter\u00fd ti poskytne jistotu p\u0159i ka\u017edodenn\u00edch \u00fakolech i precizn\u00edch \u0159ezech. D\u00edky ergonomii, bezpe\u010dn\u00e9mu z\u00e1mku a vysok\u00e9 kvalit\u011b zpracov\u00e1n\u00ed je to ide\u00e1ln\u00ed volba pro ka\u017ed\u00e9ho, kdo chce v\u00fdkonn\u00fd EDC n\u016f\u017e v minimalistick\u00e9m balen\u00ed.<\/strong><\/p>\n<p data-start=\"4005\" data-end=\"4084\"><strong data-start=\"4005\" data-end=\"4082\">Dragonfly 2 Lightweight \u2013 lehkost, p\u0159esnost a spolehlivost v ka\u017ed\u00e9m \u0159ezu.<\/strong><\/p>\n","protected":false},"featured_media":252106,"comment_status":"open","ping_status":"closed","template":"","meta":[],"pwb-brand":[567],"product_brand":[],"product_cat":[22,17],"product_tag":[],"class_list":{"0":"post-252105","1":"product","2":"type-product","3":"status-publish","4":"has-post-thumbnail","6":"pwb-brand-spyderco","7":"product_cat-zaviraci-noze","8":"product_cat-noze","10":"first","11":"instock","12":"taxable","13":"shipping-taxable","14":"purchasable","15":"product-type-simple"},"brands":[{"id":567,"name":"Spyderco","slug":"spyderco"}],"_links":{"self":[{"href":"https:\/\/www.moskito.cz\/fr\/wp-json\/wp\/v2\/product\/252105","targetHints":{"allow":["GET"]}}],"collection":[{"href":"https:\/\/www.moskito.cz\/fr\/wp-json\/wp\/v2\/product"}],"about":[{"href":"https:\/\/www.moskito.cz\/fr\/wp-json\/wp\/v2\/types\/product"}],"replies":[{"embeddable":true,"href":"https:\/\/www.moskito.cz\/fr\/wp-json\/wp\/v2\/comments?post=252105"}],"wp:featuredmedia":[{"embeddable":true,"href":"https:\/\/www.moskito.cz\/fr\/wp-json\/wp\/v2\/media\/252106"}],"wp:attachment":[{"href":"https:\/\/www.moskito.cz\/fr\/wp-json\/wp\/v2\/media?parent=252105"}],"wp:term":[{"taxonomy":"pwb-brand","embeddable":true,"href":"https:\/\/www.moskito.cz\/fr\/wp-json\/wp\/v2\/pwb-brand?post=252105"},{"taxonomy":"product_brand","embeddable":true,"href":"https:\/\/www.moskito.cz\/fr\/wp-json\/wp\/v2\/product_brand?post=252105"},{"taxonomy":"product_cat","embeddable":true,"href":"https:\/\/www.moskito.cz\/fr\/wp-json\/wp\/v2\/product_cat?post=252105"},{"taxonomy":"product_tag","embeddable":true,"href":"https:\/\/www.moskito.cz\/fr\/wp-json\/wp\/v2\/product_tag?post=252105"}],"curies":[{"name":"wp","href":"https:\/\/api.w.org\/{rel}","templated":true}]}}