{"id":252636,"date":"2023-07-05T09:42:37","date_gmt":"2023-07-05T08:42:37","guid":{"rendered":"https:\/\/www.moskito.cz\/?post_type=product&#038;p=252636"},"modified":"2025-06-28T12:01:00","modified_gmt":"2025-06-28T11:01:00","slug":"zaviraci-nuz-spyderco-resilience-lightweight-c142psbl","status":"publish","type":"product","link":"https:\/\/www.moskito.cz\/fr\/produkt\/zaviraci-nuz-spyderco-resilience-lightweight-c142psbl\/","title":{"rendered":"Zav\u00edrac\u00ed N\u016f\u017e Spyderco Resilience Lightweight C142PSBL"},"content":{"rendered":"<p>Zav\u00edrac\u00ed N\u016f\u017e <strong>Spyderco<\/strong> Resilience Lightweight C142PSBL<\/p>\n<p>Rodina odolnosti<\/p>\n<p>Zku\u0161en\u00ed nad\u0161enci no\u017e\u016f v\u011bd\u00ed, \u017ee nejlep\u0161\u00edm zp\u016fsobem, jak dos\u00e1hnout \u0161pi\u010dkov\u00e9ho v\u00fdkonu, je investovat do vysoce kvalitn\u00edch produkt\u016f. Od roku 1981, kdy Spyderco vyrobilo sv\u016fj prvn\u00ed n\u016f\u017e, se v\u017edy zam\u011b\u0159ovalo na v\u00fdrobu absolutn\u011b nejlep\u0161\u00edch \u0159ezn\u00fdch n\u00e1stroj\u016f a na vzd\u011bl\u00e1v\u00e1n\u00ed na\u0161ich z\u00e1kazn\u00edk\u016f, aby ocenili jejich v\u00fdhody. I kdy\u017e byl tento p\u0159\u00edstup mimo\u0159\u00e1dn\u011b \u00fasp\u011b\u0161n\u00fd, uv\u011bdomuj\u00ed si tak\u00e9, \u017ee mnoho u\u017eivatel\u016f no\u017e\u016f je \u0161etrn\u00fdch k rozpo\u010dtu.<\/p>\n<p>Aby uspokojili pot\u0159eby lid\u00ed se skromn\u00fdm rozpo\u010dtem a dal\u0161\u00edch, kter\u00fdm drah\u00e9 no\u017ee nevyhovuj\u00ed, vytvo\u0159ili p\u0159ed n\u011bkolika lety sv\u00e9 Value Folders. Produkty t\u00e9to rodiny hrd\u011b zahrnuj\u00ed v\u0161echny \u010dasem prov\u011b\u0159en\u00e9 funkce a v\u00fdhody jejich pr\u00e9miov\u00fdch zav\u00edrac\u00edch no\u017e\u016f CLIPIT, ale dod\u00e1vaj\u00ed je v ekonomi\u010dt\u011bj\u0161\u00edm form\u00e1tu. K tomu ud\u011blali velmi vypo\u010d\u00edtav\u00e9 kompromisy v pou\u017eit\u00fdch materi\u00e1lech. T\u00edm, \u017ee se zam\u011b\u0159ili na pou\u017eit\u00ed dom\u00e1c\u00edch \u010d\u00ednsk\u00fdch materi\u00e1l\u016f, jako je nerezov\u00e1 ocel 8Cr13MoV a G10 z m\u00edstn\u00edch zdroj\u016f, dok\u00e1zali udr\u017eet v\u00fdrobn\u00ed n\u00e1klady na minimu. Z\u00e1rove\u0148 extr\u00e9mn\u011b tvrd\u011b pracovali na partnerstv\u00ed s v\u00fdrobn\u00edmi zdroji, kter\u00e9 nab\u00edzely vynikaj\u00edc\u00ed \u0159emesln\u00e9 zpracov\u00e1n\u00ed a konzistenci za dostupn\u00e9 ceny. Tak\u00e9 vyladili sv\u00e9 v\u00fdrobn\u00ed metody, aby dos\u00e1hli maxim\u00e1ln\u00ed \u00faspory z rozsahu. Tyto strategie se nakonec vyplatily a jejich Value Folders \u2013 v \u010dele s jejich vlajkov\u00fdm modelem Tenacious \u2013 si vyslou\u017eily oddan\u00e9 z\u00e1kazn\u00edky a z\u00e1vid\u011bn\u00edhodn\u00e9 uzn\u00e1n\u00ed, \u017ee jsou jedny z nejprod\u00e1van\u011bj\u0161\u00edch produkt\u016f Spyderco.<\/p>\n<p>Jedn\u00edm ze z\u00e1kladn\u00edch konstruk\u010dn\u00edch princip\u016f rodiny Value Folder bylo zachovat stejn\u00e9 kl\u00ed\u010dov\u00e9 vlastnosti a rozm\u011bry a z\u00e1rove\u0148 upravit celkov\u00e9 velikosti no\u017e\u016f tak, aby vyhovovaly r\u016fzn\u00fdm velikostem rukou, d\u00e9lk\u00e1m \u010depele a u\u017eivatelsk\u00fdm preferenc\u00edm. Jako takov\u00e9 jsou \u201ekokpity\u201c \u2013 kritick\u00e9 prostorov\u00e9 vztahy oto\u010dn\u00e9ho \u010depu, z\u00e1mkov\u00e9 rampy a kulat\u00e9ho otvoru ochrann\u00e9 zn\u00e1mky \u2013 extr\u00e9mn\u011b konzistentn\u00ed. Stejn\u011b jako plnohodnotn\u00e9, kompaktn\u00ed a subkompaktn\u00ed pistole, kter\u00e9 sd\u00edlej\u00ed stejn\u00e9 kritick\u00e9 provozn\u00ed rozm\u011bry, maj\u00ed tyto konstrukce mnoho \u201espole\u010dn\u00e9ho z\u00e1kladu\u201c.<\/p>\n<p>Pro v\u011bt\u0161inu velikost\u00ed rukou a \u0159ezac\u00edch prac\u00ed z\u016fst\u00e1v\u00e1 Tenacious nejobl\u00edben\u011bj\u0161\u00edm skl\u00e1dac\u00edm za\u0159\u00edzen\u00edm Spyderco. Nicm\u00e9n\u011b pro u\u017eivatele s velk\u00fdma rukama, ty, kte\u0159\u00ed b\u011b\u017en\u011b \u0159e\u0161\u00ed n\u00e1ro\u010dn\u00e9 pr\u00e1ce p\u0159i \u0159ez\u00e1n\u00ed, a lidi, kte\u0159\u00ed prost\u011b preferuj\u00ed no\u017ee s velkou \u010depel\u00ed, \u201ezv\u011bt\u0161ili\u201c Tenacious, aby vytvo\u0159ili Resilience. S celkovou d\u00e9lkou 9,4 palce (239 mm) a hrd\u011b vybaven\u00fdm 4,2palcov\u00fdm (107 mm) ost\u0159\u00edm je Resilience o v\u00edce ne\u017e 20 % v\u011bt\u0161\u00ed ne\u017e Tenacious. P\u016fvodn\u00ed verze Resilience, kter\u00e1 byla poprv\u00e9 p\u0159edstavena v roce 2011, obsahuje \u010dern\u00e9 stupnice G10 s odlupovac\u00ed vrstvou a celonerezov\u00e9 vlo\u017eky. Vlo\u017eky jsou skeletonizovan\u00e9 a spojen\u00e9 nerezov\u00fdmi distan\u010dn\u00edmi prvky, aby vytvo\u0159ily otev\u0159enou konstrukci. Spole\u010dn\u011b tyto vlastnosti sni\u017euj\u00ed celkovou hmotnost no\u017ee a d\u00e1vaj\u00ed mu \u00fa\u017easn\u011b obratnou rovnov\u00e1hu na jeho velikost. Pevn\u00e9 vlo\u017eky tak\u00e9 tvo\u0159\u00ed z\u00e1klad robustn\u00edho mechanismu z\u00e1mku vlo\u017eky, kter\u00fd zamyk\u00e1 \u010depel bezpe\u010dn\u011b otev\u0159enou p\u0159i pou\u017eit\u00ed.<\/p>\n<p>\u00ab\u00a0Obchodn\u00ed konec\u00a0\u00bb p\u016fvodn\u00ed Resilience je pln\u011b ploch\u00fd z nerezov\u00e9 oceli 8Cr13MoV &#8211; odoln\u00e9 a spolehliv\u00e9 \u010depelov\u00e9 oceli, kter\u00e1 poskytuje vynikaj\u00edc\u00ed rovnov\u00e1hu mezi zachov\u00e1n\u00edm ost\u0159\u00ed, odolnost\u00ed proti korozi a snadn\u00fdm ost\u0159en\u00edm. Jeho pln\u011b ploch\u00e9 brou\u0161en\u00ed vytv\u00e1\u0159\u00ed p\u016fsobivou geometrii b\u0159itu pro extr\u00e9mn\u00ed efektivitu \u0159ez\u00e1n\u00ed a na rozd\u00edl od v\u011bt\u0161iny skl\u00e1da\u010dek Spyderco se jeho b\u0159it roz\u0161i\u0159uje po cel\u00e9 d\u00e9lce ost\u0159\u00ed. Vzhledem k tomu, \u017ee m\u00e1 minim\u00e1ln\u00ed ricasso \u2013 nenabrou\u0161enou \u010d\u00e1st ost\u0159\u00ed v pln\u00e9 tlou\u0161\u0165ce nejbl\u00ed\u017ee k rukojeti \u2013 nab\u00edz\u00ed vynikaj\u00edc\u00ed kontrolu a p\u00e1kov\u00fd efekt p\u0159i \u0159ez\u00e1n\u00ed v bl\u00edzkosti \u201epaty\u201c ost\u0159\u00ed a v\u00fdjime\u010dnou \u0159eznou s\u00edlu, kdy\u017e je ost\u0159\u00ed zata\u017eeno po cel\u00e9 d\u00e9lce. hr\u00e1t si.<\/p>\n<p>Aby bylo zaji\u0161t\u011bno snadn\u00e9 p\u0159en\u00e1\u0161en\u00ed a okam\u017eit\u00fd p\u0159\u00edstup, obsahuje Resilience odolnou \u010dty\u0159polohovou kapesn\u00ed sponu, kterou lze snadno nakonfigurovat pro no\u0161en\u00ed na lev\u00e9 nebo prav\u00e9 stran\u011b, nakl\u00e1p\u011bn\u00ed nebo skl\u00e1p\u011bn\u00ed. To umo\u017e\u0148uje u\u017eivateli snadno nakonfigurovat n\u016f\u017e tak, aby vyhovoval osobn\u00edm preferenc\u00edm no\u0161en\u00ed, velikosti ruky a taktice nasazen\u00ed, a je to zvl\u00e1\u0161t\u011b d\u016fle\u017eit\u00e1 vlastnost u velk\u00fdch no\u017e\u016f, kter\u00e9 \u010dasto funguj\u00ed nejl\u00e9pe, kdy\u017e jsou neseny \u0161pi\u010dkou dol\u016f.<\/p>\n<p>Odolnost Lehk\u00fd CPM S35VN<\/p>\n<p>\u010cepel z oceli 8Cr13MoV standardn\u00edch lehk\u00fdch no\u017e\u016f Resilience and Resilience slou\u017e\u00ed pot\u0159eb\u00e1m v\u011bt\u0161iny u\u017eivatel\u016f no\u017e\u016f mimo\u0159\u00e1dn\u011b dob\u0159e. Nicm\u00e9n\u011b, n\u011bkte\u0159\u00ed fanou\u0161ci Spyderco Value Folders vyj\u00e1d\u0159ili z\u00e1jem o vylep\u0161en\u00e9 verze stejn\u00fdch design\u016f s vy\u0161\u0161\u00edmi v\u00fdkony z oceli \u010depele. Aby odpov\u011bd\u011bli na toto vol\u00e1n\u00ed, vytvo\u0159ili tak\u00e9 verzi Resilience Lightweight, kter\u00e1 hrd\u011b p\u0159edv\u00e1d\u00ed ocel \u010depele CPM S35VN. Tento pr\u00e9miov\u00fd materi\u00e1l americk\u00e9 v\u00fdroby je martenzitick\u00e1 nerezov\u00e1 ocel vyroben\u00e1 procesem pr\u00e1\u0161kov\u00e9 metalurgie. Podle sv\u00e9ho v\u00fdrobce, Crucible Industries, byl navr\u017een tak, aby nab\u00edzel lep\u0161\u00ed hou\u017eevnatost ne\u017e CPM S30V \u2013 respektovan\u00fd pr\u016fmyslov\u00fd standard \u2013 a z\u00e1rove\u0148 se sn\u00e1ze obr\u00e1b\u011bl a le\u0161til. P\u0159id\u00e1n\u00edm 0,50 % niobu znovu vyv\u00e1\u017eili chemii jeho slitiny, aby vytvo\u0159ily karbidy niobu spolu s karbidy vanadu a chr\u00f3mu. Karbidy niobu nahrazuj\u00ed n\u011bkter\u00e9 karbidy vanadu, tak\u017ee CPM S35VN je asi o 15-20 % tu\u017e\u0161\u00ed ne\u017e CPM S30V a je odoln\u011bj\u0161\u00ed v\u016f\u010di vylamov\u00e1n\u00ed hran. Vzhledem k tomu, \u017ee karbidy vanadu a niobu jsou tvrd\u0161\u00ed a odoln\u011bj\u0161\u00ed proti opot\u0159eben\u00ed ne\u017e karbidy chromu, CPM S35VN tak\u00e9 nab\u00edz\u00ed vynikaj\u00edc\u00ed retenci ost\u0159\u00ed, zejm\u00e9na ve srovn\u00e1n\u00ed s konven\u010dn\u00edmi vysoce chromov\u00fdmi oceli, jako jsou D2 a 440C.<\/p>\n<p>Uskute\u010dn\u011bn\u00edm v\u00fdznamn\u00e9 investice do dod\u00e1vky oceli vyroben\u00e9 v USA do \u010c\u00edny pro pou\u017eit\u00ed v Resilience Lightweight CPM S35VN Spyderco dos\u00e1hne v\u00fdrazn\u00e9ho zlep\u0161en\u00ed v dr\u017een\u00ed hran oproti 8Cr13MoV a doslova zah\u00e1j\u00ed novou \u00e9ru ve v\u00fdvoji tohoto tahouna designu. Tato elitn\u00ed verze Resilience bude tak\u00e9 k dispozici ve dvou konfigurac\u00edch hran \u2013 PlainEdge a CombinationEdge \u2013 a bude obsahovat z\u00e1\u0159iv\u011b modr\u00e9 stupnice rukojeti FRN. V\u0161echny ostatn\u00ed funkce \u2013 v\u010detn\u011b robustn\u00edho z\u00e1mku vlo\u017eky a \u010dty\u0159polohov\u00e9 kapesn\u00ed spony \u2013 budou v souladu se standardn\u00edmi verzemi tohoto modelu.<\/p>\n<p>Resilience je extr\u00e9mn\u011b schopn\u00fd design, kter\u00fd se ide\u00e1ln\u011b hod\u00ed pro pot\u0159eby u\u017eivatel\u016f s velk\u00fdma rukama a t\u011bch, kte\u0159\u00ed prost\u011b preferuj\u00ed mohutn\u011bj\u0161\u00ed zav\u00edrac\u00ed n\u016f\u017e. Bez ohledu na to, kterou verzi si vyberete, jsme si jisti, \u017ee bude dob\u0159e slou\u017eit v\u00e1m i va\u0161\u00ed pen\u011b\u017eence.<br \/>\nSpecifikace<\/p>\n<p>D\u00e9lka \u010depele: 10.7 cm<br \/>\nD\u00e9lka v zav\u0159en\u00e9m stavu: 13.2 cm<br \/>\nCelkov\u00e1 d\u00e9lka: 23.9 cm<br \/>\nTlou\u0161\u0165ka \u010depele: 0.31 cm<br \/>\nMateri\u00e1l \u010depele: CPM-S35VN Nerezov\u00e1 ocel<br \/>\nStyl \u010depele: ve tvaru olova<br \/>\nBrou\u0161en\u00ed \u010depele: Pln\u011b ploch\u00e9<br \/>\nPovrchov\u00e1 \u00faprava \u010depele: sat\u00e9n<br \/>\nBlade Edge: Combo<br \/>\nMateri\u00e1l rukojeti: FRN<br \/>\nBarva rukojeti: Modr\u00e1<br \/>\nUzamykac\u00ed mechanismus: Liner Lock<br \/>\nKapesn\u00ed spona: Nerezov\u00e1 ocel (Tip-Up\/Down, Right\/Left carry)<br \/>\n\u010c\u00edslo modelu: C142PSBL<br \/>\nN\u00e1zev modelu: Resilience Lightweight CPM-S35VN<br \/>\nHmotnost: 4,41 oz. (125 g)<\/p>\n<p>&nbsp;<\/p>\n<p>&nbsp;<\/p>\n<p>&nbsp;<\/p>\n","protected":false},"excerpt":{"rendered":"<p><strong>Zku\u0161en\u00ed nad\u0161enci no\u017e\u016f v\u011bd\u00ed, \u017ee nejlep\u0161\u00edm zp\u016fsobem, jak dos\u00e1hnout \u0161pi\u010dkov\u00e9ho v\u00fdkonu, je investovat do vysoce kvalitn\u00edch produkt\u016f.<\/strong><\/p>\n","protected":false},"featured_media":252637,"comment_status":"open","ping_status":"closed","template":"","meta":[],"pwb-brand":[567],"product_brand":[],"product_cat":[22,17],"product_tag":[3667],"class_list":{"0":"post-252636","1":"product","2":"type-product","3":"status-publish","4":"has-post-thumbnail","6":"pwb-brand-spyderco","7":"product_cat-zaviraci-noze","8":"product_cat-noze","9":"product_tag-b2b","11":"first","12":"instock","13":"taxable","14":"shipping-taxable","15":"purchasable","16":"product-type-simple"},"brands":[{"id":567,"name":"Spyderco","slug":"spyderco"}],"_links":{"self":[{"href":"https:\/\/www.moskito.cz\/fr\/wp-json\/wp\/v2\/product\/252636","targetHints":{"allow":["GET"]}}],"collection":[{"href":"https:\/\/www.moskito.cz\/fr\/wp-json\/wp\/v2\/product"}],"about":[{"href":"https:\/\/www.moskito.cz\/fr\/wp-json\/wp\/v2\/types\/product"}],"replies":[{"embeddable":true,"href":"https:\/\/www.moskito.cz\/fr\/wp-json\/wp\/v2\/comments?post=252636"}],"wp:featuredmedia":[{"embeddable":true,"href":"https:\/\/www.moskito.cz\/fr\/wp-json\/wp\/v2\/media\/252637"}],"wp:attachment":[{"href":"https:\/\/www.moskito.cz\/fr\/wp-json\/wp\/v2\/media?parent=252636"}],"wp:term":[{"taxonomy":"pwb-brand","embeddable":true,"href":"https:\/\/www.moskito.cz\/fr\/wp-json\/wp\/v2\/pwb-brand?post=252636"},{"taxonomy":"product_brand","embeddable":true,"href":"https:\/\/www.moskito.cz\/fr\/wp-json\/wp\/v2\/product_brand?post=252636"},{"taxonomy":"product_cat","embeddable":true,"href":"https:\/\/www.moskito.cz\/fr\/wp-json\/wp\/v2\/product_cat?post=252636"},{"taxonomy":"product_tag","embeddable":true,"href":"https:\/\/www.moskito.cz\/fr\/wp-json\/wp\/v2\/product_tag?post=252636"}],"curies":[{"name":"wp","href":"https:\/\/api.w.org\/{rel}","templated":true}]}}