{"id":253365,"date":"2023-07-09T10:50:51","date_gmt":"2023-07-09T09:50:51","guid":{"rendered":"https:\/\/www.moskito.cz\/?post_type=product&#038;p=253365"},"modified":"2025-05-07T10:52:13","modified_gmt":"2025-05-07T09:52:13","slug":"zaviraci-nuz-heretic-knives-custom-wraith-manual-v-f-wood-grain-san-mai-damascus","status":"publish","type":"product","link":"https:\/\/www.moskito.cz\/fr\/produkt\/zaviraci-nuz-heretic-knives-custom-wraith-manual-v-f-wood-grain-san-mai-damascus\/","title":{"rendered":"Zav\u00edrac\u00ed N\u016f\u017e Heretic Knives Custom Wraith Manual V.F. Wood Grain San Mai Damascus"},"content":{"rendered":"<p>Zav\u00edrac\u00ed N\u016f\u017e <strong>Heretic Knives<\/strong> Custom Wraith Manual V.F. Wood Grain San Mai Damascus<\/p>\n<p>Wraith Manual je velmi v\u0161estrann\u00fd n\u016f\u017e s p\u0159\u00edmo\u010dar\u00fdm, praktick\u00fdm tvarem. Vyzna\u010duje se jednod\u00edln\u00fdm integrovan\u00fdm titanov\u00fdm hlavn\u00edm \u0161asi a samostatnou vlo\u017ekou. R\u016fzn\u00e9 kombinace materi\u00e1l\u016f, kter\u00e9 m\u00e1 Wraith k dispozici, odli\u0161uj\u00ed tento n\u016f\u017e od ostatn\u00edch, a to jak ve form\u011b, tak ve funkci. M\u016f\u017ee m\u00edt podobu celoobl\u00e9kac\u00ed kr\u00e1lovny, ka\u017edodenn\u00edho u\u017eivatele a n\u00e1siln\u00edka nebo robustn\u00edho taktick\u00e9ho no\u017ee s velmi mal\u00fdm \u00fasil\u00edm. Je to p\u0159\u00edjemn\u00fd n\u016f\u017e, kter\u00fd se dr\u017e\u00ed a pou\u017e\u00edv\u00e1, a p\u0159i ka\u017edodenn\u00ed pr\u00e1ci se p\u0159istihnete, \u017ee po n\u011bm sah\u00e1te \u010dast\u011bji ne\u017e ne. Tento zak\u00e1zkov\u00fd model obsahuje naprosto n\u00e1dhernou \u010depel Vegas Forge Wood Grain San Mai Dama\u0161ek, vlo\u017eku, oto\u010dn\u00e9 l\u00edmce a omezova\u010d z\u00e1mku. Krom\u011b obrovsk\u00e9ho mno\u017estv\u00ed Dama\u0161ku pou\u017eit\u00e9ho v tomto kousku m\u00e1 tak\u00e9 tunu \u010dern\u00e9ho DLC titanu, kter\u00fd tvo\u0159\u00ed z\u00e1klad r\u00e1mu tohoto no\u017ee. Pokud milujete Dama\u0161ek stejn\u011b jako my, pak je tato \u010depel pro v\u00e1s ide\u00e1ln\u00ed.<br \/>\nSpecifikace<\/p>\n<p>D\u00e9lka \u010depele: <span id=\"cwos\" class=\"qv3Wpe\">9.05<\/span> cm<br \/>\nD\u00e9lka v zav\u0159en\u00e9m stavu: <span id=\"cwos\" class=\"qv3Wpe\">12.67<\/span> cm<br \/>\nCelkov\u00e1 d\u00e9lka: <span id=\"cwos\" class=\"qv3Wpe\">21.72 cm<\/span><br \/>\nMateri\u00e1l \u010depele: Vegas Forge Wood Grain San Mai Dama\u0161ek<br \/>\nTlou\u0161\u0165ka \u010depele: <span id=\"cwos\" class=\"qv3Wpe\">0.5<\/span> cm<br \/>\nStyl \u010depele: Clip Point<br \/>\nBrou\u0161en\u00ed \u010depele: Dut\u00e9<br \/>\nPovrchov\u00e1 \u00faprava \u010depele: Acid Etch<br \/>\nMateri\u00e1l rukojeti: Integr\u00e1ln\u00ed \u010dern\u00fd DLC Titanium s vlo\u017ekou VF Dama\u0161ek<br \/>\nTlou\u0161\u0165ka rukojeti: <span id=\"cwos\" class=\"qv3Wpe\">1.55<\/span> cm<br \/>\nUzamykac\u00ed mechanismus: R\u00e1m<br \/>\nKapesn\u00ed spona: Titan (vykl\u00e1p\u011bc\u00ed, prav\u00e9 no\u0161en\u00ed)<br \/>\nHmotnost: 8,18 oz.<br \/>\nDesign\u00e9r: Tony Marfione Jr.<br \/>\nVyrobeno v USA<\/p>\n<p><iframe title=\"Heretic Shop Video\" width=\"800\" height=\"450\" src=\"https:\/\/www.youtube.com\/embed\/7qUL5q7Cvgo?feature=oembed\" frameborder=\"0\" allow=\"accelerometer; autoplay; clipboard-write; encrypted-media; gyroscope; picture-in-picture; web-share\" referrerpolicy=\"strict-origin-when-cross-origin\" allowfullscreen><\/iframe><\/p>\n<p>&nbsp;<\/p>\n","protected":false},"excerpt":{"rendered":"<p><strong>Wraith Manual je velmi v\u0161estrann\u00fd n\u016f\u017e s p\u0159\u00edmo\u010dar\u00fdm, praktick\u00fdm tvarem.<\/strong><\/p>\n","protected":false},"featured_media":253366,"comment_status":"open","ping_status":"closed","template":"","meta":[],"pwb-brand":[318],"product_brand":[],"product_cat":[25,17],"product_tag":[],"class_list":{"0":"post-253365","1":"product","2":"type-product","3":"status-publish","4":"has-post-thumbnail","6":"pwb-brand-heretic-knives","7":"product_cat-damascenske-noze","8":"product_cat-noze","10":"first","11":"instock","12":"taxable","13":"shipping-taxable","14":"purchasable","15":"product-type-simple"},"brands":[{"id":318,"name":"Heretic Knives","slug":"heretic-knives"}],"_links":{"self":[{"href":"https:\/\/www.moskito.cz\/fr\/wp-json\/wp\/v2\/product\/253365","targetHints":{"allow":["GET"]}}],"collection":[{"href":"https:\/\/www.moskito.cz\/fr\/wp-json\/wp\/v2\/product"}],"about":[{"href":"https:\/\/www.moskito.cz\/fr\/wp-json\/wp\/v2\/types\/product"}],"replies":[{"embeddable":true,"href":"https:\/\/www.moskito.cz\/fr\/wp-json\/wp\/v2\/comments?post=253365"}],"wp:featuredmedia":[{"embeddable":true,"href":"https:\/\/www.moskito.cz\/fr\/wp-json\/wp\/v2\/media\/253366"}],"wp:attachment":[{"href":"https:\/\/www.moskito.cz\/fr\/wp-json\/wp\/v2\/media?parent=253365"}],"wp:term":[{"taxonomy":"pwb-brand","embeddable":true,"href":"https:\/\/www.moskito.cz\/fr\/wp-json\/wp\/v2\/pwb-brand?post=253365"},{"taxonomy":"product_brand","embeddable":true,"href":"https:\/\/www.moskito.cz\/fr\/wp-json\/wp\/v2\/product_brand?post=253365"},{"taxonomy":"product_cat","embeddable":true,"href":"https:\/\/www.moskito.cz\/fr\/wp-json\/wp\/v2\/product_cat?post=253365"},{"taxonomy":"product_tag","embeddable":true,"href":"https:\/\/www.moskito.cz\/fr\/wp-json\/wp\/v2\/product_tag?post=253365"}],"curies":[{"name":"wp","href":"https:\/\/api.w.org\/{rel}","templated":true}]}}