{"id":253499,"date":"2023-07-09T21:32:25","date_gmt":"2023-07-09T20:32:25","guid":{"rendered":"https:\/\/www.moskito.cz\/?post_type=product&#038;p=253499"},"modified":"2025-05-07T10:52:16","modified_gmt":"2025-05-07T09:52:16","slug":"zaviraci-nuz-spyderco-marcin-slysz-spydiechef-c211tip","status":"publish","type":"product","link":"https:\/\/www.moskito.cz\/fr\/produkt\/zaviraci-nuz-spyderco-marcin-slysz-spydiechef-c211tip\/","title":{"rendered":"Zav\u00edrac\u00ed N\u016f\u017e Spyderco Marcin Slysz SpydieChef C211TIP"},"content":{"rendered":"<p>Zav\u00edrac\u00ed N\u016f\u017e <strong>Spyderco<\/strong> Marcin Slysz SpydieChef C211TIP<\/p>\n<p>SpydieChef je nejnov\u011bj\u0161\u00ed spolupr\u00e1ce Spyderca s polsk\u00fdm no\u017e\u00ed\u0159em Marcinem Slyszem. Slysz, proslul\u00fd sv\u00fdm elegantn\u011b jednoduch\u00fdm designem a dokonal\u00fdm \u0159emesln\u00fdm zpracov\u00e1n\u00edm, za\u010dal s v\u00fdrobou no\u017e\u016f s pevnou \u010depel\u00ed v roce 2006 a rychle se rozvinul v dovednostech k p\u0159echodu na high-tech zav\u00edrac\u00ed no\u017ee, kter\u00e9 jsou nyn\u00ed jeho specializac\u00ed. Jeho vysoce rozpoznateln\u00fd styl \u2013 jak je patrn\u00e9 z jeho p\u0159edchoz\u00edch spoluprac\u00ed, Techno a Slysz Bowie \u2013 se typicky vyzna\u010duje titanov\u00fdmi rukoje\u0165mi, mechanismy Reeve Integral Lock (RIL) a pr\u00e9miov\u00fdmi \u010depelemi z nerezov\u00e9 oceli, ale tak\u00e9 r\u00e1d vyr\u00e1b\u00ed skl\u00e1dan\u00e9 desky, \u0161irokou \u0161k\u00e1lu pevn\u00fdch \u010depel\u00ed a r\u016fzn\u00fdch jedine\u010dn\u00fdch taktick\u00fdch n\u00e1stroj\u016f.<\/p>\n<p>A\u010dkoli jeho n\u00e1zev napov\u00edd\u00e1, \u017ee se jedn\u00e1 o \u010dist\u011b kuchy\u0148sk\u00fd n\u00e1stroj, Spydiechef je ve skute\u010dnosti vysoce vyvinut\u00fd zav\u00edrac\u00ed n\u016f\u017e ur\u010den\u00fd pro v\u0161estrann\u00e9 pou\u017eit\u00ed. Vyu\u017e\u00edv\u00e1 u\u017eivatelsky p\u0159\u00edv\u011btivou ergonomii a obratnou rovnov\u00e1hu \u0161pi\u010dkov\u00e9ho kucha\u0159sk\u00e9ho no\u017ee a p\u0159ev\u00e1d\u00ed je do extr\u00e9mn\u011b univerz\u00e1ln\u00edho \u0159ezn\u00e9ho n\u00e1stroje, kter\u00fd je kompaktn\u00ed a dostate\u010dn\u011b pohodln\u00fd pro ka\u017edodenn\u00ed no\u0161en\u00ed.<\/p>\n<p>Nejv\u00fdrazn\u011bj\u0161\u00edm rysem Spydiechef je jeho elegantn\u011b zak\u0159iven\u00e1 \u010depel s pln\u011b ploch\u00fdm brou\u0161en\u00edm, kter\u00e1 je precizn\u011b vyrobena z oceli LC200N. \u201eJin\u00e1\u201c ocel (krom\u011b H-1) v elitn\u00ed \u0159ad\u011b no\u017e\u016f Salt od Spyderco, LC200N, je nejmodern\u011bj\u0161\u00ed n\u00e1strojov\u00e1 ocel legovan\u00e1 dus\u00edkem, kter\u00e1 je speci\u00e1ln\u011b navr\u017eena tak, aby nab\u00edzela vynikaj\u00edc\u00ed odolnost proti korozi a extr\u00e9mn\u00ed hou\u017eevnatost, a to i p\u0159i vysok\u00fdch \u00farovn\u011b tvrdosti.<\/p>\n<p>V klasick\u00e9m stylu Slysz m\u00e1 Spydiechef rukoje\u0165 s otev\u0159enou h\u0159betem postavenou ze dvou p\u0159esn\u011b opracovan\u00fdch masivn\u00edch titanov\u00fdch \u0161upin. M\u011b\u0159\u00edtko na zadn\u00ed stran\u011b tvo\u0159\u00ed z\u00e1klad vysoce pevn\u00e9ho mechanismu Reeve Integral Lock (RIL), kter\u00fd p\u0159i pou\u017eit\u00ed zablokuje \u010depel bezpe\u010dn\u011b otev\u0159enou, a p\u0159esto umo\u017e\u0148uje snadn\u00e9 uvoln\u011bn\u00ed z\u00e1mku jednou rukou. Vyt\u0159\u00edben\u00e1 ergonomie rukojeti a integrovan\u00fd spodn\u00ed kryt zaji\u0161\u0165uj\u00ed bezpe\u010dn\u00e9, pohodln\u00e9 uchopen\u00ed a p\u0159irozen\u011b orientuj\u00ed ost\u0159\u00ed \u010depele pro maxim\u00e1ln\u00ed kontrolu p\u0159i pou\u017e\u00edv\u00e1n\u00ed. Pro v\u011bt\u0161\u00ed bezpe\u010dnost p\u0159i pr\u00e1ci kolem vody m\u00e1 rukoje\u0165 tak\u00e9 velkoryse dimenzovan\u00fd otvor pro \u0161\u0148\u016frku, kter\u00fd umo\u017e\u0148uje snadn\u00e9 p\u0159ipevn\u011bn\u00ed bezpe\u010dnostn\u00edch \u0161\u0148\u016fr a \u0161\u0148\u016frek. Oboustrann\u00e1 dr\u00e1t\u011bn\u00e1 spona s hlubokou kapsou poskytuje pohodln\u00e9, oboustrann\u00e9, skl\u00e1p\u011bc\u00ed no\u0161en\u00ed a zaji\u0161\u0165uje, \u017ee n\u016f\u017e je v\u017edy p\u0159ipraven pro okam\u017eit\u00fd p\u0159\u00edstup. Stejn\u011b jako \u010depel a titanov\u00e9 \u0161upiny, kapesn\u00ed spona, \u0161rouby a v\u0161echny ostatn\u00ed sou\u010d\u00e1sti Spydiechef jsou vyrobeny z vysoce korozivzdorn\u00fdch slitin. To zaji\u0161\u0165uje, \u017ee je prakticky nepropustn\u00fd v\u016f\u010di \u017eivl\u016fm a kvalifikuje se jako d\u016fstojn\u00fd \u010dlen Salt Series spole\u010dnosti Spyderco.<\/p>\n<p>Spydiechef je \u00fa\u017easn\u00fdm spojen\u00edm pokro\u010dil\u00e9ho designu, zak\u00e1zkov\u00e9 kvality \u0159emesln\u00e9ho zpracov\u00e1n\u00ed a nejmodern\u011bj\u0161\u00edch materi\u00e1l\u016f odoln\u00fdch proti korozi, jako je keramick\u00e1 areta\u010dn\u00ed kuli\u010dka. Pokud hled\u00e1te seri\u00f3zn\u00ed \u0159ezn\u00fd v\u00fdkon v n\u00e1stroji, kter\u00fd je imunn\u00ed i v\u016f\u010di nejdrsn\u011bj\u0161\u00edmu prost\u0159ed\u00ed, najdete jej ve Spydiechef.<\/p>\n<p>Specifikace<br \/>\nD\u00e9lka \u010depele: 8.3 cm<br \/>\nD\u00e9lka v zav\u0159en\u00e9m stavu: 11.15 cm<br \/>\nCelkov\u00e1 d\u00e9lka: 19.45 cm<br \/>\nTlou\u0161\u0165ka \u010depele: 0.28 cm<br \/>\nMateri\u00e1l \u010depele: LC200 N<br \/>\nBrou\u0161en\u00ed \u010depele: Pln\u011b ploch\u00e9<br \/>\nOst\u0159\u00ed \u010depele: Hladk\u00e9<br \/>\nStyl \u010depele: Upraven\u00fd bod p\u00e1du<br \/>\nMateri\u00e1l rukojeti: Titan<br \/>\nUzamykac\u00ed mechanismus: Reeve Integral Lock (RIL)<br \/>\nKapesn\u00ed klip: Vykl\u00e1p\u011bc\u00ed<br \/>\n\u010c\u00edslo modelu: C211TIP<br \/>\nJm\u00e9no modelu: SpydieChef<br \/>\nDesign\u00e9r: Marcin Slysz<br \/>\nHmotnost: 3,8 oz.<\/p>\n","protected":false},"excerpt":{"rendered":"<p><strong>SpydieChef je nejnov\u011bj\u0161\u00ed spolupr\u00e1ce Spyderca s polsk\u00fdm no\u017e\u00ed\u0159em Marcinem Slyszem. Slysz, proslul\u00fd sv\u00fdm elegantn\u011b jednoduch\u00fdm designem a dokonal\u00fdm \u0159emesln\u00fdm zpracov\u00e1n\u00edm, za\u010dal s v\u00fdrobou no\u017e\u016f s pevnou \u010depel\u00ed v roce 2006 a rychle se rozvinul v dovednostech k p\u0159echodu na high-tech zav\u00edrac\u00ed no\u017ee, kter\u00e9 jsou nyn\u00ed jeho specializac\u00ed.<\/strong><\/p>\n","protected":false},"featured_media":253500,"comment_status":"open","ping_status":"closed","template":"","meta":[],"pwb-brand":[567],"product_brand":[],"product_cat":[22,17],"product_tag":[3667],"class_list":{"0":"post-253499","1":"product","2":"type-product","3":"status-publish","4":"has-post-thumbnail","6":"pwb-brand-spyderco","7":"product_cat-zaviraci-noze","8":"product_cat-noze","9":"product_tag-b2b","11":"first","12":"instock","13":"taxable","14":"shipping-taxable","15":"purchasable","16":"product-type-simple"},"brands":[{"id":567,"name":"Spyderco","slug":"spyderco"}],"_links":{"self":[{"href":"https:\/\/www.moskito.cz\/fr\/wp-json\/wp\/v2\/product\/253499","targetHints":{"allow":["GET"]}}],"collection":[{"href":"https:\/\/www.moskito.cz\/fr\/wp-json\/wp\/v2\/product"}],"about":[{"href":"https:\/\/www.moskito.cz\/fr\/wp-json\/wp\/v2\/types\/product"}],"replies":[{"embeddable":true,"href":"https:\/\/www.moskito.cz\/fr\/wp-json\/wp\/v2\/comments?post=253499"}],"wp:featuredmedia":[{"embeddable":true,"href":"https:\/\/www.moskito.cz\/fr\/wp-json\/wp\/v2\/media\/253500"}],"wp:attachment":[{"href":"https:\/\/www.moskito.cz\/fr\/wp-json\/wp\/v2\/media?parent=253499"}],"wp:term":[{"taxonomy":"pwb-brand","embeddable":true,"href":"https:\/\/www.moskito.cz\/fr\/wp-json\/wp\/v2\/pwb-brand?post=253499"},{"taxonomy":"product_brand","embeddable":true,"href":"https:\/\/www.moskito.cz\/fr\/wp-json\/wp\/v2\/product_brand?post=253499"},{"taxonomy":"product_cat","embeddable":true,"href":"https:\/\/www.moskito.cz\/fr\/wp-json\/wp\/v2\/product_cat?post=253499"},{"taxonomy":"product_tag","embeddable":true,"href":"https:\/\/www.moskito.cz\/fr\/wp-json\/wp\/v2\/product_tag?post=253499"}],"curies":[{"name":"wp","href":"https:\/\/api.w.org\/{rel}","templated":true}]}}