{"id":253615,"date":"2023-07-10T21:24:51","date_gmt":"2023-07-10T20:24:51","guid":{"rendered":"https:\/\/www.moskito.cz\/?post_type=product&#038;p=253615"},"modified":"2026-01-23T19:37:10","modified_gmt":"2026-01-23T18:37:10","slug":"zaviraci-nuz-spyderco-leafjumper-c262sbk","status":"publish","type":"product","link":"https:\/\/www.moskito.cz\/fr\/produkt\/zaviraci-nuz-spyderco-leafjumper-c262sbk\/","title":{"rendered":"Zav\u00edrac\u00ed N\u016f\u017e Spyderco LeafJumper C262SBK"},"content":{"rendered":"<p data-start=\"111\" data-end=\"489\">Jakmile \u010depel otev\u0159e\u0161 typick\u00fdm <strong data-start=\"142\" data-end=\"170\">kulat\u00fdm otvorem Spyderco<\/strong> a zajist\u00ed\u0161 ji spolehliv\u00fdm <strong data-start=\"197\" data-end=\"219\">Compression Lockem<\/strong>, okam\u017eit\u011b poc\u00edt\u00ed\u0161 <strong data-start=\"238\" data-end=\"276\">pevnost, jistotu a hladk\u00fd tah \u0159ezu<\/strong>, kterou nab\u00edz\u00ed <strong data-start=\"292\" data-end=\"323\">Spyderco LeafJumper C262SBK<\/strong>. Tento zav\u00edrac\u00ed n\u016f\u017e kombinuje klasick\u00fd tvar \u010depele s modern\u00ed konstrukc\u00ed, tak\u017ee je p\u0159ipraven na ka\u017edodenn\u00ed \u00fakoly i n\u00e1ro\u010dn\u00e9 st\u0159ihy tam, kde chce\u0161 v\u00fdkon bez kompromis\u016f.<\/p>\n<p data-start=\"491\" data-end=\"668\">Tento model je ur\u010den pro u\u017eivatele, kte\u0159\u00ed hledaj\u00ed <strong data-start=\"541\" data-end=\"576\">spolehliv\u00fd a v\u0161estrann\u00fd EDC n\u016f\u017e<\/strong> s vysokou kontrolou \u0159ezu, ergonomi\u00ed a odolnost\u00ed \u2014 ide\u00e1ln\u00ed pro ka\u017edodenn\u00ed pou\u017eit\u00ed i outdoor.<\/p>\n<hr data-start=\"670\" data-end=\"673\" \/>\n<h2 data-start=\"675\" data-end=\"701\">Charakter a filozofie<\/h2>\n<p data-start=\"702\" data-end=\"1061\"><strong data-start=\"702\" data-end=\"725\">Spyderco LeafJumper<\/strong> p\u0159edstavuje filozofii n\u00e1stroje, kter\u00fd je navr\u017een pro <strong data-start=\"779\" data-end=\"814\">efektivn\u00ed \u0159ez i p\u0159i del\u0161\u00ed pr\u00e1ci<\/strong>. S tradi\u010dn\u00edm profilem \u010depele a dob\u0159e vyv\u00e1\u017eenou geometri\u00ed poskytuje vynikaj\u00edc\u00ed kontrolu a stabilitu p\u0159i ka\u017ed\u00e9m tahu. Tento klasick\u00fd tvar je obl\u00edben\u00fd u profesion\u00e1l\u016f i nad\u0161enc\u016f, kte\u0159\u00ed cht\u011bj\u00ed n\u016f\u017e, kter\u00fd <strong data-start=\"1014\" data-end=\"1040\">funguje bez kompromis\u016f<\/strong> v r\u016fzn\u00fdch situac\u00edch.<\/p>\n<p data-start=\"1063\" data-end=\"1376\">\u010cepel je z kvalitn\u00ed nerezov\u00e9 oceli, kter\u00e1 nab\u00edz\u00ed <strong data-start=\"1112\" data-end=\"1158\">dobrou odolnost proti korozi a v\u00fddr\u017e ost\u0159\u00ed<\/strong>, p\u0159i\u010dem\u017e sat\u00e9nov\u00e1 \u00faprava povrchu zvy\u0161uje odolnost a z\u00e1rove\u0148 d\u00e1v\u00e1 no\u017ei elegantn\u00ed, nen\u00e1padn\u00fd vzhled. Rukoje\u0165 je ergonomicky tvarovan\u00e1 a poskytuje jist\u00fd \u00fachop i p\u0159i del\u0161\u00ed pr\u00e1ci nebo p\u0159i pou\u017eit\u00ed v n\u00e1ro\u010dn\u011bj\u0161\u00edch podm\u00ednk\u00e1ch.<\/p>\n<p data-start=\"1378\" data-end=\"1524\">Compression Lock zaji\u0161\u0165uje bezpe\u010dn\u00e9 a pohodln\u00e9 ovl\u00e1d\u00e1n\u00ed jednou rukou, zat\u00edmco reverzibiln\u00ed klip umo\u017e\u0148uje flexibiln\u00ed no\u0161en\u00ed podle tv\u00fdch preferenc\u00ed.<\/p>\n<hr data-start=\"1526\" data-end=\"1529\" \/>\n<h2 data-start=\"1531\" data-end=\"1548\">\ud83c\udfed O v\u00fdrobci<\/h2>\n<p data-start=\"1549\" data-end=\"1764\"><strong data-start=\"1549\" data-end=\"1561\">Spyderco<\/strong> je ameri\u010dt\u00ed v\u00fdrobce no\u017e\u016f zn\u00e1m\u00fd sv\u00fdm d\u016frazem na funk\u010dnost, ergonomii a re\u00e1ln\u00e9 pou\u017eit\u00ed. Modely jako LeafJumper kombinuj\u00ed klasick\u00e9 profily s modern\u00edmi materi\u00e1ly a technologiemi, kter\u00e9 se osv\u011bd\u010dily v praxi.<\/p>\n<hr data-start=\"1766\" data-end=\"1769\" \/>\n<h2 data-start=\"1771\" data-end=\"1798\">\u2699\ufe0f Technick\u00e9 specifikace<\/h2>\n<div class=\"TyagGW_tableContainer\">\n<div class=\"group TyagGW_tableWrapper flex flex-col-reverse w-fit\" tabindex=\"-1\">\n<table class=\"w-fit min-w-(--thread-content-width)\" data-start=\"1800\" data-end=\"2380\">\n<thead data-start=\"1800\" data-end=\"1822\">\n<tr data-start=\"1800\" data-end=\"1822\">\n<th data-start=\"1800\" data-end=\"1811\" data-col-size=\"sm\">Parametr<\/th>\n<th data-start=\"1811\" data-end=\"1822\" data-col-size=\"sm\">Hodnota<\/th>\n<\/tr>\n<\/thead>\n<tbody data-start=\"1843\" data-end=\"2380\">\n<tr data-start=\"1843\" data-end=\"1882\">\n<td data-start=\"1843\" data-end=\"1851\" data-col-size=\"sm\">Model<\/td>\n<td data-start=\"1851\" data-end=\"1882\" data-col-size=\"sm\">Spyderco LeafJumper C262SBK<\/td>\n<\/tr>\n<tr data-start=\"1883\" data-end=\"1905\">\n<td data-start=\"1883\" data-end=\"1889\" data-col-size=\"sm\">Typ<\/td>\n<td data-start=\"1889\" data-end=\"1905\" data-col-size=\"sm\">Zav\u00edrac\u00ed n\u016f\u017e<\/td>\n<\/tr>\n<tr data-start=\"1906\" data-end=\"1937\">\n<td data-start=\"1906\" data-end=\"1922\" data-col-size=\"sm\">Celkov\u00e1 d\u00e9lka<\/td>\n<td data-start=\"1922\" data-end=\"1937\" data-col-size=\"sm\">cca 22,3 cm<\/td>\n<\/tr>\n<tr data-start=\"1938\" data-end=\"1966\">\n<td data-start=\"1938\" data-end=\"1953\" data-col-size=\"sm\">D\u00e9lka \u010depele<\/td>\n<td data-start=\"1953\" data-end=\"1966\" data-col-size=\"sm\">cca 10 cm<\/td>\n<\/tr>\n<tr data-start=\"1967\" data-end=\"2003\">\n<td data-start=\"1967\" data-end=\"1985\" data-col-size=\"sm\">Tlou\u0161\u0165ka \u010depele<\/td>\n<td data-start=\"1985\" data-end=\"2003\" data-col-size=\"sm\">cca 3,0\u20133,5 mm<\/td>\n<\/tr>\n<tr data-start=\"2004\" data-end=\"2048\">\n<td data-start=\"2004\" data-end=\"2022\" data-col-size=\"sm\">Materi\u00e1l \u010depele<\/td>\n<td data-start=\"2022\" data-end=\"2048\" data-col-size=\"sm\">kvalitn\u00ed nerezov\u00e1 ocel<\/td>\n<\/tr>\n<tr data-start=\"2049\" data-end=\"2093\">\n<td data-start=\"2049\" data-end=\"2065\" data-col-size=\"sm\">Tvrdost oceli<\/td>\n<td data-start=\"2065\" data-end=\"2093\" data-col-size=\"sm\">vyv\u00e1\u017een\u00e1 pro EDC pou\u017eit\u00ed<\/td>\n<\/tr>\n<tr data-start=\"2094\" data-end=\"2132\">\n<td data-start=\"2094\" data-end=\"2108\" data-col-size=\"sm\">Tvar \u010depele<\/td>\n<td data-start=\"2108\" data-end=\"2132\" data-col-size=\"sm\">klasick\u00fd Leaf profil<\/td>\n<\/tr>\n<tr data-start=\"2133\" data-end=\"2161\">\n<td data-start=\"2133\" data-end=\"2142\" data-col-size=\"sm\">V\u00fdbrus<\/td>\n<td data-start=\"2142\" data-end=\"2161\" data-col-size=\"sm\">Full Flat Grind<\/td>\n<\/tr>\n<tr data-start=\"2162\" data-end=\"2187\">\n<td data-start=\"2162\" data-end=\"2178\" data-col-size=\"sm\">Povrch \u010depele<\/td>\n<td data-start=\"2178\" data-end=\"2187\" data-col-size=\"sm\">sat\u00e9n<\/td>\n<\/tr>\n<tr data-start=\"2188\" data-end=\"2224\">\n<td data-start=\"2188\" data-end=\"2198\" data-col-size=\"sm\">Rukoje\u0165<\/td>\n<td data-start=\"2198\" data-end=\"2224\" data-col-size=\"sm\">ergonomick\u00e1 konstrukce<\/td>\n<\/tr>\n<tr data-start=\"2225\" data-end=\"2253\">\n<td data-start=\"2225\" data-end=\"2233\" data-col-size=\"sm\">Z\u00e1mek<\/td>\n<td data-start=\"2233\" data-end=\"2253\" data-col-size=\"sm\">Compression Lock<\/td>\n<\/tr>\n<tr data-start=\"2254\" data-end=\"2291\">\n<td data-start=\"2254\" data-end=\"2266\" data-col-size=\"sm\">Otev\u00edr\u00e1n\u00ed<\/td>\n<td data-start=\"2266\" data-end=\"2291\" data-col-size=\"sm\">kulat\u00fd otvor Spyderco<\/td>\n<\/tr>\n<tr data-start=\"2292\" data-end=\"2324\">\n<td data-start=\"2292\" data-end=\"2299\" data-col-size=\"sm\">Klip<\/td>\n<td data-start=\"2299\" data-end=\"2324\" data-col-size=\"sm\">reverzibiln\u00ed \u2013 tip-up<\/td>\n<\/tr>\n<tr data-start=\"2325\" data-end=\"2347\">\n<td data-start=\"2325\" data-end=\"2336\" data-col-size=\"sm\">Hmotnost<\/td>\n<td data-start=\"2336\" data-end=\"2347\" data-col-size=\"sm\">st\u0159edn\u00ed<\/td>\n<\/tr>\n<tr data-start=\"2348\" data-end=\"2380\">\n<td data-start=\"2348\" data-end=\"2357\" data-col-size=\"sm\">V\u00fdroba<\/td>\n<td data-start=\"2357\" data-end=\"2380\" data-col-size=\"sm\">precizn\u00ed zpracov\u00e1n\u00ed<\/td>\n<\/tr>\n<\/tbody>\n<\/table>\n<\/div>\n<\/div>\n<hr data-start=\"2382\" data-end=\"2385\" \/>\n<h2 data-start=\"2387\" data-end=\"2405\">\u2705 Hlavn\u00ed v\u00fdhody<\/h2>\n<ul data-start=\"2406\" data-end=\"2689\">\n<li data-start=\"2406\" data-end=\"2464\">\n<p data-start=\"2408\" data-end=\"2464\"><strong data-start=\"2408\" data-end=\"2432\">Klasick\u00fd tvar \u010depele<\/strong> \u2013 efektivn\u00ed a univerz\u00e1ln\u00ed \u0159ez<\/p>\n<\/li>\n<li data-start=\"2465\" data-end=\"2521\">\n<p data-start=\"2467\" data-end=\"2521\"><strong data-start=\"2467\" data-end=\"2487\">Compression Lock<\/strong> \u2013 pevn\u00fd, bezpe\u010dn\u00fd a hladk\u00fd chod<\/p>\n<\/li>\n<li data-start=\"2522\" data-end=\"2581\">\n<p data-start=\"2524\" data-end=\"2581\"><strong data-start=\"2524\" data-end=\"2547\">Ergonomick\u00e1 rukoje\u0165<\/strong> \u2013 jist\u00fd \u00fachop i p\u0159i del\u0161\u00ed pr\u00e1ci<\/p>\n<\/li>\n<li data-start=\"2582\" data-end=\"2636\">\n<p data-start=\"2584\" data-end=\"2636\"><strong data-start=\"2584\" data-end=\"2607\">Vyv\u00e1\u017een\u00e1 konstrukce<\/strong> \u2013 komfortn\u00ed no\u0161en\u00ed a pr\u00e1ce<\/p>\n<\/li>\n<li data-start=\"2637\" data-end=\"2689\">\n<p data-start=\"2639\" data-end=\"2689\"><strong data-start=\"2639\" data-end=\"2657\">Sat\u00e9nov\u00e1 \u010depel<\/strong> \u2013 odolnost a nen\u00e1padn\u00fd vzhled<\/p>\n<\/li>\n<\/ul>\n<hr data-start=\"2691\" data-end=\"2694\" \/>\n<h2 data-start=\"2696\" data-end=\"2715\">\u26a0\ufe0f Mo\u017en\u00e1 omezen\u00ed<\/h2>\n<ul data-start=\"2716\" data-end=\"2887\">\n<li data-start=\"2716\" data-end=\"2772\">\n<p data-start=\"2718\" data-end=\"2772\"><strong data-start=\"2718\" data-end=\"2770\">Nen\u00ed tak odoln\u00fd jako n\u011bkter\u00e9 t\u011b\u017ek\u00e9 pracovn\u00ed no\u017ee<\/strong><\/p>\n<\/li>\n<li data-start=\"2773\" data-end=\"2840\">\n<p data-start=\"2775\" data-end=\"2840\">Standardn\u00ed ocel \u2013 nepat\u0159\u00ed mezi nejmodern\u011bj\u0161\u00ed high-end materi\u00e1ly<\/p>\n<\/li>\n<li data-start=\"2841\" data-end=\"2887\">\n<p data-start=\"2843\" data-end=\"2887\">V\u011bt\u0161\u00ed velikost nemus\u00ed vyhovovat minimalist\u016fm<\/p>\n<\/li>\n<\/ul>\n<hr data-start=\"2889\" data-end=\"2892\" \/>\n<h2 data-start=\"2894\" data-end=\"2914\">\ud83d\udee0\ufe0f \u00dadr\u017eba a p\u00e9\u010de<\/h2>\n<p data-start=\"2915\" data-end=\"3114\">Po pou\u017eit\u00ed \u010depel osu\u0161\u00ed a o\u010disti \u2013 zvl\u00e1\u0161t\u011b pokud byla v kontaktu s vlhkost\u00ed.<br data-start=\"2990\" data-end=\"2993\" \/>Pravideln\u011b kontroluj chod z\u00e1mku a mechanismus otev\u00edr\u00e1n\u00ed.<br data-start=\"3049\" data-end=\"3052\" \/>Ost\u0159\u00ed udr\u017euj jemn\u00fdm brou\u0161en\u00edm, aby z\u016fstalo ostr\u00e9 a spolehliv\u00e9.<\/p>\n<hr data-start=\"3116\" data-end=\"3119\" \/>\n<h2 data-start=\"3121\" data-end=\"3159\">\ud83d\udd2a Pro udr\u017een\u00ed ost\u0159\u00ed doporu\u010dujeme<\/h2>\n<p data-start=\"3160\" data-end=\"3486\">Pou\u017e\u00edvat kvalitn\u00ed brusn\u00e9 syst\u00e9my s p\u0159esn\u00fdm veden\u00edm \u00fahlu, <strong data-start=\"3217\" data-end=\"3314\">kter\u00e9 zajist\u00ed spr\u00e1vnou geometrii ost\u0159\u00ed a dlouhodobou ostrost bez zbyte\u010dn\u00e9ho ub\u00edr\u00e1n\u00ed materi\u00e1lu<\/strong>. Pro tento \u00fa\u010del <strong data-start=\"3331\" data-end=\"3418\">doporu\u010dujeme brousek Spyderco Tri-Angle Sharpmaker Complete Sharpening System 204MF<\/strong>, kter\u00fd umo\u017e\u0148uje bezpe\u010dn\u00e9 a velmi p\u0159esn\u00e9 brou\u0161en\u00ed i modern\u00edch ocel\u00ed.<\/p>\n<p data-start=\"3488\" data-end=\"3522\"><strong data-start=\"3488\" data-end=\"3522\">Zakoup\u00edte na na\u0161ich str\u00e1nk\u00e1ch.<\/strong><\/p>\n<hr data-start=\"3524\" data-end=\"3527\" \/>\n<h2 data-start=\"3529\" data-end=\"3549\">\ud83c\udfaf Doporu\u010deno pro<\/h2>\n<ul data-start=\"3550\" data-end=\"3702\">\n<li data-start=\"3550\" data-end=\"3577\">\n<p data-start=\"3552\" data-end=\"3577\">ka\u017edodenn\u00ed no\u0161en\u00ed (EDC)<\/p>\n<\/li>\n<li data-start=\"3578\" data-end=\"3612\">\n<p data-start=\"3580\" data-end=\"3612\">outdoor a lehk\u00e9 pracovn\u00ed \u00fakoly<\/p>\n<\/li>\n<li data-start=\"3613\" data-end=\"3666\">\n<p data-start=\"3615\" data-end=\"3666\">u\u017eivatele hledaj\u00edc\u00ed <strong data-start=\"3635\" data-end=\"3664\">vyv\u00e1\u017een\u00fd a v\u0161estrann\u00fd n\u016f\u017e<\/strong><\/p>\n<\/li>\n<li data-start=\"3667\" data-end=\"3702\">\n<p data-start=\"3669\" data-end=\"3702\">milovn\u00edky klasick\u00fdch tvar\u016f \u010depele<\/p>\n<\/li>\n<\/ul>\n<hr data-start=\"3704\" data-end=\"3707\" \/>\n<h2 data-start=\"3709\" data-end=\"3735\">\u2b50 Z\u00e1v\u011bre\u010dn\u00e9 hodnocen\u00ed<\/h2>\n<p data-start=\"3736\" data-end=\"3991\"><strong data-start=\"3736\" data-end=\"3767\">Spyderco LeafJumper C262SBK<\/strong> je <strong data-start=\"3771\" data-end=\"3811\">spolehliv\u00fd a v\u0161estrann\u00fd zav\u00edrac\u00ed n\u016f\u017e<\/strong>, kter\u00fd kombinuje klasick\u00fd design s modern\u00ed funk\u010dnost\u00ed. D\u00edky ergonomii, vyv\u00e1\u017een\u00e9mu profilu a spolehliv\u00e9mu z\u00e1mku je to ide\u00e1ln\u00ed volba pro ka\u017edodenn\u00ed pou\u017eit\u00ed i leh\u010d\u00ed outdoorov\u00e9 \u00fakoly.<\/p>\n<p data-start=\"3993\" data-end=\"4049\"><strong data-start=\"3993\" data-end=\"4049\">LeafJumper \u2013 klasika, kter\u00e1 funguje v ka\u017ed\u00e9 situaci.<\/strong><\/p>\n","protected":false},"excerpt":{"rendered":"<p data-start=\"3736\" data-end=\"3991\"><strong>Spyderco LeafJumper C262SBK je spolehliv\u00fd a v\u0161estrann\u00fd zav\u00edrac\u00ed n\u016f\u017e, kter\u00fd kombinuje klasick\u00fd design s modern\u00ed funk\u010dnost\u00ed. D\u00edky ergonomii, vyv\u00e1\u017een\u00e9mu profilu a spolehliv\u00e9mu z\u00e1mku je to ide\u00e1ln\u00ed volba pro ka\u017edodenn\u00ed pou\u017eit\u00ed i leh\u010d\u00ed outdoorov\u00e9 \u00fakoly.<\/strong><\/p>\n<p data-start=\"3993\" data-end=\"4049\"><strong>LeafJumper \u2013 klasika, kter\u00e1 funguje v ka\u017ed\u00e9 situaci.<\/strong><\/p>\n","protected":false},"featured_media":253616,"comment_status":"open","ping_status":"closed","template":"","meta":[],"pwb-brand":[567],"product_brand":[],"product_cat":[22,17],"product_tag":[3667],"class_list":{"0":"post-253615","1":"product","2":"type-product","3":"status-publish","4":"has-post-thumbnail","6":"pwb-brand-spyderco","7":"product_cat-zaviraci-noze","8":"product_cat-noze","9":"product_tag-b2b","11":"first","12":"instock","13":"taxable","14":"shipping-taxable","15":"purchasable","16":"product-type-simple"},"brands":[{"id":567,"name":"Spyderco","slug":"spyderco"}],"_links":{"self":[{"href":"https:\/\/www.moskito.cz\/fr\/wp-json\/wp\/v2\/product\/253615","targetHints":{"allow":["GET"]}}],"collection":[{"href":"https:\/\/www.moskito.cz\/fr\/wp-json\/wp\/v2\/product"}],"about":[{"href":"https:\/\/www.moskito.cz\/fr\/wp-json\/wp\/v2\/types\/product"}],"replies":[{"embeddable":true,"href":"https:\/\/www.moskito.cz\/fr\/wp-json\/wp\/v2\/comments?post=253615"}],"wp:featuredmedia":[{"embeddable":true,"href":"https:\/\/www.moskito.cz\/fr\/wp-json\/wp\/v2\/media\/253616"}],"wp:attachment":[{"href":"https:\/\/www.moskito.cz\/fr\/wp-json\/wp\/v2\/media?parent=253615"}],"wp:term":[{"taxonomy":"pwb-brand","embeddable":true,"href":"https:\/\/www.moskito.cz\/fr\/wp-json\/wp\/v2\/pwb-brand?post=253615"},{"taxonomy":"product_brand","embeddable":true,"href":"https:\/\/www.moskito.cz\/fr\/wp-json\/wp\/v2\/product_brand?post=253615"},{"taxonomy":"product_cat","embeddable":true,"href":"https:\/\/www.moskito.cz\/fr\/wp-json\/wp\/v2\/product_cat?post=253615"},{"taxonomy":"product_tag","embeddable":true,"href":"https:\/\/www.moskito.cz\/fr\/wp-json\/wp\/v2\/product_tag?post=253615"}],"curies":[{"name":"wp","href":"https:\/\/api.w.org\/{rel}","templated":true}]}}