{"id":254473,"date":"2023-07-19T13:15:28","date_gmt":"2023-07-19T12:15:28","guid":{"rendered":"https:\/\/www.moskito.cz\/?post_type=product&#038;p=254473"},"modified":"2025-05-07T10:52:38","modified_gmt":"2025-05-07T09:52:38","slug":"pevny-nuz-muela-cov-c-e","status":"publish","type":"product","link":"https:\/\/www.moskito.cz\/fr\/produkt\/pevny-nuz-muela-cov-c-e\/","title":{"rendered":"Pevn\u00fd N\u016f\u017e Muela COV-C.E"},"content":{"rendered":"<p>Pevn\u00fd N\u016f\u017e <strong>Muela<\/strong> COV-C.E<\/p>\n<p>Pokud jste v\u00e1\u0161niv\u00ed lovci a ryba\u0159en\u00ed, nebo jste prost\u011b milovn\u00edci vysoce kvalitn\u00edch no\u017e\u016f, n\u016f\u017e Muela Covarsi je rozhodn\u011b pro v\u00e1s. Tento p\u016fsobiv\u00fd luxusn\u00ed n\u016f\u017e je navr\u017een a vyroben presti\u017en\u00ed zna\u010dkou Muela, uzn\u00e1vanou pro sv\u00e9 zku\u0161enosti a dokonalost ve v\u00fdrob\u011b loveck\u00fdch a sportovn\u00edch no\u017e\u016f.<\/p>\n<p>D\u00edky vysoce kvalitn\u00ed \u010depeli z molybden-vanadiov\u00e9 oceli a tvrdosti (57-58HRC) je n\u016f\u017e Muela Covarsi schopen odolat opot\u0159eben\u00ed a korozi, tak\u017ee je skv\u011blou volbou pro dlouh\u00e9 dny na trailu. Nav\u00edc m\u00e1 \u0161upiny z jelen\u00edho parohu, d\u00edky \u010demu\u017e je atraktivn\u00ed a p\u0159\u00edjemn\u00fd na dotek. Mosazn\u00fd j\u00edlec a hlavice kance dod\u00e1vaj\u00ed jedine\u010dn\u00fd a elegantn\u00ed styl.<\/p>\n<p>Tento n\u016f\u017e je dod\u00e1v\u00e1n s ko\u017een\u00fdm pouzdrem, kter\u00e9 chr\u00e1n\u00ed \u010depel a zaji\u0161\u0165uje jej\u00ed bezpe\u010dnost, a pokud si budete p\u0159\u00e1t, za p\u0159\u00edplatek 57 eur si m\u016f\u017eete zakoupit d\u0159ev\u011bnou prezenta\u010dn\u00ed krabici, abyste jej mohli hrd\u011b vystavit ve sv\u00e9m dom\u011b nebo firm\u011b.<\/p>\n<p>S celkovou d\u00e9lkou 39 cm a \u010depel\u00ed 24,5 cm m\u00e1 tento n\u016f\u017e Muela hmotnost 533 gram\u016f, co\u017e mu d\u00e1v\u00e1 perfektn\u00ed rovnov\u00e1hu pro hladk\u00fd a p\u0159esn\u00fd \u0159ez. Jeho ergonomick\u00fd design nav\u00edc umo\u017e\u0148uje pohodln\u00e9 a bezpe\u010dn\u00e9 uchopen\u00ed, tak\u017ee je ide\u00e1ln\u00ed pro kr\u00e1jen\u00ed masa nebo jako n\u00e1stroj pro kempov\u00e1n\u00ed.<\/p>\n<p>N\u016f\u017e Muela Covarsi je zkr\u00e1tka v\u00fdjime\u010dn\u00fd n\u00e1stroj pro ka\u017ed\u00e9ho, kdo hled\u00e1 u loveck\u00e9ho no\u017ee kvalitu, odolnost a styl. Pokud jste skute\u010dn\u00fdm fanou\u0161kem lovu nebo jen chcete vysoce kvalitn\u00ed n\u016f\u017e do sv\u00e9 sb\u00edrky, Muela Covarsi je rozhodn\u011b perfektn\u00ed volbou. Odva\u017ete se vlastnit v\u00fdjime\u010dn\u00fd n\u016f\u017e, kter\u00fd v\u00e1m zajist\u00ed dokonal\u00fd a trval\u00fd z\u00e1\u017eitek z \u0159ez\u00e1n\u00ed.<\/p>\n<p>Funkce:<\/p>\n<p>\u010cepel z molybden-vanadiov\u00e9 oceli vysok\u00e9 kvality a tvrdosti (57-58HRC).<br \/>\nRukoje\u0165 z jelen\u00edho parohu.<br \/>\nMosazn\u00fd j\u00edlec a hlavice s kan\u010d\u00ed hlavou.<br \/>\nDod\u00e1v\u00e1no s ko\u017eenou krabi\u010dkou.<br \/>\nVoliteln\u011b si m\u016f\u017eete zakoupit d\u0159ev\u011bnou prezenta\u010dn\u00ed krabici za p\u0159\u00edplatek 57 eur.<br \/>\nCelkov\u00e1 d\u00e9lka 39 cm a \u010depel 24,5 cm.<br \/>\nHmotnost 533 gram\u016f.<br \/>\nErgonomick\u00fd design pro pohodln\u00e9 a bezpe\u010dn\u00e9 uchopen\u00ed.<br \/>\nD\u00e1rkov\u00fd N\u016e\u017d MUELA COVARSI<\/p>\n<p>&nbsp;<\/p>\n","protected":false},"excerpt":{"rendered":"<p><strong>Tento p\u016fsobiv\u00fd luxusn\u00ed n\u016f\u017e je navr\u017een a vyroben presti\u017en\u00ed zna\u010dkou Muela, uzn\u00e1vanou pro sv\u00e9 zku\u0161enosti a dokonalost ve v\u00fdrob\u011b loveck\u00fdch a sportovn\u00edch no\u017e\u016f.<\/strong><\/p>\n","protected":false},"featured_media":254474,"comment_status":"open","ping_status":"closed","template":"","meta":[],"pwb-brand":[191],"product_brand":[],"product_cat":[23,17],"product_tag":[3667],"class_list":{"0":"post-254473","1":"product","2":"type-product","3":"status-publish","4":"has-post-thumbnail","6":"pwb-brand-muela","7":"product_cat-pevne-noze","8":"product_cat-noze","9":"product_tag-b2b","11":"first","12":"instock","13":"taxable","14":"shipping-taxable","15":"purchasable","16":"product-type-simple"},"brands":[{"id":191,"name":"Muela","slug":"muela"}],"_links":{"self":[{"href":"https:\/\/www.moskito.cz\/fr\/wp-json\/wp\/v2\/product\/254473","targetHints":{"allow":["GET"]}}],"collection":[{"href":"https:\/\/www.moskito.cz\/fr\/wp-json\/wp\/v2\/product"}],"about":[{"href":"https:\/\/www.moskito.cz\/fr\/wp-json\/wp\/v2\/types\/product"}],"replies":[{"embeddable":true,"href":"https:\/\/www.moskito.cz\/fr\/wp-json\/wp\/v2\/comments?post=254473"}],"wp:featuredmedia":[{"embeddable":true,"href":"https:\/\/www.moskito.cz\/fr\/wp-json\/wp\/v2\/media\/254474"}],"wp:attachment":[{"href":"https:\/\/www.moskito.cz\/fr\/wp-json\/wp\/v2\/media?parent=254473"}],"wp:term":[{"taxonomy":"pwb-brand","embeddable":true,"href":"https:\/\/www.moskito.cz\/fr\/wp-json\/wp\/v2\/pwb-brand?post=254473"},{"taxonomy":"product_brand","embeddable":true,"href":"https:\/\/www.moskito.cz\/fr\/wp-json\/wp\/v2\/product_brand?post=254473"},{"taxonomy":"product_cat","embeddable":true,"href":"https:\/\/www.moskito.cz\/fr\/wp-json\/wp\/v2\/product_cat?post=254473"},{"taxonomy":"product_tag","embeddable":true,"href":"https:\/\/www.moskito.cz\/fr\/wp-json\/wp\/v2\/product_tag?post=254473"}],"curies":[{"name":"wp","href":"https:\/\/api.w.org\/{rel}","templated":true}]}}