{"id":254817,"date":"2023-08-08T20:59:22","date_gmt":"2023-08-08T19:59:22","guid":{"rendered":"https:\/\/www.moskito.cz\/?post_type=product&#038;p=254817"},"modified":"2025-05-07T10:52:41","modified_gmt":"2025-05-07T09:52:41","slug":"pevny-nuz-muela-terrier-9m","status":"publish","type":"product","link":"https:\/\/www.moskito.cz\/fr\/produkt\/pevny-nuz-muela-terrier-9m\/","title":{"rendered":"Pevn\u00fd N\u016f\u017e Muela TERRIER-9M"},"content":{"rendered":"<p>Pevn\u00fd N\u016f\u017e <strong>Muela<\/strong> TERRIER-9M<\/p>\n<p>No\u017ee Muela ji\u017e v\u00edce ne\u017e pades\u00e1t let spojuj\u00ed starosv\u011btsk\u00e9 \u0159emeslo s modern\u00edmi technologiemi. No\u017ee Muela jsou vyrobeny tak, aby vydr\u017eely po cel\u00fd \u017eivot a jsou kr\u00e1sn\u00e9 i funk\u010dn\u00ed. \u010cepele jsou vyr\u00e1b\u011bny p\u0159ev\u00e1\u017en\u011b z vysoce kvalitn\u00ed martenzitick\u00e9 oceli slitiny chromu, vanadu a molybdenu. Rukojeti jsou vyrobeny z r\u016fzn\u00fdch materi\u00e1l\u016f v\u010detn\u011b jelena, cocobolo, olivov\u00e9ho d\u0159eva a micarty.<\/p>\n<p>SPECIFIKACE<br \/>\nCelkov\u00e1 d\u00e9lka: 18.9 cm<br \/>\nD\u00e9lka \u010depele: 8.8 cm<br \/>\nTlou\u0161\u0165ka \u010depele: 0.38 cm<br \/>\nStyl: Full Tang, Lanyard Hole<br \/>\nOcel: NITRO-42<br \/>\nRukoje\u0165 Materi\u00e1l: Canvas Micarta<br \/>\nHmotnost: 122 gram\u016f<br \/>\nVyrobeno v: \u0160pan\u011blsko<br \/>\nPochva: Prav\u00e1 k\u016f\u017ee<\/p>\n","protected":false},"excerpt":{"rendered":"<p><strong>Mal\u00fd n\u016f\u017e od renomovan\u00e9 \u0161pan\u011blsk\u00e9 firmy Muela, kter\u00fd m\u00e1 odolnou integr\u00e1ln\u00ed konstrukci a je perfektn\u00ed pro drobnou pr\u00e1ci p\u0159i lovu i p\u0159i outdoorov\u00fdch aktivit\u00e1ch.<\/strong><\/p>\n","protected":false},"featured_media":254818,"comment_status":"open","ping_status":"closed","template":"","meta":[],"pwb-brand":[191],"product_brand":[],"product_cat":[23,17],"product_tag":[3667],"class_list":{"0":"post-254817","1":"product","2":"type-product","3":"status-publish","4":"has-post-thumbnail","6":"pwb-brand-muela","7":"product_cat-pevne-noze","8":"product_cat-noze","9":"product_tag-b2b","11":"first","12":"instock","13":"taxable","14":"shipping-taxable","15":"purchasable","16":"product-type-simple"},"brands":[{"id":191,"name":"Muela","slug":"muela"}],"_links":{"self":[{"href":"https:\/\/www.moskito.cz\/fr\/wp-json\/wp\/v2\/product\/254817","targetHints":{"allow":["GET"]}}],"collection":[{"href":"https:\/\/www.moskito.cz\/fr\/wp-json\/wp\/v2\/product"}],"about":[{"href":"https:\/\/www.moskito.cz\/fr\/wp-json\/wp\/v2\/types\/product"}],"replies":[{"embeddable":true,"href":"https:\/\/www.moskito.cz\/fr\/wp-json\/wp\/v2\/comments?post=254817"}],"wp:featuredmedia":[{"embeddable":true,"href":"https:\/\/www.moskito.cz\/fr\/wp-json\/wp\/v2\/media\/254818"}],"wp:attachment":[{"href":"https:\/\/www.moskito.cz\/fr\/wp-json\/wp\/v2\/media?parent=254817"}],"wp:term":[{"taxonomy":"pwb-brand","embeddable":true,"href":"https:\/\/www.moskito.cz\/fr\/wp-json\/wp\/v2\/pwb-brand?post=254817"},{"taxonomy":"product_brand","embeddable":true,"href":"https:\/\/www.moskito.cz\/fr\/wp-json\/wp\/v2\/product_brand?post=254817"},{"taxonomy":"product_cat","embeddable":true,"href":"https:\/\/www.moskito.cz\/fr\/wp-json\/wp\/v2\/product_cat?post=254817"},{"taxonomy":"product_tag","embeddable":true,"href":"https:\/\/www.moskito.cz\/fr\/wp-json\/wp\/v2\/product_tag?post=254817"}],"curies":[{"name":"wp","href":"https:\/\/api.w.org\/{rel}","templated":true}]}}